{"id":76321,"date":"2026-03-19T15:16:03","date_gmt":"2026-03-19T15:16:03","guid":{"rendered":"https:\/\/soydeaqui.ddns.net\/pachuca\/index.php\/producto\/punto-de-acceso-wi-fi-802-11-ac-1-17-gbps-con-switch-ethernet-integrado-1-puerto-gigabit-y-3-puertos-10-100-mbps-configuracion-desde-la-nube-gratuita-o-desde-controlador\/"},"modified":"2026-03-19T15:16:10","modified_gmt":"2026-03-19T15:16:10","slug":"punto-de-acceso-wi-fi-802-11-ac-1-17-gbps-con-switch-ethernet-integrado-1-puerto-gigabit-y-3-puertos-10-100-mbps-configuracion-desde-la-nube-gratuita-o-desde-controlador","status":"publish","type":"product","link":"https:\/\/soydeaqui.ddns.net\/pachuca\/index.php\/producto\/punto-de-acceso-wi-fi-802-11-ac-1-17-gbps-con-switch-ethernet-integrado-1-puerto-gigabit-y-3-puertos-10-100-mbps-configuracion-desde-la-nube-gratuita-o-desde-controlador\/","title":{"rendered":"Punto de Acceso Wi-Fi 802.11 ac, 1.17 Gbps, con Switch Ethernet Integrado 1 puerto Gigabit y 3 puertos 10\/100 Mbps, configuraci\u00f3n desde la nube gratuita o desde controlador."},"content":{"rendered":"<div style='width: 100%; max-width: 1200px; margin: 0 auto; font-family: sans-serif; line-height: 1.6; color: inherit; background-color: transparent;'>\n<div style='display: flex; flex-wrap: wrap; gap: 30px; margin-bottom: 30px;'>\n<div style='flex: 1 1 300px; min-width: 280px;'>\n<p style='font-style: italic; color: inherit;'><strong style='color: #e74c3c;'>Nota:<\/strong> GWN7602 no cuenta con interfaz web propia para configuraciones&comma; deber\u00e1 ser manejado a trav\u00e9s de otro GWN76XX como maestro o directamente en la nube <a href='https:\/\/www.gwn.cloud\/login' style='color: inherit; text-decoration: underline;'>GWN.Cloud<\/a><\/p>\n<h3 style='font-size: 22px; border-bottom: 2px solid currentColor; padding-bottom: 5px; margin-top: 0; color: inherit; opacity: 0.8;'>Acerca del GWN7602<\/h3>\n<hr style='border: 0; border-top: 1px solid rgba(150&comma; 150&comma; 150&comma; 0.3); margin: 15px 0;'>\n<p style='color: inherit;'>El GWN7602 es un punto de acceso 802.11ac inal\u00e1mbrico que ofrece tecnolog\u00eda 2&#215;2:2 de doble banda y un sofisticado dise\u00f1o de antena para un \u00f3ptimo rendimiento de red y excelente alcance de cobertura Wi-Fi. Sus puertos de 100 MB proporcionan Ethernet a Tel\u00e9fonos IP&comma; IPTV&comma; PC&comma; etc. y su puerto de red Gigabit de enlace ascendente con PoE\/PoE+ y PSE facilita las redes Wi-Fi.<\/p>\n<\/p><\/div>\n<div style='flex: 1 1 300px; min-width: 280px;'>\n<div style='position: relative; padding-bottom: 56.25%; height: 0; overflow: hidden; margin-bottom: 30px;'>   <\/div>\n<\/p><\/div>\n<\/p><\/div>\n<div style='display: flex; flex-wrap: wrap; gap: 30px; margin-bottom: 30px;'>\n<div style='flex: 1 1 300px; min-width: 280px;'>\n<h3 style='font-size: 22px; border-bottom: 2px solid currentColor; padding-bottom: 5px; margin-top: 0; color: inherit; opacity: 0.8;'>Caracter\u00edsticas Competitivas<\/h3>\n<hr style='border: 0; border-top: 1px solid rgba(150&comma; 150&comma; 150&comma; 0.3); margin: 15px 0;'>\n<ul style='padding-left: 20px; font-size: 15px; color: inherit;'>\n<li style='margin-bottom: 5px;'>Rendimiento inal\u00e1mbrico total de 1.17 Gbps&comma; 1 puerto Gigabit y 3 puertos inal\u00e1mbricos de 100 MB<\/li>\n<li style='margin-bottom: 5px;'>Alcance de cobertura de hasta 100 metros<\/li>\n<li style='margin-bottom: 5px;'>Adaptaci\u00f3n de alimentaci\u00f3n propia despu\u00e9s de la detecci\u00f3n autom\u00e1tica de PoE\/PoE+ y PSE<\/li>\n<li style='margin-bottom: 5px;'>Admite hasta 80 dispositivos Wi-Fi simult\u00e1neos<\/li>\n<li style='margin-bottom: 5px;'>Funci\u00f3n Anti-hacking Secure Boot y bloqueo de seguridad de datos cr\u00edticos\/control por medio de firmas digitales<\/li>\n<li style='margin-bottom: 5px;'>QoS avanzado para garantizar el desempe\u00f1o en tiempo real de las aplicaciones de baja latencia<\/li>\n<li style='margin-bottom: 5px;'>GWN.Cloud para una plataforma gratuita de gesti\u00f3n de la nube.<\/li>\n<\/ul><\/div>\n<div style='flex: 1 1 300px; min-width: 280px;'>\n<h3 style='font-size: 22px; border-bottom: 2px solid currentColor; padding-bottom: 5px; margin-top: 0; color: inherit; opacity: 0.8;'>Especificaciones t\u00e9cnicas<\/h3>\n<hr style='border: 0; border-top: 1px solid rgba(150&comma; 150&comma; 150&comma; 0.3); margin: 15px 0;'>\n<div style='display: flex; flex-direction: column; gap: 15px; color: inherit;'>\n<div style='display: flex; justify-content: space-between; flex-wrap: wrap; color: inherit;'> <strong style='flex: 0 0 125px; min-width: 125px; color: inherit;'>Est\u00e1ndares de Wi-Fi<\/strong> <span style='flex: 1 0 300px; color: inherit;'>IEEE 802.11 a\/b\/g\/n\/ac<\/span> <\/div>\n<div style='display: flex; justify-content: space-between; flex-wrap: wrap; color: inherit;'> <strong style='flex: 0 0 125px; min-width: 125px; color: inherit;'>Antenas<\/strong> <span style='flex: 1 0 300px; color: inherit;'>2 antenas internas de doble banda 2.4 GHz: ganancia 3 dBi&comma; 5 GHz: ganancia 3 dBi<\/span> <\/div>\n<div style='display: flex; justify-content: space-between; flex-wrap: wrap; color: inherit;'> <strong style='flex: 0 0 125px; min-width: 125px; color: inherit;'>Bandas de Frecuencia<\/strong> <span style='flex: 1 0 300px; color: inherit;'>Radio de 2.4 GHz: 2412 &#8211; 2484 GHz \/ Radio de 5 GHz: 5180 &#8211; 5825 GHz<\/span> <\/div>\n<div style='display: flex; justify-content: space-between; flex-wrap: wrap; color: inherit;'> <strong style='flex: 0 0 125px; min-width: 125px; color: inherit;'>Alcance de Cobertura<\/strong> <span style='flex: 1 0 300px; color: inherit;'>Hasta 100 metros *el alcance de cobertura puede variar en funci\u00f3n de las condiciones ambientales<\/span> <\/div>\n<div style='display: flex; justify-content: space-between; flex-wrap: wrap; color: inherit;'> <strong style='flex: 0 0 125px; min-width: 125px; color: inherit;'>Seguridad Wi-Fi y Seguridad del Sistema<\/strong> <span style='flex: 1 0 300px; color: inherit;'>WEP&comma; WPA\/WPA2-PSK&comma; WPA\/WPA2 Enterprise&comma; funci\u00f3n Anti-hacking Secure Boot y bloqueo de seguridad de datos cr\u00edticos\/control por medio de firmas digitales&comma; certificado de seguridad \u00fanico y contrase\u00f1a predeterminada aleatoria por dispositivo<\/span> <\/div>\n<div style='display: flex; justify-content: space-between; flex-wrap: wrap; color: inherit;'> <strong style='flex: 0 0 125px; min-width: 125px; color: inherit;'>Clientes Simult\u00e1neos<\/strong> <span style='flex: 1 0 300px; color: inherit;'>Hasta 80<\/span> <\/div>\n<div style='display: flex; justify-content: space-between; flex-wrap: wrap; color: inherit;'> <strong style='flex: 0 0 125px; min-width: 125px; color: inherit;'>Interfaces de Red<\/strong> <span style='flex: 1 0 300px; color: inherit;'>1 puerto Ethernet de 10\/100\/1000 M de enlace ascendente con PoE\/PoE+&comma; 2 puertos Ethernet de 10\/100 M con PSE&comma; 1 puerto Ethernet de 10\/100 M<\/span> <\/div>\n<div style='display: flex; justify-content: space-between; flex-wrap: wrap; color: inherit;'> <strong style='flex: 0 0 125px; min-width: 125px; color: inherit;'>Alimentaci\u00f3n<\/strong> <span style='flex: 1 0 300px; color: inherit;'>V\u00eda PoE af\/at (no incluye PoE)<\/span> <\/div>\n<\/p><\/div>\n<\/p><\/div>\n<\/p><\/div>\n<div style='display: flex; flex-wrap: wrap; gap: 30px; margin-bottom: 30px;'>\n<div style='flex: 1 1 300px; min-width: 280px;'>\n<h3 style='font-size: 22px; border-bottom: 2px solid currentColor; padding-bottom: 5px; margin-top: 0; color: inherit; opacity: 0.8;'>Contenido del paquete<\/h3>\n<hr style='border: 0; border-top: 1px solid rgba(150&comma; 150&comma; 150&comma; 0.3); margin: 15px 0;'>\n<p style='color: inherit;'>Punto de Acceso Inal\u00e1mbrico 802.11ac GWN7602&comma; Gu\u00eda de Inicio R\u00e1pido<\/p>\n<p style='color: inherit;'>PoE recomendado: <a style='color: inherit; text-decoration: underline;' href='https:\/\/www.syscom.mx\/principal\/searchcont?route=G0720-480-050-GRANDSTREAM-207158&#038;autodetect=poe_gwn'>G0720-480-050<\/a> O <a style='color: inherit; text-decoration: underline;' href='https:\/\/www.syscom.mx\/principal\/searchcont?route=U-POE-AT-UBIQUITI-NETWORKS-205327&#038;autodetect=poe'>U-POE-AT<\/a><\/p>\n<\/p><\/div>\n<\/p><\/div>\n<div style='display: flex; flex-wrap: wrap; gap: 30px; margin-bottom: 30px;'>\n<div style='flex: 1 1 300px; min-width: 280px;'> <img style='width: 100%; height: auto; border: 1px solid rgba(150&comma;150&comma;150&comma;0.3); border-radius: 8px;' src='https:\/\/ftp3.syscom.mx\/usuarios\/fotos\/GWN7602\/183540-captura_de_pantalla_2021-08-05_a_la(s)_15.37.10.png' alt=''> <\/div>\n<\/p><\/div>\n<hr style='border: 0; border-top: 1px solid rgba(150&comma; 150&comma; 150&comma; 0.3); margin: 30px 0;'> <\/div>\n","protected":false},"excerpt":{"rendered":"<p>Punto de Acceso Wi-Fi 802.11 ac, 1.17 Gbps, con Switch Ethernet Integrado 1 puerto Gigabit y 3 puertos 10\/100 Mbps, configuraci\u00f3n desde la nube gratuita o desde controlador.<\/p>\n","protected":false},"featured_media":76320,"comment_status":"open","ping_status":"closed","template":"","meta":[],"product_brand":[],"product_cat":[1794],"product_tag":[909,1795,1479],"class_list":{"0":"post-76321","1":"product","2":"type-product","3":"status-publish","4":"has-post-thumbnail","6":"product_cat-puntos-de-acceso","7":"product_tag-grandstream","8":"product_tag-puntos-de-acceso","9":"product_tag-redes-wifi","11":"first","12":"outofstock","13":"sale","14":"shipping-taxable","15":"purchasable","16":"product-type-simple"},"_links":{"self":[{"href":"https:\/\/soydeaqui.ddns.net\/pachuca\/index.php\/wp-json\/wp\/v2\/product\/76321","targetHints":{"allow":["GET"]}}],"collection":[{"href":"https:\/\/soydeaqui.ddns.net\/pachuca\/index.php\/wp-json\/wp\/v2\/product"}],"about":[{"href":"https:\/\/soydeaqui.ddns.net\/pachuca\/index.php\/wp-json\/wp\/v2\/types\/product"}],"replies":[{"embeddable":true,"href":"https:\/\/soydeaqui.ddns.net\/pachuca\/index.php\/wp-json\/wp\/v2\/comments?post=76321"}],"wp:featuredmedia":[{"embeddable":true,"href":"https:\/\/soydeaqui.ddns.net\/pachuca\/index.php\/wp-json\/wp\/v2\/media\/76320"}],"wp:attachment":[{"href":"https:\/\/soydeaqui.ddns.net\/pachuca\/index.php\/wp-json\/wp\/v2\/media?parent=76321"}],"wp:term":[{"taxonomy":"product_brand","embeddable":true,"href":"https:\/\/soydeaqui.ddns.net\/pachuca\/index.php\/wp-json\/wp\/v2\/product_brand?post=76321"},{"taxonomy":"product_cat","embeddable":true,"href":"https:\/\/soydeaqui.ddns.net\/pachuca\/index.php\/wp-json\/wp\/v2\/product_cat?post=76321"},{"taxonomy":"product_tag","embeddable":true,"href":"https:\/\/soydeaqui.ddns.net\/pachuca\/index.php\/wp-json\/wp\/v2\/product_tag?post=76321"}],"curies":[{"name":"wp","href":"https:\/\/api.w.org\/{rel}","templated":true}]}}