{"id":763,"date":"2026-03-18T05:43:55","date_gmt":"2026-03-18T05:43:55","guid":{"rendered":"https:\/\/soydeaqui.ddns.net\/pachuca\/index.php\/producto\/energizador-para-ganado-10000volts-2joules-25000-metros-lineales-de-proteccion-cercas-electrificadas\/"},"modified":"2026-03-18T05:43:59","modified_gmt":"2026-03-18T05:43:59","slug":"energizador-para-ganado-10000volts-2joules-25000-metros-lineales-de-proteccion-cercas-electrificadas","status":"publish","type":"product","link":"https:\/\/soydeaqui.ddns.net\/pachuca\/index.php\/producto\/energizador-para-ganado-10000volts-2joules-25000-metros-lineales-de-proteccion-cercas-electrificadas\/","title":{"rendered":"Energizador para Ganado 10,000Volts-2JOULES\/ 25,000 metros lineales de protecci\u00f3n \/ Cercas Electrificadas"},"content":{"rendered":"<div style='width: 100%; max-width: 1200px; margin: 0 auto; font-family: sans-serif; line-height: 1.6; color: inherit; background-color: transparent;'>\n<p style='text-align: center; margin: 0 0 20px 0;'><img style='width: 100%; height: auto; border: 1px solid rgba(150&comma;150&comma;150&comma;0.3); border-radius: 8px;' src='https:\/\/ftp3.syscom.mx\/usuarios\/vvega\/yonusa\/nombres\/SYSGAN25K_Encabezado.jpg' alt=''><\/p>\n<div style='display: flex; flex-wrap: wrap; gap: 30px; margin-bottom: 30px;'>\n<div style='flex: 1 1 300px; min-width: 280px;'>\n<p style='font-size: 15px; color: inherit; margin-bottom: 15px;'>Es un sistema de protecci\u00f3n confiable con el cual podemos proteger y controlar el desplazamiento de los animales por medio de cerco electrico. Es un sistema disuasivo de alto voltaje y repulsivo ya que genera una descarga de m\u00e1s de 10&comma;000 voltios sin da\u00f1ar al animal.<\/p>\n<p style='font-size: 15px; color: inherit; margin-bottom: 15px; border-left: 4px solid #0091ff; padding-left: 10px;'><strong>Consumo de energia el\u00e9ctrica aproximado de $0.2 USD mensuales = 2.4 kw\/mes.<\/strong><\/p>\n<\/p><\/div>\n<\/p><\/div>\n<div style='display: flex; flex-wrap: wrap; gap: 30px; margin-bottom: 30px;'>\n<div style='flex: 1 1 300px; min-width: 280px;'>\n<div style='border: 1px solid rgba(150&comma;150&comma;150&comma;0.3); border-radius: 8px; padding: 15px; height: 100%;'>\n<h3 style='font-size: 20px; border-bottom: 2px solid currentColor; padding-bottom: 5px; margin-top: 0; margin-bottom: 15px; color: inherit; opacity: 0.8;'>Funcionalidad<\/h3>\n<ul style='padding-left: 20px; font-size: 15px; color: inherit;'>\n<li style='margin-bottom: 5px;'>Hasta 25 Km lineales de protecci\u00f3n.<\/li>\n<li style='margin-bottom: 5px;'>Espacio interno para <a href='https:\/\/www.syscom.mx\/producto\/PL-4.5-12-EPCOM-POWERLINE-67464.html' target='_blank' rel='noopener' style='color: #0091ff; text-decoration: none;'>bater\u00eda de 4 A\/h 12 Vcc<\/a>. \u00a1Respaldo de hasta 3 d\u00edas!<\/li>\n<li style='margin-bottom: 5px;'>Opci\u00f3n de alimentaci\u00f3n por Panel Solar.<\/li>\n<li style='margin-bottom: 5px;'>Para sugerencias de uso dependiendo el animal&comma; favor de revisar la ficha tecnica.<\/li>\n<li style='margin-bottom: 5px;'>LEDs Visibles de Estatus del Equipo.<\/li>\n<li style='margin-bottom: 5px;'>Control de llave de seguridad para encendido y apagado.<\/li>\n<li style='margin-bottom: 5px;'>Entrada para Control Remoto.<\/li>\n<li style='margin-bottom: 5px;'>Capacidad para conectar Amplificador de Potencia AMP30.<\/li>\n<li style='margin-bottom: 5px;'>Sus circuitos de alimentaci\u00f3n se encuentran protegidos por fusibles&comma; reguladores electr\u00f3nicos de voltaje que permite operar con variaci\u00f3n de +- 15%.<\/li>\n<\/ul><\/div>\n<\/p><\/div>\n<div style='flex: 1 1 300px; min-width: 280px;'>\n<div style='border: 1px solid rgba(150&comma;150&comma;150&comma;0.3); border-radius: 8px; padding: 15px; height: 100%;'>\n<h3 style='font-size: 20px; border-bottom: 2px solid currentColor; padding-bottom: 5px; margin-top: 0; margin-bottom: 15px; color: inherit; opacity: 0.8;'>Caracter\u00edsticas F\u00edsicas y El\u00e9ctricas<\/h3>\n<ul style='padding-left: 20px; font-size: 15px; color: inherit;'>\n<li style='margin-bottom: 5px;'><strong>Alimentacion:<\/strong> 127 &#8211; 220 Vac o Panel Solar 12 Vcc.<\/li>\n<li style='margin-bottom: 5px;'><strong>Dimensiones:<\/strong> 14 x 19 * 29 cm.<\/li>\n<li style='margin-bottom: 5px;'><strong>Gabinete:<\/strong> Plastico ABS con puerta Policarbonato.<\/li>\n<li style='margin-bottom: 5px;'><strong>Gabinete IP:<\/strong> 66.<\/li>\n<li style='margin-bottom: 5px;'><strong>Proteccion:<\/strong> antioxidante y contra rayos UV.<\/li>\n<li style='margin-bottom: 5px;'><strong>Temperatura de operaci\u00f3n:<\/strong> -5 a 50 \u00b0C.<\/li>\n<li style='margin-bottom: 5px;'><strong>Capacidad Maxima de cargador de bateria:<\/strong> 80A\/Hr.<\/li>\n<li style='margin-bottom: 5px;'><strong>Maximo factor de humedad:<\/strong> 72%.<\/li>\n<li style='margin-bottom: 5px;'><strong>Frecuencia de operaci\u00f3n de salida:<\/strong> 1Hz.<\/li>\n<li style='margin-bottom: 5px;'><strong>Fuerza Pulso Salida:<\/strong> 2 Joules.<\/li>\n<li style='margin-bottom: 5px;'><strong>Voltaje de Salida:<\/strong> 10&comma;000 Volts.<\/li>\n<\/ul><\/div>\n<\/p><\/div>\n<div style='flex: 1 1 300px; min-width: 280px;'>\n<div style='border: 1px solid rgba(150&comma;150&comma;150&comma;0.3); border-radius: 8px; padding: 15px; height: 100%;'>\n<h3 style='font-size: 20px; border-bottom: 2px solid currentColor; padding-bottom: 5px; margin-top: 0; margin-bottom: 15px; color: inherit; opacity: 0.8;'>Caracter\u00edsticas Destacadas<\/h3>\n<p style='font-size: 15px; color: inherit; margin-bottom: 15px;'>El energizador de ganado YONUSA&comma; cuenta con un alcance lineal de acuerdo con el entorno en el que se instale el cerco el\u00e9ctrico&comma; ayud\u00e1ndonos a tener un mejor funcionamiento y respuesta del dispositivo. Por ello&comma; hay que tener en cuenta la cantidad o abundancia de vegetaci\u00f3n con la cual se pueda tener en la zona a cubrir&comma; ya que esto influir\u00e1 en la distancia que pueda cubrir el energizador ganadero YONUSA<\/p>\n<p style='font-size: 15px; color: inherit; margin-bottom: 15px;'>El modelo <a href='https:\/\/www.syscom.mx\/producto\/AMP30-YONUSA-189759.html' target='_blank' rel='noopener' style='color: #0091ff; text-decoration: none;'><strong>AMP30<\/strong><\/a>&comma; el cual nos ayuda a a\u00f1adir m\u00e1s metros de protecci\u00f3n en el per\u00edmetro o mayor potencia de impacto (hasta 30% extra)&comma; tambien nos ayuda para solucionar temas de inducci\u00f3n.<\/p>\n<p style='font-size: 15px; color: inherit; margin-bottom: 0;'><em>NOTA: se recomienda utilizar alambre POLYWARE<\/em><\/p>\n<\/p><\/div>\n<\/p><\/div>\n<\/p><\/div>\n<div style='display: flex; flex-wrap: wrap; gap: 20px; justify-content: center; margin: 30px 0;'>\n<div style='width: 100%; max-width: 940px; margin: 0 auto 20px auto;'> <img style='width: 100%; height: auto; border: 1px solid rgba(150&comma;150&comma;150&comma;0.3); border-radius: 8px;' src='https:\/\/ftp3.syscom.mx\/usuarios\/vvega\/yonusa\/nombres\/SYSGAN25K_Linea_Divisoria.jpg' alt=''> <\/div>\n<div style='width: 100%; max-width: 950px; margin: 0 auto;'> <img style='width: 100%; height: auto; border: 1px solid rgba(150&comma;150&comma;150&comma;0.3); border-radius: 8px;' src='https:\/\/ftp3.syscom.mx\/usuarios\/vvega\/yonusa\/InstalacionGAN.png' alt=''> <\/div>\n<\/p><\/div>\n<hr style='border: 0; border-top: 1px solid rgba(150&comma;150&comma;150&comma;0.3); margin: 30px 0;'> <\/div>\n","protected":false},"excerpt":{"rendered":"<p>Energizador para Ganado 10,000Volts-2JOULES\/ 25,000 metros lineales de protecci\u00f3n \/ Cercas Electrificadas<\/p>\n","protected":false},"featured_media":762,"comment_status":"open","ping_status":"closed","template":"","meta":[],"product_brand":[],"product_cat":[81],"product_tag":[82,83,84],"class_list":{"0":"post-763","1":"product","2":"type-product","3":"status-publish","4":"has-post-thumbnail","6":"product_cat-energizadores","7":"product_tag-cercas-electricas","8":"product_tag-energizadores","9":"product_tag-yonusa","11":"first","12":"instock","13":"sale","14":"shipping-taxable","15":"purchasable","16":"product-type-simple"},"_links":{"self":[{"href":"https:\/\/soydeaqui.ddns.net\/pachuca\/index.php\/wp-json\/wp\/v2\/product\/763","targetHints":{"allow":["GET"]}}],"collection":[{"href":"https:\/\/soydeaqui.ddns.net\/pachuca\/index.php\/wp-json\/wp\/v2\/product"}],"about":[{"href":"https:\/\/soydeaqui.ddns.net\/pachuca\/index.php\/wp-json\/wp\/v2\/types\/product"}],"replies":[{"embeddable":true,"href":"https:\/\/soydeaqui.ddns.net\/pachuca\/index.php\/wp-json\/wp\/v2\/comments?post=763"}],"wp:featuredmedia":[{"embeddable":true,"href":"https:\/\/soydeaqui.ddns.net\/pachuca\/index.php\/wp-json\/wp\/v2\/media\/762"}],"wp:attachment":[{"href":"https:\/\/soydeaqui.ddns.net\/pachuca\/index.php\/wp-json\/wp\/v2\/media?parent=763"}],"wp:term":[{"taxonomy":"product_brand","embeddable":true,"href":"https:\/\/soydeaqui.ddns.net\/pachuca\/index.php\/wp-json\/wp\/v2\/product_brand?post=763"},{"taxonomy":"product_cat","embeddable":true,"href":"https:\/\/soydeaqui.ddns.net\/pachuca\/index.php\/wp-json\/wp\/v2\/product_cat?post=763"},{"taxonomy":"product_tag","embeddable":true,"href":"https:\/\/soydeaqui.ddns.net\/pachuca\/index.php\/wp-json\/wp\/v2\/product_tag?post=763"}],"curies":[{"name":"wp","href":"https:\/\/api.w.org\/{rel}","templated":true}]}}