{"id":76279,"date":"2026-03-19T15:14:13","date_gmt":"2026-03-19T15:14:13","guid":{"rendered":"https:\/\/soydeaqui.ddns.net\/pachuca\/index.php\/producto\/panel-de-distribucion-de-fibra-optica-acepta-4-placas-fap-o-fmp-bandeja-deslizable-hasta-48-fibras-color-negro-1ur\/"},"modified":"2026-03-19T15:14:33","modified_gmt":"2026-03-19T15:14:33","slug":"panel-de-distribucion-de-fibra-optica-acepta-4-placas-fap-o-fmp-bandeja-deslizable-hasta-48-fibras-color-negro-1ur","status":"publish","type":"product","link":"https:\/\/soydeaqui.ddns.net\/pachuca\/index.php\/producto\/panel-de-distribucion-de-fibra-optica-acepta-4-placas-fap-o-fmp-bandeja-deslizable-hasta-48-fibras-color-negro-1ur\/","title":{"rendered":"Panel de Distribuci\u00f3n de Fibra \u00d3ptica, Acepta 4 Placas FAP o FMP, Bandeja Deslizable, Hasta 48 Fibras, Color Negro, 1UR"},"content":{"rendered":"<div style='width: 100%; max-width: 1200px; margin: 0 auto; font-family: sans-serif; line-height: 1.6; color: inherit; background-color: transparent;'> <!-- Descripci\u00f3n principal --> <\/p>\n<div style='margin-bottom: 30px; font-size: 15px; color: inherit;'>\n<p>El panel de distribuci\u00f3n Panduit\u00ae Opticom\u00ae est\u00e1 dise\u00f1ado para organizar la distribuci\u00f3n de fibra cuando el espacio es limitado. El vers\u00e1til panel es completamente modular y admite hasta 4 cassettes QuickNet&comma; paneles adaptadores FAP y FMP&comma; as\u00ed como 48 hilos de fibra \u00f3ptica. Adem\u00e1s&comma; los usuarios pueden elegir c\u00f3mo pasar los cables a trav\u00e9s de la entrada lateral o posterior&comma; e incluso acceder f\u00e1cilmente a los cables a trav\u00e9s de una cubierta superior extra\u00edble.<\/p>\n<\/p><\/div>\n<p> <!-- Secci\u00f3n de especificaciones --> <\/p>\n<div style='display: flex; flex-wrap: wrap; gap: 30px; margin-bottom: 30px;'>\n<div style='flex: 1 1 300px; min-width: 280px;'>\n<h3 style='font-size: 22px; border-bottom: 2px solid currentColor; padding-bottom: 5px; margin-top: 0; color: inherit; opacity: 0.8;'>Especificaciones t\u00e9cnicas<\/h3>\n<ul style='padding-left: 20px; font-size: 15px; color: inherit;'>\n<li style='margin-bottom: 5px;'>Funciona con todos los paneles y casetes adaptadores de fibra Panduit LC&comma; SC&comma; ST&comma; MT-RJ y MTP<\/li>\n<li style='margin-bottom: 5px;'>Montaje: instalaci\u00f3n est\u00e1ndar EIA 19in<\/li>\n<li style='margin-bottom: 5px;'>N\u00famero de unidades de rack: 1<\/li>\n<li style='margin-bottom: 5px;'>Ancho total (pulg.): 19.85<\/li>\n<li style='margin-bottom: 5px;'>Ancho total (mm): 504 mm<\/li>\n<li style='margin-bottom: 5px;'>Profundidad total (pulg.): 15.33<\/li>\n<li style='margin-bottom: 5px;'>Profundidad total (mm): 389.5<\/li>\n<li style='margin-bottom: 5px;'>Altura total (pulg.): 1.77<\/li>\n<li style='margin-bottom: 5px;'>Altura total (mm): 44.9<\/li>\n<\/ul><\/div>\n<\/p><\/div>\n<p> <!-- Separador --> <\/p>\n<hr style='border: 0; border-top: 1px solid rgba(150&comma; 150&comma; 150&comma; 0.3); margin: 30px 0;'> <\/div>\n","protected":false},"excerpt":{"rendered":"<p>Panel de Distribuci\u00f3n de Fibra \u00d3ptica, Acepta 4 Placas FAP o FMP, Bandeja Deslizable, Hasta 48 Fibras, Color Negro, 1UR<\/p>\n","protected":false},"featured_media":76278,"comment_status":"open","ping_status":"closed","template":"","meta":[],"product_brand":[],"product_cat":[621],"product_tag":[622,611,445],"class_list":{"0":"post-76279","1":"product","2":"type-product","3":"status-publish","4":"has-post-thumbnail","6":"product_cat-distribuidores-de-fibra-optica","7":"product_tag-distribuidores-de-fibra-optica","8":"product_tag-fibra-optica","9":"product_tag-panduit","11":"first","12":"outofstock","13":"sale","14":"shipping-taxable","15":"purchasable","16":"product-type-simple"},"_links":{"self":[{"href":"https:\/\/soydeaqui.ddns.net\/pachuca\/index.php\/wp-json\/wp\/v2\/product\/76279","targetHints":{"allow":["GET"]}}],"collection":[{"href":"https:\/\/soydeaqui.ddns.net\/pachuca\/index.php\/wp-json\/wp\/v2\/product"}],"about":[{"href":"https:\/\/soydeaqui.ddns.net\/pachuca\/index.php\/wp-json\/wp\/v2\/types\/product"}],"replies":[{"embeddable":true,"href":"https:\/\/soydeaqui.ddns.net\/pachuca\/index.php\/wp-json\/wp\/v2\/comments?post=76279"}],"wp:featuredmedia":[{"embeddable":true,"href":"https:\/\/soydeaqui.ddns.net\/pachuca\/index.php\/wp-json\/wp\/v2\/media\/76278"}],"wp:attachment":[{"href":"https:\/\/soydeaqui.ddns.net\/pachuca\/index.php\/wp-json\/wp\/v2\/media?parent=76279"}],"wp:term":[{"taxonomy":"product_brand","embeddable":true,"href":"https:\/\/soydeaqui.ddns.net\/pachuca\/index.php\/wp-json\/wp\/v2\/product_brand?post=76279"},{"taxonomy":"product_cat","embeddable":true,"href":"https:\/\/soydeaqui.ddns.net\/pachuca\/index.php\/wp-json\/wp\/v2\/product_cat?post=76279"},{"taxonomy":"product_tag","embeddable":true,"href":"https:\/\/soydeaqui.ddns.net\/pachuca\/index.php\/wp-json\/wp\/v2\/product_tag?post=76279"}],"curies":[{"name":"wp","href":"https:\/\/api.w.org\/{rel}","templated":true}]}}