{"id":76260,"date":"2026-03-19T15:13:29","date_gmt":"2026-03-19T15:13:29","guid":{"rendered":"https:\/\/soydeaqui.ddns.net\/pachuca\/index.php\/producto\/subwoofer-compacto-de-12-in-2-radiadores-pasivos-amplificador-interno-de-350w\/"},"modified":"2026-03-19T15:13:38","modified_gmt":"2026-03-19T15:13:38","slug":"subwoofer-compacto-de-12-in-2-radiadores-pasivos-amplificador-interno-de-350w","status":"publish","type":"product","link":"https:\/\/soydeaqui.ddns.net\/pachuca\/index.php\/producto\/subwoofer-compacto-de-12-in-2-radiadores-pasivos-amplificador-interno-de-350w\/","title":{"rendered":"Subwoofer compacto de 12 in |  2 radiadores pasivos | amplificador interno de 350W"},"content":{"rendered":"<div style='width: 100%; max-width: 1200px; margin: 0 auto; font-family: sans-serif; line-height: 1.6; color: inherit; background-color: transparent;'> <!-- Logo --> <\/p>\n<div style='width: 100%; text-align: center; margin: 30px 0;'> <img style='width: 40%; max-width: 400px; height: auto; border: 1px solid rgba(150&comma;150&comma;150&comma;0.3); border-radius: 8px;' src='https:\/\/ftp3.syscom.mx\/usuarios\/luis.vargas\/Truaudio\/truaudio-logo.png' alt='Logo Truaudio'> <\/div>\n<p> <!-- Contenido principal con flex --> <\/p>\n<div style='display: flex; flex-wrap: wrap; gap: 30px; margin-bottom: 30px;'> <!-- Imagen 2 --> <\/p>\n<div style='flex: 1 1 400px; min-width: 280px;'> <img style='width: 100%; height: auto; border: 1px solid rgba(150&comma;150&comma;150&comma;0.3); border-radius: 8px;' src='https:\/\/ftp3.syscom.mx\/usuarios\/luis.vargas\/Truaudio\/CSub\/Csub.png' alt='Subwoofer CSUB12'> <\/div>\n<p> <!-- Texto 2 --> <\/p>\n<div style='flex: 1 1 400px; min-width: 280px;'>\n<h3 style='font-size: 22px; border-bottom: 2px solid currentColor; padding-bottom: 5px; margin-top: 0; color: inherit; opacity: 0.8;'>CSub Series<\/h3>\n<p style='font-size: 15px; color: inherit; margin-bottom: 15px;'>Los subwoofers de la serie Compact son la combinaci\u00f3n perfecta de tama\u00f1o peque\u00f1o y audio de excelente calidad.<\/p>\n<p style='font-size: 15px; color: inherit; margin-bottom: 15px;'>La familia de subwoofer de la serie Compact presenta tres tama\u00f1os de subwoofers para ayudarlo a dise\u00f1ar mejor su sistema ideal.<\/p>\n<\/p><\/div>\n<\/p><\/div>\n<p> <!-- Contenido secundario --> <\/p>\n<div style='display: flex; flex-wrap: wrap; gap: 30px; margin-bottom: 30px;'> <!-- Texto 3 --> <\/p>\n<div style='flex: 1 1 400px; min-width: 280px;'>\n<p style='font-size: 15px; color: inherit; margin-bottom: 15px;'>La extraordinaria artesan\u00eda de este cubo semibrillante se combinar\u00e1 suavemente en su decoraci\u00f3n&comma; mientras que los componentes en su interior arrojar\u00e1n bajos afinados y contundentes. Hasta 350 Watts de potencia eficiente te permitir\u00e1n sentir lo que te estabas perdiendo.<\/p>\n<\/p><\/div>\n<p> <!-- Imagen 3 --> <\/p>\n<div style='flex: 1 1 400px; min-width: 280px;'> <img style='width: 100%; height: auto; border: 1px solid rgba(150&comma;150&comma;150&comma;0.3); border-radius: 8px;' src='https:\/\/ftp3.syscom.mx\/usuarios\/luis.vargas\/Truaudio\/SS\/SS10_2.png' alt='Subwoofer CSUB12'> <\/div>\n<\/p><\/div>\n<p> <!-- Contenido terciario --> <\/p>\n<div style='display: flex; flex-wrap: wrap; gap: 30px; margin-bottom: 30px;'> <!-- Imagen 4 --> <\/p>\n<div style='flex: 1 1 400px; min-width: 280px;'> <img style='width: 100%; height: auto; border: 1px solid rgba(150&comma;150&comma;150&comma;0.3); border-radius: 8px;' src='https:\/\/ftp3.syscom.mx\/usuarios\/luis.vargas\/Truaudio\/SS\/SS10_3.png' alt='Subwoofer CSUB12'> <\/div>\n<p> <!-- Texto 4 --> <\/p>\n<div style='flex: 1 1 400px; min-width: 280px;'>\n<p style='font-size: 15px; color: inherit; margin-bottom: 15px;'>El woofer es impulsado por un potente amplificador digital desarrollado exclusivamente para este gabinete y matriz de controladores. En t\u00e9rminos simples&comma; los subwoofers de la serie Compact est\u00e1n especialmente dise\u00f1ados para producir toneladas de graves a altos vol\u00famenes durante largos per\u00edodos de tiempo.<\/p>\n<\/p><\/div>\n<\/p><\/div>\n<p> <!-- GIF --> <\/p>\n<div style='width: 100%; margin: 30px 0;'> <img style='width: 100%; height: auto; border: 1px solid rgba(150&comma;150&comma;150&comma;0.3); border-radius: 8px;' src='https:\/\/ftp3.syscom.mx\/usuarios\/luis.vargas\/Truaudio\/truaudiogif1.gif' alt='Funcionamiento del subwoofer'> <\/div>\n<p> <!-- Caracter\u00edsticas --> <\/p>\n<div style='display: flex; flex-wrap: wrap; gap: 20px; margin-bottom: 30px;'> <!-- Caracter\u00edsticas 1 --> <\/p>\n<div style='flex: 1 1 250px; border: 1px solid rgba(150&comma; 150&comma; 150&comma; 0.4); border-radius: 8px; overflow: hidden; display: flex; flex-direction: column;'>\n<div style='padding: 15px; border-bottom: 1px solid rgba(150&comma; 150&comma; 150&comma; 0.2); font-weight: bold; font-size: 18px; color: inherit;'>Caracter\u00edsticas Generales<\/div>\n<div style='padding: 15px; color: inherit;'>\n<ul style='padding-left: 20px; margin: 0; font-size: 14px; list-style-type: disc;'>\n<li style='margin-bottom: 5px;'><strong>Tipo de altavoz:<\/strong> Subwoofer activo de 12&#8242;<\/li>\n<li style='margin-bottom: 5px;'><strong>Recinto:<\/strong> Proyecci\u00f3n frontal&comma; con radiadores pasivos duales<\/li>\n<li style='margin-bottom: 5px;'><strong>Driver:<\/strong> Celulosa unida con pol\u00edmeros de 12&#8242;<\/li>\n<li style='margin-bottom: 5px;'><strong>Power:<\/strong> 350W amplificador interno<\/li>\n<li style='margin-bottom: 5px;'><strong>Impedancia:<\/strong> N\/A<\/li>\n<\/ul><\/div>\n<\/p><\/div>\n<p> <!-- Caracter\u00edsticas 2 --> <\/p>\n<div style='flex: 1 1 250px; border: 1px solid rgba(150&comma; 150&comma; 150&comma; 0.4); border-radius: 8px; overflow: hidden; display: flex; flex-direction: column;'>\n<div style='padding: 15px; border-bottom: 1px solid rgba(150&comma; 150&comma; 150&comma; 0.2); font-weight: bold; font-size: 18px; color: inherit;'>Conectividad<\/div>\n<div style='padding: 15px; color: inherit;'>\n<ul style='padding-left: 20px; margin: 0; font-size: 14px; list-style-type: disc;'>\n<li style='margin-bottom: 5px;'><strong>Entradas:<\/strong><\/li>\n<ul style='margin: 5px 0 10px 20px; padding: 0; list-style-type: circle;'>\n<li style='margin-bottom: 5px;'>RCA L\/R<\/li>\n<li style='margin-bottom: 5px;'>LFE<\/li>\n<li style='margin-bottom: 5px;'>Entrada de alto nivel<\/li>\n<\/ul>\n<li style='margin-bottom: 5px;'><strong>Salidas:<\/strong> Ninguna<\/li>\n<\/ul><\/div>\n<\/p><\/div>\n<p> <!-- Caracter\u00edsticas 3 --> <\/p>\n<div style='flex: 1 1 250px; border: 1px solid rgba(150&comma; 150&comma; 150&comma; 0.4); border-radius: 8px; overflow: hidden; display: flex; flex-direction: column;'>\n<div style='padding: 15px; border-bottom: 1px solid rgba(150&comma; 150&comma; 150&comma; 0.2); font-weight: bold; font-size: 18px; color: inherit;'>Especificaciones<\/div>\n<div style='padding: 15px; color: inherit;'>\n<ul style='padding-left: 20px; margin: 0; font-size: 14px; list-style-type: disc;'>\n<li style='margin-bottom: 5px;'><strong>Crossover:<\/strong> 40-200 Hz. pasa bajos continuamente variable<\/li>\n<li style='margin-bottom: 5px;'><strong>Sensibilidad:<\/strong> 200 mV @ 250W<\/li>\n<li style='margin-bottom: 5px;'><strong>Respuesta frecuenta:<\/strong> 20-200 Hz<\/li>\n<li style='margin-bottom: 5px;'><strong>Rango de frecuencia LP:<\/strong> 20-200 Hz (+\/- 3 dB)<\/li>\n<li style='margin-bottom: 5px;'><strong>Protecci\u00f3n de amplificador:<\/strong> Ninguna<\/li>\n<\/ul><\/div>\n<\/p><\/div>\n<p> <!-- Caracter\u00edsticas 4 --> <\/p>\n<div style='flex: 1 1 250px; border: 1px solid rgba(150&comma; 150&comma; 150&comma; 0.4); border-radius: 8px; overflow: hidden; display: flex; flex-direction: column;'>\n<div style='padding: 15px; border-bottom: 1px solid rgba(150&comma; 150&comma; 150&comma; 0.2); font-weight: bold; font-size: 18px; color: inherit;'>Caracter\u00edsticas f\u00edsicas<\/div>\n<div style='padding: 15px; color: inherit;'>\n<ul style='padding-left: 20px; margin: 0; font-size: 14px; list-style-type: disc;'>\n<li style='margin-bottom: 5px;'><strong>Controles:<\/strong> Volumen&comma; paso de alta frecuencia&comma; fase&comma; espera autom\u00e1tica<\/li>\n<li style='margin-bottom: 5px;'><strong>Parrilla:<\/strong> Altavoz negro envuelto en tela MDF<\/li>\n<li style='margin-bottom: 5px;'><strong>Acabado:<\/strong> Pintura negra semi brillante<\/li>\n<li style='margin-bottom: 5px;'><strong>Dimensiones de gabinete:<\/strong><\/li>\n<ul style='margin: 5px 0 0 20px; padding: 0; list-style-type: circle;'>\n<li style='margin-bottom: 5px;'>H: 14.9&#8242; (379 mm)<\/li>\n<li style='margin-bottom: 5px;'>W: 15.2&#8242; (386 mm)<\/li>\n<li style='margin-bottom: 5px;'>D: 15.8&#8242; (340 mm)<\/li>\n<\/ul>\n<\/ul><\/div>\n<\/p><\/div>\n<\/p><\/div>\n<p> <!-- Videos --> <\/p>\n<h3 style='font-size: 22px; border-bottom: 2px solid currentColor; padding-bottom: 5px; margin-top: 0; color: inherit; opacity: 0.8; margin-bottom: 20px;'>V\u00eddeos<\/h3>\n<div style='display: flex; flex-wrap: wrap; gap: 20px; margin-bottom: 30px;'> <!-- Video 1 --> <\/p>\n<div style='flex: 1 1 300px; min-width: 280px;'>\n<div style='position: relative; padding-bottom: 56.25%; height: 0; overflow: hidden;'>   <\/div>\n<\/p><\/div>\n<p> <!-- Video 2 --> <\/p>\n<div style='flex: 1 1 300px; min-width: 280px;'>\n<div style='position: relative; padding-bottom: 56.25%; height: 0; overflow: hidden;'>   <\/div>\n<\/p><\/div>\n<p> <!-- Video 3 --> <\/p>\n<div style='flex: 1 1 300px; min-width: 280px;'>\n<div style='position: relative; padding-bottom: 56.25%; height: 0; overflow: hidden;'>   <\/div>\n<\/p><\/div>\n<\/p><\/div>\n<p> <!-- Separador final --> <\/p>\n<hr style='border: 0; border-top: 1px solid rgba(150&comma; 150&comma; 150&comma; 0.3); margin: 30px 0;'> <\/div>\n","protected":false},"excerpt":{"rendered":"<p>Subwoofer compacto de 12 in |  2 radiadores pasivos | amplificador interno de 350W<\/p>\n","protected":false},"featured_media":76259,"comment_status":"open","ping_status":"closed","template":"","meta":[],"product_brand":[],"product_cat":[2061],"product_tag":[52,2062,2060],"class_list":{"0":"post-76260","1":"product","2":"type-product","3":"status-publish","4":"has-post-thumbnail","6":"product_cat-home-theater","7":"product_tag-audio-residencial-comercial","8":"product_tag-home-theater","9":"product_tag-truaudio","11":"first","12":"outofstock","13":"sale","14":"shipping-taxable","15":"purchasable","16":"product-type-simple"},"_links":{"self":[{"href":"https:\/\/soydeaqui.ddns.net\/pachuca\/index.php\/wp-json\/wp\/v2\/product\/76260","targetHints":{"allow":["GET"]}}],"collection":[{"href":"https:\/\/soydeaqui.ddns.net\/pachuca\/index.php\/wp-json\/wp\/v2\/product"}],"about":[{"href":"https:\/\/soydeaqui.ddns.net\/pachuca\/index.php\/wp-json\/wp\/v2\/types\/product"}],"replies":[{"embeddable":true,"href":"https:\/\/soydeaqui.ddns.net\/pachuca\/index.php\/wp-json\/wp\/v2\/comments?post=76260"}],"wp:featuredmedia":[{"embeddable":true,"href":"https:\/\/soydeaqui.ddns.net\/pachuca\/index.php\/wp-json\/wp\/v2\/media\/76259"}],"wp:attachment":[{"href":"https:\/\/soydeaqui.ddns.net\/pachuca\/index.php\/wp-json\/wp\/v2\/media?parent=76260"}],"wp:term":[{"taxonomy":"product_brand","embeddable":true,"href":"https:\/\/soydeaqui.ddns.net\/pachuca\/index.php\/wp-json\/wp\/v2\/product_brand?post=76260"},{"taxonomy":"product_cat","embeddable":true,"href":"https:\/\/soydeaqui.ddns.net\/pachuca\/index.php\/wp-json\/wp\/v2\/product_cat?post=76260"},{"taxonomy":"product_tag","embeddable":true,"href":"https:\/\/soydeaqui.ddns.net\/pachuca\/index.php\/wp-json\/wp\/v2\/product_tag?post=76260"}],"curies":[{"name":"wp","href":"https:\/\/api.w.org\/{rel}","templated":true}]}}