{"id":76246,"date":"2026-03-19T15:12:55","date_gmt":"2026-03-19T15:12:55","guid":{"rendered":"https:\/\/soydeaqui.ddns.net\/pachuca\/index.php\/producto\/cable-de-fibra-ptica-de-12-hilos-osp-planta-externa-no-armada-dielctrica-250um-monomodo-os2-precio-por-metro\/"},"modified":"2026-03-19T15:12:56","modified_gmt":"2026-03-19T15:12:56","slug":"cable-de-fibra-ptica-de-12-hilos-osp-planta-externa-no-armada-dielctrica-250um-monomodo-os2-precio-por-metro","status":"publish","type":"product","link":"https:\/\/soydeaqui.ddns.net\/pachuca\/index.php\/producto\/cable-de-fibra-ptica-de-12-hilos-osp-planta-externa-no-armada-dielctrica-250um-monomodo-os2-precio-por-metro\/","title":{"rendered":"Cable de Fibra ?ptica de 12 Hilos, OSP (Planta Externa), No Armada (Diel?ctrica), 250um, Monomodo OS2, Precio Por Metro"},"content":{"rendered":"<div style='width: 100%; max-width: 1200px; margin: 0 auto; font-family: sans-serif; line-height: 1.6; color: inherit; background-color: transparent;'>\n<div style='display: flex; flex-wrap: wrap; gap: 30px; margin-bottom: 30px;'>\n<div style='flex: 1 1 300px; min-width: 280px;'>\n<p style='font-size: 15px; color: inherit; margin-bottom: 15px;'>El cable para plantas exteriores sin gel Opti-Core\u00ae ofrece tecnolog\u00eda de bloqueo de agua en seco&comma; resistencia a los rayos UV y alta densidad para proporcionar cumplimiento de normas y flexibilidad para uso en exteriores. El cable para planta exterior sin gel Opti-Core\u00ae est\u00e1 disponible en dise\u00f1os de cables armados y totalmente diel\u00e9ctricos para cumplir con sus requisitos de instalaci\u00f3n espec\u00edficos. El totalmente diel\u00e9ctrico para planta exterior sin gel Opti-Core\u00ae&comma; para aplicaciones a\u00e9reas y de conductos&comma; presenta una construcci\u00f3n no met\u00e1lica que elimina la necesidad de conectar a tierra.<\/p>\n<p style='font-size: 15px; color: inherit; margin-bottom: 15px;'>El cable de planta exterior sin gel Opti-Core\u00ae cumple con los requisitos RUS 7 CFR 1755.900 para cables de entrada de servicio de fibra \u00f3ptica. Tambi\u00e9n cumple o excede los requisitos de rendimiento de Telcordia GR-20&comma; Issue 2 e ICEA 640 para soportar las duras demandas ambientales al aire libre. El cable de planta exterior sin gel Opti-Core\u00ae est\u00e1 disponible en monomodo (cumple con los est\u00e1ndares OS1 y OS2 propuestos) y multimodo (OM1&comma; OM2&comma; optimizado para l\u00e1ser OM3 y OM4)&comma; y en recuentos de fibra de hasta 144 fibras como &#8216;dise\u00f1o de tubo suelto&#8217;. Todo el cable de fibra \u00f3ptica Opti-Core\u00ae cumple con RoHS.<\/p>\n<\/p><\/div>\n<\/p><\/div>\n<div style='display: flex; flex-wrap: wrap; gap: 20px; margin-bottom: 30px;'>\n<div style='flex: 1 1 250px; border: 1px solid rgba(150&comma; 150&comma; 150&comma; 0.4); border-radius: 8px; overflow: hidden; display: flex; flex-direction: column;'>\n<div style='padding: 15px; border-bottom: 1px solid rgba(150&comma; 150&comma; 150&comma; 0.2); font-weight: bold; font-size: 18px; color: inherit;'>Especificaciones t\u00e9cnicas<\/div>\n<div style='padding: 15px; color: inherit;'>\n<ul style='padding-left: 20px; margin: 0; font-size: 14px; list-style-type: disc; color: inherit;'>\n<li style='margin-bottom: 5px;'><span style='color: inherit;'>Loose Tube: 250\u03bcm<\/span><\/li>\n<li style='margin-bottom: 5px;'><span style='color: inherit;'>Revestimiento de Fibra \u00d3ptica: 125\u03bcm<\/span><\/li>\n<li style='margin-bottom: 5px;'><span style='color: inherit;'>Marcas de longitud de incremento cada 2 pies.<\/span><\/li>\n<li style='margin-bottom: 5px;'><span style='color: inherit;'>C\u00f3digo de colores: TIA-598-C<\/span><\/li>\n<li style='margin-bottom: 5px;'><span style='color: inherit;'>Fibra \u00d3ptica no Armada<\/span><\/li>\n<li style='margin-bottom: 5px;'><span style='color: inherit;'>Di\u00e1metro nominal: .40 in (10.16 mm)<\/span><\/li>\n<\/ul><\/div>\n<\/p><\/div>\n<div style='flex: 1 1 250px; border: 1px solid rgba(150&comma; 150&comma; 150&comma; 0.4); border-radius: 8px; overflow: hidden; display: flex; flex-direction: column;'>\n<div style='padding: 15px; border-bottom: 1px solid rgba(150&comma; 150&comma; 150&comma; 0.2); font-weight: bold; font-size: 18px; color: inherit;'>Cumplimiento de Est\u00e1ndares<\/div>\n<div style='padding: 15px; color: inherit;'>\n<ul style='padding-left: 20px; margin: 0; font-size: 14px; list-style-type: disc; color: inherit;'>\n<li style='margin-bottom: 5px;'><span style='color: inherit;'>TIA 455 series<\/span><\/li>\n<li style='margin-bottom: 5px;'><span style='color: inherit;'>FOTPS<\/span><\/li>\n<li style='margin-bottom: 5px;'><span style='color: inherit;'>ICEA 640<\/span><\/li>\n<li style='margin-bottom: 5px;'><span style='color: inherit;'>Telcordia GR-20<\/span><\/li>\n<li style='margin-bottom: 5px;'><span style='color: inherit;'>IEC 60794-3-11<\/span><\/li>\n<li style='margin-bottom: 5px;'><span style='color: inherit;'>RUS 7 DVR 1755 (Listado PE90)<\/span><\/li>\n<\/ul><\/div>\n<\/p><\/div>\n<\/p><\/div>\n<hr style='border: 0; border-top: 1px solid rgba(150&comma; 150&comma; 150&comma; 0.3); margin: 30px 0;'> <\/div>\n","protected":false},"excerpt":{"rendered":"<p>Cable de Fibra ?ptica de 12 Hilos, OSP (Planta Externa), No Armada (Diel?ctrica), 250um, Monomodo OS2, Precio Por Metro<\/p>\n","protected":false},"featured_media":76245,"comment_status":"open","ping_status":"closed","template":"","meta":[],"product_brand":[],"product_cat":[610],"product_tag":[612,611,445],"class_list":{"0":"post-76246","1":"product","2":"type-product","3":"status-publish","4":"has-post-thumbnail","6":"product_cat-cable","7":"product_tag-cable","8":"product_tag-fibra-optica","9":"product_tag-panduit","11":"first","12":"instock","13":"sale","14":"shipping-taxable","15":"purchasable","16":"product-type-simple"},"_links":{"self":[{"href":"https:\/\/soydeaqui.ddns.net\/pachuca\/index.php\/wp-json\/wp\/v2\/product\/76246","targetHints":{"allow":["GET"]}}],"collection":[{"href":"https:\/\/soydeaqui.ddns.net\/pachuca\/index.php\/wp-json\/wp\/v2\/product"}],"about":[{"href":"https:\/\/soydeaqui.ddns.net\/pachuca\/index.php\/wp-json\/wp\/v2\/types\/product"}],"replies":[{"embeddable":true,"href":"https:\/\/soydeaqui.ddns.net\/pachuca\/index.php\/wp-json\/wp\/v2\/comments?post=76246"}],"wp:featuredmedia":[{"embeddable":true,"href":"https:\/\/soydeaqui.ddns.net\/pachuca\/index.php\/wp-json\/wp\/v2\/media\/76245"}],"wp:attachment":[{"href":"https:\/\/soydeaqui.ddns.net\/pachuca\/index.php\/wp-json\/wp\/v2\/media?parent=76246"}],"wp:term":[{"taxonomy":"product_brand","embeddable":true,"href":"https:\/\/soydeaqui.ddns.net\/pachuca\/index.php\/wp-json\/wp\/v2\/product_brand?post=76246"},{"taxonomy":"product_cat","embeddable":true,"href":"https:\/\/soydeaqui.ddns.net\/pachuca\/index.php\/wp-json\/wp\/v2\/product_cat?post=76246"},{"taxonomy":"product_tag","embeddable":true,"href":"https:\/\/soydeaqui.ddns.net\/pachuca\/index.php\/wp-json\/wp\/v2\/product_tag?post=76246"}],"curies":[{"name":"wp","href":"https:\/\/api.w.org\/{rel}","templated":true}]}}