{"id":76225,"date":"2026-03-19T15:12:10","date_gmt":"2026-03-19T15:12:10","guid":{"rendered":"https:\/\/soydeaqui.ddns.net\/pachuca\/index.php\/producto\/carrete-de-4-km-de-fibra-optica-adss-g-652d-armada-anti-roedor-dielectrica-monomodo-6-hilos-span-200-para-instalaciones-aereas-en-tuberia-o-enterrado-directo\/"},"modified":"2026-03-19T15:12:13","modified_gmt":"2026-03-19T15:12:13","slug":"carrete-de-4-km-de-fibra-optica-adss-g-652d-armada-anti-roedor-dielectrica-monomodo-6-hilos-span-200-para-instalaciones-aereas-en-tuberia-o-enterrado-directo","status":"publish","type":"product","link":"https:\/\/soydeaqui.ddns.net\/pachuca\/index.php\/producto\/carrete-de-4-km-de-fibra-optica-adss-g-652d-armada-anti-roedor-dielectrica-monomodo-6-hilos-span-200-para-instalaciones-aereas-en-tuberia-o-enterrado-directo\/","title":{"rendered":"Carrete de 4 km de Fibra \u00d3ptica (ADSS) G.652D Armada Anti roedor, Diel\u00e9ctrica, Monomodo 6 Hilos, Span 200 (Para instalaciones a\u00e9reas, en tuber\u00eda o enterrado directo)"},"content":{"rendered":"<div style=\"width: 100%; max-width: 1200px; margin: 0 auto; font-family: sans-serif; line-height: 1.6; color: inherit; background-color: transparent;\"><!-- Logo --><\/p>\n<div style=\"width: 100%; text-align: center; margin-bottom: 30px;\"><img decoding=\"async\" style=\"max-width: 300px; height: auto; border: 1px solid rgba(150&comma; 150&comma; 150&comma; 0.3); border-radius: 8px;\" src=\"https:\/\/ftp3.syscom.mx\/usuarios\/orobles\/FiberHome\/linkedpro_by_fiberhome_logo2.png\" alt=\"Logo\" class=\"fr-fic fr-dii\"><\/div>\n<p><!-- Descripci\u00f3n --><\/p>\n<div style=\"display: flex; flex-wrap: wrap; gap: 30px; margin-bottom: 30px;\">\n<div style=\"flex: 1 1 300px; min-width: 280px;\">\n<p style=\"font-size: 16px; color: inherit; line-height: 1.6;\">El cable de fibra &oacute;ptica ADSS (All Dielectric Self Supported&comma; completamente diel&eacute;ctrico y autosoportado) est&aacute; dise&ntilde;ado para instalaciones a&eacute;reas entre postes. Los cables ADSS resisten la tracci&oacute;n necesaria gracias a los hilos de aramida&comma; no contiene elementos met&aacute;licos.<\/p>\n<\/div>\n<div style=\"flex: 1 1 300px; min-width: 280px;\">\n<p style=\"font-size: 16px; color: inherit; line-height: 1.6;\">Adem&aacute;s cuenta con una armadura diel&eacute;ctrica para protegerla de roedores&comma; lo que lo hace el cable perfecto para instalaciones en torres o postes el&eacute;ctricos.<\/p>\n<\/div>\n<\/div>\n<p><!-- Especificaciones t\u00e9cnicas --><\/p>\n<div style=\"display: flex; flex-wrap: wrap; gap: 20px; margin-bottom: 30px;\">\n<div style=\"flex: 1 1 250px; border: 1px solid rgba(150&comma; 150&comma; 150&comma; 0.4); border-radius: 8px; overflow: hidden; display: flex; flex-direction: column;\">\n<div style=\"padding: 15px; border-bottom: 1px solid rgba(150&comma; 150&comma; 150&comma; 0.2); font-weight: bold; font-size: 18px; color: inherit;\">Especificaciones T&eacute;cnicas<\/div>\n<div style=\"padding: 15px; color: inherit;\">\n<ul style=\"padding-left: 20px; margin: 0; font-size: 14px; list-style-type: disc;\">\n<li style=\"margin-bottom: 5px;\"><strong>Fibra &Oacute;ptica:<\/strong> Armada ADSS G.652D Monomodo Anti roedor Loose Tube<\/li>\n<li style=\"margin-bottom: 5px;\"><strong>Aplicaci&oacute;n:<\/strong> Para instalaciones a&eacute;reas&comma; en tuber&iacute;a o enterrado directo<\/li>\n<li style=\"margin-bottom: 5px;\"><strong>Cubierta Exterior:<\/strong> HDPE (Polietileno de Alta Densidad)<\/li>\n<li style=\"margin-bottom: 5px;\"><strong>Maxima tensi&oacute;n:<\/strong> 7000N<\/li>\n<li style=\"margin-bottom: 5px;\"><strong>Anti-tracking:<\/strong> Hasta 110kV<\/li>\n<li style=\"margin-bottom: 5px;\"><strong>Temperatura de operaci&oacute;n:<\/strong> -20&ordm;C a +65&ordm;C<\/li>\n<li style=\"margin-bottom: 5px;\"><strong>Span:<\/strong> 200 metros<\/li>\n<li style=\"margin-bottom: 5px;\"><strong>Protecci&oacute;n:<\/strong> Rayos UV y humedad<\/li>\n<li style=\"margin-bottom: 5px;\"><strong>Di&aacute;metro nominal:<\/strong> 13.9 mm &plusmn; 0.5 mm<\/li>\n<li style=\"margin-bottom: 5px;\"><strong>Radio m&iacute;nimo de curvatura:<\/strong> Instalaci&oacute;n 25D&comma; Operaci&oacute;n 12.5D<\/li>\n<li style=\"margin-bottom: 5px;\"><strong>Resistencia al aplastamiento:<\/strong> 1000N\/10cm<\/li>\n<li style=\"margin-bottom: 5px;\"><strong>Peso nominal:<\/strong> 160 &plusmn; 15 kg\/km<\/li>\n<li style=\"margin-bottom: 5px;\"><strong>Hilos:<\/strong> 6<\/li>\n<li style=\"margin-bottom: 5px;\"><strong>Longitud:<\/strong> 4 km<\/li>\n<li style=\"margin-bottom: 5px;\"><strong>Dimensiones:<\/strong> 1550 x 1550 x 1120 mm<\/li>\n<\/ul>\n<\/div>\n<\/div>\n<p><!-- Preformado compatible --><\/p>\n<div style=\"flex: 1 1 250px; border: 1px solid rgba(150&comma; 150&comma; 150&comma; 0.4); border-radius: 8px; overflow: hidden; display: flex; flex-direction: column;\">\n<div style=\"padding: 15px; border-bottom: 1px solid rgba(150&comma; 150&comma; 150&comma; 0.2); font-weight: bold; font-size: 18px; color: inherit;\">Preformado compatible<\/div>\n<div style=\"padding: 15px; color: inherit;\">\n<p style=\"margin: 0 0 10px 0; font-size: 14px;\"><strong>Modelo:<\/strong> DELT-005<\/p>\n<p style=\"margin: 0; font-size: 14px;\"><a style=\"color: inherit; text-decoration: underline;\" href=\"https:\/\/www.syscom.mx\/producto\/DELT-005-PLP-207271.html\" target=\"_blank\">Ver detalles del preformado<\/a><\/p>\n<\/div>\n<\/div>\n<\/div>\n<p><!-- Separador --><\/p>\n<hr style=\"border: 0; border-top: 1px solid rgba(150&comma; 150&comma; 150&comma; 0.3); margin: 30px 0;\"><\/div>\n","protected":false},"excerpt":{"rendered":"<p>Carrete de 4 km de Fibra \u00d3ptica (ADSS) G.652D Armada Anti roedor, Diel\u00e9ctrica, Monomodo 6 Hilos, Span 200 (Para instalaciones a\u00e9reas, en tuber\u00eda o enterrado directo)<\/p>\n","protected":false},"featured_media":76224,"comment_status":"open","ping_status":"closed","template":"","meta":[],"product_brand":[],"product_cat":[2101],"product_tag":[2102,673,2011],"class_list":{"0":"post-76225","1":"product","2":"type-product","3":"status-publish","4":"has-post-thumbnail","6":"product_cat-cable-de-fibra-optica","7":"product_tag-cable-de-fibra-optica","8":"product_tag-linkedpro-by-fiberhome","9":"product_tag-redes-ftth-pon","11":"first","12":"instock","13":"sale","14":"shipping-taxable","15":"purchasable","16":"product-type-simple"},"_links":{"self":[{"href":"https:\/\/soydeaqui.ddns.net\/pachuca\/index.php\/wp-json\/wp\/v2\/product\/76225","targetHints":{"allow":["GET"]}}],"collection":[{"href":"https:\/\/soydeaqui.ddns.net\/pachuca\/index.php\/wp-json\/wp\/v2\/product"}],"about":[{"href":"https:\/\/soydeaqui.ddns.net\/pachuca\/index.php\/wp-json\/wp\/v2\/types\/product"}],"replies":[{"embeddable":true,"href":"https:\/\/soydeaqui.ddns.net\/pachuca\/index.php\/wp-json\/wp\/v2\/comments?post=76225"}],"wp:featuredmedia":[{"embeddable":true,"href":"https:\/\/soydeaqui.ddns.net\/pachuca\/index.php\/wp-json\/wp\/v2\/media\/76224"}],"wp:attachment":[{"href":"https:\/\/soydeaqui.ddns.net\/pachuca\/index.php\/wp-json\/wp\/v2\/media?parent=76225"}],"wp:term":[{"taxonomy":"product_brand","embeddable":true,"href":"https:\/\/soydeaqui.ddns.net\/pachuca\/index.php\/wp-json\/wp\/v2\/product_brand?post=76225"},{"taxonomy":"product_cat","embeddable":true,"href":"https:\/\/soydeaqui.ddns.net\/pachuca\/index.php\/wp-json\/wp\/v2\/product_cat?post=76225"},{"taxonomy":"product_tag","embeddable":true,"href":"https:\/\/soydeaqui.ddns.net\/pachuca\/index.php\/wp-json\/wp\/v2\/product_tag?post=76225"}],"curies":[{"name":"wp","href":"https:\/\/api.w.org\/{rel}","templated":true}]}}