{"id":76218,"date":"2026-03-19T15:11:52","date_gmt":"2026-03-19T15:11:52","guid":{"rendered":"https:\/\/soydeaqui.ddns.net\/pachuca\/index.php\/producto\/altavoz-de-2-vias-exteriores-70v-100v-woofer-de-6-5-in-blanco\/"},"modified":"2026-03-19T15:12:06","modified_gmt":"2026-03-19T15:12:06","slug":"altavoz-de-2-vias-exteriores-70v-100v-woofer-de-6-5-in-blanco","status":"publish","type":"product","link":"https:\/\/soydeaqui.ddns.net\/pachuca\/index.php\/producto\/altavoz-de-2-vias-exteriores-70v-100v-woofer-de-6-5-in-blanco\/","title":{"rendered":"Altavoz de 2 v\u00edas | exteriores | 70V \/ 100V | woofer de 6.5 in | blanco"},"content":{"rendered":"<div style='width: 100%; max-width: 1200px; margin: 0 auto; font-family: sans-serif; line-height: 1.6; color: inherit; background-color: transparent;'> <!-- Logo --> <\/p>\n<div style='width: 100%; text-align: center; margin: 30px 0;'> <img style='width: 40%; max-width: 300px; height: auto; border: 1px solid rgba(150&comma;150&comma;150&comma;0.3); border-radius: 8px;' src='https:\/\/ftp3.syscom.mx\/usuarios\/luis.vargas\/Truaudio\/truaudio-logo.png' alt='Logo TruAudio'> <\/div>\n<p> <!-- Contenido principal --> <\/p>\n<div style='display: flex; flex-wrap: wrap; gap: 30px; margin-bottom: 30px;'>\n<div style='flex: 1 1 300px; min-width: 280px;'>\n<h3 style='font-size: 22px; border-bottom: 2px solid currentColor; padding-bottom: 5px; margin-top: 0; color: inherit; opacity: 0.8;'>Serie OL<\/h3>\n<p style='font-size: 15px; color: inherit;'> El altavoz para exteriores comercial de montaje en superficie TruAudio est\u00e1 equipado con configuraciones de tomas de 70v y 100v para crear f\u00e1cilmente un sistema de audio distribuido en un espacio comercial. Un woofer de polipropileno de 6.5 &#8216;de alta excursi\u00f3n proporciona una extensi\u00f3n de graves baja&comma; y el tweeter de c\u00fapula blanda de 1&#8217; proporciona claridad precisa en un \u00e1rea amplia. <\/p>\n<\/p><\/div>\n<div style='flex: 1 1 300px; min-width: 280px;'> <img style='width: 100%; height: auto; border: 1px solid rgba(150&comma;150&comma;150&comma;0.3); border-radius: 8px;' src='https:\/\/ftp3.syscom.mx\/usuarios\/luis.vargas\/Truaudio\/OLSeries\/OLSeries2.png' alt='Producto vista 1'> <\/div>\n<\/p><\/div>\n<p> <!-- Caracter\u00edsticas adicionales --> <\/p>\n<div style='display: flex; flex-wrap: wrap; gap: 30px; margin-bottom: 30px;'>\n<div style='flex: 1 1 300px; min-width: 280px;'>\n<p style='font-size: 15px; color: inherit;'> La clasificaci\u00f3n IP66 proporciona resistencia ambiental y protecci\u00f3n contra elementos exteriores. Con un gabinete resistente a la intemperie&comma; resistente a temperaturas extremas y una parrilla de aluminio resistente a la corrosi\u00f3n&comma; lo que lo hace perfecto para cualquier aplicaci\u00f3n en exteriores. <\/p>\n<\/p><\/div>\n<div style='flex: 1 1 300px; min-width: 280px;'> <img style='width: 100%; height: auto; border: 1px solid rgba(150&comma;150&comma;150&comma;0.3); border-radius: 8px;' src='https:\/\/ftp3.syscom.mx\/usuarios\/luis.vargas\/Truaudio\/OLSeries\/OLseries1.png' alt='Producto vista 2'> <\/div>\n<\/p><\/div>\n<p> <!-- Caracter\u00edsticas t\u00e9cnicas --> <\/p>\n<div style='display: flex; flex-wrap: wrap; gap: 30px; margin-bottom: 30px;'>\n<div style='flex: 1 1 300px; min-width: 280px;'>\n<div style='border: 1px solid rgba(150&comma; 150&comma; 150&comma; 0.4); border-radius: 8px; overflow: hidden; display: flex; flex-direction: column;'>\n<div style='padding: 15px; border-bottom: 1px solid rgba(150&comma; 150&comma; 150&comma; 0.2); font-weight: bold; font-size: 18px; color: inherit;'>Caracter\u00edsticas Generales<\/div>\n<div style='padding: 15px; color: inherit;'>\n<ul style='padding-left: 20px; margin: 0; font-size: 14px; list-style-type: disc;'>\n<li style='margin-bottom: 5px;'><strong>Color:<\/strong> Blanco<\/li>\n<li style='margin-bottom: 5px;'><strong>Tipo de altavoz:<\/strong> En el techo 70v de 2 v\u00edas<\/li>\n<li style='margin-bottom: 5px;'><strong>Tweeter:<\/strong> C\u00fapula de seda de 1 &#8216;<\/li>\n<li style='margin-bottom: 5px;'><strong>Woofer:<\/strong> Polipropileno de 6.5 &#8216;<\/li>\n<li style='margin-bottom: 5px;'><strong>Tipo de parrilla:<\/strong> Malla de Aluminio<\/li>\n<li style='margin-bottom: 5px;'><strong>Sensibilidad:<\/strong> 86dB<\/li>\n<li style='margin-bottom: 5px;'><strong>Requiere amplificador:<\/strong> 70\/100V (No trabaja en 8 Ohms)<\/li>\n<\/ul><\/div>\n<\/p><\/div>\n<\/p><\/div>\n<div style='flex: 1 1 300px; min-width: 280px;'>\n<div style='border: 1px solid rgba(150&comma; 150&comma; 150&comma; 0.4); border-radius: 8px; overflow: hidden; display: flex; flex-direction: column;'>\n<div style='padding: 15px; border-bottom: 1px solid rgba(150&comma; 150&comma; 150&comma; 0.2); font-weight: bold; font-size: 18px; color: inherit;'>Especificaciones<\/div>\n<div style='padding: 15px; color: inherit;'>\n<ul style='padding-left: 20px; margin: 0; font-size: 14px; list-style-type: disc;'>\n<li style='margin-bottom: 5px;'><strong>Power:<\/strong> 30 Watts<\/li>\n<li style='margin-bottom: 5px;'><strong>Respuesta frecuente:<\/strong> 55 &#8211; 20k Hz (+\/- 3dB)<\/li>\n<li style='margin-bottom: 5px;'><strong>Sistema Alta Impedancia:<\/strong> 70V \/ 100V<\/li>\n<li style='margin-bottom: 5px;'><strong>Tipo de montaje:<\/strong> Soporte en U<\/li>\n<li style='margin-bottom: 5px;'><strong>70V TAPS:<\/strong> 2&comma; 4&comma; 8&comma; 15 30W seleccionable<\/li>\n<li style='margin-bottom: 5px;'><strong>100V TAPS:<\/strong> 4&comma; 8&comma; 15&comma; 30W seleccionable<\/li>\n<li style='margin-bottom: 5px;'><strong>Dimensiones de acabado:<\/strong> 11.9 &#8216;(303 mm) de di\u00e1metro&comma; 8.5&#8217; (215 mm) de profundidad&comma; 7.5 &#8216;(191 mm) de di\u00e1metro<\/li>\n<li style='margin-bottom: 5px;'><strong>Peso:<\/strong> 4.5 Kg<\/li>\n<\/ul><\/div>\n<\/p><\/div>\n<\/p><\/div>\n<\/p><\/div>\n<p> <!-- Imagen animada --> <\/p>\n<div style='width: 100%; text-align: center; margin: 30px 0;'> <img style='width: 100%; max-width: 600px; height: auto; border: 1px solid rgba(150&comma;150&comma;150&comma;0.3); border-radius: 8px;' src='https:\/\/ftp3.syscom.mx\/usuarios\/luis.vargas\/Truaudio\/truaudiogif1.gif' alt='Animaci\u00f3n del producto'> <\/div>\n<p> <!-- Soporte de montaje --> <\/p>\n<div style='display: flex; flex-wrap: wrap; gap: 30px; margin-bottom: 30px;'>\n<div style='flex: 1 1 300px; min-width: 280px;'>\n<p style='font-size: 15px; color: inherit;'> El soporte de montaje de bajo perfil permite un rango de movimiento vertical u horizontal de 120 grados. Disponible en acabados blanco o negro. <\/p>\n<\/p><\/div>\n<\/p><\/div>\n<p> <!-- Videos --> <\/p>\n<div style='display: flex; flex-wrap: wrap; gap: 30px; margin-bottom: 30px;'>\n<div style='flex: 1 1 300px; min-width: 280px;'>\n<div style='position: relative; padding-bottom: 56.25%; height: 0; overflow: hidden; margin-bottom: 30px;'>   <\/div>\n<\/p><\/div>\n<div style='flex: 1 1 300px; min-width: 280px;'>\n<div style='position: relative; padding-bottom: 56.25%; height: 0; overflow: hidden; margin-bottom: 30px;'>   <\/div>\n<\/p><\/div>\n<div style='flex: 1 1 300px; min-width: 280px;'>\n<div style='position: relative; padding-bottom: 56.25%; height: 0; overflow: hidden; margin-bottom: 30px;'>   <\/div>\n<\/p><\/div>\n<\/p><\/div>\n<p> <!-- Separador final --> <\/p>\n<hr style='border: 0; border-top: 1px solid rgba(150&comma; 150&comma; 150&comma; 0.3); margin: 30px 0;'> <\/div>\n","protected":false},"excerpt":{"rendered":"<p>Altavoz de 2 v\u00edas | exteriores | 70V \/ 100V | woofer de 6.5 in | blanco<\/p>\n","protected":false},"featured_media":76217,"comment_status":"open","ping_status":"closed","template":"","meta":[],"product_brand":[],"product_cat":[422],"product_tag":[52,423,2060],"class_list":{"0":"post-76218","1":"product","2":"type-product","3":"status-publish","4":"has-post-thumbnail","6":"product_cat-bocinas-exterior","7":"product_tag-audio-residencial-comercial","8":"product_tag-bocinas-exterior","9":"product_tag-truaudio","11":"first","12":"instock","13":"sale","14":"shipping-taxable","15":"purchasable","16":"product-type-simple"},"_links":{"self":[{"href":"https:\/\/soydeaqui.ddns.net\/pachuca\/index.php\/wp-json\/wp\/v2\/product\/76218","targetHints":{"allow":["GET"]}}],"collection":[{"href":"https:\/\/soydeaqui.ddns.net\/pachuca\/index.php\/wp-json\/wp\/v2\/product"}],"about":[{"href":"https:\/\/soydeaqui.ddns.net\/pachuca\/index.php\/wp-json\/wp\/v2\/types\/product"}],"replies":[{"embeddable":true,"href":"https:\/\/soydeaqui.ddns.net\/pachuca\/index.php\/wp-json\/wp\/v2\/comments?post=76218"}],"wp:featuredmedia":[{"embeddable":true,"href":"https:\/\/soydeaqui.ddns.net\/pachuca\/index.php\/wp-json\/wp\/v2\/media\/76217"}],"wp:attachment":[{"href":"https:\/\/soydeaqui.ddns.net\/pachuca\/index.php\/wp-json\/wp\/v2\/media?parent=76218"}],"wp:term":[{"taxonomy":"product_brand","embeddable":true,"href":"https:\/\/soydeaqui.ddns.net\/pachuca\/index.php\/wp-json\/wp\/v2\/product_brand?post=76218"},{"taxonomy":"product_cat","embeddable":true,"href":"https:\/\/soydeaqui.ddns.net\/pachuca\/index.php\/wp-json\/wp\/v2\/product_cat?post=76218"},{"taxonomy":"product_tag","embeddable":true,"href":"https:\/\/soydeaqui.ddns.net\/pachuca\/index.php\/wp-json\/wp\/v2\/product_tag?post=76218"}],"curies":[{"name":"wp","href":"https:\/\/api.w.org\/{rel}","templated":true}]}}