{"id":76212,"date":"2026-03-19T15:11:39","date_gmt":"2026-03-19T15:11:39","guid":{"rendered":"https:\/\/soydeaqui.ddns.net\/pachuca\/index.php\/producto\/punto-de-acceso-para-exterior-wi-fi-802-11-ac-2-33-gbps-wave-2-mu-mimo-4x44-de-largo-alcance-con-administracion-desde-la-nube-gratuita-o-stand-alone\/"},"modified":"2026-03-19T15:11:50","modified_gmt":"2026-03-19T15:11:50","slug":"punto-de-acceso-para-exterior-wi-fi-802-11-ac-2-33-gbps-wave-2-mu-mimo-4x44-de-largo-alcance-con-administracion-desde-la-nube-gratuita-o-stand-alone","status":"publish","type":"product","link":"https:\/\/soydeaqui.ddns.net\/pachuca\/index.php\/producto\/punto-de-acceso-para-exterior-wi-fi-802-11-ac-2-33-gbps-wave-2-mu-mimo-4x44-de-largo-alcance-con-administracion-desde-la-nube-gratuita-o-stand-alone\/","title":{"rendered":"Punto de acceso para exterior Wi-Fi 802.11 ac 2.33 Gbps, Wave-2, MU-MIMO 4&#215;4:4, de largo alcance con administraci\u00f3n desde la nube gratuita o stand-alone."},"content":{"rendered":"<div style='width: 100%; max-width: 1200px; margin: 0 auto; font-family: sans-serif; line-height: 1.6; color: inherit; background-color: transparent;'> <!-- Acerca del producto --> <\/p>\n<div style='margin-bottom: 30px;'>\n<h2 style='font-size: 24px; color: inherit; margin-top: 0; margin-bottom: 10px;'>Acerca del GWN7630LR<\/h2>\n<hr style='border: 0; border-top: 2px solid #1056BC; width: 40px; margin-bottom: 15px;'>\n<p style='font-size: 15px; color: inherit; margin-bottom: 15px;'>El GWN7630LR es un punto de acceso wifi 802.11ac Wave-2 de alto rendimiento y resistente a la intemperie para empresas medianas y grandes y empresas que necesitan proporcionar cobertura de largo alcance tanto en espacios interiores como exteriores. Tiene una carcasa resistente a la intemperie y tecnolog\u00eda resistente al calor&comma; tecnolog\u00eda MU-MIMO 4\u00d74:4 de doble banda y un sofisticado dise\u00f1o de antena para un m\u00e1ximo rendimiento de la red que admite m\u00e1s de 200 clientes y un rango de cobertura ampliado de 300 metros. Para garantizar una f\u00e1cil instalaci\u00f3n y gesti\u00f3n&comma; el GWN7630LR incluye un controlador incorporado integrado en la interfaz de usuario web del producto. Tambi\u00e9n es compatible con GWN.Cloud&comma; la plataforma de gesti\u00f3n de wifi gratuita en la nube de Grandstream.<\/p>\n<\/p><\/div>\n<p> <!-- Caracter\u00edsticas Competitivas --> <\/p>\n<div style='margin-bottom: 30px;'>\n<h2 style='font-size: 24px; color: inherit; margin-top: 0; margin-bottom: 10px;'>Caracter\u00edsticas Competitivas<\/h2>\n<hr style='border: 0; border-top: 2px solid #1056BC; width: 40px; margin-bottom: 15px;'>\n<ul style='padding-left: 20px; font-size: 15px; color: inherit; list-style-type: disc;'>\n<li style='margin-bottom: 5px;'>Rango de cobertura de hasta 300 metros<\/li>\n<li style='margin-bottom: 5px;'>Rendimiento inal\u00e1mbrico de 2.33 Gbps y 2 puertos Gigabit con cable<\/li>\n<li style='margin-bottom: 5px;'>Tecnolog\u00eda MU-MIMO 4\u00d74:4 de doble banda<\/li>\n<li style='margin-bottom: 5px;'>Adaptaci\u00f3n de alimentaci\u00f3n propia en la detecci\u00f3n autom\u00e1tica de PoE o PoE+<\/li>\n<li style='margin-bottom: 5px;'>Capacidad para m\u00e1s de 200 dispositivos de clientes wifi conectados al mismo tiempo<\/li>\n<li style='margin-bottom: 5px;'>Arranque seguro antipirater\u00eda y bloqueo de control\/datos cr\u00edticos mediante firmas digitales<\/li>\n<li style='margin-bottom: 5px;'>El controlador integrado puede gestionar hasta 50 puntos de acceso locales de la serie GWN.<\/li>\n<\/ul><\/div>\n<p> <!-- Especificaciones t\u00e9cnicas --> <\/p>\n<div style='margin-bottom: 30px;'>\n<h1 style='font-size: 24px; color: inherit; margin-top: 0; margin-bottom: 10px;'>Especificaciones t\u00e9cnicas<\/h1>\n<hr style='border: 0; border-top: 2px solid #1056BC; width: 40px; margin-bottom: 15px;'> <!-- Tabla de especificaciones --> <\/p>\n<div style='display: grid; grid-template-columns: repeat(auto-fill&comma; minmax(250px&comma; 1fr)); gap: 15px; margin-bottom: 20px;'>\n<div style='border: 1px solid rgba(150&comma; 150&comma; 150&comma; 0.4); border-radius: 8px; overflow: hidden;'>\n<div style='padding: 15px; border-bottom: 1px solid rgba(150&comma; 150&comma; 150&comma; 0.2); font-weight: bold; font-size: 16px; color: inherit;'>Est\u00e1ndares Wi-Fi<\/div>\n<div style='padding: 15px; color: inherit; font-size: 14px;'>IEEE 802.11a\/b\/g\/n\/ac (Wave-2)<\/div>\n<\/p><\/div>\n<div style='border: 1px solid rgba(150&comma; 150&comma; 150&comma; 0.4); border-radius: 8px; overflow: hidden;'>\n<div style='padding: 15px; border-bottom: 1px solid rgba(150&comma; 150&comma; 150&comma; 0.2); font-weight: bold; font-size: 16px; color: inherit;'>Antenas<\/div>\n<div style='padding: 15px; color: inherit; font-size: 14px;'>4 antenas externas de doble banda&comma; soporte de formaci\u00f3n de haces 2.4 GHz&comma; 3.5 dBi de ganancia&comma; 5 GHz&comma; 3.5 dBi de ganancia<\/div>\n<\/p><\/div>\n<div style='border: 1px solid rgba(150&comma; 150&comma; 150&comma; 0.4); border-radius: 8px; overflow: hidden;'>\n<div style='padding: 15px; border-bottom: 1px solid rgba(150&comma; 150&comma; 150&comma; 0.2); font-weight: bold; font-size: 16px; color: inherit;'>Bandas de Frecuencia<\/div>\n<div style='padding: 15px; color: inherit; font-size: 14px;'>Radio 2.4 GHz: 2412 &#8211; 2484 GHz\/Radio 5 GHz: 5180 &#8211; 5825 GHz<\/div>\n<\/p><\/div>\n<div style='border: 1px solid rgba(150&comma; 150&comma; 150&comma; 0.4); border-radius: 8px; overflow: hidden;'>\n<div style='padding: 15px; border-bottom: 1px solid rgba(150&comma; 150&comma; 150&comma; 0.2); font-weight: bold; font-size: 16px; color: inherit;'>Cobertura<\/div>\n<div style='padding: 15px; color: inherit; font-size: 14px;'>Hasta 300 metros *El rango de cobertura puede variar seg\u00fan el entorno.<\/div>\n<\/p><\/div>\n<div style='border: 1px solid rgba(150&comma; 150&comma; 150&comma; 0.4); border-radius: 8px; overflow: hidden;'>\n<div style='padding: 15px; border-bottom: 1px solid rgba(150&comma; 150&comma; 150&comma; 0.2); font-weight: bold; font-size: 16px; color: inherit;'>Seguridad Wi-Fi y del Sistema<\/div>\n<div style='padding: 15px; color: inherit; font-size: 14px;'>WEP&comma; WPA\/WPA2-PSK&comma; WPA\/WPA2 Enterprise&comma; arranque seguro antipirater\u00eda y bloqueo de datos cr\u00edticos\/de control a trav\u00e9s de firmas digitales&comma; certificado de seguridad \u00fanico y contrase\u00f1a predeterminada aleatoria por dispositivo<\/div>\n<\/p><\/div>\n<div style='border: 1px solid rgba(150&comma; 150&comma; 150&comma; 0.4); border-radius: 8px; overflow: hidden;'>\n<div style='padding: 15px; border-bottom: 1px solid rgba(150&comma; 150&comma; 150&comma; 0.2); font-weight: bold; font-size: 16px; color: inherit;'>Clientes Concurrentes<\/div>\n<div style='padding: 15px; color: inherit; font-size: 14px;'>200+<\/div>\n<\/p><\/div>\n<div style='border: 1px solid rgba(150&comma; 150&comma; 150&comma; 0.4); border-radius: 8px; overflow: hidden;'>\n<div style='padding: 15px; border-bottom: 1px solid rgba(150&comma; 150&comma; 150&comma; 0.2); font-weight: bold; font-size: 16px; color: inherit;'>Interfaces de red<\/div>\n<div style='padding: 15px; color: inherit; font-size: 14px;'>2 puertos Ethernet de 10\/100\/1000Base-T con detecci\u00f3n autom\u00e1tica<\/div>\n<\/p><\/div>\n<div style='border: 1px solid rgba(150&comma; 150&comma; 150&comma; 0.4); border-radius: 8px; overflow: hidden;'>\n<div style='padding: 15px; border-bottom: 1px solid rgba(150&comma; 150&comma; 150&comma; 0.2); font-weight: bold; font-size: 16px; color: inherit;'>Resistente a la intemperie<\/div>\n<div style='padding: 15px; color: inherit; font-size: 14px;'>Carcasa resistente a la intemperie IP66 para instalaciones en exteriores<\/div>\n<\/p><\/div>\n<div style='border: 1px solid rgba(150&comma; 150&comma; 150&comma; 0.4); border-radius: 8px; overflow: hidden;'>\n<div style='padding: 15px; border-bottom: 1px solid rgba(150&comma; 150&comma; 150&comma; 0.2); font-weight: bold; font-size: 16px; color: inherit;'>Alimentaci\u00f3n<\/div>\n<div style='padding: 15px; color: inherit; font-size: 14px;'>V\u00eda PoE af\/at (no incluye PoE)<\/div>\n<\/p><\/div>\n<\/p><\/div>\n<p> <!-- Enlaces de PoE recomendado --> <\/p>\n<div style='margin-bottom: 20px; font-size: 14px; color: inherit;'>\n<p style='margin-bottom: 10px;'> <a style='color: #005cb9; text-decoration: none; font-weight: 600;' href='https:\/\/www.syscom.mx\/principal\/searchcont?route=G0720-480-050-GRANDSTREAM-207158&#038;autodetect=poe_gwn'>PoE recomendado: G0720-480-050<\/a> <span style='margin: 0 10px;'> <\/span> <a style='color: #005cb9; text-decoration: none; font-weight: 600;' href='https:\/\/www.syscom.mx\/principal\/searchcont?route=U-POE-AT-UBIQUITI-NETWORKS-205327&#038;autodetect=poe'>U-POE-AT<\/a> <\/p>\n<\/p><\/div>\n<\/p><\/div>\n<p> <!-- Imagen --> <\/p>\n<div style='margin-bottom: 30px;'> <img style='width: 100%; height: auto; border: 1px solid rgba(150&comma;150&comma;150&comma;0.3); border-radius: 8px;' src='https:\/\/ftp3.syscom.mx\/usuarios\/fotos\/GWN7630LR\/183557-captura_de_pantalla_2021-08-05_a_la(s)_15.57.14.png' alt=''> <\/div>\n<p> <!-- Separador final --> <\/p>\n<hr style='border: 0; border-top: 1px solid rgba(150&comma; 150&comma; 150&comma; 0.3); margin: 30px 0;'> <\/div>\n","protected":false},"excerpt":{"rendered":"<p>Punto de acceso para exterior Wi-Fi 802.11 ac 2.33 Gbps, Wave-2, MU-MIMO 4&#215;4:4, de largo alcance con administraci\u00f3n desde la nube gratuita o stand-alone.<\/p>\n","protected":false},"featured_media":76211,"comment_status":"open","ping_status":"closed","template":"","meta":[],"product_brand":[],"product_cat":[1794],"product_tag":[909,1795,1479],"class_list":{"0":"post-76212","1":"product","2":"type-product","3":"status-publish","4":"has-post-thumbnail","6":"product_cat-puntos-de-acceso","7":"product_tag-grandstream","8":"product_tag-puntos-de-acceso","9":"product_tag-redes-wifi","11":"first","12":"instock","13":"sale","14":"shipping-taxable","15":"purchasable","16":"product-type-simple"},"_links":{"self":[{"href":"https:\/\/soydeaqui.ddns.net\/pachuca\/index.php\/wp-json\/wp\/v2\/product\/76212","targetHints":{"allow":["GET"]}}],"collection":[{"href":"https:\/\/soydeaqui.ddns.net\/pachuca\/index.php\/wp-json\/wp\/v2\/product"}],"about":[{"href":"https:\/\/soydeaqui.ddns.net\/pachuca\/index.php\/wp-json\/wp\/v2\/types\/product"}],"replies":[{"embeddable":true,"href":"https:\/\/soydeaqui.ddns.net\/pachuca\/index.php\/wp-json\/wp\/v2\/comments?post=76212"}],"wp:featuredmedia":[{"embeddable":true,"href":"https:\/\/soydeaqui.ddns.net\/pachuca\/index.php\/wp-json\/wp\/v2\/media\/76211"}],"wp:attachment":[{"href":"https:\/\/soydeaqui.ddns.net\/pachuca\/index.php\/wp-json\/wp\/v2\/media?parent=76212"}],"wp:term":[{"taxonomy":"product_brand","embeddable":true,"href":"https:\/\/soydeaqui.ddns.net\/pachuca\/index.php\/wp-json\/wp\/v2\/product_brand?post=76212"},{"taxonomy":"product_cat","embeddable":true,"href":"https:\/\/soydeaqui.ddns.net\/pachuca\/index.php\/wp-json\/wp\/v2\/product_cat?post=76212"},{"taxonomy":"product_tag","embeddable":true,"href":"https:\/\/soydeaqui.ddns.net\/pachuca\/index.php\/wp-json\/wp\/v2\/product_tag?post=76212"}],"curies":[{"name":"wp","href":"https:\/\/api.w.org\/{rel}","templated":true}]}}