{"id":76201,"date":"2026-03-19T15:11:12","date_gmt":"2026-03-19T15:11:12","guid":{"rendered":"https:\/\/soydeaqui.ddns.net\/pachuca\/index.php\/producto\/ups-industrial-de-100-watts-24-vcd-de-entrada-instalacion-en-riel-din-estandar-de-35mm-temperatura-de-operacion-de-40-a-60-oc\/"},"modified":"2026-03-19T15:11:21","modified_gmt":"2026-03-19T15:11:21","slug":"ups-industrial-de-100-watts-24-vcd-de-entrada-instalacion-en-riel-din-estandar-de-35mm-temperatura-de-operacion-de-40-a-60-oc","status":"publish","type":"product","link":"https:\/\/soydeaqui.ddns.net\/pachuca\/index.php\/producto\/ups-industrial-de-100-watts-24-vcd-de-entrada-instalacion-en-riel-din-estandar-de-35mm-temperatura-de-operacion-de-40-a-60-oc\/","title":{"rendered":"UPS Industrial de 100 Watts, 24 Vcd de Entrada, Instalaci\u00f3n en Riel DIN Est\u00e1ndar de 35mm, Temperatura de operaci\u00f3n de -40 a 60 \u00baC"},"content":{"rendered":"<div style='width: 100%; max-width: 1200px; margin: 0 auto; font-family: sans-serif; line-height: 1.6; color: inherit; background-color: transparent;'> <!-- Secci\u00f3n de descripci\u00f3n --> <\/p>\n<div style='margin-bottom: 30px; font-size: 15px;'>\n<p>La fuente de alimentaci\u00f3n ininterrumpida (UPS) no requiere mantenimiento ni bater\u00edas&comma; con tecnolog\u00eda de ultracondensadores para operaci\u00f3n libre de mantenimiento. Ofrece 100 W de potencia de salida a 24 Vcc&comma; reduciendo riesgos de tiempo de inactividad por fallas de bater\u00eda y ahorro en costos de mantenimiento y eliminaci\u00f3n de bater\u00edas HazMat.<\/p>\n<\/p><\/div>\n<p> <!-- Secci\u00f3n de especificaciones t\u00e9cnicas --> <\/p>\n<div style='display: flex; flex-wrap: wrap; gap: 20px; margin-bottom: 30px;'>\n<div style='flex: 1 1 250px; border: 1px solid rgba(150&comma; 150&comma; 150&comma; 0.4); border-radius: 8px; overflow: hidden; display: flex; flex-direction: column;'>\n<div style='padding: 15px; border-bottom: 1px solid rgba(150&comma; 150&comma; 150&comma; 0.2); font-weight: bold; font-size: 18px; color: inherit;'>Especificaciones T\u00e9cnicas<\/div>\n<div style='padding: 15px; color: inherit;'>\n<ul style='padding-left: 20px; margin: 0; font-size: 14px; list-style-type: disc;'>\n<li style='margin-bottom: 5px;'><strong>Voltaje de Entrada:<\/strong> 24 a 28 Vcc<\/li>\n<li style='margin-bottom: 5px;'><strong>Potencia de Salida:<\/strong> 100 Watts (4.55A) m\u00e1x.<\/li>\n<li style='margin-bottom: 5px;'><strong>Control de Salida:<\/strong> 1 x Forma A&comma; 30 Vca\/Vcc a 1A m\u00e1x.<\/li>\n<li style='margin-bottom: 5px;'><strong>Temperatura de Operaci\u00f3n:<\/strong> -40 a 60 \u00baC (-40 a 140 \u00baF)<\/li>\n<li style='margin-bottom: 5px;'><strong>Instalaci\u00f3n:<\/strong> Riel DIN EN 60715 NS35<\/li>\n<li style='margin-bottom: 5px;'><strong>Clasificaci\u00f3n Ambiental:<\/strong> EN 60529 IP20<\/li>\n<li style='margin-bottom: 5px;'><strong>Potencia de Respaldo:<\/strong> 1 minuto t\u00edpico a 100W de carga<\/li>\n<li style='margin-bottom: 5px;'><strong>Interfaz de Comunicaci\u00f3n:<\/strong> Ethernet (RJ45)<\/li>\n<li style='margin-bottom: 5px;'><strong>Interfaz de Usuario:<\/strong> Navegador HTML<\/li>\n<\/ul><\/div>\n<\/p><\/div>\n<p> <!-- Secci\u00f3n de caracter\u00edsticas principales --> <\/p>\n<div style='flex: 1 1 250px; border: 1px solid rgba(150&comma; 150&comma; 150&comma; 0.4); border-radius: 8px; overflow: hidden; display: flex; flex-direction: column;'>\n<div style='padding: 15px; border-bottom: 1px solid rgba(150&comma; 150&comma; 150&comma; 0.2); font-weight: bold; font-size: 18px; color: inherit;'>Caracter\u00edsticas Principales<\/div>\n<div style='padding: 15px; color: inherit;'>\n<ul style='padding-left: 20px; margin: 0; font-size: 14px; list-style-type: disc;'>\n<li style='margin-bottom: 5px;'>Tecnolog\u00eda de ultracondensadores sin mantenimiento de bater\u00eda<\/li>\n<li style='margin-bottom: 5px;'>Energ\u00eda de salida de 100 Watts a 24 Vcc<\/li>\n<li style='margin-bottom: 5px;'>Instalaci\u00f3n en riel DIN compatible EN 60715 NS35<\/li>\n<li style='margin-bottom: 5px;'>Interfaz de comunicaci\u00f3n Ethernet RJ45 para monitoreo<\/li>\n<li style='margin-bottom: 5px;'>Clasificaci\u00f3n ambiental EN 60529 IP20<\/li>\n<\/ul><\/div>\n<\/p><\/div>\n<p> <!-- Secci\u00f3n de est\u00e1ndares y certificaciones --> <\/p>\n<div style='flex: 1 1 250px; border: 1px solid rgba(150&comma; 150&comma; 150&comma; 0.4); border-radius: 8px; overflow: hidden; display: flex; flex-direction: column;'>\n<div style='padding: 15px; border-bottom: 1px solid rgba(150&comma; 150&comma; 150&comma; 0.2); font-weight: bold; font-size: 18px; color: inherit;'>Est\u00e1ndares y Certificaciones<\/div>\n<div style='padding: 15px; color: inherit;'>\n<ul style='padding-left: 20px; margin: 0; font-size: 14px; list-style-type: disc;'>\n<li style='margin-bottom: 5px;'>cULus&comma; UL 60950-1&comma; UL 508<\/li>\n<li style='margin-bottom: 5px;'>CSA C22.2 No. 107.1-01<\/li>\n<li style='margin-bottom: 5px;'>IEC 60950-1 (ed.2); am1; am2<\/li>\n<li style='margin-bottom: 5px;'>CFR 47 FCC Part 15 Subpart B<\/li>\n<li style='margin-bottom: 5px;'>IECEx EN 60079-0:2012+A11:2013 o EN 60079-15:2015<\/li>\n<li style='margin-bottom: 5px;'>Cumple con CE&comma; RCM&comma; RSM<\/li>\n<li style='margin-bottom: 5px;'>Conforme a RoHS<\/li>\n<\/ul><\/div>\n<\/p><\/div>\n<p> <!-- Secci\u00f3n de funciones avanzadas --> <\/p>\n<div style='flex: 1 1 250px; border: 1px solid rgba(150&comma; 150&comma; 150&comma; 0.4); border-radius: 8px; overflow: hidden; display: flex; flex-direction: column;'>\n<div style='padding: 15px; border-bottom: 1px solid rgba(150&comma; 150&comma; 150&comma; 0.2); font-weight: bold; font-size: 18px; color: inherit;'>Funciones Avanzadas<\/div>\n<div style='padding: 15px; color: inherit;'>\n<ul style='padding-left: 20px; margin: 0; font-size: 14px; list-style-type: disc;'>\n<li style='margin-bottom: 5px;'>Monitoreo de corriente de carga y predicci\u00f3n de tiempo de respaldo<\/li>\n<li style='margin-bottom: 5px;'>Reporte de temperatura para predicci\u00f3n de cambios de capacidad<\/li>\n<li style='margin-bottom: 5px;'>Gesti\u00f3n de eventos con registro de logs<\/li>\n<li style='margin-bottom: 5px;'>Soporte SNMP v1\/v2c\/v3 con MIBs UPS-MIB y RFC1213-MIB<\/li>\n<\/ul><\/div>\n<\/p><\/div>\n<p> <!-- Secci\u00f3n de aplicaciones --> <\/p>\n<div style='flex: 1 1 250px; border: 1px solid rgba(150&comma; 150&comma; 150&comma; 0.4); border-radius: 8px; overflow: hidden; display: flex; flex-direction: column;'>\n<div style='padding: 15px; border-bottom: 1px solid rgba(150&comma; 150&comma; 150&comma; 0.2); font-weight: bold; font-size: 18px; color: inherit;'>Aplicaciones<\/div>\n<div style='padding: 15px; color: inherit;'>\n<p style='font-size: 14px; margin: 0;'>Dise\u00f1ado para proporcionar energ\u00eda ininterrumpida en aplicaciones cr\u00edticas como switches de red gestionados&comma; micro PLCs y HMIs en entornos industriales. Funciona en rangos extremos de temperatura sin p\u00e9rdida de rendimiento o vida \u00fatil.<\/p>\n<\/p><\/div>\n<\/p><\/div>\n<p> <!-- Secci\u00f3n de dise\u00f1o y dimensiones --> <\/p>\n<div style='flex: 1 1 250px; border: 1px solid rgba(150&comma; 150&comma; 150&comma; 0.4); border-radius: 8px; overflow: hidden; display: flex; flex-direction: column;'>\n<div style='padding: 15px; border-bottom: 1px solid rgba(150&comma; 150&comma; 150&comma; 0.2); font-weight: bold; font-size: 18px; color: inherit;'>Dise\u00f1o y Dimensiones<\/div>\n<div style='padding: 15px; color: inherit;'>\n<ul style='padding-left: 20px; margin: 0; font-size: 14px; list-style-type: disc;'>\n<li style='margin-bottom: 5px;'>Ancho: 80 mm (3.1&#8242;)<\/li>\n<li style='margin-bottom: 5px;'>Profundidad: 138.6 mm (5.5&#8242;)<\/li>\n<li style='margin-bottom: 5px;'>Altura: 168.9 mm (6.6&#8242;)<\/li>\n<li style='margin-bottom: 5px;'>Dise\u00f1o compacto montable en riel DIN<\/li>\n<\/ul><\/div>\n<\/p><\/div>\n<\/p><\/div>\n<p> <!-- Separador --> <\/p>\n<hr style='border: 0; border-top: 1px solid rgba(150&comma; 150&comma; 150&comma; 0.3); margin: 30px 0;'> <!-- Secci\u00f3n de beneficios --> <\/p>\n<div style='display: grid; grid-template-columns: repeat(auto-fit&comma; minmax(250px&comma; 1fr)); gap: 20px; margin-bottom: 30px;'>\n<div style='border-left: 4px solid rgba(0&comma; 120&comma; 215&comma; 0.8); padding: 15px; background-color: rgba(0&comma; 120&comma; 215&comma; 0.05); border-radius: 4px;'>\n<h4 style='margin-top: 0; margin-bottom: 10px; font-size: 16px; color: inherit;'>Tecnolog\u00eda de Ultracondensadores<\/h4>\n<p style='font-size: 14px; margin: 0;'>Reduce riesgo de paradas por fallos de bater\u00eda&comma; elimina mantenimiento y costos de eliminaci\u00f3n de bater\u00edas HazMat.<\/p>\n<\/p><\/div>\n<div style='border-left: 4px solid rgba(0&comma; 120&comma; 215&comma; 0.8); padding: 15px; background-color: rgba(0&comma; 120&comma; 215&comma; 0.05); border-radius: 4px;'>\n<h4 style='margin-top: 0; margin-bottom: 10px; font-size: 16px; color: inherit;'>Gesti\u00f3n Remota<\/h4>\n<p style='font-size: 14px; margin: 0;'>Monitoreo de tiempo de respaldo y vida \u00fatil desde piso de f\u00e1brica u oficina. Compatible con SNMP v1\/v2c\/v3.<\/p>\n<\/p><\/div>\n<div style='border-left: 4px solid rgba(0&comma; 120&comma; 215&comma; 0.8); padding: 15px; background-color: rgba(0&comma; 120&comma; 215&comma; 0.05); border-radius: 4px;'>\n<h4 style='margin-top: 0; margin-bottom: 10px; font-size: 16px; color: inherit;'>Dise\u00f1o Compacto<\/h4>\n<p style='font-size: 14px; margin: 0;'>Ahorra espacio en panel &#8211; ancho de 80mm en riel DIN&comma; menos de la mitad del tama\u00f1o de UPS de bater\u00eda t\u00edpico.<\/p>\n<\/p><\/div>\n<div style='border-left: 4px solid rgba(0&comma; 120&comma; 215&comma; 0.8); padding: 15px; background-color: rgba(0&comma; 120&comma; 215&comma; 0.05); border-radius: 4px;'>\n<h4 style='margin-top: 0; margin-bottom: 10px; font-size: 16px; color: inherit;'>Rango de Temperatura Amplio<\/h4>\n<p style='font-size: 14px; margin: 0;'>Rendimiento consistente desde -40\u00b0C hasta +60\u00b0C sin p\u00e9rdida de vida \u00fatil.<\/p>\n<\/p><\/div>\n<\/p><\/div>\n<\/p><\/div>\n","protected":false},"excerpt":{"rendered":"<p>UPS Industrial de 100 Watts, 24 Vcd de Entrada, Instalaci\u00f3n en Riel DIN Est\u00e1ndar de 35mm, Temperatura de operaci\u00f3n de -40 a 60 \u00baC<\/p>\n","protected":false},"featured_media":76200,"comment_status":"open","ping_status":"closed","template":"","meta":[],"product_brand":[],"product_cat":[1061],"product_tag":[445,1063,1062],"class_list":{"0":"post-76201","1":"product","2":"type-product","3":"status-publish","4":"has-post-thumbnail","6":"product_cat-ups-no-breaks","7":"product_tag-panduit","8":"product_tag-ups-no-breaks","9":"product_tag-ups-respaldo","11":"first","12":"instock","13":"sale","14":"shipping-taxable","15":"purchasable","16":"product-type-simple"},"_links":{"self":[{"href":"https:\/\/soydeaqui.ddns.net\/pachuca\/index.php\/wp-json\/wp\/v2\/product\/76201","targetHints":{"allow":["GET"]}}],"collection":[{"href":"https:\/\/soydeaqui.ddns.net\/pachuca\/index.php\/wp-json\/wp\/v2\/product"}],"about":[{"href":"https:\/\/soydeaqui.ddns.net\/pachuca\/index.php\/wp-json\/wp\/v2\/types\/product"}],"replies":[{"embeddable":true,"href":"https:\/\/soydeaqui.ddns.net\/pachuca\/index.php\/wp-json\/wp\/v2\/comments?post=76201"}],"wp:featuredmedia":[{"embeddable":true,"href":"https:\/\/soydeaqui.ddns.net\/pachuca\/index.php\/wp-json\/wp\/v2\/media\/76200"}],"wp:attachment":[{"href":"https:\/\/soydeaqui.ddns.net\/pachuca\/index.php\/wp-json\/wp\/v2\/media?parent=76201"}],"wp:term":[{"taxonomy":"product_brand","embeddable":true,"href":"https:\/\/soydeaqui.ddns.net\/pachuca\/index.php\/wp-json\/wp\/v2\/product_brand?post=76201"},{"taxonomy":"product_cat","embeddable":true,"href":"https:\/\/soydeaqui.ddns.net\/pachuca\/index.php\/wp-json\/wp\/v2\/product_cat?post=76201"},{"taxonomy":"product_tag","embeddable":true,"href":"https:\/\/soydeaqui.ddns.net\/pachuca\/index.php\/wp-json\/wp\/v2\/product_tag?post=76201"}],"curies":[{"name":"wp","href":"https:\/\/api.w.org\/{rel}","templated":true}]}}