{"id":76175,"date":"2026-03-19T15:10:06","date_gmt":"2026-03-19T15:10:06","guid":{"rendered":"https:\/\/soydeaqui.ddns.net\/pachuca\/index.php\/producto\/altavoz-para-exteriores-de-6-5-in-360-grados-3-tweeters-8-ohms-70v-100v-conmutables\/"},"modified":"2026-03-19T15:10:06","modified_gmt":"2026-03-19T15:10:06","slug":"altavoz-para-exteriores-de-6-5-in-360-grados-3-tweeters-8-ohms-70v-100v-conmutables","status":"publish","type":"product","link":"https:\/\/soydeaqui.ddns.net\/pachuca\/index.php\/producto\/altavoz-para-exteriores-de-6-5-in-360-grados-3-tweeters-8-ohms-70v-100v-conmutables\/","title":{"rendered":"Altavoz para exteriores de 6.5 in | 360 grados | 3 tweeters | 8 ohms | 70V\/100V | conmutables"},"content":{"rendered":"<div style='width: 100%; max-width: 1200px; margin: 0 auto; font-family: sans-serif; line-height: 1.6; color: inherit; background-color: transparent;'> <!-- Logo --> <\/p>\n<div style='width: 100%; text-align: center; margin: 30px 0;'> <img style='width: 40%; height: auto; border: 1px solid rgba(150&comma;150&comma;150&comma;0.3); border-radius: 8px;' src='https:\/\/ftp3.syscom.mx\/usuarios\/luis.vargas\/Truaudio\/truaudio-logo.png' alt='Logo Truaudio'> <\/div>\n<p> <!-- Secci\u00f3n con imagen y texto --> <\/p>\n<div style='display: flex; flex-wrap: wrap; gap: 30px; margin-bottom: 30px;'>\n<div style='flex: 1 1 300px; min-width: 280px;'> <img style='width: 100%; height: auto; border: 1px solid rgba(150&comma;150&comma;150&comma;0.3); border-radius: 8px;' src='https:\/\/ftp3.syscom.mx\/usuarios\/luis.vargas\/Truaudio\/AS360\/AS-360-1.png' alt='Altavoz AS360'> <\/div>\n<div style='flex: 1 1 300px; min-width: 280px;'>\n<div style='font-size: 16px; color: inherit; opacity: 0.8; margin-bottom: 15px;'>ACOUSTISCAPE \u2122 SERIES<\/div>\n<p style='font-size: 15px; color: inherit; text-align: justify;'>Dise\u00f1ado para ser utilizado durante todo el a\u00f1o en una amplia variedad de aplicaciones&comma; incluidos hoteles&comma; parques tem\u00e1ticos&comma; restaurantes&comma; lugares de entretenimiento y espacios residenciales.<\/p>\n<\/p><\/div>\n<\/p><\/div>\n<p> <!-- Secci\u00f3n con texto e imagen invertida --> <\/p>\n<div style='display: flex; flex-wrap: wrap; gap: 30px; margin-bottom: 30px;'>\n<div style='flex: 1 1 300px; min-width: 280px; order: 2;'> <img style='width: 100%; height: auto; border: 1px solid rgba(150&comma;150&comma;150&comma;0.3); border-radius: 8px;' src='https:\/\/ftp3.syscom.mx\/usuarios\/luis.vargas\/Truaudio\/AS360\/AS-360-2.png' alt='Altavoz AS360'> <\/div>\n<div style='flex: 1 1 300px; min-width: 280px; order: 1;'>\n<p style='font-size: 15px; color: inherit; text-align: justify;'>La carcasa resistente a la intemperie UV de bronce natural proporciona resistencia ambiental y protecci\u00f3n contra elementos exteriores&comma; al tiempo que se integra perfectamente en su entorno.<\/p>\n<p style='font-size: 15px; color: inherit; text-align: justify;'>El controlador de rango completo de 6.5 &#8216;con estructura exclusiva evita la acumulaci\u00f3n de polvo o condensaci\u00f3n&comma; al tiempo que brinda un sonido profundo y din\u00e1mico.<\/p>\n<\/p><\/div>\n<\/p><\/div>\n<p> <!-- Secci\u00f3n con imagen y texto --> <\/p>\n<div style='display: flex; flex-wrap: wrap; gap: 30px; margin-bottom: 30px;'>\n<div style='flex: 1 1 300px; min-width: 280px;'> <img style='width: 100%; height: auto; border: 1px solid rgba(150&comma;150&comma;150&comma;0.3); border-radius: 8px;' src='https:\/\/ftp3.syscom.mx\/usuarios\/luis.vargas\/Truaudio\/AS360\/AS-360-3.png' alt='Altavoz AS360'> <\/div>\n<div style='flex: 1 1 300px; min-width: 280px;'>\n<p style='font-size: 15px; color: inherit; text-align: justify;'>Las opciones de instalaci\u00f3n flexibles permiten el montaje en superficie dura o en el suelo. No es necesario reposicionar este altavoz&comma; ya que proporciona 360 grados de audio distribuido uniformemente y est\u00e1 dise\u00f1ado con impresionantes (3) tweeters de c\u00fapula suave de seda de 1 &#8216;que crean agudos cristalinos.<\/p>\n<\/p><\/div>\n<\/p><\/div>\n<p> <!-- GIF --> <\/p>\n<div style='width: 100%; text-align: center; margin: 30px 0;'> <img style='width: 100%; height: auto; border: 1px solid rgba(150&comma;150&comma;150&comma;0.3); border-radius: 8px;' src='https:\/\/ftp3.syscom.mx\/usuarios\/luis.vargas\/Truaudio\/truaudiogif1.gif' alt='Funcionamiento del altavoz'> <\/div>\n<p> <!-- Caracter\u00edsticas --> <\/p>\n<div style='display: flex; flex-wrap: wrap; gap: 30px; margin-bottom: 30px;'>\n<div style='flex: 1 1 300px; min-width: 280px;'>\n<h3 style='font-size: 22px; border-bottom: 2px solid currentColor; padding-bottom: 5px; margin-top: 0; color: inherit; opacity: 0.8;'>Caracter\u00edsticas Generales<\/h3>\n<ul style='padding-left: 20px; font-size: 15px; color: inherit;'>\n<li style='margin-bottom: 5px;'><strong>Montaje:<\/strong> Montaje en tierra o estaca de tierra (opcional)<\/li>\n<li style='margin-bottom: 5px;'><strong>Tipo de altavoz:<\/strong> Landscape&comma; de 2 v\u00edas<\/li>\n<li style='margin-bottom: 5px;'><strong>Tweeter:<\/strong> (3) Domo suave de seda de 1 &#8216;<\/li>\n<li style='margin-bottom: 5px;'><strong>Woofer:<\/strong> Polipropileno inyectado de 6.5 &#8216;<\/li>\n<li style='margin-bottom: 5px;'><strong>Tipo de parrilla:<\/strong> Malla de aluminio<\/li>\n<\/ul><\/div>\n<div style='flex: 1 1 300px; min-width: 280px;'>\n<h3 style='font-size: 22px; border-bottom: 2px solid currentColor; padding-bottom: 5px; margin-top: 0; color: inherit; opacity: 0.8;'>Especificaciones<\/h3>\n<ul style='padding-left: 20px; font-size: 15px; color: inherit;'>\n<li style='margin-bottom: 5px;'><strong>Sensibilidad:<\/strong> 88dB<\/li>\n<li style='margin-bottom: 5px;'><strong>Potencia:<\/strong> 90 Watts RMS<\/li>\n<li style='margin-bottom: 5px;'><strong>Respuesta frecuente:<\/strong> 60 &#8211; 20k Hz<\/li>\n<li style='margin-bottom: 5px;'><strong>Impedancia:<\/strong> 8\u03a9 o 70V\/100V<\/li>\n<li style='margin-bottom: 5px;'><strong>70V TAPS:<\/strong> 3W &#8211; 50W<\/li>\n<li style='margin-bottom: 5px;'><strong>Dimensiones:<\/strong> H: 9.5&#8242; (241mm)&comma; Di\u00e1metro: 8.3&#8242; (211mm)<\/li>\n<\/ul><\/div>\n<\/p><\/div>\n<p> <!-- Separador --> <\/p>\n<hr style='border: 0; border-top: 1px solid rgba(150&comma; 150&comma; 150&comma; 0.3); margin: 30px 0;'> <!-- Videos --> <\/p>\n<div style='display: flex; flex-wrap: wrap; gap: 30px; justify-content: center; margin-bottom: 30px;'> <!-- Video 1 --> <\/p>\n<div style='flex: 1 1 300px; min-width: 280px; max-width: 560px;'>\n<div style='position: relative; padding-bottom: 56.25%; height: 0; overflow: hidden;'>   <\/div>\n<\/p><\/div>\n<p> <!-- Video 2 --> <\/p>\n<div style='flex: 1 1 300px; min-width: 280px; max-width: 560px;'>\n<div style='position: relative; padding-bottom: 56.25%; height: 0; overflow: hidden;'>   <\/div>\n<\/p><\/div>\n<p> <!-- Video 3 --> <\/p>\n<div style='flex: 1 1 300px; min-width: 280px; max-width: 560px;'>\n<div style='position: relative; padding-bottom: 56.25%; height: 0; overflow: hidden;'>   <\/div>\n<\/p><\/div>\n<\/p><\/div>\n<\/p><\/div>\n","protected":false},"excerpt":{"rendered":"<p>Altavoz para exteriores de 6.5 in | 360 grados | 3 tweeters | 8 ohms | 70V\/100V | conmutables<\/p>\n","protected":false},"featured_media":76174,"comment_status":"open","ping_status":"closed","template":"","meta":[],"product_brand":[],"product_cat":[422],"product_tag":[52,423,2060],"class_list":{"0":"post-76175","1":"product","2":"type-product","3":"status-publish","4":"has-post-thumbnail","6":"product_cat-bocinas-exterior","7":"product_tag-audio-residencial-comercial","8":"product_tag-bocinas-exterior","9":"product_tag-truaudio","11":"first","12":"instock","13":"sale","14":"shipping-taxable","15":"purchasable","16":"product-type-simple"},"_links":{"self":[{"href":"https:\/\/soydeaqui.ddns.net\/pachuca\/index.php\/wp-json\/wp\/v2\/product\/76175","targetHints":{"allow":["GET"]}}],"collection":[{"href":"https:\/\/soydeaqui.ddns.net\/pachuca\/index.php\/wp-json\/wp\/v2\/product"}],"about":[{"href":"https:\/\/soydeaqui.ddns.net\/pachuca\/index.php\/wp-json\/wp\/v2\/types\/product"}],"replies":[{"embeddable":true,"href":"https:\/\/soydeaqui.ddns.net\/pachuca\/index.php\/wp-json\/wp\/v2\/comments?post=76175"}],"wp:featuredmedia":[{"embeddable":true,"href":"https:\/\/soydeaqui.ddns.net\/pachuca\/index.php\/wp-json\/wp\/v2\/media\/76174"}],"wp:attachment":[{"href":"https:\/\/soydeaqui.ddns.net\/pachuca\/index.php\/wp-json\/wp\/v2\/media?parent=76175"}],"wp:term":[{"taxonomy":"product_brand","embeddable":true,"href":"https:\/\/soydeaqui.ddns.net\/pachuca\/index.php\/wp-json\/wp\/v2\/product_brand?post=76175"},{"taxonomy":"product_cat","embeddable":true,"href":"https:\/\/soydeaqui.ddns.net\/pachuca\/index.php\/wp-json\/wp\/v2\/product_cat?post=76175"},{"taxonomy":"product_tag","embeddable":true,"href":"https:\/\/soydeaqui.ddns.net\/pachuca\/index.php\/wp-json\/wp\/v2\/product_tag?post=76175"}],"curies":[{"name":"wp","href":"https:\/\/api.w.org\/{rel}","templated":true}]}}