{"id":76146,"date":"2026-03-19T15:08:53","date_gmt":"2026-03-19T15:08:53","guid":{"rendered":"https:\/\/soydeaqui.ddns.net\/pachuca\/index.php\/producto\/montaje-rapido-sin-herramientas-para-cpes-de-ubiquiti-networks\/"},"modified":"2026-03-19T15:09:07","modified_gmt":"2026-03-19T15:09:07","slug":"montaje-rapido-sin-herramientas-para-cpes-de-ubiquiti-networks","status":"publish","type":"product","link":"https:\/\/soydeaqui.ddns.net\/pachuca\/index.php\/producto\/montaje-rapido-sin-herramientas-para-cpes-de-ubiquiti-networks\/","title":{"rendered":"Montaje r\u00e1pido sin herramientas para CPE&#8217;s de Ubiquiti Networks"},"content":{"rendered":"<div style='width: 100%; max-width: 1200px; margin: 0 auto; font-family: sans-serif; line-height: 1.6; color: inherit;'>\n<div style='display: flex; flex-wrap: wrap; gap: 30px; margin-bottom: 30px;'>\n<div style='flex: 1 1 300px; min-width: 280px;'>\n<h3 style='font-size: 22px; border-bottom: 2px solid currentColor; padding-bottom: 5px; margin-top: 0; color: inherit; opacity: 0.8;'>Montaje r\u00e1pido sin herramientas para CPE&#8217;s Ubiquiti Networks<\/h3>\n<p>Dise\u00f1ado para ofrecer flexibilidad de montaje adicional y opciones de alineaci\u00f3n del dispositivo&comma; el kit de accesorios de montaje r\u00e1pido presenta un dise\u00f1o f\u00e1cil de usar.<\/p>\n<h4 style='font-size: 18px; margin-top: 25px; margin-bottom: 15px; color: inherit;'>Caracter\u00edsticas<\/h4>\n<ul style='padding-left: 20px; font-size: 15px; color: inherit;'>\n<li style='margin-bottom: 5px;'>No se requieren herramientas.<\/li>\n<li style='margin-bottom: 5px;'>Instalaci\u00f3n r\u00e1pida y f\u00e1cil.<\/li>\n<li style='margin-bottom: 5px;'>Admite dispositivos NanoStation&comma; NanoStation Loco y NanoBeam.<\/li>\n<li style='margin-bottom: 5px;'>Alineaci\u00f3n flexible y f\u00e1cil.<\/li>\n<\/ul><\/div>\n<div style='flex: 1 1 300px; min-width: 280px;'>\n<div style='position: relative; width: 100%; overflow: hidden; border-radius: 8px; border: 1px solid rgba(150&comma;150&comma;150&comma;0.3);'>\n<div style='position: relative; width: 100%; padding-top: 75%; overflow: hidden;'>\n<div style='position: absolute; top: 0; left: 0; width: 100%; height: 100%;'> <img style='width: 100%; height: 100%; object-fit: cover; border-radius: 8px;' src='https:\/\/ftp3.syscom.mx\/usuarios\/adiaz\/vista-producto\/QUICKMOUNT\/QCKM1.jpg' alt=''> <\/div>\n<\/p><\/div>\n<\/p><\/div>\n<div style='display: flex; flex-wrap: wrap; gap: 10px; margin-top: 15px;'>\n<div style='flex: 1 1 24%; min-width: 100px;'> <img style='width: 100%; height: auto; border: 1px solid rgba(150&comma;150&comma;150&comma;0.3); border-radius: 8px;' src='https:\/\/ftp3.syscom.mx\/usuarios\/adiaz\/vista-producto\/QUICKMOUNT\/QCKM1.jpg' alt=''> <\/div>\n<div style='flex: 1 1 24%; min-width: 100px;'> <img style='width: 100%; height: auto; border: 1px solid rgba(150&comma;150&comma;150&comma;0.3); border-radius: 8px;' src='https:\/\/ftp3.syscom.mx\/usuarios\/adiaz\/vista-producto\/QUICKMOUNT\/QCKM5.png' alt=''> <\/div>\n<div style='flex: 1 1 24%; min-width: 100px;'> <img style='width: 100%; height: auto; border: 1px solid rgba(150&comma;150&comma;150&comma;0.3); border-radius: 8px;' src='https:\/\/ftp3.syscom.mx\/usuarios\/adiaz\/vista-producto\/QUICKMOUNT\/QCKM3.png' alt=''> <\/div>\n<div style='flex: 1 1 24%; min-width: 100px;'> <img style='width: 100%; height: auto; border: 1px solid rgba(150&comma;150&comma;150&comma;0.3); border-radius: 8px;' src='https:\/\/ftp3.syscom.mx\/usuarios\/adiaz\/vista-producto\/QUICKMOUNT\/QCKM4.png' alt=''> <\/div>\n<\/p><\/div>\n<\/p><\/div>\n<\/p><\/div>\n<hr style='border: 0; border-top: 1px solid rgba(150&comma; 150&comma; 150&comma; 0.3); margin: 30px 0;'> <\/div>\n","protected":false},"excerpt":{"rendered":"<p>Montaje r\u00e1pido sin herramientas para CPE&#8217;s de Ubiquiti Networks<\/p>\n","protected":false},"featured_media":76145,"comment_status":"open","ping_status":"closed","template":"","meta":[],"product_brand":[],"product_cat":[1983],"product_tag":[93,1404,166],"class_list":{"0":"post-76146","1":"product","2":"type-product","3":"status-publish","4":"has-post-thumbnail","6":"product_cat-accesorios-antenas-redes-e-it","7":"product_tag-accesorios","8":"product_tag-antenas","9":"product_tag-ubiquiti","11":"first","12":"outofstock","13":"sale","14":"shipping-taxable","15":"purchasable","16":"product-type-simple"},"_links":{"self":[{"href":"https:\/\/soydeaqui.ddns.net\/pachuca\/index.php\/wp-json\/wp\/v2\/product\/76146","targetHints":{"allow":["GET"]}}],"collection":[{"href":"https:\/\/soydeaqui.ddns.net\/pachuca\/index.php\/wp-json\/wp\/v2\/product"}],"about":[{"href":"https:\/\/soydeaqui.ddns.net\/pachuca\/index.php\/wp-json\/wp\/v2\/types\/product"}],"replies":[{"embeddable":true,"href":"https:\/\/soydeaqui.ddns.net\/pachuca\/index.php\/wp-json\/wp\/v2\/comments?post=76146"}],"wp:featuredmedia":[{"embeddable":true,"href":"https:\/\/soydeaqui.ddns.net\/pachuca\/index.php\/wp-json\/wp\/v2\/media\/76145"}],"wp:attachment":[{"href":"https:\/\/soydeaqui.ddns.net\/pachuca\/index.php\/wp-json\/wp\/v2\/media?parent=76146"}],"wp:term":[{"taxonomy":"product_brand","embeddable":true,"href":"https:\/\/soydeaqui.ddns.net\/pachuca\/index.php\/wp-json\/wp\/v2\/product_brand?post=76146"},{"taxonomy":"product_cat","embeddable":true,"href":"https:\/\/soydeaqui.ddns.net\/pachuca\/index.php\/wp-json\/wp\/v2\/product_cat?post=76146"},{"taxonomy":"product_tag","embeddable":true,"href":"https:\/\/soydeaqui.ddns.net\/pachuca\/index.php\/wp-json\/wp\/v2\/product_tag?post=76146"}],"curies":[{"name":"wp","href":"https:\/\/api.w.org\/{rel}","templated":true}]}}