{"id":76131,"date":"2026-03-19T15:08:20","date_gmt":"2026-03-19T15:08:20","guid":{"rendered":"https:\/\/soydeaqui.ddns.net\/pachuca\/index.php\/producto\/conmutador-ip-pbx-de-2-puertos-fxo-2-fxs-30-llamadas-concurrentes-500-usuarios-y-doble-puerto-gigabit\/"},"modified":"2026-03-19T15:08:27","modified_gmt":"2026-03-19T15:08:27","slug":"conmutador-ip-pbx-de-2-puertos-fxo-2-fxs-30-llamadas-concurrentes-500-usuarios-y-doble-puerto-gigabit","status":"publish","type":"product","link":"https:\/\/soydeaqui.ddns.net\/pachuca\/index.php\/producto\/conmutador-ip-pbx-de-2-puertos-fxo-2-fxs-30-llamadas-concurrentes-500-usuarios-y-doble-puerto-gigabit\/","title":{"rendered":"Conmutador IP-PBX de 2 puertos FXO + 2 FXS, 30 llamadas concurrentes, 500 usuarios y doble puerto Gigabit"},"content":{"rendered":"<div style='width: 100%; max-width: 1200px; margin: 0 auto; font-family: sans-serif; line-height: 1.6; color: inherit; background-color: transparent;'>\n<div style='margin-bottom: 30px; font-size: 15px; color: inherit;'>\n<p>Dise\u00f1ado para proporcionar una soluci\u00f3n centralizada para las necesidades de comunicaci\u00f3n de las empresas&comma; el IP PBX de la serie UCM6200 combina funciones de voz&comma; video&comma; datos y movilidad para empresas en una soluci\u00f3n f\u00e1cil de manejar. Esta serie de IP PBX permite a las empresas unificar m\u00faltiples tecnolog\u00edas de comunicaci\u00f3n&comma; como voz&comma; videollamada&comma; videoconferencia&comma; videovigilancia&comma; herramientas de datos&comma; opciones de movilidad y administraci\u00f3n de acceso a las funciones en una red com\u00fan que puede ser gestionada y\/o accedida remotamente. La serie UCM6200 segura y confiable ofrece funciones para empresas sin derechos de licencia&comma; costos por funci\u00f3n o cargos recurrentes.<\/p>\n<\/p><\/div>\n<div style='display: flex; flex-wrap: wrap; gap: 30px; margin-bottom: 30px;'>\n<div style='flex: 1 1 300px; min-width: 280px;'>\n<h3 style='font-size: 22px; border-bottom: 2px solid currentColor; padding-bottom: 5px; margin-top: 0; color: inherit; opacity: 0.8;'>Caracter\u00edsticas F\u00edsicas<\/h3>\n<ul style='padding-left: 20px; font-size: 15px; color: inherit;'>\n<li style='margin-bottom: 5px;'>2 puertos FXS para Tel\u00e9fono Anal\u00f3gico (ambos con capacidad de respaldo en caso de interrupci\u00f3n de la energ\u00eda el\u00e9ctrica)<\/li>\n<li style='margin-bottom: 5px;'>2 Puertos FXO para L\u00ednea PSTN<\/li>\n<li style='margin-bottom: 5px;'>2 puertos RJ45 Gigabit con PoE Plus integrado (IEEE 802.3at-2009)<\/li>\n<li style='margin-bottom: 5px;'>Puertos Perif\u00e9ricos USB&comma; SD<\/li>\n<li style='margin-bottom: 5px;'>Indicadores LED Power (Encendido)\/Ready (Listo)&comma; Network (Red)&comma; PSTN Line (L\u00ednea PSTN)&comma; USB&comma; SD<\/li>\n<li style='margin-bottom: 5px;'>Pantalla LCD gr\u00e1fica de 128&#215;32 con bot\u00f3n DOWN (selector) y OK<\/li>\n<li style='margin-bottom: 5px;'>Interruptor de Reinicio<\/li>\n<li style='margin-bottom: 5px;'>Montaje Pared y escritorio<\/li>\n<li style='margin-bottom: 5px;'>Fuente de Alimentaci\u00f3n: Salida: 12VDC&comma; 1.5A; Entrada: 100 ~ 240VAC&comma; 50 ~ 60Hz<\/li>\n<li style='margin-bottom: 5px;'>Dimensiones: 226mm de largo x 155mm de ancho x 34.5mm de alto<\/li>\n<li style='margin-bottom: 5px;'>Peso: Unidad 0.51kg&comma; Paquete 0.94kg<\/li>\n<li style='margin-bottom: 5px;'>Ambiente de Operaci\u00f3n: 32 ~ 104\u00b0F \/ 0 ~ 40\u00b0C&comma; 10 ~ 90% (sin condensaci\u00f3n)<\/li>\n<li style='margin-bottom: 5px;'>Almacenamiento: 14 ~ 140\u00b0F\/ -10 ~ 60\u00b0C<\/li>\n<\/ul><\/div>\n<div style='flex: 1 1 300px; min-width: 280px;'>\n<h3 style='font-size: 22px; border-bottom: 2px solid currentColor; padding-bottom: 5px; margin-top: 0; color: inherit; opacity: 0.8;'>Caracter\u00edsticas de Comunicaci\u00f3n<\/h3>\n<ul style='padding-left: 20px; font-size: 15px; color: inherit;'>\n<li style='margin-bottom: 5px;'>C\u00f3decs de Voz y Fax: G.711 A-law\/U-law&comma; G.722&comma; G.723.1 5.3K\/6.3K&comma; G.726&comma; G.729A\/B&comma; iLBC&comma; GSM&comma; AAL2-G.726-32&comma; ADPCM; T.38<\/li>\n<li style='margin-bottom: 5px;'>C\u00f3decs de Video: H.264&comma; H.263&comma; H263+<\/li>\n<li style='margin-bottom: 5px;'>Layer 3 QoS&comma; Layer 2 QoS<\/li>\n<li style='margin-bottom: 5px;'>DTMF In Audio&comma; RFC2833 y SIP INFO<\/li>\n<li style='margin-bottom: 5px;'>Tono de Progreso de Llamada&comma; Inversi\u00f3n de Polaridad&comma; Detecci\u00f3n de Colgado&comma; Desconexi\u00f3n por Corriente&comma; Tono de Ocupado<\/li>\n<li style='margin-bottom: 5px;'>Identificador de Llamadas: Bellcore \/ Telcordia&comma; ETSI-FSK&comma; ETSI-DTMF&comma; SIN 227 \u2013 BT<\/li>\n<li style='margin-bottom: 5px;'>Inversi\u00f3n de Polaridad\/Wink con opci\u00f3n de habilitar\/deshabilitar al hacer y terminar llamadas<\/li>\n<\/ul><\/div>\n<div style='flex: 1 1 300px; min-width: 280px;'>\n<h3 style='font-size: 22px; border-bottom: 2px solid currentColor; padding-bottom: 5px; margin-top: 0; color: inherit; opacity: 0.8;'>Funcionalidades<\/h3>\n<ul style='padding-left: 20px; font-size: 15px; color: inherit;'>\n<li style='margin-bottom: 5px;'>Router NAT (soporta modo de router y modo de switch)<\/li>\n<li style='margin-bottom: 5px;'>Protocolos de Aprovisionamiento y Plug-and-Play: TFTP\/HTTP\/HTTPS&comma; detecci\u00f3n autom\u00e1tica y aprovisionamiento autom\u00e1tico de terminales IP Grandstream por medio de la funci\u00f3n ZeroConfig (DHCP Option 66&comma; multicast SIP SUBSCRIBE&comma; mDNS)&comma; lista de eventos entre troncal local y remota<\/li>\n<li style='margin-bottom: 5px;'>Protocolos de Red: TCP\/UDP\/IP&comma; RTP\/RTCP&comma; ICMP&comma; ARP&comma; DNS&comma; DDNS&comma; DHCP&comma; NTP&comma; TFTP&comma; SSH&comma; HTTP\/HTTPS&comma; PPPoE&comma; SIP (RFC3261)&comma; STUN&comma; SRTP&comma; TLS&comma; LDAP<\/li>\n<li style='margin-bottom: 5px;'>Cifrado de Medios: SRTP&comma; TLS&comma; HTTPS&comma; SSH<\/li>\n<li style='margin-bottom: 5px;'>Call Center: M\u00faltiples colas de llamadas configurables&comma; distribuci\u00f3n autom\u00e1tica de llamadas (ACD) basada en el nivel de habilidades\/disponibilidad\/tareas de agentes&comma; anuncio en la cola<\/li>\n<li style='margin-bottom: 5px;'>Asistente Autom\u00e1tico Personalizable: Hasta 5 capas de IVR (Respuesta de Voz Interactiva)<\/li>\n<li style='margin-bottom: 5px;'>Dispositivos SIP registrados: Hasta 500 dispositivos SIP\/usuarios registrados<\/li>\n<li style='margin-bottom: 5px;'>Llamadas SIP simult\u00e1neas: Hasta 30<\/li>\n<li style='margin-bottom: 5px;'>Hasta 3 puentes de conferencia protegidos por contrase\u00f1a&comma; permitiendo hasta 25 participantes PSTN o IP simult\u00e1neos<\/li>\n<li style='margin-bottom: 5px;'>Estacionamiento de llamadas&comma; desv\u00edo de llamadas&comma; transferencia de llamadas&comma; DND&comma; grupo de extensiones\/captura&comma; radiolocalizaci\u00f3n\/sistema de intercomunicaci\u00f3n<\/li>\n<\/ul><\/div>\n<div style='flex: 1 1 300px; min-width: 280px;'>\n<h3 style='font-size: 22px; border-bottom: 2px solid currentColor; padding-bottom: 5px; margin-top: 0; color: inherit; opacity: 0.8;'>Soporte Multilenguaje<\/h3>\n<ul style='padding-left: 20px; font-size: 15px; color: inherit;'>\n<li style='margin-bottom: 5px;'>Interfaz de usuario basada en Web: Ingl\u00e9s&comma; Chino Simplificado&comma; Chino Tradicional&comma; Espa\u00f1ol&comma; Franc\u00e9s&comma; Portugu\u00e9s&comma; Alem\u00e1n&comma; Ruso&comma; Italiano&comma; Polaco&comma; Checo<\/li>\n<li style='margin-bottom: 5px;'>Respuesta de Voz Interactiva personalizable\/mensajes de voz: Ingl\u00e9s&comma; chino&comma; ingl\u00e9s brit\u00e1nico&comma; alem\u00e1n&comma; espa\u00f1ol&comma; griego&comma; franc\u00e9s&comma; italiano&comma; holand\u00e9s&comma; polaco&comma; portugu\u00e9s&comma; ruso&comma; sueco&comma; turco&comma; hebreo&comma; \u00e1rabe<\/li>\n<li style='margin-bottom: 5px;'>Paquete de idiomas personalizables para soportar cualquier otro idioma<\/li>\n<\/ul><\/div>\n<\/p><\/div>\n<div style='margin-bottom: 30px; font-size: 15px; color: inherit;'>\n<p><strong>Nota:<\/strong> Para extensiones remotas&comma; se depende del proveedor de internet y configuraciones de red&comma; o bien&comma; tener una infraestructura VPN&comma; favor de validarlo con el departamento de ingenier\u00eda.<\/p>\n<\/p><\/div>\n<\/p><\/div>\n","protected":false},"excerpt":{"rendered":"<p>Conmutador IP-PBX de 2 puertos FXO + 2 FXS, 30 llamadas concurrentes, 500 usuarios y doble puerto Gigabit<\/p>\n","protected":false},"featured_media":76130,"comment_status":"open","ping_status":"closed","template":"","meta":[],"product_brand":[],"product_cat":[2028],"product_tag":[2029,909,2004],"class_list":{"0":"post-76131","1":"product","2":"type-product","3":"status-publish","4":"has-post-thumbnail","6":"product_cat-conmutadores-ip","7":"product_tag-conmutadores-ip","8":"product_tag-grandstream","9":"product_tag-voip-telefonia-ip-videoconferencia","11":"first","12":"outofstock","13":"sale","14":"shipping-taxable","15":"purchasable","16":"product-type-simple"},"_links":{"self":[{"href":"https:\/\/soydeaqui.ddns.net\/pachuca\/index.php\/wp-json\/wp\/v2\/product\/76131","targetHints":{"allow":["GET"]}}],"collection":[{"href":"https:\/\/soydeaqui.ddns.net\/pachuca\/index.php\/wp-json\/wp\/v2\/product"}],"about":[{"href":"https:\/\/soydeaqui.ddns.net\/pachuca\/index.php\/wp-json\/wp\/v2\/types\/product"}],"replies":[{"embeddable":true,"href":"https:\/\/soydeaqui.ddns.net\/pachuca\/index.php\/wp-json\/wp\/v2\/comments?post=76131"}],"wp:featuredmedia":[{"embeddable":true,"href":"https:\/\/soydeaqui.ddns.net\/pachuca\/index.php\/wp-json\/wp\/v2\/media\/76130"}],"wp:attachment":[{"href":"https:\/\/soydeaqui.ddns.net\/pachuca\/index.php\/wp-json\/wp\/v2\/media?parent=76131"}],"wp:term":[{"taxonomy":"product_brand","embeddable":true,"href":"https:\/\/soydeaqui.ddns.net\/pachuca\/index.php\/wp-json\/wp\/v2\/product_brand?post=76131"},{"taxonomy":"product_cat","embeddable":true,"href":"https:\/\/soydeaqui.ddns.net\/pachuca\/index.php\/wp-json\/wp\/v2\/product_cat?post=76131"},{"taxonomy":"product_tag","embeddable":true,"href":"https:\/\/soydeaqui.ddns.net\/pachuca\/index.php\/wp-json\/wp\/v2\/product_tag?post=76131"}],"curies":[{"name":"wp","href":"https:\/\/api.w.org\/{rel}","templated":true}]}}