{"id":76112,"date":"2026-03-19T15:07:33","date_gmt":"2026-03-19T15:07:33","guid":{"rendered":"https:\/\/soydeaqui.ddns.net\/pachuca\/index.php\/producto\/adaptador-twistport-sin-perdidas-para-rocketm5-con-blindaje-de-aluminio-para-disminuir-interferencia-5180-6400-mhz-listo-para-antena-simetrica\/"},"modified":"2026-03-19T15:07:35","modified_gmt":"2026-03-19T15:07:35","slug":"adaptador-twistport-sin-perdidas-para-rocketm5-con-blindaje-de-aluminio-para-disminuir-interferencia-5180-6400-mhz-listo-para-antena-simetrica","status":"publish","type":"product","link":"https:\/\/soydeaqui.ddns.net\/pachuca\/index.php\/producto\/adaptador-twistport-sin-perdidas-para-rocketm5-con-blindaje-de-aluminio-para-disminuir-interferencia-5180-6400-mhz-listo-para-antena-simetrica\/","title":{"rendered":"Adaptador TwistPort sin perdidas para ROCKETM5 con blindaje de aluminio para disminuir interferencia, 5180-6400 MHz, listo para antena simetrica"},"content":{"rendered":"<div style='width: 100%; max-width: 1200px; margin: 0 auto; font-family: sans-serif; line-height: 1.6; color: inherit; background-color: transparent;'>\n<div style='display: flex; flex-wrap: wrap; gap: 30px; margin-bottom: 30px;'>\n<div style='flex: 1 1 300px; min-width: 280px;'>\n<h3 style='font-size: 22px; border-bottom: 2px solid currentColor; padding-bottom: 5px; margin-top: 0; color: inherit; opacity: 0.8;'>\u00bfQu\u00e9 es un adaptador TwistPort TM?<\/h3>\n<ul style='padding-left: 20px; font-size: 15px; color: inherit;'>\n<li style='margin-bottom: 5px;'>Los adaptadores TwistPort TM hacen que las radios conectorizadas m\u00e1s populares y los enrutadores MikroTik TM sean compatibles con cualquier antena TwistPort TM . Son la clave de todo el ecosistema TwistPort TM con todos sus beneficios: baja p\u00e9rdida&comma; alta escalabilidad&comma; f\u00e1cil ubicaci\u00f3n conjunta&comma; implementaci\u00f3n sencilla y mantenimiento sencillo.<\/li>\n<\/ul><\/div>\n<\/p><\/div>\n<div style='display: flex; flex-wrap: wrap; gap: 20px; margin-bottom: 30px;'>\n<div style='flex: 1 1 250px; border: 1px solid rgba(150&comma; 150&comma; 150&comma; 0.4); border-radius: 8px; overflow: hidden; display: flex; flex-direction: column;'>\n<div style='padding: 15px; border-bottom: 1px solid rgba(150&comma; 150&comma; 150&comma; 0.2); font-weight: bold; font-size: 18px; color: inherit;'>Rendimiento mejorado<\/div>\n<div style='padding: 15px; color: inherit;'>\n<ul style='padding-left: 20px; margin: 0; font-size: 14px; list-style-type: disc;'>\n<li style='margin-bottom: 5px;'>Para incrementar el rendimiento&comma; se agreg\u00f3 un blindaje para el radio para aislar a\u00fan mas el posible ruido ocasionado por otros enlaces.<\/li>\n<\/ul><\/div>\n<\/p><\/div>\n<\/p><\/div>\n<div style='width: 100%; display: flex; justify-content: center; margin: 30px 0;'> <img style='width: 100%; height: auto; border: 1px solid rgba(150&comma;150&comma;150&comma;0.3); border-radius: 8px; max-width: 800px;' src='https:\/\/rfelements.com\/assets\/Uploads\/cover-v3-Copy-new.png' alt='cubrir v3 Copiar nuevo'> <\/div>\n<div style='width: 100%; display: flex; justify-content: center; margin: 30px 0;'> <img style='width: 100%; height: auto; border: 1px solid rgba(150&comma;150&comma;150&comma;0.3); border-radius: 8px; max-width: 800px;' src='https:\/\/rfelements.com\/assets\/Uploads\/shielded-UBNT.png' alt='UBNT blindado'> <\/div>\n<div style='position: relative; padding-bottom: 56.25%; height: 0; overflow: hidden; margin-bottom: 30px;'>   <\/div>\n<hr style='border: 0; border-top: 1px solid rgba(150&comma; 150&comma; 150&comma; 0.3); margin: 30px 0;'> <\/div>\n","protected":false},"excerpt":{"rendered":"<p>Adaptador TwistPort sin perdidas para ROCKETM5 con blindaje de aluminio para disminuir interferencia, 5180-6400 MHz, listo para antena simetrica<\/p>\n","protected":false},"featured_media":76111,"comment_status":"open","ping_status":"closed","template":"","meta":[],"product_brand":[],"product_cat":[1983],"product_tag":[93,1404,1988],"class_list":{"0":"post-76112","1":"product","2":"type-product","3":"status-publish","4":"has-post-thumbnail","6":"product_cat-accesorios-antenas-redes-e-it","7":"product_tag-accesorios","8":"product_tag-antenas","9":"product_tag-rf-elements","11":"first","12":"instock","13":"sale","14":"shipping-taxable","15":"purchasable","16":"product-type-simple"},"_links":{"self":[{"href":"https:\/\/soydeaqui.ddns.net\/pachuca\/index.php\/wp-json\/wp\/v2\/product\/76112","targetHints":{"allow":["GET"]}}],"collection":[{"href":"https:\/\/soydeaqui.ddns.net\/pachuca\/index.php\/wp-json\/wp\/v2\/product"}],"about":[{"href":"https:\/\/soydeaqui.ddns.net\/pachuca\/index.php\/wp-json\/wp\/v2\/types\/product"}],"replies":[{"embeddable":true,"href":"https:\/\/soydeaqui.ddns.net\/pachuca\/index.php\/wp-json\/wp\/v2\/comments?post=76112"}],"wp:featuredmedia":[{"embeddable":true,"href":"https:\/\/soydeaqui.ddns.net\/pachuca\/index.php\/wp-json\/wp\/v2\/media\/76111"}],"wp:attachment":[{"href":"https:\/\/soydeaqui.ddns.net\/pachuca\/index.php\/wp-json\/wp\/v2\/media?parent=76112"}],"wp:term":[{"taxonomy":"product_brand","embeddable":true,"href":"https:\/\/soydeaqui.ddns.net\/pachuca\/index.php\/wp-json\/wp\/v2\/product_brand?post=76112"},{"taxonomy":"product_cat","embeddable":true,"href":"https:\/\/soydeaqui.ddns.net\/pachuca\/index.php\/wp-json\/wp\/v2\/product_cat?post=76112"},{"taxonomy":"product_tag","embeddable":true,"href":"https:\/\/soydeaqui.ddns.net\/pachuca\/index.php\/wp-json\/wp\/v2\/product_tag?post=76112"}],"curies":[{"name":"wp","href":"https:\/\/api.w.org\/{rel}","templated":true}]}}