{"id":76110,"date":"2026-03-19T15:07:28","date_gmt":"2026-03-19T15:07:28","guid":{"rendered":"https:\/\/soydeaqui.ddns.net\/pachuca\/index.php\/producto\/convertidor-de-medios-100-mbps-utp-poe-fibra-optica-mono-modo-hasta-15-km-conector-sc\/"},"modified":"2026-03-19T15:07:30","modified_gmt":"2026-03-19T15:07:30","slug":"convertidor-de-medios-100-mbps-utp-poe-fibra-optica-mono-modo-hasta-15-km-conector-sc","status":"publish","type":"product","link":"https:\/\/soydeaqui.ddns.net\/pachuca\/index.php\/producto\/convertidor-de-medios-100-mbps-utp-poe-fibra-optica-mono-modo-hasta-15-km-conector-sc\/","title":{"rendered":"Convertidor de medios 100 Mbps UTP PoE\/fibra \u00f3ptica Mono-Modo hasta 15 Km, conector SC"},"content":{"rendered":"<div style='width: 100%; max-width: 1200px; margin: 0 auto; font-family: sans-serif; line-height: 1.6; color: inherit; background-color: transparent;'>\n<div style='display: flex; flex-wrap: wrap; gap: 30px; margin-bottom: 30px;'>\n<div style='flex: 1 1 300px; min-width: 280px;'>\n<h3 style='font-size: 22px; border-bottom: 2px solid currentColor; padding-bottom: 5px; margin-top: 0; color: inherit; opacity: 0.8;'>Descripci\u00f3n<\/h3>\n<p style='font-size: 15px; color: inherit;'> El equipo FTP-802S15 es de tipo IEEE 802.3af<\/p>\n<p> El FTP-802S15 proporciona la forma m\u00e1s f\u00e1cil para alimentar sus dispositivos Ethernet tales con IEEE 802.3af Power over Ethernet como c\u00e1maras de video o punto de acceso inal\u00e1mbrico PoE.<\/p>\n<p> Por ejemplo&comma; la c\u00e1mara IP de seguridad&comma; punto de acceso inal\u00e1mbrico y otros equipos de red compatible con IEEE 802.3af se pueden instalar f\u00e1cilmente en las esquinas en las zonas comunes&comma; como las estaciones o las autopistas para demandas de vigilancia&comma; o entorno de itinerancia inal\u00e1mbrico en el campus o aeropuertos se puede configurar. <\/p>\n<\/p><\/div>\n<\/p><\/div>\n<div style='display: flex; flex-wrap: wrap; gap: 30px; margin-bottom: 30px;'>\n<div style='flex: 1 1 300px; min-width: 280px;'>\n<h3 style='font-size: 22px; border-bottom: 2px solid currentColor; padding-bottom: 5px; margin-top: 0; color: inherit; opacity: 0.8;'>Imagen del producto<\/h3>\n<p> <img style='width: 100%; height: auto; border: 1px solid rgba(150&comma;150&comma;150&comma;0.3); border-radius: 8px;' src='http:\/\/www.planet.com.tw\/en\/product\/images\/16388\/FTP-80X-1_L.gif' alt=''> <\/div>\n<\/p><\/div>\n<\/p><\/div>\n","protected":false},"excerpt":{"rendered":"<p>Convertidor de medios 100 Mbps UTP PoE\/fibra \u00f3ptica Mono-Modo hasta 15 Km, conector SC<\/p>\n","protected":false},"featured_media":76109,"comment_status":"open","ping_status":"closed","template":"","meta":[],"product_brand":[],"product_cat":[2000],"product_tag":[2001,664,2033],"class_list":{"0":"post-76110","1":"product","2":"type-product","3":"status-publish","4":"has-post-thumbnail","6":"product_cat-convertidores-de-medios","7":"product_tag-convertidores-de-medios","8":"product_tag-networking","9":"product_tag-planet","11":"first","12":"outofstock","13":"sale","14":"shipping-taxable","15":"purchasable","16":"product-type-simple"},"_links":{"self":[{"href":"https:\/\/soydeaqui.ddns.net\/pachuca\/index.php\/wp-json\/wp\/v2\/product\/76110","targetHints":{"allow":["GET"]}}],"collection":[{"href":"https:\/\/soydeaqui.ddns.net\/pachuca\/index.php\/wp-json\/wp\/v2\/product"}],"about":[{"href":"https:\/\/soydeaqui.ddns.net\/pachuca\/index.php\/wp-json\/wp\/v2\/types\/product"}],"replies":[{"embeddable":true,"href":"https:\/\/soydeaqui.ddns.net\/pachuca\/index.php\/wp-json\/wp\/v2\/comments?post=76110"}],"wp:featuredmedia":[{"embeddable":true,"href":"https:\/\/soydeaqui.ddns.net\/pachuca\/index.php\/wp-json\/wp\/v2\/media\/76109"}],"wp:attachment":[{"href":"https:\/\/soydeaqui.ddns.net\/pachuca\/index.php\/wp-json\/wp\/v2\/media?parent=76110"}],"wp:term":[{"taxonomy":"product_brand","embeddable":true,"href":"https:\/\/soydeaqui.ddns.net\/pachuca\/index.php\/wp-json\/wp\/v2\/product_brand?post=76110"},{"taxonomy":"product_cat","embeddable":true,"href":"https:\/\/soydeaqui.ddns.net\/pachuca\/index.php\/wp-json\/wp\/v2\/product_cat?post=76110"},{"taxonomy":"product_tag","embeddable":true,"href":"https:\/\/soydeaqui.ddns.net\/pachuca\/index.php\/wp-json\/wp\/v2\/product_tag?post=76110"}],"curies":[{"name":"wp","href":"https:\/\/api.w.org\/{rel}","templated":true}]}}