{"id":76093,"date":"2026-03-19T15:06:49","date_gmt":"2026-03-19T15:06:49","guid":{"rendered":"https:\/\/soydeaqui.ddns.net\/pachuca\/index.php\/producto\/switch-administrable-stacking-capa-3-24-puertos-poe-802-3af-at-10-100-1000t-hasta-370-w-4-puertos-10g-sfp\/"},"modified":"2026-03-19T15:07:02","modified_gmt":"2026-03-19T15:07:02","slug":"switch-administrable-stacking-capa-3-24-puertos-poe-802-3af-at-10-100-1000t-hasta-370-w-4-puertos-10g-sfp","status":"publish","type":"product","link":"https:\/\/soydeaqui.ddns.net\/pachuca\/index.php\/producto\/switch-administrable-stacking-capa-3-24-puertos-poe-802-3af-at-10-100-1000t-hasta-370-w-4-puertos-10g-sfp\/","title":{"rendered":"Switch Administrable Stacking Capa 3, 24 Puertos PoE 802.3af\/at 10\/100\/1000T, Hasta 370 W,  4 Puertos 10G SFP+"},"content":{"rendered":"<div style='width: 100%; max-width: 1200px; margin: 0 auto; font-family: sans-serif; line-height: 1.6; color: inherit; background-color: transparent;'> <!-- Imagen principal --> <\/p>\n<div style='text-align: center; margin: 20px 0;'> <img style='width: 100%; max-width: 724px; height: auto; border: 1px solid rgba(150&comma;150&comma;150&comma;0.3); border-radius: 8px;' src='http:\/\/ftp3.syscom.mx\/usuarios\/ftp\/2025\/11\/18\/215\/Captura_de_pantalla_20251118_a_la_s__12.23.02p.m..png_froala_691cb98c74af3' alt='Captura de pantalla del producto'> <\/div>\n<p> <!-- Descripci\u00f3n principal --> <\/p>\n<div style='margin: 20px 0;'>\n<p>El switch Gigabit gestionado apilable con PoE PLANET SGS-6341-24P4X de capa 3 ofrece un alto rendimiento&comma; <strong style='color: inherit; font-weight: bold;'>enrutamiento est\u00e1tico de capa 3&comma; RIP (Protocolo de Informaci\u00f3n de Enrutamiento) y OSPF (Primero la Ruta M\u00e1s Corta Abierta)<\/strong>. Con <strong style='color: inherit; font-weight: bold;'>una matriz de conmutaci\u00f3n de 128 Gbps<\/strong>&comma; el SGS-6341-24P4X puede gestionar grandes vol\u00famenes de datos en una topolog\u00eda segura&comma; conect\u00e1ndose a la red troncal empresarial o a servidores de alta capacidad. Sus potentes funciones de WRR (Round Robin Ponderado) y seguridad de red permiten al SGS-6341-24P4X un control eficaz del tr\u00e1fico de datos para aplicaciones de VoIP&comma; transmisi\u00f3n de v\u00eddeo y multidifusi\u00f3n en proveedores de servicios de Internet y empresas. El SGS-6341-24P4X cuenta con 24 puertos PoE+ IEEE 802.3at y una potencia PoE de hasta 370 Watts&comma; lo que permite atender redes de videovigilancia IP o VoIP de tama\u00f1o mediano a grande a un coste competitivo.<\/p>\n<\/p><\/div>\n<p> <!-- Imagen panel frontal --> <\/p>\n<div style='text-align: center; margin: 20px 0;'> <img style='width: 100%; max-width: 564px; height: auto; border: 1px solid rgba(150&comma;150&comma;150&comma;0.3); border-radius: 8px;' src='https:\/\/www.planet.com.tw\/storage\/products\/49116\/SGS-6341-24P4Xv2_Front-Panel-Introducton_L1.png' alt='Panel frontal del switch'> <\/div>\n<p> <!-- Funci\u00f3n de apilamiento IP --> <\/p>\n<div style='margin: 20px 0;'>\n<p>El SGS-6341-24P4X admite la funci\u00f3n de apilamiento IP&comma; que permite a los administradores de red configurar f\u00e1cilmente hasta 24 switches de la misma serie mediante una \u00fanica direcci\u00f3n IP&comma; en lugar de conectar y configurar cada unidad individualmente. La tecnolog\u00eda de apilamiento IP agrupa los switches de la serie PLANET SGS-6341 para permitir la gesti\u00f3n centralizada a trav\u00e9s de una sola unidad&comma; independientemente de su ubicaci\u00f3n f\u00edsica o tipo de switch&comma; siempre que est\u00e9n conectados a la misma red local.<\/p>\n<\/p><\/div>\n<p> <!-- Tabla de especificaciones --> <\/p>\n<div style='margin: 30px 0;'>\n<h3 style='font-size: 22px; border-bottom: 2px solid currentColor; padding-bottom: 5px; margin-top: 0; color: inherit; opacity: 0.8;'>Especificaciones<\/h3>\n<p> <!-- Secci\u00f3n de puertos --> <\/p>\n<div style='display: flex; flex-wrap: wrap; gap: 20px; margin: 20px 0;'>\n<div style='flex: 1 1 300px; min-width: 280px; border: 1px solid rgba(150&comma;150&comma;150&comma;0.4); border-radius: 8px; overflow: hidden; display: flex; flex-direction: column;'>\n<div style='padding: 15px; border-bottom: 1px solid rgba(150&comma;150&comma;150&comma;0.2); font-weight: bold; font-size: 18px; color: inherit;'>Puertos<\/div>\n<div style='padding: 15px; color: inherit;'>\n<ul style='padding-left: 20px; margin: 0; font-size: 14px; list-style-type: disc;'>\n<li style='margin-bottom: 5px;'>24 puertos 10\/100\/1000BASE-T RJ45 auto-MDI\/MDI-X<\/li>\n<li style='margin-bottom: 5px;'>4 ranuras SFP+ 10GBASE-SR\/LR (puertos 25 a 28)<\/li>\n<li style='margin-bottom: 5px;'>4 interfaces SFP combo 100\/1000BASE-X (puertos 21 a 24)<\/li>\n<li style='margin-bottom: 5px;'>1 puerto de consola RS232 (115200&comma; 8&comma; N&comma; 1)<\/li>\n<\/ul><\/div>\n<\/p><\/div>\n<\/p><\/div>\n<p> <!-- Secci\u00f3n de rendimiento --> <\/p>\n<div style='display: flex; flex-wrap: wrap; gap: 20px; margin: 20px 0;'>\n<div style='flex: 1 1 300px; min-width: 280px; border: 1px solid rgba(150&comma;150&comma;150&comma;0.4); border-radius: 8px; overflow: hidden; display: flex; flex-direction: column;'>\n<div style='padding: 15px; border-bottom: 1px solid rgba(150&comma;150&comma;150&comma;0.2); font-weight: bold; font-size: 18px; color: inherit;'>Rendimiento<\/div>\n<div style='padding: 15px; color: inherit;'>\n<ul style='padding-left: 20px; margin: 0; font-size: 14px; list-style-type: disc;'>\n<li style='margin-bottom: 5px;'>Arquitectura: Store-and-forward<\/li>\n<li style='margin-bottom: 5px;'>Capacidad de conmutaci\u00f3n: 128 Gbps<\/li>\n<li style='margin-bottom: 5px;'>Rendimiento: 95.23 Mpps<\/li>\n<li style='margin-bottom: 5px;'>Tabla de direcciones MAC: 16K con aprendizaje autom\u00e1tico<\/li>\n<li style='margin-bottom: 5px;'>Buffer compartido: 1.5MB<\/li>\n<li style='margin-bottom: 5px;'>Control de flujo: IEEE 802.3x pause frame<\/li>\n<li style='margin-bottom: 5px;'>Jumbo Frame: 10KB<\/li>\n<\/ul><\/div>\n<\/p><\/div>\n<\/p><\/div>\n<p> <!-- Secci\u00f3n f\u00edsica --> <\/p>\n<div style='display: flex; flex-wrap: wrap; gap: 20px; margin: 20px 0;'>\n<div style='flex: 1 1 300px; min-width: 280px; border: 1px solid rgba(150&comma;150&comma;150&comma;0.4); border-radius: 8px; overflow: hidden; display: flex; flex-direction: column;'>\n<div style='padding: 15px; border-bottom: 1px solid rgba(150&comma;150&comma;150&comma;0.2); font-weight: bold; font-size: 18px; color: inherit;'>Especificaciones F\u00edsicas<\/div>\n<div style='padding: 15px; color: inherit;'>\n<ul style='padding-left: 20px; margin: 0; font-size: 14px; list-style-type: disc;'>\n<li style='margin-bottom: 5px;'>Dimensiones: 440 x 320 x 43.6 mm (1U)<\/li>\n<li style='margin-bottom: 5px;'>Peso: 4503g<\/li>\n<li style='margin-bottom: 5px;'>Protecci\u00f3n contra sobretensiones: \u00b12KV modo diferencial&comma; \u00b16KV modo com\u00fan<\/li>\n<li style='margin-bottom: 5px;'>Consumo: 15.4W (sistema)&comma; 401.7W (sistema+PoE)<\/li>\n<li style='margin-bottom: 5px;'>Requisitos de alimentaci\u00f3n: AC 100~240V&comma; 50\/60Hz<\/li>\n<\/ul><\/div>\n<\/p><\/div>\n<\/p><\/div>\n<p> <!-- Secci\u00f3n PoE --> <\/p>\n<div style='display: flex; flex-wrap: wrap; gap: 20px; margin: 20px 0;'>\n<div style='flex: 1 1 300px; min-width: 280px; border: 1px solid rgba(150&comma;150&comma;150&comma;0.4); border-radius: 8px; overflow: hidden; display: flex; flex-direction: column;'>\n<div style='padding: 15px; border-bottom: 1px solid rgba(150&comma;150&comma;150&comma;0.2); font-weight: bold; font-size: 18px; color: inherit;'>Power over Ethernet (PoE)<\/div>\n<div style='padding: 15px; color: inherit;'>\n<ul style='padding-left: 20px; margin: 0; font-size: 14px; list-style-type: disc;'>\n<li style='margin-bottom: 5px;'>Est\u00e1ndar: IEEE 802.3af\/802.3at PoE+<\/li>\n<li style='margin-bottom: 5px;'>Tipo: End-span<\/li>\n<li style='margin-bottom: 0px;'>Salida: 53V DC&comma; 30.8W por puerto (m\u00e1x.)<\/li>\n<li style='margin-bottom: 5px;'>Asignaci\u00f3n de pines: 1\/2(+)&comma; 3\/6(-)<\/li>\n<li style='margin-bottom: 5px;'>Presupuesto de potencia: 370W (m\u00e1x.)<\/li>\n<li style='margin-bottom: 5px;'>Capacidad:<\/li>\n<ul style='padding-left: 40px; margin: 0; font-size: 14px; list-style-type: disc;'>\n<li style='margin-bottom: 5px;'>24 dispositivos a 9W<\/li>\n<li style='margin-bottom: 5px;'>24 dispositivos a 15W<\/li>\n<li style='margin-bottom: 5px;'>12 dispositivos a 30W<\/li>\n<\/ul>\n<\/ul><\/div>\n<\/p><\/div>\n<\/p><\/div>\n<p> <!-- Secci\u00f3n funciones --> <\/p>\n<div style='display: flex; flex-wrap: wrap; gap: 20px; margin: 20px 0;'>\n<div style='flex: 1 1 300px; min-width: 280px; border: 1px solid rgba(150&comma;150&comma;150&comma;0.4); border-radius: 8px; overflow: hidden; display: flex; flex-direction: column;'>\n<div style='padding: 15px; border-bottom: 1px solid rgba(150&comma;150&comma;150&comma;0.2); font-weight: bold; font-size: 18px; color: inherit;'>Funciones Avanzadas<\/div>\n<div style='padding: 15px; color: inherit;'>\n<ul style='padding-left: 20px; margin: 0; font-size: 14px; list-style-type: disc;'>\n<li style='margin-bottom: 5px;'>Protocolos de enrutamiento: Est\u00e1tico&comma; RIP&comma; OSPF&comma; BGP y PBR<\/li>\n<li style='margin-bottom: 5px;'>1K entradas en tabla de enrutamiento (IPv4\/IPv6)<\/li>\n<li style='margin-bottom: 5px;'>Configuraci\u00f3n de puerto: Auto-negociaci\u00f3n&comma; control de flujo&comma; control de ancho de banda<\/li>\n<li style='margin-bottom: 5px;'>Soporte para VLAN: 802.1Q&comma; Q-in-Q&comma; GVRP&comma; VLAN basada en protocolo\/IP\/MAC<\/li>\n<li style='margin-bottom: 5px;'>Control de ancho de banda: 64Kbps paso m\u00ednimo<\/li>\n<li style='margin-bottom: 5px;'>Soporte para LACP: 128 grupos con 8 puertos por grupo<\/li>\n<li style='margin-bottom: 5px;'>Calidad de Servicio (QoS): 8 colas prioritarias&comma; pol\u00edticas WRR y clasificaci\u00f3n por 802.1p&comma; DSCP<\/li>\n<li style='margin-bottom: 5px;'>Soporte para anillo ERPS (ITU-G G.8032)<\/li>\n<li style='margin-bottom: 5px;'>Multidifusi\u00f3n: IGMP v1-3&comma; MLD v1-2&comma; MVR (hasta 4K grupos)<\/li>\n<\/ul><\/div>\n<\/p><\/div>\n<\/p><\/div>\n<p> <!-- Secci\u00f3n seguridad --> <\/p>\n<div style='display: flex; flex-wrap: wrap; gap: 20px; margin: 20px 0;'>\n<div style='flex: 1 1 300px; min-width: 280px; border: 1px solid rgba(150&comma;150&comma;150&comma;0.4); border-radius: 8px; overflow: hidden; display: flex; flex-direction: column;'>\n<div style='padding: 15px; border-bottom: 1px solid rgba(150&comma;150&comma;150&comma;0.2); font-weight: bold; font-size: 18px; color: inherit;'>Seguridad<\/div>\n<div style='padding: 15px; color: inherit;'>\n<ul style='padding-left: 20px; margin: 0; font-size: 14px; list-style-type: disc;'>\n<li style='margin-bottom: 5px;'>Listas de control de acceso (ACL): Est\u00e1ndar y extendidas (hasta 512 entradas)<\/li>\n<li style='margin-bottom: 5px;'>Filtrado MAC<\/li>\n<li style='margin-bottom: 5px;'>Prevenci\u00f3n de ARP spoofing<\/li>\n<li style='margin-bottom: 5px;'>Autenticaci\u00f3n 802.1x<\/li>\n<li style='margin-bottom: 5px;'>AAA: TACACS+ y RADIUS (IPv4\/IPv6)<\/li>\n<li style='margin-bottom: 5px;'>VLAN Edge Privada (PVE)<\/li>\n<li style='margin-bottom: 5px;'>Enlace de MAC + puerto<\/li>\n<li style='margin-bottom: 5px;'>Enlace de IP + MAC + puerto<\/li>\n<li style='margin-bottom: 5px;'>Enlace de IP + puerto<\/li>\n<\/ul><\/div>\n<\/p><\/div>\n<\/p><\/div>\n<p> <!-- Secci\u00f3n condiciones ambientales --> <\/p>\n<div style='display: flex; flex-wrap: wrap; gap: 20px; margin: 20px 0;'>\n<div style='flex: 1 1 300px; min-width: 280px; border: 1px solid rgba(150&comma;150&comma;150&comma;0.4); border-radius: 8px; overflow: hidden; display: flex; flex-direction: column;'>\n<div style='padding: 15px; border-bottom: 1px solid rgba(150&comma;150&comma;150&comma;0.2); font-weight: bold; font-size: 18px; color: inherit;'>Condiciones Ambientales<\/div>\n<div style='padding: 15px; color: inherit;'>\n<ul style='padding-left: 20px; margin: 0; font-size: 14px; list-style-type: disc;'>\n<li style='margin-bottom: 5px;'>Operaci\u00f3n: 0\u00b0C a 50\u00b0C&comma; 5-90% humedad (sin condensaci\u00f3n)<\/li>\n<li style='margin-bottom: 5px;'>Almacenamiento: -40\u00b0C a 70\u00b0C&comma; 5-90% humedad (sin condensaci\u00f3n)<\/li>\n<\/ul><\/div>\n<\/p><\/div>\n<\/p><\/div>\n<p> <!-- Secci\u00f3n gesti\u00f3n --> <\/p>\n<div style='display: flex; flex-wrap: wrap; gap: 20px; margin: 20px 0;'>\n<div style='flex: 1 1 300px; min-width: 280px; border: 1px solid rgba(150&comma;150&comma;150&comma;0.4); border-radius: 8px; overflow: hidden; display: flex; flex-direction: column;'>\n<div style='padding: 15px; border-bottom: 1px solid rgba(150&comma;150&comma;150&comma;0.2); font-weight: bold; font-size: 18px; color: inherit;'>Gesti\u00f3n<\/div>\n<div style='padding: 15px; color: inherit;'>\n<ul style='padding-left: 20px; margin: 0; font-size: 14px; list-style-type: disc;'>\n<li style='margin-bottom: 5px;'>Consola&comma; Telnet&comma; SSHv2&comma; navegador web&comma; SSL<\/li>\n<li style='margin-bottom: 5px;'>SNMP v1&comma; v2c y v3<\/li>\n<\/ul><\/div>\n<\/p><\/div>\n<\/p><\/div>\n<p> <!-- Secci\u00f3n normativa --> <\/p>\n<div style='display: flex; flex-wrap: wrap; gap: 20px; margin: 20px 0;'>\n<div style='flex: 1 1 300px; min-width: 280px; border: 1px solid rgba(150&comma;150&comma;150&comma;0.4); border-radius: 8px; overflow: hidden; display: flex; flex-direction: column;'>\n<div style='padding: 15px; border-bottom: 1px solid rgba(150&comma;150&comma;150&comma;0.2); font-weight: bold; font-size: 18px; color: inherit;'>Conformidad Regulatoria<\/div>\n<div style='padding: 15px; color: inherit;'>\n<ul style='padding-left: 20px; margin: 0; font-size: 14px; list-style-type: disc;'>\n<li style='margin-bottom: 5px;'>FCC Parte 15 Clase A<\/li>\n<li style='margin-bottom: 5px;'>CE<\/li>\n<\/ul><\/div>\n<\/p><\/div>\n<\/p><\/div>\n<\/p><\/div>\n<p> <!-- Separador --> <\/p>\n<hr style='border: 0; border-top: 1px solid rgba(150&comma;150&comma;150&comma;0.3); margin: 30px 0;'> <\/div>\n","protected":false},"excerpt":{"rendered":"<p>Switch Administrable Stacking Capa 3, 24 Puertos PoE 802.3af\/at 10\/100\/1000T, Hasta 370 W,  4 Puertos 10G SFP+<\/p>\n","protected":false},"featured_media":76092,"comment_status":"open","ping_status":"closed","template":"","meta":[],"product_brand":[],"product_cat":[1970],"product_tag":[664,2033,1971],"class_list":{"0":"post-76093","1":"product","2":"type-product","3":"status-publish","4":"has-post-thumbnail","6":"product_cat-switches","7":"product_tag-networking","8":"product_tag-planet","9":"product_tag-switches","11":"first","12":"instock","13":"sale","14":"shipping-taxable","15":"purchasable","16":"product-type-simple"},"_links":{"self":[{"href":"https:\/\/soydeaqui.ddns.net\/pachuca\/index.php\/wp-json\/wp\/v2\/product\/76093","targetHints":{"allow":["GET"]}}],"collection":[{"href":"https:\/\/soydeaqui.ddns.net\/pachuca\/index.php\/wp-json\/wp\/v2\/product"}],"about":[{"href":"https:\/\/soydeaqui.ddns.net\/pachuca\/index.php\/wp-json\/wp\/v2\/types\/product"}],"replies":[{"embeddable":true,"href":"https:\/\/soydeaqui.ddns.net\/pachuca\/index.php\/wp-json\/wp\/v2\/comments?post=76093"}],"wp:featuredmedia":[{"embeddable":true,"href":"https:\/\/soydeaqui.ddns.net\/pachuca\/index.php\/wp-json\/wp\/v2\/media\/76092"}],"wp:attachment":[{"href":"https:\/\/soydeaqui.ddns.net\/pachuca\/index.php\/wp-json\/wp\/v2\/media?parent=76093"}],"wp:term":[{"taxonomy":"product_brand","embeddable":true,"href":"https:\/\/soydeaqui.ddns.net\/pachuca\/index.php\/wp-json\/wp\/v2\/product_brand?post=76093"},{"taxonomy":"product_cat","embeddable":true,"href":"https:\/\/soydeaqui.ddns.net\/pachuca\/index.php\/wp-json\/wp\/v2\/product_cat?post=76093"},{"taxonomy":"product_tag","embeddable":true,"href":"https:\/\/soydeaqui.ddns.net\/pachuca\/index.php\/wp-json\/wp\/v2\/product_tag?post=76093"}],"curies":[{"name":"wp","href":"https:\/\/api.w.org\/{rel}","templated":true}]}}