{"id":76088,"date":"2026-03-19T15:06:36","date_gmt":"2026-03-19T15:06:36","guid":{"rendered":"https:\/\/soydeaqui.ddns.net\/pachuca\/index.php\/producto\/switch-administrable-capa-3-24-puertos-10-100-1000t-4-puertos-10g-sfp-apilable\/"},"modified":"2026-03-19T15:06:44","modified_gmt":"2026-03-19T15:06:44","slug":"switch-administrable-capa-3-24-puertos-10-100-1000t-4-puertos-10g-sfp-apilable","status":"publish","type":"product","link":"https:\/\/soydeaqui.ddns.net\/pachuca\/index.php\/producto\/switch-administrable-capa-3-24-puertos-10-100-1000t-4-puertos-10g-sfp-apilable\/","title":{"rendered":"Switch Administrable Capa 3, 24-Puertos 10\/100\/1000T + 4-Puertos 10G SFP+, Apilable"},"content":{"rendered":"<div style='width: 100%; max-width: 1200px; margin: 0 auto; font-family: sans-serif; line-height: 1.6; color: inherit; background-color: transparent;'>\n<div style='display: flex; flex-wrap: wrap; gap: 30px; margin-bottom: 30px;'>\n<div style='flex: 1 1 300px; min-width: 280px;'>\n<h3 style='font-size: 22px; border-bottom: 2px solid currentColor; padding-bottom: 5px; margin-top: 0; color: inherit; opacity: 0.8;'>Caracter\u00edsticas principales<\/h3>\n<p style='font-size: 15px; color: inherit; text-align: justify;'>Alta disponibilidad de malla Soluci\u00f3n de redes para el sistema de grandes vol\u00famenes de datos Mediante la mejora de la tecnolog\u00eda de fibra \u00f3ptica Ethernet con muy flexible&comma; altamente extensible y f\u00e1cil de instalar caracter\u00edsticas&comma; la SGS-6341-24T4X ofrece hasta <strong>128 Gbps<\/strong> de velocidad de intercambio de datos a trav\u00e9s \u00f3ptico interfaz de fibra y la distancia de transmisi\u00f3n se pueden extender hasta 10 km. El SGS-6341-24T4X caracter\u00edsticas&comma; capacidad de auto-recuperaci\u00f3n r\u00e1pida fuerte para evitar interrupciones y ataques externos. Incorpora <strong>IEEE802.1s MSTP<\/strong> (Multiple Spanning Tree Protocol&comma; \u00e1rbol de expansi\u00f3n por VLAN) en la red de automatizaci\u00f3n del cliente para mejorar la fiabilidad del sistema y el tiempo de actividad. El SGS-6341-24T4X es la soluci\u00f3n ideal para centros de datos&comma; proveedores de servicios de telecomunicaciones y para la construcci\u00f3n de una conexi\u00f3n redundante y establecer gran ancho de banda para <strong>grandes vol\u00famenes de datos<\/strong> granja de servidores.<\/p>\n<\/p><\/div>\n<\/p><\/div>\n<div style='display: flex; flex-wrap: wrap; gap: 20px; margin-bottom: 30px;'>\n<div style='flex: 1 1 250px; border: 1px solid rgba(150&comma; 150&comma; 150&comma; 0.4); border-radius: 8px; overflow: hidden; display: flex; flex-direction: column;'>\n<div style='padding: 15px; border-bottom: 1px solid rgba(150&comma; 150&comma; 150&comma; 0.2); font-weight: bold; font-size: 18px; color: inherit;'>Especificaciones de hardware<\/div>\n<div style='padding: 15px; color: inherit;'>\n<ul style='padding-left: 20px; margin: 0; font-size: 14px; list-style-type: disc;'>\n<li style='margin-bottom: 5px;'><strong>CPU:<\/strong> 400 MHz ARM A9<\/li>\n<li style='margin-bottom: 5px;'><strong>Memoria RAM:<\/strong> 512 MB<\/li>\n<li style='margin-bottom: 5px;'><strong>Memoria FLASH:<\/strong> 16 MB<\/li>\n<li style='margin-bottom: 5px;'><strong>Puertos de cobre:<\/strong> 24 10\/100 puertos auto-MDI \/ MDI-X \/ 1000BASE-T RJ45<\/li>\n<li style='margin-bottom: 5px;'><strong>Puertos SFP+:<\/strong> 4 10GBASE-SR \/ LR SFP+ interfaz (puerto-25 al puerto-28) Compatible con 1000BASE-SX \/ LX \/ transceptor SFP BX<\/li>\n<li style='margin-bottom: 5px;'><strong>Puerto de consola:<\/strong> 1 x puerto serie RJ45 a RS232 (9600&comma; 8&comma; N&comma; 1)<\/li>\n<\/ul><\/div>\n<\/p><\/div>\n<div style='flex: 1 1 250px; border: 1px solid rgba(150&comma; 150&comma; 150&comma; 0.4); border-radius: 8px; overflow: hidden; display: flex; flex-direction: column;'>\n<div style='padding: 15px; border-bottom: 1px solid rgba(150&comma; 150&comma; 150&comma; 0.2); font-weight: bold; font-size: 18px; color: inherit;'>Rendimiento<\/div>\n<div style='padding: 15px; color: inherit;'>\n<ul style='padding-left: 20px; margin: 0; font-size: 14px; list-style-type: disc;'>\n<li style='margin-bottom: 5px;'><strong>Bandwitch:<\/strong> 128 Gbps \/ no-bloqueo<\/li>\n<li style='margin-bottom: 5px;'><strong>Throughput:<\/strong> 95.24Mpps<\/li>\n<\/ul><\/div>\n<\/p><\/div>\n<div style='flex: 1 1 250px; border: 1px solid rgba(150&comma; 150&comma; 150&comma; 0.4); border-radius: 8px; overflow: hidden; display: flex; flex-direction: column;'>\n<div style='padding: 15px; border-bottom: 1px solid rgba(150&comma; 150&comma; 150&comma; 0.2); font-weight: bold; font-size: 18px; color: inherit;'>Caracter\u00edsticas f\u00edsicas<\/div>\n<div style='padding: 15px; color: inherit;'>\n<ul style='padding-left: 20px; margin: 0; font-size: 14px; list-style-type: disc;'>\n<li style='margin-bottom: 5px;'><strong>Dimensiones (W x D x H):<\/strong> 440 x 330 x 44&comma;5 mm&comma; altura de 1U<\/li>\n<li style='margin-bottom: 5px;'><strong>Peso:<\/strong> 3628g<\/li>\n<li style='margin-bottom: 5px;'><strong>El consumo de energ\u00eda:<\/strong> 19&comma;9 vatios \/ 67.91 BTU (m\u00e1ximo)<\/li>\n<li style='margin-bottom: 5px;'><strong>Requerimientos de energ\u00eda:<\/strong> CA 100 ~ 240V&comma; 50 \/ 60Hz<\/li>\n<\/ul><\/div>\n<\/p><\/div>\n<\/p><\/div>\n<div style='display: flex; flex-wrap: wrap; gap: 30px; margin-bottom: 30px;'>\n<div style='flex: 1 1 300px; min-width: 280px;'>\n<h3 style='font-size: 22px; border-bottom: 2px solid currentColor; padding-bottom: 5px; margin-top: 0; color: inherit; opacity: 0.8;'>Im\u00e1genes del producto<\/h3>\n<p> <img style='width: 100%; height: auto; border: 1px solid rgba(150&comma;150&comma;150&comma;0.3); border-radius: 8px;' src='http:\/\/www.planet.com.tw\/en\/product\/images\/48855\/SGS-6341-24T4X_Front-Panel-Introducton_L.png' alt='Panel frontal del SGS634124T4X'> <\/div>\n<\/p><\/div>\n<hr style='border: 0; border-top: 1px solid rgba(150&comma; 150&comma; 150&comma; 0.3); margin: 30px 0;'> <\/div>\n","protected":false},"excerpt":{"rendered":"<p>Switch Administrable Capa 3, 24-Puertos 10\/100\/1000T + 4-Puertos 10G SFP+, Apilable<\/p>\n","protected":false},"featured_media":76087,"comment_status":"open","ping_status":"closed","template":"","meta":[],"product_brand":[],"product_cat":[1970],"product_tag":[664,2033,1971],"class_list":{"0":"post-76088","1":"product","2":"type-product","3":"status-publish","4":"has-post-thumbnail","6":"product_cat-switches","7":"product_tag-networking","8":"product_tag-planet","9":"product_tag-switches","11":"first","12":"instock","13":"sale","14":"shipping-taxable","15":"purchasable","16":"product-type-simple"},"_links":{"self":[{"href":"https:\/\/soydeaqui.ddns.net\/pachuca\/index.php\/wp-json\/wp\/v2\/product\/76088","targetHints":{"allow":["GET"]}}],"collection":[{"href":"https:\/\/soydeaqui.ddns.net\/pachuca\/index.php\/wp-json\/wp\/v2\/product"}],"about":[{"href":"https:\/\/soydeaqui.ddns.net\/pachuca\/index.php\/wp-json\/wp\/v2\/types\/product"}],"replies":[{"embeddable":true,"href":"https:\/\/soydeaqui.ddns.net\/pachuca\/index.php\/wp-json\/wp\/v2\/comments?post=76088"}],"wp:featuredmedia":[{"embeddable":true,"href":"https:\/\/soydeaqui.ddns.net\/pachuca\/index.php\/wp-json\/wp\/v2\/media\/76087"}],"wp:attachment":[{"href":"https:\/\/soydeaqui.ddns.net\/pachuca\/index.php\/wp-json\/wp\/v2\/media?parent=76088"}],"wp:term":[{"taxonomy":"product_brand","embeddable":true,"href":"https:\/\/soydeaqui.ddns.net\/pachuca\/index.php\/wp-json\/wp\/v2\/product_brand?post=76088"},{"taxonomy":"product_cat","embeddable":true,"href":"https:\/\/soydeaqui.ddns.net\/pachuca\/index.php\/wp-json\/wp\/v2\/product_cat?post=76088"},{"taxonomy":"product_tag","embeddable":true,"href":"https:\/\/soydeaqui.ddns.net\/pachuca\/index.php\/wp-json\/wp\/v2\/product_tag?post=76088"}],"curies":[{"name":"wp","href":"https:\/\/api.w.org\/{rel}","templated":true}]}}