{"id":76080,"date":"2026-03-19T15:06:18","date_gmt":"2026-03-19T15:06:18","guid":{"rendered":"https:\/\/soydeaqui.ddns.net\/pachuca\/index.php\/producto\/telefono-ip-para-hoteleria-profesional-con-6-teclas-programables-para-servicio-rapido-hotline-plantilla-personalizable-con-poe-2\/"},"modified":"2026-03-19T15:06:33","modified_gmt":"2026-03-19T15:06:33","slug":"telefono-ip-para-hoteleria-profesional-con-6-teclas-programables-para-servicio-rapido-hotline-plantilla-personalizable-con-poe-2","status":"publish","type":"product","link":"https:\/\/soydeaqui.ddns.net\/pachuca\/index.php\/producto\/telefono-ip-para-hoteleria-profesional-con-6-teclas-programables-para-servicio-rapido-hotline-plantilla-personalizable-con-poe-2\/","title":{"rendered":"Tel\u00e9fono IP para Hoteler\u00eda, profesional con 6 teclas programables para servicio r\u00e1pido (Hotline), plantilla personalizable con PoE"},"content":{"rendered":"<div style='width: 100%; max-width: 1200px; margin: 0 auto; font-family: sans-serif; line-height: 1.6; color: inherit; background-color: transparent;'>\n<div style='display: flex; flex-direction: column; gap: 20px;'>\n<div>\n<p style='margin: 0 0 15px 0; color: inherit;'>El H3F es un tel\u00e9fono dise\u00f1ado para hotel&comma; es elegante&comma; de apariencia contempor\u00e1nea&comma; excelente calidad de voz&comma; junto con la correspondiente plataforma de comunicaci\u00f3n integrada&comma; puede convertirse en la nueva generaci\u00f3n de equipos terminales inteligentes para el hotel.<\/p>\n<\/p><\/div>\n<p> <!-- Im\u00e1genes --> <\/p>\n<div style='display: flex; flex-wrap: wrap; gap: 15px; justify-content: center;'> <img style='width: 100%; max-width: 600px; height: auto; border: 1px solid rgba(150&comma;150&comma;150&comma;0.3); border-radius: 8px;' src='https:\/\/ftp3.syscom.mx\/usuarios\/esanchez\/FANVIL\/H3\/h3f.JPG' alt=''> <img style='width: 100%; max-width: 600px; height: auto; border: 1px solid rgba(150&comma;150&comma;150&comma;0.3); border-radius: 8px;' src='https:\/\/ftp3.syscom.mx\/usuarios\/esanchez\/FANVIL\/H3\/H3.gif' alt=''> <\/div>\n<p> <!-- Caracter\u00edsticas Principales --> <\/p>\n<div style='flex: 1 1 300px; min-width: 280px;'>\n<h3 style='font-size: 22px; border-bottom: 2px solid currentColor; padding-bottom: 5px; margin-top: 0; color: inherit; opacity: 0.8;'>Caracter\u00edsticas principales<\/h3>\n<ul style='padding-left: 20px; font-size: 15px; color: inherit; list-style-type: disc;'>\n<li style='margin-bottom: 5px;'><strong>Teclas programables:<\/strong> 6 teclas programables para servicio r\u00e1pido (Hotline)<\/li>\n<li style='margin-bottom: 5px;'><strong>Sistema operativo:<\/strong> VxWorks<\/li>\n<li style='margin-bottom: 5px;'><strong>Cuentas SIP:<\/strong> 1 cuenta SIP<\/li>\n<li style='margin-bottom: 5px;'><strong>PoE:<\/strong> Habilitado (802.3 af)<\/li>\n<li style='margin-bottom: 5px;'><strong>Modo de llamada:<\/strong> IP y Peer to Peer (punto a punto)<\/li>\n<li style='margin-bottom: 5px;'><strong>Pantalla:<\/strong> El equipo no cuenta con pantalla<\/li>\n<\/ul><\/div>\n<p> <!-- Caracter\u00edsticas de Red --> <\/p>\n<div style='flex: 1 1 300px; min-width: 280px;'>\n<h3 style='font-size: 22px; border-bottom: 2px solid currentColor; padding-bottom: 5px; margin-top: 0; color: inherit; opacity: 0.8;'>Caracter\u00edsticas de red<\/h3>\n<ul style='padding-left: 20px; font-size: 15px; color: inherit; list-style-type: disc;'>\n<li style='margin-bottom: 5px;'><strong>Puertos Ethernet:<\/strong> 2 puertos Ethernet 10\/100 Mbps modo puente para bypass a PC<\/li>\n<li style='margin-bottom: 5px;'><strong>Configuraci\u00f3n IP:<\/strong> Est\u00e1tico \/ DHCP \/ PPPoE<\/li>\n<li style='margin-bottom: 5px;'><strong>Control de acceso por red:<\/strong> 802.1x<\/li>\n<li style='margin-bottom: 5px;'><strong>VPN:<\/strong> L2TP (encriptaci\u00f3n b\u00e1sica) \/ OpenVPN<\/li>\n<li style='margin-bottom: 5px;'><strong>VLAN y DSCP:<\/strong> Soporta VLAN y DSCP<\/li>\n<li style='margin-bottom: 5px;'><strong>Calidad de servicio:<\/strong> Soporta QoS<\/li>\n<\/ul><\/div>\n<p> <!-- Especificaciones f\u00edsicas y el\u00e9ctricas --> <\/p>\n<div style='flex: 1 1 300px; min-width: 280px;'>\n<h3 style='font-size: 22px; border-bottom: 2px solid currentColor; padding-bottom: 5px; margin-top: 0; color: inherit; opacity: 0.8;'>Especificaciones f\u00edsicas y el\u00e9ctricas<\/h3>\n<ul style='padding-left: 20px; font-size: 15px; color: inherit; list-style-type: disc;'>\n<li style='margin-bottom: 5px;'><strong>Entrada de alimentaci\u00f3n:<\/strong> 100-240VAC<\/li>\n<li style='margin-bottom: 5px;'><strong>Salida de alimentaci\u00f3n:<\/strong> 5V\/1A DC (no incluye adaptador de corriente)<\/li>\n<li style='margin-bottom: 5px;'><strong>Puerto WAN:<\/strong> 10\/100 BASE-T RJ-45 para LAN<\/li>\n<li style='margin-bottom: 5px;'><strong>Puerto LAN:<\/strong> 10\/100 BASE-T RJ-45 para PC<\/li>\n<li style='margin-bottom: 5px;'><strong>Consumo de potencia:<\/strong> Inactivo: 2.5W \/ Activo: 2.8W<\/li>\n<li style='margin-bottom: 5px;'><strong>Temperatura de operaci\u00f3n:<\/strong> 0\u00b0C &#8211; 40\u00b0C<\/li>\n<li style='margin-bottom: 5px;'><strong>Humedad relativa:<\/strong> 10% &#8211; 65%<\/li>\n<li style='margin-bottom: 5px;'><strong>Chipset principal:<\/strong> Broadcom<\/li>\n<li style='margin-bottom: 5px;'><strong>Memoria SDRAM:<\/strong> 16MB<\/li>\n<li style='margin-bottom: 5px;'><strong>Memoria FLASH:<\/strong> 4MB<\/li>\n<li style='margin-bottom: 5px;'><strong>Dimensiones:<\/strong> 235x170x130 mm<\/li>\n<\/ul><\/div>\n<\/p><\/div>\n<p> <!-- Separador final --> <\/p>\n<hr style='border: 0; border-top: 1px solid rgba(150&comma; 150&comma; 150&comma; 0.3); margin: 30px 0;'> <\/div>\n","protected":false},"excerpt":{"rendered":"<p>Tel\u00e9fono IP para Hoteler\u00eda, profesional con 6 teclas programables para servicio r\u00e1pido (Hotline), plantilla personalizable con PoE<\/p>\n","protected":false},"featured_media":76079,"comment_status":"open","ping_status":"closed","template":"","meta":[],"product_brand":[],"product_cat":[2043],"product_tag":[859,2044,2004],"class_list":{"0":"post-76080","1":"product","2":"type-product","3":"status-publish","4":"has-post-thumbnail","6":"product_cat-telefonos-ip-para-hoteles","7":"product_tag-fanvil","8":"product_tag-telefonos-ip-para-hoteles","9":"product_tag-voip-telefonia-ip-videoconferencia","11":"first","12":"instock","13":"sale","14":"shipping-taxable","15":"purchasable","16":"product-type-simple"},"_links":{"self":[{"href":"https:\/\/soydeaqui.ddns.net\/pachuca\/index.php\/wp-json\/wp\/v2\/product\/76080","targetHints":{"allow":["GET"]}}],"collection":[{"href":"https:\/\/soydeaqui.ddns.net\/pachuca\/index.php\/wp-json\/wp\/v2\/product"}],"about":[{"href":"https:\/\/soydeaqui.ddns.net\/pachuca\/index.php\/wp-json\/wp\/v2\/types\/product"}],"replies":[{"embeddable":true,"href":"https:\/\/soydeaqui.ddns.net\/pachuca\/index.php\/wp-json\/wp\/v2\/comments?post=76080"}],"wp:featuredmedia":[{"embeddable":true,"href":"https:\/\/soydeaqui.ddns.net\/pachuca\/index.php\/wp-json\/wp\/v2\/media\/76079"}],"wp:attachment":[{"href":"https:\/\/soydeaqui.ddns.net\/pachuca\/index.php\/wp-json\/wp\/v2\/media?parent=76080"}],"wp:term":[{"taxonomy":"product_brand","embeddable":true,"href":"https:\/\/soydeaqui.ddns.net\/pachuca\/index.php\/wp-json\/wp\/v2\/product_brand?post=76080"},{"taxonomy":"product_cat","embeddable":true,"href":"https:\/\/soydeaqui.ddns.net\/pachuca\/index.php\/wp-json\/wp\/v2\/product_cat?post=76080"},{"taxonomy":"product_tag","embeddable":true,"href":"https:\/\/soydeaqui.ddns.net\/pachuca\/index.php\/wp-json\/wp\/v2\/product_tag?post=76080"}],"curies":[{"name":"wp","href":"https:\/\/api.w.org\/{rel}","templated":true}]}}