{"id":76052,"date":"2026-03-19T15:05:07","date_gmt":"2026-03-19T15:05:07","guid":{"rendered":"https:\/\/soydeaqui.ddns.net\/pachuca\/index.php\/producto\/fuente-secundaria-dc-para-fuente-edgepower-ep54v150w\/"},"modified":"2026-03-19T15:05:08","modified_gmt":"2026-03-19T15:05:08","slug":"fuente-secundaria-dc-para-fuente-edgepower-ep54v150w","status":"publish","type":"product","link":"https:\/\/soydeaqui.ddns.net\/pachuca\/index.php\/producto\/fuente-secundaria-dc-para-fuente-edgepower-ep54v150w\/","title":{"rendered":"Fuente Secundaria DC, para fuente EdgePower EP54V150W"},"content":{"rendered":"<div style='width: 100%; max-width: 1200px; margin: 0 auto; font-family: sans-serif; line-height: 1.6; color: inherit; background-color: transparent;'> <!-- Secci\u00f3n de caracter\u00edsticas --> <\/p>\n<div style='display: flex; flex-wrap: wrap; gap: 30px; margin-bottom: 30px;'>\n<div style='flex: 1 1 300px; min-width: 280px;'>\n<h3 style='font-size: 22px; border-bottom: 2px solid currentColor; padding-bottom: 5px; margin-top: 0; color: inherit; opacity: 0.8;'>Caracter\u00edsticas<\/h3>\n<ul style='padding-left: 20px; font-size: 15px; color: inherit;'>\n<li style='margin-bottom: 5px;'><strong>Power Method:<\/strong> DC\/DC 150W para 22 &#8211; 60V entrada&comma; terminal de bloque CD para salida de 54V<\/li>\n<li style='margin-bottom: 5px;'><strong>Power Supply:<\/strong> DC\/DC 150W para 22 &#8211; 60V entrada<\/li>\n<li style='margin-bottom: 5px;'><strong>Supported Voltage Range:<\/strong> DC\/DC para 22 &#8211; 60V entrada&comma; 54V salida<\/li>\n<li style='margin-bottom: 5px;'><strong>Tipo de bater\u00eda:<\/strong> 2\/3\/4 serie bater\u00eda de \u00e1cido s\u00f3lido<\/li>\n<li style='margin-bottom: 5px;'><strong>Carga del voltaje maxima<\/strong><\/li>\n<li style='margin-bottom: 5px; padding-left: 20px;'>2 Series ~ 26.8 &#8211; 27.5V<\/li>\n<li style='margin-bottom: 5px; padding-left: 20px;'>3 Series ~ 40.2 &#8211; 41.2V<\/li>\n<li style='margin-bottom: 5px; padding-left: 20px;'>4 Series ~ 53.6 &#8211; 55V<\/li>\n<li style='margin-bottom: 5px;'><strong>Descarga proteci\u00f3n al voltaje<\/strong><\/li>\n<li style='margin-bottom: 5px; padding-left: 20px;'>2 Series ~ 21.5V<\/li>\n<li style='margin-bottom: 5px; padding-left: 20px;'>3 Series ~ 32V<\/li>\n<li style='margin-bottom: 5px; padding-left: 20px;'>4 Series ~ 43V<\/li>\n<li style='margin-bottom: 5px;'><strong>Corriente de carga<\/strong><\/li>\n<li style='margin-bottom: 5px; padding-left: 20px;'>2 Series ~ 0.3A<\/li>\n<li style='margin-bottom: 5px; padding-left: 20px;'>3 Series ~ 0.3A<\/li>\n<li style='margin-bottom: 5px; padding-left: 20px;'>4 Series ~ 0.2A<\/li>\n<li style='margin-bottom: 5px;'><strong>LED:<\/strong> Sistema Encendido\/Apagado<\/li>\n<li style='margin-bottom: 5px;'><strong>Temperatura de operaci\u00f3n:<\/strong> 0 to 40\u00b0 C (32 to 104\u00b0 F)<\/li>\n<li style='margin-bottom: 5px;'><strong>Humedad de operacci\u00f3n:<\/strong> 10 to 90% RH<\/li>\n<li style='margin-bottom: 5px;'><strong>Protecion ESD\/EMP:<\/strong> Air \u00b1 8KV; Contact \u00b1 6KV<\/li>\n<li style='margin-bottom: 5px;'><strong>Certificaciones:<\/strong> CE&comma; FCC&comma; IC<\/li>\n<\/ul><\/div>\n<\/p><\/div>\n<p> <!-- Secci\u00f3n de funcionalidad --> <\/p>\n<div style='display: flex; flex-wrap: wrap; gap: 30px; margin-bottom: 30px;'>\n<div style='flex: 1 1 300px; min-width: 280px;'>\n<h3 style='font-size: 22px; border-bottom: 2px solid currentColor; padding-bottom: 5px; margin-top: 0; color: inherit; opacity: 0.8;'>Funcionalidad<\/h3>\n<ul style='padding-left: 20px; font-size: 15px; color: inherit;'>\n<li style='margin-bottom: 5px;'>Fuente de poder secundaria DC para EP54V150W<\/li>\n<li style='margin-bottom: 5px;'>Puede ser configurada como respaldo<\/li>\n<\/ul><\/div>\n<\/p><\/div>\n<p> <!-- Separador --> <\/p>\n<hr style='border: 0; border-top: 1px solid rgba(150&comma; 150&comma; 150&comma; 0.3); margin: 30px 0;'> <\/div>\n","protected":false},"excerpt":{"rendered":"<p>Fuente Secundaria DC, para fuente EdgePower EP54V150W<\/p>\n","protected":false},"featured_media":76051,"comment_status":"open","ping_status":"closed","template":"","meta":[],"product_brand":[],"product_cat":[1322],"product_tag":[664,1323,166],"class_list":{"0":"post-76052","1":"product","2":"type-product","3":"status-publish","4":"has-post-thumbnail","6":"product_cat-poe-de-largo-alcance","7":"product_tag-networking","8":"product_tag-poe-de-largo-alcance","9":"product_tag-ubiquiti","11":"first","12":"outofstock","13":"sale","14":"shipping-taxable","15":"purchasable","16":"product-type-simple"},"_links":{"self":[{"href":"https:\/\/soydeaqui.ddns.net\/pachuca\/index.php\/wp-json\/wp\/v2\/product\/76052","targetHints":{"allow":["GET"]}}],"collection":[{"href":"https:\/\/soydeaqui.ddns.net\/pachuca\/index.php\/wp-json\/wp\/v2\/product"}],"about":[{"href":"https:\/\/soydeaqui.ddns.net\/pachuca\/index.php\/wp-json\/wp\/v2\/types\/product"}],"replies":[{"embeddable":true,"href":"https:\/\/soydeaqui.ddns.net\/pachuca\/index.php\/wp-json\/wp\/v2\/comments?post=76052"}],"wp:featuredmedia":[{"embeddable":true,"href":"https:\/\/soydeaqui.ddns.net\/pachuca\/index.php\/wp-json\/wp\/v2\/media\/76051"}],"wp:attachment":[{"href":"https:\/\/soydeaqui.ddns.net\/pachuca\/index.php\/wp-json\/wp\/v2\/media?parent=76052"}],"wp:term":[{"taxonomy":"product_brand","embeddable":true,"href":"https:\/\/soydeaqui.ddns.net\/pachuca\/index.php\/wp-json\/wp\/v2\/product_brand?post=76052"},{"taxonomy":"product_cat","embeddable":true,"href":"https:\/\/soydeaqui.ddns.net\/pachuca\/index.php\/wp-json\/wp\/v2\/product_cat?post=76052"},{"taxonomy":"product_tag","embeddable":true,"href":"https:\/\/soydeaqui.ddns.net\/pachuca\/index.php\/wp-json\/wp\/v2\/product_tag?post=76052"}],"curies":[{"name":"wp","href":"https:\/\/api.w.org\/{rel}","templated":true}]}}