{"id":7602,"date":"2026-03-18T06:58:25","date_gmt":"2026-03-18T06:58:25","guid":{"rendered":"https:\/\/soydeaqui.ddns.net\/pachuca\/index.php\/producto\/protector-transparente-para-termostatos-pequeos\/"},"modified":"2026-03-18T06:58:26","modified_gmt":"2026-03-18T06:58:26","slug":"protector-transparente-para-termostatos-pequeos","status":"publish","type":"product","link":"https:\/\/soydeaqui.ddns.net\/pachuca\/index.php\/producto\/protector-transparente-para-termostatos-pequeos\/","title":{"rendered":"Protector Transparente para Termostatos Peque?os"},"content":{"rendered":"<div style='width: 100%; max-width: 1200px; margin: 0 auto; font-family: sans-serif; line-height: 1.6; color: inherit; background-color: transparent;'>\n<div style='display: flex; flex-wrap: wrap; gap: 30px; margin-bottom: 30px;'>\n<div style='flex: 1 1 300px; min-width: 280px;'>\n<h3 style='font-size: 22px; border-bottom: 2px solid currentColor; padding-bottom: 5px; margin-top: 0; color: inherit; opacity: 0.8;'>Descripci\u00f3n General<\/h3>\n<p style='font-size: 15px; color: inherit;'>Esta cubierta ayuda a detener el vandalismo&comma; da\u00f1os y manipulaci\u00f3n de peque\u00f1os termostatos o sensores de energ\u00eda. Moldeado transparente&comma; con material de policarbonato de espesor&comma; de alta resistencia&comma; se recomienda esta cubierta protectora para las \u00e1reas donde el abuso es un problema. Esto puede incluir el vandalismo&comma; da\u00f1os accidentales o costoso&comma; manipulaci\u00f3n molesta por los empleados y otros. Especialmente \u00fatil donde termostatos se encuentran en las zonas comunes&comma; el dispositivo es f\u00e1cil de instalar&comma; ya sea para aplicaciones de montaje empotrado (STI-9105) o la superficie de montaje de instalaciones con una opci\u00f3n de dos espaciadores (SUB-901 o SUB-905). Agujeros en el marco permiten que el aire circule libremente por el correcto funcionamiento de los termostatos protegidas o sensores de energ\u00eda. Una pared interior en el bastidor evita la manipulaci\u00f3n de palancas. Respaldado por una garant\u00eda de tres a\u00f1os.<\/p>\n<\/div>\n<\/div>\n<div style='display: flex; flex-wrap: wrap; gap: 20px; margin-bottom: 30px;'>\n<div style='flex: 1 1 250px; border: 1px solid rgba(150&comma; 150&comma; 150&comma; 0.4); border-radius: 8px; overflow: hidden; display: flex; flex-direction: column;'>\n<div style='padding: 15px; border-bottom: 1px solid rgba(150&comma; 150&comma; 150&comma; 0.2); font-weight: bold; font-size: 18px; color: inherit;'>Caracter\u00edsticas<\/div>\n<div style='padding: 15px; color: inherit;'>\n<ul style='padding-left: 20px; margin: 0; font-size: 14px; list-style-type: disc;'>\n<li style='margin-bottom: 5px;'>Ofrece una excelente protecci\u00f3n contra la manipulaci\u00f3n&comma; el abuso y da\u00f1o accidental sin afectar el funcionamiento del sensor del termostato o la energ\u00eda.<\/li>\n<li style='margin-bottom: 5px;'>Agujeros en el marco permiten que el aire circule libremente.<\/li>\n<li style='margin-bottom: 5px;'>La pared interior evita la manipulaci\u00f3n de palancas.<\/li>\n<li style='margin-bottom: 5px;'>Instalaci\u00f3n f\u00e1cil y r\u00e1pida.<\/li>\n<li style='margin-bottom: 5px;'>La cubierta est\u00e1 moldeada con policarbonato transparente.<\/li>\n<li style='margin-bottom: 5px;'>Dos espaciadores transparentes&comma; disponibles para aplicaciones montadas en la superficie.<\/li>\n<li style='margin-bottom: 5px;'>Incluye dos (2) llaves.<\/li>\n<li style='margin-bottom: 5px;'>Garant\u00eda de tres a\u00f1os contra la rotura del policarbonato durante el uso normal.<\/li>\n<li style='margin-bottom: 5px;'>La cubierta es resistente a rayos UV.<\/li>\n<li style='margin-bottom: 5px;'>Moldeado transparente&comma; 1\/8 &#8216;de espesor&comma; de policarbonato de alta resistencia.<\/li>\n<li style='margin-bottom: 5px;'>Las propiedades de trabajo t\u00edpicos del policarbonato son -40 \u00b0 a 250 \u00b0 F (-40 \u00b0 a 121 \u00b0 C).<\/li>\n<li style='margin-bottom: 5px;'>Dimensiones: 127 x 140 x 76 mm<\/li>\n<\/ul>\n<\/div>\n<\/div>\n<\/div>\n<\/div>\n<hr style='border: 0; border-top: 1px solid rgba(150&comma; 150&comma; 150&comma; 0.3); margin: 30px 0;'><\/div>\n","protected":false},"excerpt":{"rendered":"<p>Protector Transparente para Termostatos Peque?os<\/p>\n","protected":false},"featured_media":7601,"comment_status":"open","ping_status":"closed","template":"","meta":[],"product_brand":[],"product_cat":[199],"product_tag":[201,200,169],"class_list":{"0":"post-7602","1":"product","2":"type-product","3":"status-publish","4":"has-post-thumbnail","6":"product_cat-carcasas","7":"product_tag-carcasas","8":"product_tag-gabinetes-y-carcasas","9":"product_tag-sti","11":"first","12":"instock","13":"sale","14":"shipping-taxable","15":"purchasable","16":"product-type-simple"},"_links":{"self":[{"href":"https:\/\/soydeaqui.ddns.net\/pachuca\/index.php\/wp-json\/wp\/v2\/product\/7602","targetHints":{"allow":["GET"]}}],"collection":[{"href":"https:\/\/soydeaqui.ddns.net\/pachuca\/index.php\/wp-json\/wp\/v2\/product"}],"about":[{"href":"https:\/\/soydeaqui.ddns.net\/pachuca\/index.php\/wp-json\/wp\/v2\/types\/product"}],"replies":[{"embeddable":true,"href":"https:\/\/soydeaqui.ddns.net\/pachuca\/index.php\/wp-json\/wp\/v2\/comments?post=7602"}],"wp:featuredmedia":[{"embeddable":true,"href":"https:\/\/soydeaqui.ddns.net\/pachuca\/index.php\/wp-json\/wp\/v2\/media\/7601"}],"wp:attachment":[{"href":"https:\/\/soydeaqui.ddns.net\/pachuca\/index.php\/wp-json\/wp\/v2\/media?parent=7602"}],"wp:term":[{"taxonomy":"product_brand","embeddable":true,"href":"https:\/\/soydeaqui.ddns.net\/pachuca\/index.php\/wp-json\/wp\/v2\/product_brand?post=7602"},{"taxonomy":"product_cat","embeddable":true,"href":"https:\/\/soydeaqui.ddns.net\/pachuca\/index.php\/wp-json\/wp\/v2\/product_cat?post=7602"},{"taxonomy":"product_tag","embeddable":true,"href":"https:\/\/soydeaqui.ddns.net\/pachuca\/index.php\/wp-json\/wp\/v2\/product_tag?post=7602"}],"curies":[{"name":"wp","href":"https:\/\/api.w.org\/{rel}","templated":true}]}}