{"id":7598,"date":"2026-03-18T06:58:23","date_gmt":"2026-03-18T06:58:23","guid":{"rendered":"https:\/\/soydeaqui.ddns.net\/pachuca\/index.php\/producto\/caja-protectora-de-policarbonato-con-montaje-de-pared\/"},"modified":"2026-03-18T06:58:25","modified_gmt":"2026-03-18T06:58:25","slug":"caja-protectora-de-policarbonato-con-montaje-de-pared","status":"publish","type":"product","link":"https:\/\/soydeaqui.ddns.net\/pachuca\/index.php\/producto\/caja-protectora-de-policarbonato-con-montaje-de-pared\/","title":{"rendered":"Caja Protectora de Policarbonato con Montaje de Pared"},"content":{"rendered":"<div style='width: 100%; max-width: 1200px; margin: 0 auto; font-family: sans-serif; line-height: 1.6; color: inherit; background-color: transparent;'> <!-- Secci\u00f3n de descripci\u00f3n principal --> <\/p>\n<div style='margin-bottom: 30px; font-size: 15px; color: inherit;'>\n<p>Este gabinete con llave multiuso est\u00e1 disponible para proteger una amplia gama de dispositivos de mayor tama\u00f1o&comma; componentes y equipos sensibles&comma; tales como teclados&comma; anunciadores&comma; controles de volumen y controles de iluminaci\u00f3n que requieren protecci\u00f3n f\u00edsica o ambiental.<\/p>\n<p>El STI-7511C guarda dispositivos sensibles de vandalismo&comma; da\u00f1os accidentales&comma; as\u00ed como los da\u00f1os causados por la exposici\u00f3n de elementos. Espaciador&comma; bisagra integrada y cubierta con material de policarbonato resistente. La cubierta de policarbonato est\u00e1 respaldado por una garant\u00eda de tres a\u00f1os contra la rotura en condiciones normales de uso. Da protecci\u00f3n para las grandes unidades contra da\u00f1os f\u00edsicos o ambientales.<br \/>Cubiertas&comma; bisagras y los saparador son de material de policarbonato resistente.<\/p>\n<\/p><\/div>\n<p> <!-- Secci\u00f3n de caracter\u00edsticas --> <\/p>\n<div style='display: flex; flex-wrap: wrap; gap: 30px; margin-bottom: 30px;'>\n<div style='flex: 1 1 300px; min-width: 280px;'>\n<h3 style='font-size: 22px; border-bottom: 2px solid currentColor; padding-bottom: 5px; margin-top: 0; color: inherit; opacity: 0.8;'>Caracter\u00edsticas<\/h3>\n<ul style='padding-left: 20px; font-size: 15px; color: inherit;'>\n<li style='margin-bottom: 5px;'>Protecci\u00f3n para las grandes unidades contra da\u00f1os f\u00edsicos o ambientales<\/li>\n<li style='margin-bottom: 5px;'>Cubiertas&comma; bisagras y los separadores se forman a partir de material de policarbonato resistente estupendo<\/li>\n<li style='margin-bottom: 5px;'>La cubierta es a los rayos UV<\/li>\n<li style='margin-bottom: 5px;'>Propiedades de trabajo t\u00edpicos de policarbonato son -40 \u00b0 a 250 \u00b0 F (-40 \u00b0 a 121 \u00b0 C)<\/li>\n<li style='margin-bottom: 5px;'>Hardware y juntas de montaje est\u00e1n incluidos<\/li>\n<li style='margin-bottom: 5px;'>Se puede utilizar sobre los controles de volumen o de iluminaci\u00f3n<\/li>\n<li style='margin-bottom: 5px;'>Instalaci\u00f3n r\u00e1pida y f\u00e1cil<\/li>\n<li style='margin-bottom: 5px;'>Abra la caja posterior para aplicaciones de montaje al ras<\/li>\n<li style='margin-bottom: 5px;'>Cada unidad protegida se puede ver claramente y se identific\u00f3 r\u00e1pidamente<\/li>\n<li style='margin-bottom: 5px;'>Garant\u00eda de tres a\u00f1os contra la rotura del policarbonato durante el uso normal<\/li>\n<li style='margin-bottom: 5px;'>94V-2 grado de inflamabilidad<\/li>\n<\/ul><\/div>\n<\/p><\/div>\n<p> <!-- Secci\u00f3n de especificaciones --> <\/p>\n<div style='display: flex; flex-wrap: wrap; gap: 20px; margin-bottom: 30px;'>\n<div style='flex: 1 1 250px; border: 1px solid rgba(150&comma; 150&comma; 150&comma; 0.4); border-radius: 8px; overflow: hidden; display: flex; flex-direction: column;'>\n<div style='padding: 15px; border-bottom: 1px solid rgba(150&comma; 150&comma; 150&comma; 0.2); font-weight: bold; font-size: 18px; color: inherit;'>Especificaciones<\/div>\n<div style='padding: 15px; color: inherit;'>\n<ul style='padding-left: 20px; margin: 0; font-size: 14px; list-style-type: disc;'>\n<li style='margin-bottom: 5px;'><strong>Dimensiones:<\/strong> 133 mm x 198 mm x 74 mm<\/li>\n<\/ul><\/div>\n<\/p><\/div>\n<\/p><\/div>\n<p> <!-- Separador --> <\/p>\n<hr style='border: 0; border-top: 1px solid rgba(150&comma; 150&comma; 150&comma; 0.3); margin: 30px 0;'> <\/div>\n","protected":false},"excerpt":{"rendered":"<p>Caja Protectora de Policarbonato con Montaje de Pared<\/p>\n","protected":false},"featured_media":7597,"comment_status":"open","ping_status":"closed","template":"","meta":[],"product_brand":[],"product_cat":[540],"product_tag":[93,169,180],"class_list":{"0":"post-7598","1":"product","2":"type-product","3":"status-publish","4":"has-post-thumbnail","6":"product_cat-accesorios-total-connect-honeywell","7":"product_tag-accesorios","8":"product_tag-sti","9":"product_tag-total-connect-honeywell","11":"first","12":"instock","13":"sale","14":"shipping-taxable","15":"purchasable","16":"product-type-simple"},"_links":{"self":[{"href":"https:\/\/soydeaqui.ddns.net\/pachuca\/index.php\/wp-json\/wp\/v2\/product\/7598","targetHints":{"allow":["GET"]}}],"collection":[{"href":"https:\/\/soydeaqui.ddns.net\/pachuca\/index.php\/wp-json\/wp\/v2\/product"}],"about":[{"href":"https:\/\/soydeaqui.ddns.net\/pachuca\/index.php\/wp-json\/wp\/v2\/types\/product"}],"replies":[{"embeddable":true,"href":"https:\/\/soydeaqui.ddns.net\/pachuca\/index.php\/wp-json\/wp\/v2\/comments?post=7598"}],"wp:featuredmedia":[{"embeddable":true,"href":"https:\/\/soydeaqui.ddns.net\/pachuca\/index.php\/wp-json\/wp\/v2\/media\/7597"}],"wp:attachment":[{"href":"https:\/\/soydeaqui.ddns.net\/pachuca\/index.php\/wp-json\/wp\/v2\/media?parent=7598"}],"wp:term":[{"taxonomy":"product_brand","embeddable":true,"href":"https:\/\/soydeaqui.ddns.net\/pachuca\/index.php\/wp-json\/wp\/v2\/product_brand?post=7598"},{"taxonomy":"product_cat","embeddable":true,"href":"https:\/\/soydeaqui.ddns.net\/pachuca\/index.php\/wp-json\/wp\/v2\/product_cat?post=7598"},{"taxonomy":"product_tag","embeddable":true,"href":"https:\/\/soydeaqui.ddns.net\/pachuca\/index.php\/wp-json\/wp\/v2\/product_tag?post=7598"}],"curies":[{"name":"wp","href":"https:\/\/api.w.org\/{rel}","templated":true}]}}