{"id":75979,"date":"2026-03-19T15:02:00","date_gmt":"2026-03-19T15:02:00","guid":{"rendered":"https:\/\/soydeaqui.ddns.net\/pachuca\/index.php\/producto\/amplificador-de-alta-eficiencia-con-1-salida-de-500w-y-fuente-de-respaldo-de-24-vcc\/"},"modified":"2026-03-19T15:02:01","modified_gmt":"2026-03-19T15:02:01","slug":"amplificador-de-alta-eficiencia-con-1-salida-de-500w-y-fuente-de-respaldo-de-24-vcc","status":"publish","type":"product","link":"https:\/\/soydeaqui.ddns.net\/pachuca\/index.php\/producto\/amplificador-de-alta-eficiencia-con-1-salida-de-500w-y-fuente-de-respaldo-de-24-vcc\/","title":{"rendered":"Amplificador de Alta Eficiencia con 1 salida de 500W y Fuente de Respaldo de 24 Vcc"},"content":{"rendered":"<div style='width: 100%; max-width: 1200px; margin: 0 auto; font-family: sans-serif; line-height: 1.6; color: inherit; background-color: transparent;'> <!-- Descripci\u00f3n general --> <\/p>\n<div style='margin-bottom: 30px;'>\n<h2 style='font-size: 24px; border-bottom: 2px solid currentColor; padding-bottom: 5px; margin-top: 0; color: inherit; opacity: 0.8;'>Descripci\u00f3n General<\/h2>\n<p style='font-size: 15px; margin-bottom: 15px; color: inherit;'>El X-DA1500EN es un amplificador de clase D&comma; ligero&comma; estable y de alta eficiencia. La transmisi\u00f3n de audio es completamente digitalizada lo que lo hace libre de interferencias y f\u00e1cil de controlar. Tambi\u00e9n cuenta con una fuente de respaldo de 24 Vcc conforme al est\u00e1ndar internacional. Es la elecci\u00f3n perfecta para aplicaciones de seguridad.<\/p>\n<\/p><\/div>\n<p> <!-- Caracter\u00edsticas principales --> <\/p>\n<div style='display: flex; flex-wrap: wrap; gap: 30px; margin-bottom: 30px;'>\n<div style='flex: 1 1 300px; min-width: 280px;'>\n<h3 style='font-size: 22px; border-bottom: 2px solid currentColor; padding-bottom: 5px; margin-top: 0; color: inherit; opacity: 0.8;'>Caracter\u00edsticas Principales<\/h3>\n<ul style='padding-left: 20px; font-size: 15px; color: inherit;'>\n<li style='margin-bottom: 5px;'>Amplificador clase D con salida de 500W<\/li>\n<li style='margin-bottom: 5px;'>Protecci\u00f3n autom\u00e1tica contra sobrecalentamiento&comma; sobrecorriente&comma; sobrevoltaje y subtensi\u00f3n<\/li>\n<li style='margin-bottom: 5px;'>Detecci\u00f3n de fallas y autodiagn\u00f3stico<\/li>\n<li style='margin-bottom: 5px;'>Ventilaci\u00f3n efectiva mediante abanico<\/li>\n<li style='margin-bottom: 5px;'>Conforme al est\u00e1ndar CE<\/li>\n<li style='margin-bottom: 5px;'>Fuente de respaldo de 24 Vcc<\/li>\n<\/ul><\/div>\n<p> <!-- Especificaciones t\u00e9cnicas --> <\/p>\n<div style='flex: 1 1 300px; min-width: 280px;'>\n<h3 style='font-size: 22px; border-bottom: 2px solid currentColor; padding-bottom: 5px; margin-top: 0; color: inherit; opacity: 0.8;'>Especificaciones T\u00e9cnicas<\/h3>\n<ul style='padding-left: 20px; font-size: 15px; color: inherit;'>\n<li style='margin-bottom: 5px;'><strong>Potencia nominal:<\/strong> 1 \u00d7 500 W<\/li>\n<li style='margin-bottom: 5px;'><strong>Tensi\u00f3n de alimentaci\u00f3n:<\/strong> ~ 100 &#8211; 240 V&comma; 50\/60 Hz<\/li>\n<li style='margin-bottom: 5px;'><strong>Rango de tensi\u00f3n de operaci\u00f3n:<\/strong> 21.5 V &#8211; 28.5 V DC<\/li>\n<li style='margin-bottom: 5px;'><strong>Consumo de potencia:<\/strong> < 700 W<\/li>\n<li style='margin-bottom: 5px;'><strong>Tensi\u00f3n de salida:<\/strong> 100 V \/ 70 V<\/li>\n<li style='margin-bottom: 5px;'><strong>Respuesta de frecuencia:<\/strong> 70 Hz &#8211; 18 kHz (+1 dB ~ -3 dB)<\/li>\n<li style='margin-bottom: 5px;'><strong>Sensibilidad de entrada:<\/strong> 1.414 V RMS<\/li>\n<li style='margin-bottom: 5px;'><strong>Impedancia:<\/strong> 20 k\u03a9<\/li>\n<li style='margin-bottom: 5px;'><strong>Relaci\u00f3n se\u00f1al\/ruido:<\/strong> > 100 dB<\/li>\n<li style='margin-bottom: 5px;'><strong>Distorsi\u00f3n no lineal:<\/strong> < 0.05 % (a 1\/3 de la potencia nominal&comma; 1 kHz)<\/li>\n<\/ul><\/div>\n<\/p><\/div>\n<p> <!-- Secci\u00f3n de funcionamiento --> <\/p>\n<div style='display: flex; flex-wrap: wrap; gap: 30px; margin-bottom: 30px;'>\n<div style='flex: 1 1 300px; min-width: 280px;'>\n<h3 style='font-size: 22px; border-bottom: 2px solid currentColor; padding-bottom: 5px; margin-top: 0; color: inherit; opacity: 0.8;'>Funcionamiento<\/h3>\n<ul style='padding-left: 20px; font-size: 15px; color: inherit;'>\n<li style='margin-bottom: 5px;'>Puede recibir se\u00f1al de audio a trav\u00e9s de Ethernet mediante puerto RJ45 est\u00e1ndar<\/li>\n<li style='margin-bottom: 5px;'>Soporta entradas de audio balanceadas y no balanceadas<\/li>\n<li style='margin-bottom: 5px;'>Puede operar sin alimentaci\u00f3n principal en situaciones de emergencia<\/li>\n<li style='margin-bottom: 5px;'>Puede ajustar el volumen seg\u00fan el ruido ambiental cuando se instala el detector de ruido HN-D32N<\/li>\n<li style='margin-bottom: 5px;'>Cuando se detecta un cortocircuito en el circuito de alimentaci\u00f3n principal&comma; la fuente de alimentaci\u00f3n se apagar\u00e1 autom\u00e1ticamente y se activar\u00e1 la fuente de respaldo<\/li>\n<li style='margin-bottom: 5px;'>Cuando ocurre una falla&comma; protecci\u00f3n autom\u00e1tica o autoprueba&comma; el puerto de falla de entrada de audio en la parte trasera del panel se cortocircuita y se env\u00eda una se\u00f1al de falla a la unidad de control de la red<\/li>\n<\/ul><\/div>\n<p> <!-- Indicadores --> <\/p>\n<div style='flex: 1 1 300px; min-width: 280px;'>\n<h3 style='font-size: 22px; border-bottom: 2px solid currentColor; padding-bottom: 5px; margin-top: 0; color: inherit; opacity: 0.8;'>Indicadores<\/h3>\n<ul style='padding-left: 20px; font-size: 15px; color: inherit;'>\n<li style='margin-bottom: 5px;'>Luz de alimentaci\u00f3n<\/li>\n<li style='margin-bottom: 5px;'>Luz de falla AC<\/li>\n<li style='margin-bottom: 5px;'>Luz de falla DC<\/li>\n<li style='margin-bottom: 5px;'>Luz de se\u00f1al (por canal)<\/li>\n<li style='margin-bottom: 5px;'>Luz de recorte (por canal)<\/li>\n<li style='margin-bottom: 5px;'>Luz de protecci\u00f3n (por canal)<\/li>\n<\/ul><\/div>\n<\/p><\/div>\n<p> <!-- Secci\u00f3n de construcci\u00f3n --> <\/p>\n<div style='display: flex; flex-wrap: wrap; gap: 30px; margin-bottom: 30px;'>\n<div style='flex: 1 1 300px; min-width: 280px;'>\n<h3 style='font-size: 22px; border-bottom: 2px solid currentColor; padding-bottom: 5px; margin-top: 0; color: inherit; opacity: 0.8;'>Construcci\u00f3n<\/h3>\n<ul style='padding-left: 20px; font-size: 15px; color: inherit;'>\n<li style='margin-bottom: 5px;'>Dise\u00f1o de peso ligero<\/li>\n<li style='margin-bottom: 5px;'>Panel frontal fabricado con material ABS ign\u00edfugo UL94V-0<\/li>\n<li style='margin-bottom: 5px;'>Sistema de enfriamiento por aire<\/li>\n<li style='margin-bottom: 5px;'>Fusible incorporado para protecci\u00f3n contra sobrecorriente<\/li>\n<\/ul><\/div>\n<p> <!-- Condiciones de operaci\u00f3n --> <\/p>\n<div style='flex: 1 1 300px; min-width: 280px;'>\n<h3 style='font-size: 22px; border-bottom: 2px solid currentColor; padding-bottom: 5px; margin-top: 0; color: inherit; opacity: 0.8;'>Condiciones de Operaci\u00f3n<\/h3>\n<ul style='padding-left: 20px; font-size: 15px; color: inherit;'>\n<li style='margin-bottom: 5px;'><strong>Temperatura de operaci\u00f3n:<\/strong> 0 \u00b0C a +40 \u00b0C (0 \u00b0F a 104 \u00b0F) sin condensaci\u00f3n<\/li>\n<li style='margin-bottom: 5px;'><strong>Temperatura de almacenamiento:<\/strong> -10 \u00b0C a +55 \u00b0C (14 \u00b0F a 131 \u00b0F)<\/li>\n<li style='margin-bottom: 5px;'><strong>Humedad:<\/strong> 95 % sin condensaci\u00f3n<\/li>\n<\/ul><\/div>\n<\/p><\/div>\n<p> <!-- Secci\u00f3n de dimensiones y peso --> <\/p>\n<div style='display: flex; flex-wrap: wrap; gap: 30px; margin-bottom: 30px;'>\n<div style='flex: 1 1 300px; min-width: 280px;'>\n<h3 style='font-size: 22px; border-bottom: 2px solid currentColor; padding-bottom: 5px; margin-top: 0; color: inherit; opacity: 0.8;'>Dimensiones y Peso<\/h3>\n<ul style='padding-left: 20px; font-size: 15px; color: inherit;'>\n<li style='margin-bottom: 5px;'><strong>Dimensiones del producto:<\/strong> 416 \u00d7 88 \u00d7 483 mm (Ancho \u00d7 Alto \u00d7 Profundidad)<\/li>\n<li style='margin-bottom: 5px;'><strong>Dimensiones del paquete:<\/strong> 489 \u00d7 186 \u00d7 568 mm (Ancho \u00d7 Alto \u00d7 Profundidad)<\/li>\n<li style='margin-bottom: 5px;'><strong>Peso neto:<\/strong> 10.8 kg<\/li>\n<li style='margin-bottom: 5px;'><strong>Peso bruto:<\/strong> 13.9 kg<\/li>\n<\/ul><\/div>\n<p> <!-- Certificaciones --> <\/p>\n<div style='flex: 1 1 300px; min-width: 280px;'>\n<h3 style='font-size: 22px; border-bottom: 2px solid currentColor; padding-bottom: 5px; margin-top: 0; color: inherit; opacity: 0.8;'>Certificaciones<\/h3>\n<ul style='padding-left: 20px; font-size: 15px; color: inherit;'>\n<li style='margin-bottom: 5px;'>CE Complied<\/li>\n<li style='margin-bottom: 5px;'>CB Certified<\/li>\n<\/ul><\/div>\n<\/p><\/div>\n<p> <!-- Secci\u00f3n de interfaces --> <\/p>\n<div style='margin-bottom: 30px;'>\n<h3 style='font-size: 22px; border-bottom: 2px solid currentColor; padding-bottom: 5px; margin-top: 0; color: inherit; opacity: 0.8;'>Interfaces<\/h3>\n<ul style='padding-left: 20px; font-size: 15px; color: inherit;'>\n<li style='margin-bottom: 5px;'>Puerto de alimentaci\u00f3n principal y fuente de respaldo de 24 Vcc<\/li>\n<li style='margin-bottom: 5px;'>Entradas de audio (balanceadas o no balanceadas)<\/li>\n<li style='margin-bottom: 5px;'>Salidas de audio (100V o 70V)<\/li>\n<li style='margin-bottom: 5px;'>Puerto RJ-45 para cable de red<\/li>\n<\/ul><\/div>\n<p> <!-- Separador --> <\/p>\n<hr style='border: 0; border-top: 1px solid rgba(150&comma; 150&comma; 150&comma; 0.3); margin: 30px 0;'> <\/div>\n","protected":false},"excerpt":{"rendered":"<p>Amplificador de Alta Eficiencia con 1 salida de 500W y Fuente de Respaldo de 24 Vcc<\/p>\n","protected":false},"featured_media":75978,"comment_status":"open","ping_status":"closed","template":"","meta":[],"product_brand":[],"product_cat":[208],"product_tag":[209,2099,109],"class_list":{"0":"post-75979","1":"product","2":"type-product","3":"status-publish","4":"has-post-thumbnail","6":"product_cat-honeywell","7":"product_tag-honeywell","8":"product_tag-honeywell-pava","9":"product_tag-megafonia-y-audioevacuacion","11":"first","12":"outofstock","13":"sale","14":"shipping-taxable","15":"purchasable","16":"product-type-simple"},"_links":{"self":[{"href":"https:\/\/soydeaqui.ddns.net\/pachuca\/index.php\/wp-json\/wp\/v2\/product\/75979","targetHints":{"allow":["GET"]}}],"collection":[{"href":"https:\/\/soydeaqui.ddns.net\/pachuca\/index.php\/wp-json\/wp\/v2\/product"}],"about":[{"href":"https:\/\/soydeaqui.ddns.net\/pachuca\/index.php\/wp-json\/wp\/v2\/types\/product"}],"replies":[{"embeddable":true,"href":"https:\/\/soydeaqui.ddns.net\/pachuca\/index.php\/wp-json\/wp\/v2\/comments?post=75979"}],"wp:featuredmedia":[{"embeddable":true,"href":"https:\/\/soydeaqui.ddns.net\/pachuca\/index.php\/wp-json\/wp\/v2\/media\/75978"}],"wp:attachment":[{"href":"https:\/\/soydeaqui.ddns.net\/pachuca\/index.php\/wp-json\/wp\/v2\/media?parent=75979"}],"wp:term":[{"taxonomy":"product_brand","embeddable":true,"href":"https:\/\/soydeaqui.ddns.net\/pachuca\/index.php\/wp-json\/wp\/v2\/product_brand?post=75979"},{"taxonomy":"product_cat","embeddable":true,"href":"https:\/\/soydeaqui.ddns.net\/pachuca\/index.php\/wp-json\/wp\/v2\/product_cat?post=75979"},{"taxonomy":"product_tag","embeddable":true,"href":"https:\/\/soydeaqui.ddns.net\/pachuca\/index.php\/wp-json\/wp\/v2\/product_tag?post=75979"}],"curies":[{"name":"wp","href":"https:\/\/api.w.org\/{rel}","templated":true}]}}