{"id":75908,"date":"2026-03-19T14:59:04","date_gmt":"2026-03-19T14:59:04","guid":{"rendered":"https:\/\/soydeaqui.ddns.net\/pachuca\/index.php\/producto\/hex-poe-lite-routerboard-5-puertos-fast-ethernet-4-con-poe-pasivo-1-puerto-usb\/"},"modified":"2026-03-19T14:59:17","modified_gmt":"2026-03-19T14:59:17","slug":"hex-poe-lite-routerboard-5-puertos-fast-ethernet-4-con-poe-pasivo-1-puerto-usb","status":"publish","type":"product","link":"https:\/\/soydeaqui.ddns.net\/pachuca\/index.php\/producto\/hex-poe-lite-routerboard-5-puertos-fast-ethernet-4-con-poe-pasivo-1-puerto-usb\/","title":{"rendered":"(hEX PoE LITE) RouterBoard, 5 Puertos Fast Ethernet, 4 con PoE Pasivo, 1 Puerto USB"},"content":{"rendered":"<div style='width: 100%; max-width: 1200px; margin: 0 auto; font-family: sans-serif; line-height: 1.6; color: inherit; background-color: transparent;'>\n<div style='display: flex; flex-direction: column; gap: 30px; margin-bottom: 30px;'>\n<div style='width: 100%;'>\n<h2 style='font-size: 24px; margin-top: 0; color: inherit; opacity: 0.9;'>hEX PoE Lite<\/h2>\n<p style='font-size: 15px; color: inherit; margin-top: 15px; margin-bottom: 15px;'>hEX PoE Lite es un peque\u00f1o router de Ethernet de cinco puertos en una caja de pl\u00e1stico&comma; que tiene un puerto USB 2.0 y salida PoE.<\/p>\n<p style='font-size: 15px; color: inherit; margin-top: 15px; margin-bottom: 15px;'>Puertos 2-5 pueden alimentar otros dispositivos capaces PoE (Pasivo) con la misma tensi\u00f3n que se aplica a la unidad. Menos adaptadores de corriente y cables de qu\u00e9 preocuparse! La corriente m\u00e1xima es 1A por puerto&comma; puertos Ethernet est\u00e1n blindados.<\/p>\n<p style='font-size: 15px; color: inherit; margin-top: 15px; margin-bottom: 15px;'>Es economico&comma; peque\u00f1o y f\u00e1cil de usar. Con su dise\u00f1o compacto y aspecto limpio&comma; que se inserta perfectamente en cualquier entorno SOHO<\/p>\n<\/p><\/div>\n<\/p><\/div>\n<div style='display: flex; flex-wrap: wrap; gap: 30px; margin-bottom: 30px;'>\n<div style='flex: 1 1 300px; min-width: 280px;'> <a href='https:\/\/soporte.syscom.mx\/es\/collections\/3502429-mikrotik'> <img style='width: 100%; height: auto; border: 1px solid rgba(150&comma;150&comma;150&comma;0.3); border-radius: 8px;' src='https:\/\/ftp3.syscom.mx\/usuarios\/raragon\/Imagenes_Generales\/Manuales_de_configuracion.jpg' alt=''> <\/a> <\/div>\n<\/p><\/div>\n<div style='display: flex; flex-direction: column; gap: 30px; margin-bottom: 30px;'>\n<div style='width: 100%;'>\n<h3 style='font-size: 22px; border-bottom: 2px solid currentColor; padding-bottom: 5px; margin-top: 0; color: inherit; opacity: 0.8;'><a href='https:\/\/soporte.syscom.mx\/es\/articles\/2259977-mikrotik-caracteristicas-principales-de-routeros' style='color: inherit; text-decoration: none;'>Caracter\u00edsticas principales de RouterOS<\/a><\/h3>\n<\/p><\/div>\n<\/p><\/div>\n<div style='display: flex; flex-wrap: wrap; gap: 20px; margin-bottom: 30px;'>\n<div style='flex: 1 1 250px; border: 1px solid rgba(150&comma; 150&comma; 150&comma; 0.4); border-radius: 8px; overflow: hidden; display: flex; flex-direction: column;'>\n<div style='padding: 15px; border-bottom: 1px solid rgba(150&comma; 150&comma; 150&comma; 0.2); font-weight: bold; font-size: 18px; color: inherit;'>Especificaciones Generales<\/div>\n<div style='padding: 15px; color: inherit;'>\n<ul style='padding-left: 20px; margin: 0; font-size: 14px; list-style-type: disc;'>\n<li style='margin-bottom: 5px;'><strong>Codigo del Producto:<\/strong> RB750UPr2<\/li>\n<li style='margin-bottom: 5px;'><strong>Arquitectura:<\/strong> MIPS-BE<\/li>\n<li style='margin-bottom: 5px;'><strong>CPU:<\/strong> QCA9531<\/li>\n<li style='margin-bottom: 5px;'><strong>Cantidad de Nucleos CPU:<\/strong> 1<\/li>\n<li style='margin-bottom: 5px;'><strong>Frecuencia del CPU:<\/strong> 650 MHz<\/li>\n<li style='margin-bottom: 5px;'><strong>Diemnsiones:<\/strong> 113x89x28mm<\/li>\n<li style='margin-bottom: 5px;'><strong>Nivel de Licencia:<\/strong> 4<\/li>\n<li style='margin-bottom: 5px;'><strong>Sistema Operativo:<\/strong> RouterOS<\/li>\n<li style='margin-bottom: 5px;'><strong>Memoria RAM:<\/strong> 64 MB<\/li>\n<li style='margin-bottom: 5px;'><strong>Almacenamiento:<\/strong> 16 MB<\/li>\n<li style='margin-bottom: 5px;'><strong>Tipo de Almacenamiento:<\/strong> FLASH<\/li>\n<li style='margin-bottom: 5px;'><strong>Temperatura de operacion:<\/strong> -30 + 70 C<\/li>\n<\/ul><\/div>\n<\/p><\/div>\n<\/p><\/div>\n<div style='display: flex; flex-wrap: wrap; gap: 20px; margin-bottom: 30px;'>\n<div style='flex: 1 1 250px; border: 1px solid rgba(150&comma; 150&comma; 150&comma; 0.4); border-radius: 8px; overflow: hidden; display: flex; flex-direction: column;'>\n<div style='padding: 15px; border-bottom: 1px solid rgba(150&comma; 150&comma; 150&comma; 0.2); font-weight: bold; font-size: 18px; color: inherit;'>Alimentaci\u00f3n<\/div>\n<div style='padding: 15px; color: inherit;'>\n<ul style='padding-left: 20px; margin: 0; font-size: 14px; list-style-type: disc;'>\n<li style='margin-bottom: 5px;'><strong>Consumo energetico:<\/strong> 3W<\/li>\n<li style='margin-bottom: 5px;'><strong>Fuentes de alimentacion:<\/strong> 2 (DC jack&comma; PoE-IN)<\/li>\n<li style='margin-bottom: 5px;'><strong>Entrada PoE:<\/strong> PoE Pasivo<\/li>\n<li style='margin-bottom: 5px;'><strong>Voltaje de entrada jack:<\/strong> 8-30 V DC<\/li>\n<li style='margin-bottom: 5px;'><strong>Voltaje de entrada PoE:<\/strong> 8-30 V DC<\/li>\n<li style='margin-bottom: 5px;'><strong>Salida PoE:<\/strong> PoE Pasivo<\/li>\n<\/ul><\/div>\n<\/p><\/div>\n<\/p><\/div>\n<div style='display: flex; flex-wrap: wrap; gap: 20px; margin-bottom: 30px;'>\n<div style='flex: 1 1 250px; border: 1px solid rgba(150&comma; 150&comma; 150&comma; 0.4); border-radius: 8px; overflow: hidden; display: flex; flex-direction: column;'>\n<div style='padding: 15px; border-bottom: 1px solid rgba(150&comma; 150&comma; 150&comma; 0.2); font-weight: bold; font-size: 18px; color: inherit;'>Ethernet<\/div>\n<div style='padding: 15px; color: inherit;'>\n<ul style='padding-left: 20px; margin: 0; font-size: 14px; list-style-type: disc;'>\n<li style='margin-bottom: 5px;'><strong>Puertos Ethernet:<\/strong> 5 x 10\/100 Mbps<\/li>\n<\/ul><\/div>\n<\/p><\/div>\n<\/p><\/div>\n<div style='display: flex; flex-wrap: wrap; gap: 20px; margin-bottom: 30px;'>\n<div style='flex: 1 1 250px; border: 1px solid rgba(150&comma; 150&comma; 150&comma; 0.4); border-radius: 8px; overflow: hidden; display: flex; flex-direction: column;'>\n<div style='padding: 15px; border-bottom: 1px solid rgba(150&comma; 150&comma; 150&comma; 0.2); font-weight: bold; font-size: 18px; color: inherit;'>Perifericos<\/div>\n<div style='padding: 15px; color: inherit;'>\n<ul style='padding-left: 20px; margin: 0; font-size: 14px; list-style-type: disc;'>\n<li style='margin-bottom: 5px;'><strong>Numero de puertos USB:<\/strong> 1<\/li>\n<li style='margin-bottom: 5px;'><strong>Reinicio de energia USB:<\/strong> Si<\/li>\n<li style='margin-bottom: 5px;'><strong>Tipo de slot USB:<\/strong> USB tipo A<\/li>\n<\/ul><\/div>\n<\/p><\/div>\n<\/p><\/div>\n<div style='display: flex; flex-wrap: wrap; gap: 20px; margin-bottom: 30px;'>\n<div style='flex: 1 1 250px; border: 1px solid rgba(150&comma; 150&comma; 150&comma; 0.4); border-radius: 8px; overflow: hidden; display: flex; flex-direction: column;'>\n<div style='padding: 15px; border-bottom: 1px solid rgba(150&comma; 150&comma; 150&comma; 0.2); font-weight: bold; font-size: 18px; color: inherit;'>Otras caracter\u00edsticas<\/div>\n<div style='padding: 15px; color: inherit;'>\n<ul style='padding-left: 20px; margin: 0; font-size: 14px; list-style-type: disc;'>\n<li style='margin-bottom: 5px;'><strong>Monitor Actual:<\/strong> Si<\/li>\n<li style='margin-bottom: 15px;'><strong>Monitor de temperatura PCB:<\/strong> Si<\/li>\n<li style='margin-bottom: 5px;'><strong>Monitor de Voltaje:<\/strong> Si<\/li>\n<\/ul><\/div>\n<\/p><\/div>\n<\/p><\/div>\n<hr style='border: 0; border-top: 1px solid rgba(150&comma; 150&comma; 150&comma; 0.3); margin: 30px 0;'>\n<div style='display: flex; flex-wrap: wrap; gap: 30px; margin-bottom: 30px;'>\n<div style='flex: 1 1 300px; min-width: 280px;'>\n<h3 style='font-size: 22px; border-bottom: 2px solid currentColor; padding-bottom: 5px; margin-top: 0; color: inherit; opacity: 0.8;'>Resultados de pruebas de Ethernet<\/h3>\n<p style='font-size: 14px; color: inherit; margin-top: 15px; margin-bottom: 15px;'>Todas las pruebas se realizaron con equipo especializado Xena Networks (XenaBay)&comma; siguiendo RFC2544 (Xena2544)<\/p>\n<p style='font-size: 14px; color: inherit; margin-top: 15px; margin-bottom: 15px;'>El rendimiento m\u00e1ximo se determin\u00f3 con intentos de 30+ segundos con tolerancia de p\u00e9rdida de paquetes del 0.1% en tama\u00f1os de paquetes de 64&comma; 512 y 1518 bytes<\/p>\n<p style='font-size: 14px; color: inherit; margin-top: 15px; margin-bottom: 15px;'>Los valores en cursiva indican que se alcanz\u00f3 el rendimiento m\u00e1ximo sin llegar al l\u00edmite del CPU&comma; sino por configuraci\u00f3n m\u00e1xima de la placa<\/p>\n<p style='font-size: 14px; color: inherit; margin-top: 15px; margin-bottom: 15px;'>Los resultados muestran el rendimiento m\u00e1ximo del dispositivo&comma; y se obtuvieron con la configuraci\u00f3n de hardware y software mencionada&comma; configuraciones diferentes probablemente dar\u00e1n resultados m\u00e1s bajos<\/p>\n<\/p><\/div>\n<\/p><\/div>\n<div style='display: flex; flex-wrap: wrap; gap: 20px; margin-bottom: 30px;'>\n<div style='flex: 1 1 250px; border: 1px solid rgba(150&comma; 150&comma; 150&comma; 0.4); border-radius: 8px; overflow: hidden; display: flex; flex-direction: column;'>\n<div style='padding: 15px; border-bottom: 1px solid rgba(150&comma; 150&comma; 150&comma; 0.2); font-weight: bold; font-size: 18px; color: inherit;'>Pruebas de rendimiento<\/div>\n<div style='padding: 15px; color: inherit;'>\n<table style='width: 100%; border-collapse: collapse; font-size: 14px;'>\n<thead>\n<tr style='background-color: #f9f9f9; border-bottom: 1px solid rgba(150&comma;150&comma;150&comma;0.3); border-top: 1px solid rgba(150&comma;150&comma;150&comma;0.3);'>\n<th style='padding: 6px 8px; text-align: left;' colspan='2'>RB750UPr2<\/th>\n<th style='padding: 6px 8px; text-align: left;' colspan='6'>QCA9531 (650Mhz) 100M all port test<\/th>\n<\/tr>\n<tr style='background-color: #f9f9f9; border-bottom: 1px solid rgba(150&comma;150&comma;150&comma;0.3); border-top: 1px solid rgba(150&comma;150&comma;150&comma;0.3);'>\n<td style='padding: 6px 8px; font-weight: bold; background-color: #f9f9f9;' rowspan='2'>Modo<\/td>\n<td style='padding: 6px 8px; font-weight: bold; background-color: #f9f9f9;' rowspan='2'>Configuraci\u00f3n<\/td>\n<td style='padding: 6px 8px; font-weight: bold; background-color: #f9f9f9;' colspan='2'>1518 byte<\/td>\n<td style='padding: 6px 8px; font-weight: bold; background-color: #f9f9f9;' colspan='2'>512 byte<\/td>\n<td style='padding: 6px 8px; font-weight: bold; background-color: #f9f9f9;' colspan='2'>64 byte<\/td>\n<\/tr>\n<tr style='background-color: #f9f9f9; border-bottom: 1px solid rgba(150&comma;150&comma;150&comma;0.3); border-top: 1px solid rgba(150&comma;150&comma;150&comma;0.3);'>\n<td style='padding: 6px 8px; font-weight: bold; background-color: #f9f9f9;'>kpps<\/td>\n<td style='padding: 6px 8px; font-weight: bold; background-color: #f9f9f9;'>Mbps<\/td>\n<td style='padding: 6px 8px; font-weight: bold; background-color: #f9f9f9;'>kpps<\/td>\n<td style='padding: 6px 8px; font-weight: bold; background-color: #f9f9f9;'>Mbps<\/td>\n<td style='padding: 6px 8px; font-weight: bold; background-color: #f9f9f9;'>kpps<\/td>\n<td style='padding: 6px 8px; font-weight: bold; background-color: #f9f9f9;'>Mbps<\/td>\n<\/tr>\n<\/thead>\n<tbody>\n<tr style='border-bottom: 1px solid rgba(150&comma;150&comma;150&comma;0.3);'>\n<td style='padding: 6px 8px;'>Bridging<\/td>\n<td style='padding: 6px 8px;'>none (fast path)<\/td>\n<td style='padding: 6px 8px;'>40.6<\/td>\n<td style='padding: 6px 8px;'>493.0<\/td>\n<td style='padding: 6px 8px;'>117.4<\/td>\n<td style='padding: 6px 8px;'>480.9<\/td>\n<td style='padding: 6px 8px;'>217.0<\/td>\n<td style='padding: 6px 8px;'>111.1<\/td>\n<\/tr>\n<tr style='border-bottom: 1px solid rgba(150&comma;150&comma;150&comma;0.3); background-color: #f9f9f9;'>\n<td style='padding: 6px 8px;'>Bridging<\/td>\n<td style='padding: 6px 8px;'>25 bridge filter rules<\/td>\n<td style='padding: 6px 8px;'>40.6<\/td>\n<td style='padding: 6px 8px;'>493.0<\/td>\n<td style='padding: 6px 8px;'>70.1<\/td>\n<td style='padding: 6px 8px;'>287.1<\/td>\n<td style='padding: 6px 8px;'>70.9<\/td>\n<td style='padding: 6px 8px;'>36.3<\/td>\n<\/tr>\n<tr style='border-bottom: 1px solid rgba(150&comma;150&comma;150&comma;0.3);'>\n<td style='padding: 6px 8px;'>Routing<\/td>\n<td style='padding: 6px 8px;'>none (fast path)<\/td>\n<td style='padding: 6px 8px;'>40.6<\/td>\n<td style='padding: 6px 8px;'>493.0<\/td>\n<td style='padding: 6px 8px;'>117.4<\/td>\n<td style='padding: 6px 8px;'>480.9<\/td>\n<td style='padding: 6px 8px;'>200.8<\/td>\n<td style='padding: 6px 8px;'>102.8<\/td>\n<\/tr>\n<tr style='border-bottom: 1px solid rgba(150&comma;150&comma;150&comma;0.3); background-color: #f9f9f9;'>\n<td style='padding: 6px 8px;'>Routing<\/td>\n<td style='padding: 6px 8px;'>25 simple queues<\/td>\n<td style='padding: 6px 8px;'>40.6<\/td>\n<td style='padding: 6px 8px;'>493.0<\/td>\n<td style='padding: 6px 8px;'>79.6<\/td>\n<td style='padding: 6px 8px;'>326.0<\/td>\n<td style='padding: 6px 8px;'>90.8<\/td>\n<td style='padding: 6px 8px;'>46.5<\/td>\n<\/tr>\n<tr style='border-bottom: 1px solid rgba(150&comma;150&comma;150&comma;0.3);'>\n<td style='padding: 6px 8px;'>Routing<\/td>\n<td style='padding: 6px 8px;'>25 ip filter rules<\/td>\n<td style='padding: 6px 8px;'>40.6<\/td>\n<td style='padding: 6px 8px;'>493.0<\/td>\n<td style='padding: 6px 8px;'>42.2<\/td>\n<td style='padding: 6px 8px;'>172.8<\/td>\n<td style='padding: 6px 8px;'>43.2<\/td>\n<td style='padding: 6px 8px;'>22.1<\/td>\n<\/tr>\n<\/tbody>\n<\/table><\/div>\n<\/p><\/div>\n<\/p><\/div>\n<hr style='border: 0; border-top: 1px solid rgba(150&comma; 150&comma; 150&comma; 0.3); margin: 30px 0;'>\n<div style='display: flex; flex-wrap: wrap; gap: 30px; margin-bottom: 30px;'>\n<div style='flex: 1 1 300px; min-width: 280px;'>\n<h3 style='font-size: 22px; border-bottom: 2px solid currentColor; padding-bottom: 5px; margin-top: 0; color: inherit; opacity: 0.8;'>Partes Incluidas<\/h3>\n<div style='margin-top: 15px; display: flex; flex-direction: column; gap: 15px;'>\n<div> <a href='https:\/\/img.routerboard.com\/mimg\/part21391161421m.jpg'> <img style='width: 100%; height: auto; border: 1px solid rgba(150&comma;150&comma;150&comma;0.3); border-radius: 8px;' src='https:\/\/img.routerboard.com\/mimg\/part21391161421s.jpg' alt=''> <\/a> <\/p>\n<p style='margin-top: 8px; font-size: 14px; color: inherit; text-align: center;'>24V 2.5A power adapter<\/p>\n<\/p><\/div>\n<div> <a href='https:\/\/img.routerboard.com\/mimg\/part41391160693m.jpg'> <img style='width: 100%; height: auto; border: 1px solid rgba(150&comma;150&comma;150&comma;0.3); border-radius: 8px;' src='https:\/\/img.routerboard.com\/mimg\/part41391160693s.jpg' alt=''> <\/a> <\/p>\n<p style='margin-top: 8px; font-size: 14px; color: inherit; text-align: center;'>IEC cord<\/p>\n<\/p><\/div>\n<\/p><\/div>\n<\/p><\/div>\n<\/p><\/div>\n<div style='display: flex; flex-wrap: wrap; gap: 30px; margin-bottom: 30px;'>\n<div style='flex: 1 1 300px; min-width: 280px;'> <img style='width: 100%; height: auto; border: 1px solid rgba(150&comma;150&comma;150&comma;0.3); border-radius: 8px;' src='https:\/\/ftp3.syscom.mx\/usuarios\/fotos\/RB750UPR2\/82000-garantia1.png' alt=''> <\/div>\n<\/p><\/div>\n<div style='display: flex; flex-wrap: wrap; gap: 30px; margin-bottom: 30px;'>\n<div style='flex: 1 1 300px; min-width: 280px;'>\n<p style='font-size: 14px; color: inherit; margin: 0;'>*Imagenes meramente ilustrativas<\/p>\n<\/p><\/div>\n<\/p><\/div>\n<\/p><\/div>\n","protected":false},"excerpt":{"rendered":"<p>(hEX PoE LITE) RouterBoard, 5 Puertos Fast Ethernet, 4 con PoE Pasivo, 1 Puerto USB<\/p>\n","protected":false},"featured_media":75907,"comment_status":"open","ping_status":"closed","template":"","meta":[],"product_brand":[],"product_cat":[2036,2035,2034],"product_tag":[2039,2038,643,664,2037],"class_list":{"0":"post-75908","1":"product","2":"type-product","3":"status-publish","4":"has-post-thumbnail","6":"product_cat-balanceadores","7":"product_cat-firewalls","8":"product_cat-routers","9":"product_tag-balanceadores","10":"product_tag-firewalls","11":"product_tag-mikrotik","12":"product_tag-networking","13":"product_tag-routers","15":"first","16":"instock","17":"sale","18":"shipping-taxable","19":"purchasable","20":"product-type-simple"},"_links":{"self":[{"href":"https:\/\/soydeaqui.ddns.net\/pachuca\/index.php\/wp-json\/wp\/v2\/product\/75908","targetHints":{"allow":["GET"]}}],"collection":[{"href":"https:\/\/soydeaqui.ddns.net\/pachuca\/index.php\/wp-json\/wp\/v2\/product"}],"about":[{"href":"https:\/\/soydeaqui.ddns.net\/pachuca\/index.php\/wp-json\/wp\/v2\/types\/product"}],"replies":[{"embeddable":true,"href":"https:\/\/soydeaqui.ddns.net\/pachuca\/index.php\/wp-json\/wp\/v2\/comments?post=75908"}],"wp:featuredmedia":[{"embeddable":true,"href":"https:\/\/soydeaqui.ddns.net\/pachuca\/index.php\/wp-json\/wp\/v2\/media\/75907"}],"wp:attachment":[{"href":"https:\/\/soydeaqui.ddns.net\/pachuca\/index.php\/wp-json\/wp\/v2\/media?parent=75908"}],"wp:term":[{"taxonomy":"product_brand","embeddable":true,"href":"https:\/\/soydeaqui.ddns.net\/pachuca\/index.php\/wp-json\/wp\/v2\/product_brand?post=75908"},{"taxonomy":"product_cat","embeddable":true,"href":"https:\/\/soydeaqui.ddns.net\/pachuca\/index.php\/wp-json\/wp\/v2\/product_cat?post=75908"},{"taxonomy":"product_tag","embeddable":true,"href":"https:\/\/soydeaqui.ddns.net\/pachuca\/index.php\/wp-json\/wp\/v2\/product_tag?post=75908"}],"curies":[{"name":"wp","href":"https:\/\/api.w.org\/{rel}","templated":true}]}}