{"id":75900,"date":"2026-03-19T14:58:43","date_gmt":"2026-03-19T14:58:43","guid":{"rendered":"https:\/\/soydeaqui.ddns.net\/pachuca\/index.php\/producto\/router-board-cpu-1-nucleo-5-puertos-gigabit-5-puertos-fast-1-puerto-sfp-licencia-nivel-5-y-montaje-en-rack\/"},"modified":"2026-03-19T14:58:59","modified_gmt":"2026-03-19T14:58:59","slug":"router-board-cpu-1-nucleo-5-puertos-gigabit-5-puertos-fast-1-puerto-sfp-licencia-nivel-5-y-montaje-en-rack","status":"publish","type":"product","link":"https:\/\/soydeaqui.ddns.net\/pachuca\/index.php\/producto\/router-board-cpu-1-nucleo-5-puertos-gigabit-5-puertos-fast-1-puerto-sfp-licencia-nivel-5-y-montaje-en-rack\/","title":{"rendered":"Router Board, CPU 1 N\u00facleo, 5 Puertos Gigabit, 5 Puertos Fast, 1 Puerto SFP, Licencia Nivel 5 y montaje en Rack"},"content":{"rendered":"<div style='width: 100%; max-width: 1200px; margin: 0 auto; font-family: sans-serif; line-height: 1.6; color: inherit; background-color: transparent;'>\n<div style='margin-bottom: 30px;'>\n<p style='font-size: 15px; margin: 0 0 15px; color: inherit;'> El RB2011 es una serie de dispositivos multipuerto de bajo costo. Dise\u00f1ado para uso en interiores&comma; y disponible en diferentes medidas&comma; con una multitud de opciones. <\/p>\n<p style='font-size: 15px; margin: 0 0 15px; color: inherit;'> El RB2011 es administrado por RouterOS&comma; un sistema operativo de enrutamiento con todas las funciones que se ha mejorado continuamente durante quince a\u00f1os. Enrutamiento din\u00e1mico&comma; punto de acceso&comma; cortafuegos&comma; MPLS&comma; VPN&comma; calidad de servicio avanzada&comma; equilibrio de carga y enlaces&comma; configuraci\u00f3n y supervisi\u00f3n en tiempo real: solo algunas de las numerosas funciones compatibles con RouterOS. <\/p>\n<p style='font-size: 15px; margin: 0 0 15px; color: inherit;'> RouterBOARD 2011UiAS-RM&comma; en comparaci\u00f3n con la serie RB2011L&comma; no solo tiene cinco puertos Gigabit LAN y cinco puertos Fast Ethernet LAN&comma; sino tambi\u00e9n un puerto serie RJ45&comma; puerto microUSB y m\u00e1s RAM (128 MB en lugar de 64 MB). Adem\u00e1s&comma; tiene licencia RouterOS L5 (en lugar de L4) y una pantalla LCD t\u00e1ctil agradable para la configuraci\u00f3n. Un slot SFP (\u00a1el m\u00f3dulo SFP no est\u00e1 incluido!). <\/p>\n<p style='font-size: 15px; margin: 0 0 15px; color: inherit;'> Hay una funci\u00f3n de salida PoE para el puerto n.\u00b010: puede alimentar otros dispositivos con capacidad PoE con el mismo voltaje que se aplica a la unidad. La carga m\u00e1xima en el puerto es de 500 mA. <\/p>\n<p style='font-size: 15px; margin: 0 0 15px; color: inherit;'> Probado y recomendado para usar con los m\u00f3dulos MikroTik SFP: S-85DLC05D&comma; S-31DLC20D y S-35\/53LC20D (no incluido). <\/p>\n<p style='font-size: 15px; margin: 0 0 15px; color: inherit;'> <strong>*<\/strong> <\/p>\n<\/p><\/div>\n<p> <!-- Secci\u00f3n de especificaciones generales --> <\/p>\n<div style='display: flex; flex-wrap: wrap; gap: 30px; margin-bottom: 30px;'>\n<div style='flex: 1 1 300px; min-width: 280px;'>\n<h3 style='font-size: 22px; border-bottom: 2px solid currentColor; padding-bottom: 5px; margin-top: 0; color: inherit; opacity: 0.8;'>Especificaciones Generales<\/h3>\n<ul style='padding-left: 20px; font-size: 15px; color: inherit;'>\n<li style='margin-bottom: 5px;'><strong>C\u00f3digo de Producto:<\/strong> RB2011UiAS-RM<\/li>\n<li style='margin-bottom: 5px;'><strong>Arquitectura:<\/strong> MIPS-BE<\/li>\n<li style='margin-bottom: 5px;'><strong>CPU:<\/strong> AR9344<\/li>\n<li style='margin-bottom: 5px;'><strong>Cantidad de n\u00facleos CPU:<\/strong> 1<\/li>\n<li style='margin-bottom: 5px;'><strong>Frecuencia de CPU:<\/strong> 600 MHz<\/li>\n<li style='margin-bottom: 5px;'><strong>Dimensiones:<\/strong> 214mm x 86mm for PCB<\/li>\n<li style='margin-bottom: 5px;'><strong>Nivel de licencia:<\/strong> 5<\/li>\n<li style='margin-bottom: 5px;'><strong>Sistema Operativo:<\/strong> RouterOS<\/li>\n<li style='margin-bottom: 5px;'><strong>Memoria RAM:<\/strong> 128 MB<\/li>\n<li style='margin-bottom: 5px;'><strong>Almacenamiento:<\/strong> 128 MB<\/li>\n<li style='margin-bottom: 5px;'><strong>Tipo de Almacenamiento:<\/strong> NAND<\/li>\n<li style='margin-bottom: 5px;'><strong>Temperatura de operaci\u00f3n:<\/strong> -35\u00b0C a +65\u00b0C<\/li>\n<\/ul><\/div>\n<\/p><\/div>\n<p> <!-- Secci\u00f3n de alimentaci\u00f3n --> <\/p>\n<div style='display: flex; flex-wrap: wrap; gap: 30px; margin-bottom: 30px;'>\n<div style='flex: 1 1 300px; min-width: 280px;'>\n<h3 style='font-size: 22px; border-bottom: 2px solid currentColor; padding-bottom: 5px; margin-top: 0; color: inherit; opacity: 0.8;'>Alimentaci\u00f3n<\/h3>\n<ul style='padding-left: 20px; font-size: 15px; color: inherit;'>\n<li style='margin-bottom: 5px;'><strong>N\u00famero de entradas DC:<\/strong> 2 (DC jack&comma; PoE-IN)<\/li>\n<li style='margin-bottom: 5px;'><strong>PoE in:<\/strong> Passive PoE<\/li>\n<li style='margin-bottom: 5px;'><strong>Voltaje de entrada DC:<\/strong> 8-30 V<\/li>\n<li style='margin-bottom: 5px;'><strong>Voltaje de entrada PoE in:<\/strong> 8-30 V<\/li>\n<li style='margin-bottom: 5px;'><strong>PoE out:<\/strong> Passive PoE<\/li>\n<\/ul><\/div>\n<\/p><\/div>\n<p> <!-- Secci\u00f3n de puertos Ethernet --> <\/p>\n<div style='display: flex; flex-wrap: wrap; gap: 30px; margin-bottom: 30px;'>\n<div style='flex: 1 1 300px; min-width: 280px;'>\n<h3 style='font-size: 22px; border-bottom: 2px solid currentColor; padding-bottom: 5px; margin-top: 0; color: inherit; opacity: 0.8;'>Puertos Ethernet<\/h3>\n<ul style='padding-left: 20px; font-size: 15px; color: inherit;'>\n<li style='margin-bottom: 5px;'><strong>Puertos 10\/100:<\/strong> 5<\/li>\n<li style='margin-bottom: 5px;'><strong>Puertos 10\/100\/1000:<\/strong> 5<\/li>\n<li style='margin-bottom: 5px;'><strong>Puertos SFP:<\/strong> 1<\/li>\n<li style='margin-bottom: 0px;'><strong>SFP DDMI:<\/strong> S\u00ed<\/li>\n<\/ul><\/div>\n<\/p><\/div>\n<p> <!-- Secci\u00f3n de perif\u00e9ricos --> <\/p>\n<div style='display: flex; flex-wrap: wrap; gap: 30px; margin-bottom: 30px;'>\n<div style='flex: 1 1 300px; min-width: 280px;'>\n<h3 style='font-size: 22px; border-bottom: 2px solid currentColor; padding-bottom: 5px; margin-top: 0; color: inherit; opacity: 0.8;'>Perif\u00e9ricos<\/h3>\n<ul style='padding-left: 20px; font-size: 15px; color: inherit;'>\n<li style='margin-bottom: 5px;'><strong>Puertos USB:<\/strong> 1<\/li>\n<li style='margin-bottom: 5px;'><strong>Puerto serie:<\/strong> RJ45<\/li>\n<li style='margin-bottom: 5px;'><strong>USB Power Reset:<\/strong> S\u00ed<\/li>\n<li style='margin-bottom: 0px;'><strong>Tipo de USB:<\/strong> microUSB type AB<\/li>\n<\/ul><\/div>\n<\/p><\/div>\n<p> <!-- Secci\u00f3n de caracter\u00edsticas adicionales --> <\/p>\n<div style='display: flex; flex-wrap: wrap; gap: 30px; margin-bottom: 30px;'>\n<div style='flex: 1 1 300px; min-width: 280px;'>\n<h3 style='font-size: 22px; border-bottom: 2px solid currentColor; padding-bottom: 5px; margin-top: 0; color: inherit; opacity: 0.8;'>Caracter\u00edsticas adicionales<\/h3>\n<ul style='padding-left: 20px; font-size: 15px; color: inherit;'>\n<li style='margin-bottom: 5px;'><strong>Monitor de temperatura:<\/strong> S\u00ed<\/li>\n<li style='margin-bottom: 0px;'><strong>Monitor de voltaje:<\/strong> S\u00ed<\/li>\n<\/ul><\/div>\n<\/p><\/div>\n<p> <!-- Secci\u00f3n de rendimiento --> <\/p>\n<div style='margin-bottom: 30px;'>\n<h3 style='font-size: 22px; border-bottom: 2px solid currentColor; padding-bottom: 5px; margin-top: 0; margin-bottom: 20px; color: inherit; opacity: 0.8;'>Resultados de prueba Ethernet<\/h3>\n<div style='overflow-x: auto;'>\n<table style='width: 100%; border-collapse: collapse; margin-bottom: 20px; color: inherit;'>\n<thead style='background-color: rgba(150&comma;150&comma;150&comma;0.1);'>\n<tr>\n<th style='padding: 12px; text-align: left; border-bottom: 1px solid rgba(150&comma;150&comma;150&comma;0.3);'>Modo<\/th>\n<th style='padding: 12px; text-align: left; border-bottom: 1px solid rgba(150&comma;150&comma;150&comma;0.3);'>Configuraci\u00f3n<\/th>\n<th style='padding: 12px; text-align: left; border-bottom: 1px solid rgba(150&comma;150&comma;150&comma;0.3);'>1518 byte<\/th>\n<th style='padding: 12px; text-align: left; border-bottom: 1px solid rgba(150&comma;150&comma;150&comma;0.3);'>Mbps<\/th>\n<th style='padding: 12px; text-align: left; border-bottom: 1px solid rgba(150&comma;150&comma;150&comma;0.3);'>512 byte<\/th>\n<th style='padding: 12px; text-align: left; border-bottom: 1px solid rgba(150&comma;150&comma;150&comma;0.3);'>Mbps<\/th>\n<th style='padding: 12px; text-align: left; border-bottom: 1px solid rgba(150&comma;150&comma;150&comma;0.3);'>64 byte<\/th>\n<th style='padding: 12px; text-align: left; border-bottom: 1px solid rgba(150&comma;150&comma;150&comma;0.3);'>Mbps<\/th>\n<\/tr>\n<\/thead>\n<tbody>\n<tr style='border-bottom: 1px solid rgba(150&comma;150&comma;150&comma;0.1);'>\n<td style='padding: 12px; border-bottom: 1px solid rgba(150&comma;150&comma;150&comma;0.3);'>Bridging<\/td>\n<td style='padding: 12px; border-bottom: 1px solid rgba(150&comma;150&comma;150&comma;0.3);'>none (fast path)<\/td>\n<td style='padding: 12px; border-bottom: 1px solid rgba(150&comma;150&comma;150&comma;0.3);'>122.0<\/td>\n<td style='padding: 12px; border-bottom: 1px solid rgba(150&comma;150&comma;150&comma;0.3);'>1&comma;481.6<\/td>\n<td style='padding: 12px; border-bottom: 1px solid rgba(150&comma;150&comma;150&comma;0.3);'>232.0<\/td>\n<td style='padding: 12px; border-bottom: 1px solid rgba(150&comma;150&comma;150&comma;0.3);'>950.3<\/td>\n<td style='padding: 12px; border-bottom: 1px solid rgba(150&comma;150&comma;150&comma;0.3);'>269.6<\/td>\n<td style='padding: 12px; border-bottom: 1px solid rgba(150&comma;150&comma;150&comma;0.3);'>138.0<\/td>\n<\/tr>\n<tr style='border-bottom: 1px solid rgba(150&comma;150&comma;150&comma;0.1);'>\n<td style='padding: 12px; border-bottom: 1px solid rgba(150&comma;150&comma;150&comma;0.3);'>Bridging<\/td>\n<td style='padding: 12px; border-bottom: 1px solid rgba(150&comma;150&comma;150&comma;0.3);'>25 bridge filter rules<\/td>\n<td style='padding: 12px; border-bottom: 1px solid rgba(150&comma;150&comma;150&comma;0.3);'>83.6<\/td>\n<td style='padding: 12px; border-bottom: 1px solid rgba(150&comma;150&comma;150&comma;0.3);'>1&comma;015.2<\/td>\n<td style='padding: 12px; border-bottom: 1px solid rgba(150&comma;150&comma;150&comma;0.3);'>86.0<\/td>\n<td style='padding: 12px; border-bottom: 1px solid rgba(150&comma;150&comma;150&comma;0.3);'>352.3<\/td>\n<td style='padding: 12px; border-bottom: 1px solid rgba(150&comma;150&comma;150&comma;0.3);'>87.6<\/td>\n<td style='padding: 12px; border-bottom: 1px solid rgba(150&comma;150&comma;150&comma;0.3);'>44.9<\/td>\n<\/tr>\n<tr style='border-bottom: 1px solid rgba(150&comma;150&comma;150&comma;0.1);'>\n<td style='padding: 12px; border-bottom: 1px solid rgba(150&comma;150&comma;150&comma;0.3);'>Routing<\/td>\n<td style='padding: 12px; border-bottom: 1px solid rgba(150&comma;150&comma;150&comma;0.3);'>none (fast path)<\/td>\n<td style='padding: 12px; border-bottom: 1px solid rgba(150&comma;150&comma;150&comma;0.3);'>122.0<\/td>\n<td style='padding: 12px; border-bottom: 1px solid rgba(150&comma;150&comma;150&comma;0.3);'>1&comma;481.6<\/td>\n<td style='padding: 12px; border-bottom: 1px solid rgba(150&comma;150&comma;150&comma;0.3);'>210.0<\/td>\n<td style='padding: 12px; border-bottom: 1px solid rgba(150&comma;150&comma;150&comma;0.3);'>860.2<\/td>\n<td style='padding: 12px; border-bottom: 1px solid rgba(150&comma;150&comma;150&comma;0.3);'>226.9<\/td>\n<td style='padding: 12px; border-bottom: 1px solid rgba(150&comma;150&comma;150&comma;0.3);'>116.2<\/td>\n<\/tr>\n<tr style='border-bottom: 1px solid rgba(150&comma;150&comma;150&comma;0.1);'>\n<td style='padding: 12px; border-bottom: 1px solid rgba(150&comma;150&comma;150&comma;0.3);'>Routing<\/td>\n<td style='padding: 12px; border-bottom: 1px solid rgba(150&comma;150&comma;150&comma;0.3);'>25 simple queues<\/td>\n<td style='padding: 12px; border-bottom: 1px solid rgba(150&comma;150&comma;150&comma;0.3);'>100.5<\/td>\n<td style='padding: 12px; border-bottom: 1px solid rgba(150&comma;150&comma;150&comma;0.3);'>1&comma;220.5<\/td>\n<td style='padding: 12px; border-bottom: 1px solid rgba(150&comma;150&comma;150&comma;0.3);'>103.9<\/td>\n<td style='padding: 12px; border-bottom: 1px solid rgba(150&comma;150&comma;150&comma;0.3);'>425.6<\/td>\n<td style='padding: 12px; border-bottom: 1px solid rgba(150&comma;150&comma;150&comma;0.3);'>106.6<\/td>\n<td style='padding: 12px; border-bottom: 1px solid rgba(150&comma;150&comma;150&comma;0.3);'>54.6<\/td>\n<\/tr>\n<tr style='border-bottom: 1px solid rgba(150&comma;150&comma;150&comma;0.1);'>\n<td style='padding: 12px; border-bottom: 1px solid rgba(150&comma;150&comma;150&comma;0.3);'>Routing<\/td>\n<td style='padding: 12px; border-bottom: 1px solid rgba(150&comma;150&comma;150&comma;0.3);'>25 ip filter rules<\/td>\n<td style='padding: 12px; border-bottom: 1px solid rgba(150&comma;150&comma;150&comma;0.3);'>56.8<\/td>\n<td style='padding: 12px; border-bottom: 1px solid rgba(150&comma;150&comma;150&comma;0.3);'>689.8<\/td>\n<td style='padding: 128px; border-bottom: 1px solid rgba(150&comma;150&comma;150&comma;0.3);'>59.6<\/td>\n<td style='padding: 12px; border-bottom: 1px solid rgba(150&comma;150&comma;150&comma;0.3);'>244.1<\/td>\n<td style='padding: 12px; border-bottom: 1px solid rgba(150&comma;150&comma;150&comma;0.3);'>60.5<\/td>\n<td style='padding: 12px; border-bottom: 1px solid rgba(150&comma;150&comma;150&comma;0.3);'>31.0<\/td>\n<\/tr>\n<\/tbody>\n<\/table><\/div>\n<p style='font-size: 13px; margin: 0; color: inherit;'> <em>Todas las pruebas se realizan con equipo especializado de Xena Networks (XenaBay)&comma; y se realizan de acuerdo con RFC2544 (Xena2544)<\/em> <\/p>\n<p style='font-size: 13px; margin: 0; color: inherit;'> <em>El rendimiento m\u00e1ximo se determina con intentos de 30+ segundos con tolerancia de p\u00e9rdida de paquetes del 0&comma;1% en tama\u00f1os de paquetes de 64&comma; 512 y 1518 bytes<\/em> <\/p>\n<p style='font-size: 13px; margin: 0; color: inherit;'> <em>Los valores en cursiva indican que se alcanz\u00f3 el rendimiento m\u00e1ximo sin llegar a saturar la CPU&comma; sino porque la configuraci\u00f3n del dispositivo lleg\u00f3 a su l\u00edmite<\/em> <\/p>\n<p style='font-size: 13px; margin: 0; color: inherit;'> <em>Los resultados muestran el rendimiento m\u00e1ximo del dispositivo&comma; y se obtienen utilizando la configuraci\u00f3n de hardware y software mencionada&comma; configuraciones diferentes probablemente dar\u00e1n resultados menores<\/em> <\/p>\n<\/p><\/div>\n<p> <!-- Secci\u00f3n de enlaces --> <\/p>\n<div style='margin-bottom: 30px;'> <a href='https:\/\/soporte.syscom.mx\/es\/collections\/3502429-mikrotik' target='_blank' rel='noopener' style='color: inherit; text-decoration: none; display: inline-block; margin: 15px 0;'> <img style='width: 100%; max-width: 600px; height: auto; border: 1px solid rgba(150&comma;150&comma;150&comma;0.3); border-radius: 8px;' src='https:\/\/ftp3.syscom.mx\/usuarios\/raragon\/Imagenes_Generales\/Manuales_de_configuracion.jpg' alt=''> <\/a> <\/div>\n<p> <!-- Secci\u00f3n de garant\u00eda --> <\/p>\n<div style='margin-bottom: 30px;'> <img style='width: 100%; max-width: 302px; height: auto; border: 1px solid rgba(150&comma;150&comma;150&comma;0.3); border-radius: 8px;' src='https:\/\/ftp3.syscom.mx\/usuarios\/fotos\/RB2011UIASRM\/81999-garantia1.png' alt=''> <\/div>\n<p> <!-- Secci\u00f3n de im\u00e1genes --> <\/p>\n<div style='margin-bottom: 30px;'>\n<h3 style='font-size: 22px; border-bottom: 2px solid currentColor; padding-bottom: 5px; margin-top: 0; margin-bottom: 20px; color: inherit; opacity: 0.8;'>Partes incluidas<\/h3>\n<div style='display: flex; flex-wrap: wrap; gap: 20px;'>\n<div style='flex: 1 1 200px; min-width: 200px;'> <a href='https:\/\/img.routerboard.com\/mimg\/part331393422988m.jpg' target='_blank' rel='noopener' style='text-decoration: none; color: inherit; display: block;'> <img style='width: 100%; height: auto; border: 1px solid rgba(150&comma;150&comma;150&comma;0.3); border-radius: 8px;' src='https:\/\/img.routerboard.com\/mimg\/part331393422988s.jpg' alt=''> <\/p>\n<p style='margin-top: 10px; font-size: 14px; text-align: center; color: inherit;'>24V 1.2A power adapter<\/p>\n<p> <\/a> <\/div>\n<\/p><\/div>\n<\/p><\/div>\n<p> <!-- Secci\u00f3n de imagen ilustrativa --> <\/p>\n<div style='margin-bottom: 30px;'>\n<p style='font-size: 14px; margin: 0 0 15px; color: inherit;'> *Im\u00e1genes meramente ilustrativas <\/p>\n<p> <img style='width: 100%; max-width: 400px; height: auto; border: 1px solid rgba(150&comma;150&comma;150&comma;0.3); border-radius: 8px;' src='https:\/\/ftp3.syscom.mx\/usuarios\/fotos\/RB2011UIASRM\/81999-forma_de_conectar.jpg' alt=''> <\/div>\n<p> <!-- Separador final --> <\/p>\n<hr style='border: 0; border-top: 1px solid rgba(150&comma; 150&comma; 150&comma; 0.3); margin: 30px 0;'> <\/div>\n","protected":false},"excerpt":{"rendered":"<p>Router Board, CPU 1 N\u00facleo, 5 Puertos Gigabit, 5 Puertos Fast, 1 Puerto SFP, Licencia Nivel 5 y montaje en Rack<\/p>\n","protected":false},"featured_media":75899,"comment_status":"open","ping_status":"closed","template":"","meta":[],"product_brand":[],"product_cat":[2036,2035,2034],"product_tag":[2039,2038,643,664,2037],"class_list":{"0":"post-75900","1":"product","2":"type-product","3":"status-publish","4":"has-post-thumbnail","6":"product_cat-balanceadores","7":"product_cat-firewalls","8":"product_cat-routers","9":"product_tag-balanceadores","10":"product_tag-firewalls","11":"product_tag-mikrotik","12":"product_tag-networking","13":"product_tag-routers","15":"first","16":"outofstock","17":"sale","18":"shipping-taxable","19":"purchasable","20":"product-type-simple"},"_links":{"self":[{"href":"https:\/\/soydeaqui.ddns.net\/pachuca\/index.php\/wp-json\/wp\/v2\/product\/75900","targetHints":{"allow":["GET"]}}],"collection":[{"href":"https:\/\/soydeaqui.ddns.net\/pachuca\/index.php\/wp-json\/wp\/v2\/product"}],"about":[{"href":"https:\/\/soydeaqui.ddns.net\/pachuca\/index.php\/wp-json\/wp\/v2\/types\/product"}],"replies":[{"embeddable":true,"href":"https:\/\/soydeaqui.ddns.net\/pachuca\/index.php\/wp-json\/wp\/v2\/comments?post=75900"}],"wp:featuredmedia":[{"embeddable":true,"href":"https:\/\/soydeaqui.ddns.net\/pachuca\/index.php\/wp-json\/wp\/v2\/media\/75899"}],"wp:attachment":[{"href":"https:\/\/soydeaqui.ddns.net\/pachuca\/index.php\/wp-json\/wp\/v2\/media?parent=75900"}],"wp:term":[{"taxonomy":"product_brand","embeddable":true,"href":"https:\/\/soydeaqui.ddns.net\/pachuca\/index.php\/wp-json\/wp\/v2\/product_brand?post=75900"},{"taxonomy":"product_cat","embeddable":true,"href":"https:\/\/soydeaqui.ddns.net\/pachuca\/index.php\/wp-json\/wp\/v2\/product_cat?post=75900"},{"taxonomy":"product_tag","embeddable":true,"href":"https:\/\/soydeaqui.ddns.net\/pachuca\/index.php\/wp-json\/wp\/v2\/product_tag?post=75900"}],"curies":[{"name":"wp","href":"https:\/\/api.w.org\/{rel}","templated":true}]}}