{"id":75893,"date":"2026-03-19T14:58:28","date_gmt":"2026-03-19T14:58:28","guid":{"rendered":"https:\/\/soydeaqui.ddns.net\/pachuca\/index.php\/producto\/routerboard-5-puertos-gigabit-5-puertos-fast-licencia-nivel-4-y-montaje-en-rack\/"},"modified":"2026-03-19T14:58:37","modified_gmt":"2026-03-19T14:58:37","slug":"routerboard-5-puertos-gigabit-5-puertos-fast-licencia-nivel-4-y-montaje-en-rack","status":"publish","type":"product","link":"https:\/\/soydeaqui.ddns.net\/pachuca\/index.php\/producto\/routerboard-5-puertos-gigabit-5-puertos-fast-licencia-nivel-4-y-montaje-en-rack\/","title":{"rendered":"RouterBoard, 5 Puertos Gigabit, 5 Puertos Fast, Licencia Nivel 4 y montaje en Rack"},"content":{"rendered":"<div style='width: 100%; max-width: 1200px; margin: 0 auto; font-family: sans-serif; line-height: 1.6; color: inherit; background-color: transparent;'> <!-- Descripci\u00f3n principal --> <\/p>\n<div style='margin-bottom: 30px;'>\n<p style='font-size: 15px; margin: 0 0 15px; color: inherit;'> El RB2011 es una serie de dispositivos multipuerto de bajo costo. Dise\u00f1ado para uso en interiores&comma; y disponible en diferentes medidas&comma; con una multitud de opciones. <\/p>\n<p style='font-size: 15px; margin: 0 0 15px; color: inherit;'> El RB2011 es administrado por RouterOS&comma; un sistema operativo de enrutamiento con todas las funciones que se ha mejorado continuamente durante quince a\u00f1os. Enrutamiento din\u00e1mico&comma; punto de acceso&comma; cortafuegos&comma; MPLS&comma; VPN&comma; calidad de servicio avanzada&comma; balanceo de carga y enlaces&comma; configuraci\u00f3n y supervisi\u00f3n en tiempo real: solo algunas de las numerosas funciones compatibles con RouterOS. <\/p>\n<p style='font-size: 15px; margin: 0 0 15px; color: inherit;'> El RB2011iL-RM incluye una nueva caracter\u00edstica &#8211; inyector de alimentaci\u00f3n en el puerto Ethernet 10 &#8211; puede alimentar otros dispositivos con capacidad PoE con el mismo voltaje que se aplica a la unidad. \u00a1Menos adaptadores de potencia y cables de los que preocuparse! La carga m\u00e1xima en el puerto es de 500 mA. Est\u00e1 provisto por el nuevo procesador de red Atheros 600MHz 74K MIPS&comma; tiene 64MB de RAM y una licencia Level4 RouterOS&comma; as\u00ed como cinco puertos Gigabit Ethernet y cinco puertos Fast Ethernet. <\/p>\n<\/p><\/div>\n<p> <!-- Enlace a soporte --> <\/p>\n<div style='margin-bottom: 30px;'> <a style='display: inline-block;' href='https:\/\/soporte.syscom.mx\/es\/collections\/3502429-mikrotik'> <img style='width: 100%; max-width: 300px; height: auto; border: 1px solid rgba(150&comma;150&comma;150&comma;0.3); border-radius: 8px;' src='https:\/\/ftp3.syscom.mx\/usuarios\/raragon\/Imagenes_Generales\/Manuales_de_configuracion.jpg' alt='Manuales de configuraci\u00f3n'> <\/a> <\/div>\n<p> <!-- Caracter\u00edsticas principales de RouterOS --> <\/p>\n<div style='margin-bottom: 30px;'> <a style='font-size: 15px; color: inherit; text-decoration: none; font-weight: bold;' href='http:\/\/soporte.syscom.mx\/networking\/mikrotik\/mikrotik-caracteristicas-principales-de-routeros'> Caracter\u00edsticas principales de RouterOS <\/a> <\/div>\n<p> <!-- Especificaciones Generales --> <\/p>\n<div style='margin-bottom: 30px;'>\n<h3 style='font-size: 22px; border-bottom: 2px solid currentColor; padding-bottom: 5px; margin-top: 0; color: inherit; opacity: 0.8; margin-bottom: 15px;'> Especificaciones Generales <\/h3>\n<div style='display: grid; grid-template-columns: repeat(auto-fill&comma; minmax(250px&comma; 1fr)); gap: 20px;'>\n<div style='border: 1px solid rgba(150&comma; 150&comma; 150&comma; 0.4); border-radius: 8px; overflow: hidden;'>\n<div style='padding: 15px; border-bottom: 1px solid rgba(150&comma; 150&comma; 150&comma; 0.2); font-weight: bold; font-size: 16px; color: inherit; background-color: rgba(150&comma; 150&comma; 150&comma; 0.1);'> Detalles <\/div>\n<div style='padding: 15px; color: inherit;'>\n<ul style='padding-left: 20px; margin: 0; font-size: 14px; list-style-type: disc;'>\n<li style='margin-bottom: 5px;'><strong>C\u00f3digo del Producto:<\/strong> RB2011iL-RM<\/li>\n<li style='margin-bottom: 5px;'><strong>Arquitectura:<\/strong> MIPS-BE<\/li>\n<li style='margin-bottom: 5px;'><strong>CPU:<\/strong> AR9344<\/li>\n<li style='margin-bottom: 5px;'><strong>Cantidad de n\u00facleos del CPU:<\/strong> 1<\/li>\n<li style='margin-bottom: 5px;'><strong>Frecuencia del CPU:<\/strong> 600 MHz<\/li>\n<li style='margin-bottom: 5px;'><strong>Nivel de Licencia:<\/strong> 4<\/li>\n<li style='margin-bottom: 5px;'><strong>Sistema Operativo:<\/strong> RouterOS<\/li>\n<li style='margin-bottom: 5px;'><strong>Memoria RAM:<\/strong> 64 MB<\/li>\n<li style='margin-bottom: 5px;'><strong>Almacenamiento:<\/strong> 128 MB<\/li>\n<li style='margin-bottom: 5px;'><strong>Tipo de Almacenamiento:<\/strong> NAND<\/li>\n<li style='margin-bottom: 5px;'><strong>Temperatura de operaci\u00f3n:<\/strong> -35\u00b0C a +65\u00b0C<\/li>\n<\/ul><\/div>\n<\/p><\/div>\n<\/p><\/div>\n<\/p><\/div>\n<p> <!-- Alimentaci\u00f3n --> <\/p>\n<div style='margin-bottom: 30px;'>\n<h3 style='font-size: 22px; border-bottom: 2px solid currentColor; padding-bottom: 5px; margin-top: 0; color: inherit; opacity: 0.8; margin-bottom: 15px;'> Alimentaci\u00f3n <\/h3>\n<div style='display: grid; grid-template-columns: repeat(auto-fill&comma; minmax(250px&comma; 1fr)); gap: 20px;'>\n<div style='border: 1px solid rgba(150&comma; 150&comma; 150&comma; 0.4); border-radius: 8px; overflow: hidden;'>\n<div style='padding: 15px; border-bottom: 1px solid rgba(150&comma; 150&comma; 150&comma; 0.2); font-weight: bold; font-size: 16px; color: inherit; background-color: rgba(150&comma; 150&comma; 150&comma; 0.1);'> Detalles <\/div>\n<div style='padding: 15px; color: inherit;'>\n<ul style='padding-left: 20px; margin: 0; font-size: 14px; list-style-type: disc;'>\n<li style='margin-bottom: 5px;'><strong>Consumo de energ\u00eda:<\/strong> 6W<\/li>\n<li style='margin-bottom: 5px;'><strong>Fuentes de alimentaci\u00f3n:<\/strong> 2 (DC jack&comma; PoE-IN)<\/li>\n<li style='margin-bottom: 5px;'><strong>Tipo de Alimentaci\u00f3n PoE:<\/strong> PoE Pasivo<\/li>\n<li style='margin-bottom: 5px;'><strong>Voltaje de alimentaci\u00f3n de jack:<\/strong> 8-30 V DC<\/li>\n<li style='margin-bottom: 10px;'><strong>Voltaje de alimentaci\u00f3n de PoE:<\/strong> 8-30 V DC<\/li>\n<li style='margin-bottom: 5px;'><strong>Salida PoE:<\/strong> PoE Pasivo<\/li>\n<\/ul><\/div>\n<\/p><\/div>\n<\/p><\/div>\n<\/p><\/div>\n<p> <!-- Puertos Ethernet --> <\/p>\n<div style='margin-bottom: 30px;'>\n<h3 style='font-size: 22px; border-bottom: 2px solid currentColor; padding-bottom: 5px; margin-top: 0; color: inherit; opacity: 0.8; margin-bottom: 15px;'> Puertos Ethernet <\/h3>\n<div style='display: grid; grid-template-columns: repeat(auto-fill&comma; minmax(250px&comma; 1fr)); gap: 20px;'>\n<div style='border: 1px solid rgba(150&comma; 150&comma; 150&comma; 0.4); border-radius: 8px; overflow: hidden;'>\n<div style='padding: 15px; border-bottom: 1px solid rgba(150&comma; 150&comma; 150&comma; 0.2); font-weight: bold; font-size: 16px; color: inherit; background-color: rgba(150&comma; 150&comma; 150&comma; 0.1);'> Detalles <\/div>\n<div style='padding: 15px; color: inherit;'>\n<ul style='padding-left: 20px; margin: 0; font-size: 14px; list-style-type: disc;'>\n<li style='margin-bottom: 5px;'><strong>Puertos Ethernet:<\/strong> 5 x 10\/100 Mbps<\/li>\n<li style='margin-bottom: 5px;'><strong>Puertos Ethernet:<\/strong> 5 x 10\/100\/1000 Mbps<\/li>\n<\/ul><\/div>\n<\/p><\/div>\n<\/p><\/div>\n<\/p><\/div>\n<p> <!-- Resultados de pruebas Ethernet --> <\/p>\n<div style='margin-bottom: 30px;'>\n<h3 style='font-size: 22px; border-bottom: 2px solid currentColor; padding-bottom: 5px; margin-top: 0; color: inherit; opacity: 0.8; margin-bottom: 15px;'> Resultados de pruebas Ethernet <\/h3>\n<div style='overflow-x: auto;'>\n<table style='width: 100%; border-collapse: collapse; margin-bottom: 20px; color: inherit;'>\n<thead style='background-color: rgba(150&comma; 150&comma; 150&comma; 0.1);'>\n<tr>\n<th style='padding: 12px; border: 1px solid rgba(150&comma;150&comma;150&comma;0.3); text-align: left; font-weight: bold;' colspan='2'>RB2011iL-RM<\/th>\n<th style='padding: 12px; border: 1px solid rgba(150&comma;150&comma;150&comma;0.3); text-align: left; font-weight: bold;' colspan='6'>AR9344 1G&#038;100M all port test<\/th>\n<\/tr>\n<tr>\n<th style='padding: 12px; border: 1px solid rgba(150&comma;150&comma;150&comma;0.3); text-align: left; font-weight: bold;'>Modo<\/th>\n<th style='padding: 12px; border: 1px solid rgba(150&comma;150&comma;150&comma;0.3); text-align: left; font-weight: bold;'>Configuraci\u00f3n<\/th>\n<th style='padding: 12px; border: 1px solid rgba(150&comma;150&comma;150&comma;0.3); text-align: center; font-weight: bold;' colspan='2'>1518 byte<\/th>\n<th style='padding: 12px; border: 1px solid rgba(150&comma;150&comma;150&comma;0.3); text-align: center; font-weight: bold;' colspan='2'>512 byte<\/th>\n<th style='padding: 12px; border: 1px solid rgba(150&comma;150&comma;150&comma;0.3); text-align: center; font-weight: bold;' colspan='2'>64 byte<\/th>\n<\/tr>\n<tr>\n<th style='padding: 12px; border: 1px solid rgba(150&comma;150&comma;150&comma;0.3); text-align: center; font-weight: bold;'><\/th>\n<th style='padding: 12px; border: 1px solid rgba(150&comma;150&comma;150&comma;0.3); text-align: center; font-weight: bold;'><\/th>\n<th style='padding: 12px; border: 1px solid rgba(150&comma;150&comma;150&comma;0.3); text-align: center; font-weight: bold;'>kpps<\/th>\n<th style='padding: 12px; border: 1px solid rgba(150&comma;150&comma;150&comma;0.3); text-align: center; font-weight: bold;'>Mbps<\/th>\n<th style='padding: 12px; border: 1px solid rgba(150&comma;150&comma;150&comma;0.3); text-align: center; font-weight: bold;'>kpps<\/th>\n<th style='padding: 12px; border: 1px solid rgba(150&comma;150&comma;150&comma;0.3); text-align: center; font-weight: bold;'>Mbps<\/th>\n<th style='padding: 12px; border: 1px solid rgba(150&comma;150&comma;150&comma;0.3); text-align: center; font-weight: bold;'>kpps<\/th>\n<th style='padding: 12px; border: 1px solid rgba(150&comma;150&comma;150&comma;0.3); text-align: center; font-weight: bold;'>Mbps<\/th>\n<\/tr>\n<\/thead>\n<tbody>\n<tr style='background-color: rgba(150&comma; 150&comma; 150&comma; 0.05);'>\n<td style='padding: 12px; border: 1px solid rgba(150&comma;150&comma;150&comma;0.3);'>Bridging<\/td>\n<td style='padding: 12px; border: 1px solid rgba(150&comma;150&comma;150&comma;0.3);'>none (fast path)<\/td>\n<td style='padding: 12px; border: 1px solid rgba(150&comma;150&comma;150&comma;0.3);'>122.0<\/td>\n<td style='padding: 12px; border: 1px solid rgba(150&comma;150&comma;150&comma;0.3);'>1&comma;481.6<\/td>\n<td style='padding: 12px; border: 1px solid rgba(150&comma;150&comma;150&comma;0.3);'>232.0<\/td>\n<td style='padding: 12px; border: 1px solid rgba(150&comma;150&comma;150&comma;0.3);'>950.3<\/td>\n<td style='padding: 12px; border: 1px solid rgba(150&comma;150&comma;150&comma;0.3);'>269.6<\/td>\n<td style='padding: 12px; border: 1px solid rgba(150&comma;150&comma;150&comma;0.3);'>138.0<\/td>\n<\/tr>\n<tr>\n<td style='padding: 12px; border: 1px solid rgba(150&comma;150&comma;150&comma;0.3);'>Bridging<\/td>\n<td style='padding: 12px; border: 1px solid rgba(150&comma;150&comma;150&comma;0.3);'>25 bridge filter rules<\/td>\n<td style='padding: 12px; border: 1px solid rgba(150&comma;150&comma;150&comma;0.3);'>83.6<\/td>\n<td style='padding: 12px; border: 1px solid rgba(150&comma;150&comma;150&comma;0.3);'>1&comma;015.2<\/td>\n<td style='padding: 12px; border: 1px solid rgba(150&comma;150&comma;150&comma;0.3);'>86.0<\/td>\n<td style='padding: 12px; border: 1px solid rgba(150&comma;150&comma;150&comma;0.3);'>352.3<\/td>\n<td style='padding: 12px; border: 1px solid rgba(150&comma;150&comma;150&comma;0.3);'>87.6<\/td>\n<td style='padding: 12px; border: 1px solid rgba(150&comma;150&comma;150&comma;0.3);'>44.9<\/td>\n<\/tr>\n<tr style='background-color: rgba(150&comma; 150&comma; 150&comma; 0.05);'>\n<td style='padding: 12px; border: 1px solid rgba(150&comma;150&comma;150&comma;0.3);'>Routing<\/td>\n<td style='padding: 12px; border: 1px solid rgba(150&comma;150&comma;150&comma;0.3);'>none (fast path)<\/td>\n<td style='padding: 12px; border: 1px solid rgba(150&comma;150&comma;150&comma;0.3);'>122.0<\/td>\n<td style='padding: 12px; border: 1px solid rgba(150&comma;150&comma;150&comma;0.3);'>1&comma;481.6<\/td>\n<td style='padding: 12px; border: 1px solid rgba(150&comma;150&comma;150&comma;0.3);'>210.0<\/td>\n<td style='padding: 12px; border: 1px solid rgba(150&comma;150&comma;150&comma;0.3);'>860.2<\/td>\n<td style='padding: 12px; border: 1px solid rgba(150&comma;150&comma;150&comma;0.3);'>226.9<\/td>\n<td style='padding: 12px; border: 1px solid rgba(150&comma;150&comma;150&comma;0.3);'>116.2<\/td>\n<\/tr>\n<tr>\n<td style='padding: 12px; border: 1px solid rgba(150&comma;150&comma;150&comma;0.3);'>Routing<\/td>\n<td style='padding: 12px; border: 1px solid rgba(150&comma;150&comma;150&comma;0.3);'>25 simple queues<\/td>\n<td style='padding: 12px; border: 1px solid rgba(150&comma;150&comma;150&comma;0.3);'>100.5<\/td>\n<td style='padding: 12px; border: 1px solid rgba(150&comma;150&comma;150&comma;0.3);'>1&comma;220.5<\/td>\n<td style='padding: 12px; border: 1px solid rgba(150&comma;150&comma;150&comma;0.3);'>103.9<\/td>\n<td style='padding: 12px; border: 1px solid rgba(150&comma;150&comma;150&comma;0.3);'>425.6<\/td>\n<td style='padding: 12px; border: 1px solid rgba(150&comma;150&comma;150&comma;0.3);'>106.6<\/td>\n<td style='padding: 12px; border: 1px solid rgba(150&comma;150&comma;150&comma;0.3);'>54.6<\/td>\n<\/tr>\n<tr style='background-color: rgba(150&comma;150&comma;150&comma; 0.05);'>\n<td style='padding: 12px; border: 1px solid rgba(150&comma;150&comma;150&comma;0.3);'>Routing<\/td>\n<td style='padding: 12px; border: 1px solid rgba(150&comma;150&comma;150&comma;0.3);'>25 ip filter rules<\/td>\n<td style='padding: 12px; border: 1px solid rgba(150&comma;150&comma;150&comma;0.3);'>56.8<\/td>\n<td style='padding: 12px; border: 1px solid rgba(150&comma;150&comma;150&comma;0.3);'>689.8<\/td>\n<td style='padding: 12px; border: 1px solid rgba(150&comma;150&comma;150&comma;0.3);'>59.6<\/td>\n<td style='padding: 12px; border: 1px solid rgba(150&comma;150&comma;150&comma;0.3);'>244.1<\/td>\n<td style='padding: 12px; border: 1px solid rgba(150&comma;150&comma;150&comma;0.3);'>60.5<\/td>\n<td style='padding: 12px; border: 1px solid rgba(150&comma;150&comma;150&comma;0.3);'>31.0<\/td>\n<\/tr>\n<\/tbody>\n<\/table><\/div>\n<p> <!-- Notas de pruebas --> <\/p>\n<ul style='padding-left: 20px; font-size: 13px; margin-top: 20px; color: inherit;'>\n<li style='margin-bottom: 5px;'>Todas las pruebas se realizan con equipo especializado de Xena Networks (XenaBay)&comma; y se realizan de acuerdo con RFC2544 (Xena2544)<\/li>\n<li style='margin-bottom: 15px;'>El rendimiento m\u00e1ximo se determina con intentos de 30+ segundos con tolerancia de p\u00e9rdida de paquetes del 0&comma;1% en tama\u00f1os de paquetes de 64&comma; 512 y 1518 bytes<\/li>\n<li style='margin-bottom: 15px;'>Los valores en cursiva indican que se alcanz\u00f3 el rendimiento m\u00e1ximo sin llegar al l\u00edmite de la CPU&comma; sino porque la configuraci\u00f3n de interfaz de la placa lleg\u00f3 a su m\u00e1ximo<\/li>\n<li style='margin-bottom: 15px;'>Los resultados de las pruebas muestran el rendimiento m\u00e1ximo del dispositivo&comma; y se logran utilizando la configuraci\u00f3n de hardware y software mencionada&comma; configuraciones diferentes probablemente dar\u00e1n resultados m\u00e1s bajos<\/li>\n<\/ul><\/div>\n<p> <!-- Partes incluidas --> <\/p>\n<div style='margin-bottom: 30px;'>\n<h3 style='font-size: 22px; border-bottom: 2px solid currentColor; padding-bottom: 5px; margin-top: 0; color: inherit; opacity: 0.8; margin-bottom: 15px;'> Partes incluidas <\/h3>\n<div style='display: flex; flex-wrap: wrap; gap: 20px; align-items: flex-start;'>\n<div style='flex: 1 1 250px; min-width: 200px;'> <img style='width: 100%; height: auto; border: 1px solid rgba(150&comma;150&comma;150&comma;0.3); border-radius: 8px;' src='https:\/\/ftp3.syscom.mx\/usuarios\/fotos\/RB2011ILRM\/81996-garantia1.png' alt='Garant\u00eda'> <\/div>\n<div style='flex: 2 1 400px; min-width: 250px;'>\n<ul style='padding-left: 20px; margin: 0; font-size: 14px; list-style-type: disc; color: inherit;'>\n<li style='margin-bottom: 10px; display: flex; align-items: center;'> <img style='width: 64px; height: auto; border: 1px solid rgba(150&comma;150&comma;150&comma;0.3); border-radius: 4px; margin-right: 10px;' src='https:\/\/img.routerboard.com\/mimg\/part331393422988s.jpg' alt='Adaptador de corriente'> <a style='color: inherit; text-decoration: none;' href='https:\/\/img.routerboard.com\/mimg\/part331393422988m.jpg' target='_blank' rel='noopener'>24V 1.2A power adapter<\/a> <\/li>\n<\/ul><\/div>\n<\/p><\/div>\n<\/p><\/div>\n<p> <!-- Imagen de conexi\u00f3n --> <\/p>\n<div style='margin-bottom: 30px;'>\n<h3 style='font-size: 22px; border-bottom: 2px solid currentColor; padding-bottom: 5px; margin-top: 0; color: inherit; opacity: 0.8; margin-bottom: 15px;'> C\u00f3mo evitar Problema de Falso Contacto <\/h3>\n<div style='display: flex; justify-content: center;'> <img style='width: 100%; max-width: 500px; height: auto; border: 1px solid rgba(150&comma;150&comma;150&comma;0.3); border-radius: 8px;' src='https:\/\/ftp3.syscom.mx\/usuarios\/fotos\/RB2011ILRM\/81996-forma_de_conectar.jpg' alt='Forma de conectar'> <\/div>\n<\/p><\/div>\n<p> <!-- Nota final --> <\/p>\n<div style='margin-top: 20px; font-size: 14px; color: inherit; opacity: 0.7;'> *Im\u00e1genes meramente ilustrativas <\/div>\n<\/p><\/div>\n","protected":false},"excerpt":{"rendered":"<p>RouterBoard, 5 Puertos Gigabit, 5 Puertos Fast, Licencia Nivel 4 y montaje en Rack<\/p>\n","protected":false},"featured_media":75892,"comment_status":"open","ping_status":"closed","template":"","meta":[],"product_brand":[],"product_cat":[2036,2035,2034],"product_tag":[2039,2038,643,664,2037],"class_list":{"0":"post-75893","1":"product","2":"type-product","3":"status-publish","4":"has-post-thumbnail","6":"product_cat-balanceadores","7":"product_cat-firewalls","8":"product_cat-routers","9":"product_tag-balanceadores","10":"product_tag-firewalls","11":"product_tag-mikrotik","12":"product_tag-networking","13":"product_tag-routers","15":"first","16":"outofstock","17":"sale","18":"shipping-taxable","19":"purchasable","20":"product-type-simple"},"_links":{"self":[{"href":"https:\/\/soydeaqui.ddns.net\/pachuca\/index.php\/wp-json\/wp\/v2\/product\/75893","targetHints":{"allow":["GET"]}}],"collection":[{"href":"https:\/\/soydeaqui.ddns.net\/pachuca\/index.php\/wp-json\/wp\/v2\/product"}],"about":[{"href":"https:\/\/soydeaqui.ddns.net\/pachuca\/index.php\/wp-json\/wp\/v2\/types\/product"}],"replies":[{"embeddable":true,"href":"https:\/\/soydeaqui.ddns.net\/pachuca\/index.php\/wp-json\/wp\/v2\/comments?post=75893"}],"wp:featuredmedia":[{"embeddable":true,"href":"https:\/\/soydeaqui.ddns.net\/pachuca\/index.php\/wp-json\/wp\/v2\/media\/75892"}],"wp:attachment":[{"href":"https:\/\/soydeaqui.ddns.net\/pachuca\/index.php\/wp-json\/wp\/v2\/media?parent=75893"}],"wp:term":[{"taxonomy":"product_brand","embeddable":true,"href":"https:\/\/soydeaqui.ddns.net\/pachuca\/index.php\/wp-json\/wp\/v2\/product_brand?post=75893"},{"taxonomy":"product_cat","embeddable":true,"href":"https:\/\/soydeaqui.ddns.net\/pachuca\/index.php\/wp-json\/wp\/v2\/product_cat?post=75893"},{"taxonomy":"product_tag","embeddable":true,"href":"https:\/\/soydeaqui.ddns.net\/pachuca\/index.php\/wp-json\/wp\/v2\/product_tag?post=75893"}],"curies":[{"name":"wp","href":"https:\/\/api.w.org\/{rel}","templated":true}]}}