{"id":75889,"date":"2026-03-19T14:58:18","date_gmt":"2026-03-19T14:58:18","guid":{"rendered":"https:\/\/soydeaqui.ddns.net\/pachuca\/index.php\/producto\/modulo-de-baterias-externas-bpl48v75art2u-para-extension-de-tiempo-de-respaldo-para-ups-pr6000lcdrtxl5u-pr5000lcdrtxl5u\/"},"modified":"2026-03-19T14:58:20","modified_gmt":"2026-03-19T14:58:20","slug":"modulo-de-baterias-externas-bpl48v75art2u-para-extension-de-tiempo-de-respaldo-para-ups-pr6000lcdrtxl5u-pr5000lcdrtxl5u","status":"publish","type":"product","link":"https:\/\/soydeaqui.ddns.net\/pachuca\/index.php\/producto\/modulo-de-baterias-externas-bpl48v75art2u-para-extension-de-tiempo-de-respaldo-para-ups-pr6000lcdrtxl5u-pr5000lcdrtxl5u\/","title":{"rendered":"M\u00f3dulo de bater\u00edas externas BPL48V75ART2U para extensi\u00f3n de tiempo de respaldo para UPS PR6000LCDRTXL5U, PR5000LCDRTXL5U"},"content":{"rendered":"<div style='width: 100%; max-width: 1200px; margin: 0 auto; font-family: sans-serif; line-height: 1.6; color: inherit; background-color: transparent;'>\n<div style='display: flex; flex-direction: column; gap: 30px;'>\n<div style='display: flex; flex-direction: column; gap: 15px;'> <img style='width: 100%; height: auto; border: 1px solid rgba(150&comma;150&comma;150&comma;0.3); border-radius: 8px;' src='https:\/\/ftp3.syscom.mx\/usuarios\/fotos\/logotipos\/cyberpower.png' alt=''> <\/p>\n<p style='margin: 0; font-size: 15px; color: inherit;'> El m\u00f3dulo de bater\u00eda extendida (EBM) en Rack\/Torre de CyberPower BPL48V75ART2U extiende el tiempo de respaldo durante cortes de energ\u00eda. Est\u00e1 dise\u00f1ado para los modelos de UPS PR5000LCDRTXL5U y PR6000LCDRTXL5U. Este m\u00f3dulo EBP toma el espacio de 2 unidades de rack y puede ser instalado en modo rack o modo torre. El BPL48V75ART2U t\u00edpicamente tiene un tiempo de carga para UPS de 8 horas. Incluye. <\/p>\n<p style='margin: 0; font-size: 15px; color: inherit;'> * El BPL48V75ART2U tambi\u00e9n puede ser compatible con el modelo PR3000LCDRTXL2U. <\/p>\n<\/p><\/div>\n<div style='display: grid; grid-template-columns: repeat(auto-fill&comma; minmax(280px&comma; 1fr)); gap: 20px;'>\n<div style='border: 1px solid rgba(150&comma;150&comma;150&comma;0.3); border-radius: 8px; overflow: hidden;'> <img style='width: 100%; height: auto; border: 1px solid rgba(150&comma;150&comma;150&comma;0.3); border-radius: 8px;' src='https:\/\/dl4jz3rbrsfum.cloudfront.net\/images\/products\/standard\/BPL48V75ART2U_F.jpg' alt=''> <\/div>\n<div style='border: 1px solid rgba(150&comma;150&comma;150&comma;0.3); border-radius: 8px; overflow: hidden;'> <img style='width: 100%; height: auto; border: 1px solid rgba(150&comma;150&comma;150&comma;0.3); border-radius: 8px;' src='https:\/\/dl4jz3rbrsfum.cloudfront.net\/images\/products\/standard\/BPL48V75ART2U_R-HP.jpg' alt=''> <\/div>\n<div style='border: 1px solid rgba(150&comma;150&comma;150&comma;0.3); border-radius: 8px; overflow: hidden;'> <img style='width: 100%; height: auto; border: 1px solid rgba(150&comma;150&comma;150&comma;0.3); border-radius: 8px;' src='https:\/\/dl4jz3rbrsfum.cloudfront.net\/images\/products\/standard\/BPL48V75ART2U_B.jpg' alt=''> <\/div>\n<\/p><\/div>\n<\/p><\/div>\n<\/p><\/div>\n","protected":false},"excerpt":{"rendered":"<p>M\u00f3dulo de bater\u00edas externas BPL48V75ART2U para extensi\u00f3n de tiempo de respaldo para UPS PR6000LCDRTXL5U, PR5000LCDRTXL5U<\/p>\n","protected":false},"featured_media":75888,"comment_status":"open","ping_status":"closed","template":"","meta":[],"product_brand":[],"product_cat":[1222],"product_tag":[677,62,1062],"class_list":{"0":"post-75889","1":"product","2":"type-product","3":"status-publish","4":"has-post-thumbnail","6":"product_cat-todos-ups-respaldo","7":"product_tag-cyberpower","8":"product_tag-todos","9":"product_tag-ups-respaldo","11":"first","12":"outofstock","13":"sale","14":"shipping-taxable","15":"purchasable","16":"product-type-simple"},"_links":{"self":[{"href":"https:\/\/soydeaqui.ddns.net\/pachuca\/index.php\/wp-json\/wp\/v2\/product\/75889","targetHints":{"allow":["GET"]}}],"collection":[{"href":"https:\/\/soydeaqui.ddns.net\/pachuca\/index.php\/wp-json\/wp\/v2\/product"}],"about":[{"href":"https:\/\/soydeaqui.ddns.net\/pachuca\/index.php\/wp-json\/wp\/v2\/types\/product"}],"replies":[{"embeddable":true,"href":"https:\/\/soydeaqui.ddns.net\/pachuca\/index.php\/wp-json\/wp\/v2\/comments?post=75889"}],"wp:featuredmedia":[{"embeddable":true,"href":"https:\/\/soydeaqui.ddns.net\/pachuca\/index.php\/wp-json\/wp\/v2\/media\/75888"}],"wp:attachment":[{"href":"https:\/\/soydeaqui.ddns.net\/pachuca\/index.php\/wp-json\/wp\/v2\/media?parent=75889"}],"wp:term":[{"taxonomy":"product_brand","embeddable":true,"href":"https:\/\/soydeaqui.ddns.net\/pachuca\/index.php\/wp-json\/wp\/v2\/product_brand?post=75889"},{"taxonomy":"product_cat","embeddable":true,"href":"https:\/\/soydeaqui.ddns.net\/pachuca\/index.php\/wp-json\/wp\/v2\/product_cat?post=75889"},{"taxonomy":"product_tag","embeddable":true,"href":"https:\/\/soydeaqui.ddns.net\/pachuca\/index.php\/wp-json\/wp\/v2\/product_tag?post=75889"}],"curies":[{"name":"wp","href":"https:\/\/api.w.org\/{rel}","templated":true}]}}