{"id":75887,"date":"2026-03-19T14:58:15","date_gmt":"2026-03-19T14:58:15","guid":{"rendered":"https:\/\/soydeaqui.ddns.net\/pachuca\/index.php\/producto\/modulo-de-baterias-externas-bp48v45art2u-de-48v-a-45a-para-extension-de-tiempo-de-respaldo-para-ups-pr1000rtxl2u\/"},"modified":"2026-03-19T14:58:16","modified_gmt":"2026-03-19T14:58:16","slug":"modulo-de-baterias-externas-bp48v45art2u-de-48v-a-45a-para-extension-de-tiempo-de-respaldo-para-ups-pr1000rtxl2u","status":"publish","type":"product","link":"https:\/\/soydeaqui.ddns.net\/pachuca\/index.php\/producto\/modulo-de-baterias-externas-bp48v45art2u-de-48v-a-45a-para-extension-de-tiempo-de-respaldo-para-ups-pr1000rtxl2u\/","title":{"rendered":"M\u00f3dulo de bater\u00edas externas BP48V45ART2U de 48V a 45A para extensi\u00f3n de tiempo de respaldo para UPS PR1000RTXL2U"},"content":{"rendered":"<div style='width: 100%; max-width: 1200px; margin: 0 auto; font-family: sans-serif; line-height: 1.6; color: inherit; background-color: transparent;'>\n<div style='display: flex; flex-direction: column; gap: 30px;'>\n<div style='width: 100%;'> <img style='width: 100%; max-width: 600px; height: auto; border: 1px solid rgba(150&comma;150&comma;150&comma;0.3); border-radius: 8px;' src='https:\/\/ftp3.syscom.mx\/usuarios\/fotos\/logotipos\/cyberpower.png' alt=''> <\/div>\n<div style='width: 100%;'>\n<p style='margin: 0 0 15px 0; color: inherit;'>El paquete de bater\u00edas BP48V45ART2U de CyberPower ofrece tiempo de respaldo de bater\u00eda extendida para el sistema: PR750RTXL2U y PR1000RTXL2U.<\/p>\n<p style='margin: 0 0 15px 0; color: inherit;'>Estos paquetes 2U combinan est\u00e9ticamente con los UPS y pueden ser montados en Rack \u00f3 Torre similarmente. El calibre grueso del cable de corriente est\u00e1 adaptado para conectar y usar conectores DC para f\u00e1cil instalaci\u00f3n. La cubierta de metal contiene las (8) ocho bater\u00edas 12V 7Ah las cuales est\u00e1n conectadas en dos grupos de 4 bater\u00edas en serie.<\/p>\n<p style='margin: 0; color: inherit;'>Hasta 4 paquetes de bater\u00edas pueden ser conectadas juntas al UPS para extender el tiempo de respaldo de bater\u00eda.<\/p>\n<\/p><\/div>\n<div style='width: 100%;'>\n<h3 style='font-size: 22px; border-bottom: 2px solid currentColor; padding-bottom: 5px; margin-top: 0; margin-bottom: 15px; color: inherit; opacity: 0.8;'>Especificaciones t\u00e9cnicas<\/h3>\n<ul style='padding-left: 20px; font-size: 15px; color: inherit; list-style-type: disc;'>\n<li style='margin-bottom: 5px;'>Salida: 48V \/ 45A<\/li>\n<li style='margin-bottom: 5px;'>Tiempo de carga: 16 horas<\/li>\n<li style='margin-bottom: 5px;'>Tipo de bater\u00eda: 12V \/ 7AH<\/li>\n<li style='margin-bottom: 5px;'>Cantidad de bater\u00edas: 8<\/li>\n<li style='margin-bottom: 5px;'>Tecnolog\u00eda de carga r\u00e1pida<\/li>\n<li style='margin-bottom: 5px;'>Dimensiones: 43.18 x 8.89 x 40.05 cm (Ancho x Alto x Profundidad)<\/li>\n<li style='margin-bottom: 5px;'><strong>(incluye bater\u00eda)<\/strong><\/li>\n<\/ul><\/div>\n<div style='display: flex; flex-wrap: wrap; gap: 20px; width: 100%;'>\n<div style='flex: 1 1 300px; min-width: 280px;'> <img style='width: 100%; height: auto; border: 1px solid rgba(150&comma;150&comma;150&comma;0.3); border-radius: 8px;' src='https:\/\/dl4jz3rbrsfum.cloudfront.net\/images\/products\/standard\/BP48V45ART2U_L-HP.jpg' alt=''> <\/div>\n<div style='flex: 1 1 300px; min-width: 280px;'> <img style='width: 100%; height: auto; border: 1px solid rgba(150&comma;150&comma;150&comma;0.3); border-radius: 8px;' src='https:\/\/dl4jz3rbrsfum.cloudfront.net\/images\/products\/standard\/BP48V45ART2U_B.jpg' alt=''> <\/div>\n<\/p><\/div>\n<div style='width: 100%;'>\n<h2 style='font-size: 24px; margin-top: 0; margin-bottom: 15px; color: inherit;'>Instalaci\u00f3n<\/h2>\n<div style='position: relative; padding-bottom: 56.25%; height: 0; overflow: hidden; margin-bottom: 30px;'>   <\/div>\n<\/p><\/div>\n<\/p><\/div>\n<\/p><\/div>\n","protected":false},"excerpt":{"rendered":"<p>M\u00f3dulo de bater\u00edas externas BP48V45ART2U de 48V a 45A para extensi\u00f3n de tiempo de respaldo para UPS PR1000RTXL2U<\/p>\n","protected":false},"featured_media":75886,"comment_status":"open","ping_status":"closed","template":"","meta":[],"product_brand":[],"product_cat":[1222],"product_tag":[677,62,1062],"class_list":{"0":"post-75887","1":"product","2":"type-product","3":"status-publish","4":"has-post-thumbnail","6":"product_cat-todos-ups-respaldo","7":"product_tag-cyberpower","8":"product_tag-todos","9":"product_tag-ups-respaldo","11":"first","12":"outofstock","13":"sale","14":"shipping-taxable","15":"purchasable","16":"product-type-simple"},"_links":{"self":[{"href":"https:\/\/soydeaqui.ddns.net\/pachuca\/index.php\/wp-json\/wp\/v2\/product\/75887","targetHints":{"allow":["GET"]}}],"collection":[{"href":"https:\/\/soydeaqui.ddns.net\/pachuca\/index.php\/wp-json\/wp\/v2\/product"}],"about":[{"href":"https:\/\/soydeaqui.ddns.net\/pachuca\/index.php\/wp-json\/wp\/v2\/types\/product"}],"replies":[{"embeddable":true,"href":"https:\/\/soydeaqui.ddns.net\/pachuca\/index.php\/wp-json\/wp\/v2\/comments?post=75887"}],"wp:featuredmedia":[{"embeddable":true,"href":"https:\/\/soydeaqui.ddns.net\/pachuca\/index.php\/wp-json\/wp\/v2\/media\/75886"}],"wp:attachment":[{"href":"https:\/\/soydeaqui.ddns.net\/pachuca\/index.php\/wp-json\/wp\/v2\/media?parent=75887"}],"wp:term":[{"taxonomy":"product_brand","embeddable":true,"href":"https:\/\/soydeaqui.ddns.net\/pachuca\/index.php\/wp-json\/wp\/v2\/product_brand?post=75887"},{"taxonomy":"product_cat","embeddable":true,"href":"https:\/\/soydeaqui.ddns.net\/pachuca\/index.php\/wp-json\/wp\/v2\/product_cat?post=75887"},{"taxonomy":"product_tag","embeddable":true,"href":"https:\/\/soydeaqui.ddns.net\/pachuca\/index.php\/wp-json\/wp\/v2\/product_tag?post=75887"}],"curies":[{"name":"wp","href":"https:\/\/api.w.org\/{rel}","templated":true}]}}