{"id":75883,"date":"2026-03-19T14:58:06","date_gmt":"2026-03-19T14:58:06","guid":{"rendered":"https:\/\/soydeaqui.ddns.net\/pachuca\/index.php\/producto\/modulo-de-baterias-externas-para-extension-de-tiempo-de-respaldo-para-ups-pr1500elcdrtxl2u-pr2200elcdrtxl2u-pr3000lcdrt2u\/"},"modified":"2026-03-19T14:58:12","modified_gmt":"2026-03-19T14:58:12","slug":"modulo-de-baterias-externas-para-extension-de-tiempo-de-respaldo-para-ups-pr1500elcdrtxl2u-pr2200elcdrtxl2u-pr3000lcdrt2u","status":"publish","type":"product","link":"https:\/\/soydeaqui.ddns.net\/pachuca\/index.php\/producto\/modulo-de-baterias-externas-para-extension-de-tiempo-de-respaldo-para-ups-pr1500elcdrtxl2u-pr2200elcdrtxl2u-pr3000lcdrt2u\/","title":{"rendered":"M\u00f3dulo de bater\u00edas externas para extensi\u00f3n de tiempo de respaldo para UPS PR1500ELCDRTXL2U, PR2200ELCDRTXL2U, PR3000LCDRT2U"},"content":{"rendered":"<div style='width: 100%; max-width: 1200px; margin: 0 auto; font-family: sans-serif; line-height: 1.6; color: inherit; background-color: transparent;'> <!-- Imagen del producto --> <\/p>\n<div style='display: flex; justify-content: center; margin-bottom: 30px;'> <img style='width: 100%; max-width: 600px; height: auto; border: 1px solid rgba(150&comma;150&comma;150&comma;0.3); border-radius: 8px;' src='https:\/\/ftp3.syscom.mx\/usuarios\/fotos\/logotipos\/cyberpower.png' alt='Logo CyberPower'> <\/div>\n<p> <!-- Descripci\u00f3n principal --> <\/p>\n<div style='margin-bottom: 30px;'>\n<p>El paquete de bater\u00edas BP48V75ART2U de CyberPower ofrece tiempo de respaldo de bater\u00eda extendida para los sistemas UPS: PR1500LCDRTXL2U&comma; PR2200LCDRTXL2U&comma; PR3000LCDRT2U y PR3000LCDRTXL2U.<\/p>\n<p>Estos bancos de bater\u00eda de 2 UR combinan est\u00e9ticamente con los UPS y pueden ser montados en Rack \u00f3 Torre. El calibre grueso del cable de corriente est\u00e1 adaptado para conectar y usar conectores DC para f\u00e1cil instalaci\u00f3n. La cubierta de metal contiene las 8 bater\u00edas 12V\/9Ah las cuales est\u00e1n conectadas en dos grupos de 4 bater\u00edas en serie.<\/p>\n<p>Hasta 10 paquetes de bater\u00edas pueden ser conectadas juntas al UPS para extender el tiempo de respaldo de bater\u00eda.<\/p>\n<\/p><\/div>\n<p> <!-- Especificaciones t\u00e9cnicas --> <\/p>\n<div style='display: flex; flex-wrap: wrap; gap: 20px;'>\n<div style='flex: 1 1 250px; border: 1px solid rgba(150&comma; 150&comma; 150&comma; 0.4); border-radius: 8px; overflow: hidden; display: flex; flex-direction: column;'>\n<div style='padding: 15px; border-bottom: 1px solid rgba(150&comma; 150&comma; 150&comma; 0.2); font-weight: bold; font-size: 18px; color: inherit;'>Especificaciones t\u00e9cnicas<\/div>\n<div style='padding: 15px; color: inherit;'>\n<ul style='padding-left: 20px; margin: 0; font-size: 14px; list-style-type: disc;'>\n<li style='margin-bottom: 5px;'>Bater\u00edas: <strong>12V\/9Ah<\/strong><\/li>\n<li style='margin-bottom: 5px;'>Cantidad de bater\u00edas: <strong>8<\/strong><\/li>\n<li style='margin-bottom: 5px;'>Longitud de cable de corriente: <strong>3 m<\/strong><\/li>\n<li style='margin-bottom: 5px;'>Cargador interno: <strong>S\u00ed<\/strong><\/li>\n<li style='margin-bottom: 5px;'>Unidades de Rack: <strong>2<\/strong><\/li>\n<li style='margin-bottom: 5px;'>Dimensiones: <strong>433 x 88 x 485 mm (Ancho x Alto x Profundidad)<\/strong><\/li>\n<li style='margin-bottom: 5px;'>Peso: <strong>30.5 Kg<\/strong><\/li>\n<\/ul><\/div>\n<\/p><\/div>\n<\/p><\/div>\n<\/p><\/div>\n","protected":false},"excerpt":{"rendered":"<p>M\u00f3dulo de bater\u00edas externas para extensi\u00f3n de tiempo de respaldo para UPS PR1500ELCDRTXL2U, PR2200ELCDRTXL2U, PR3000LCDRT2U<\/p>\n","protected":false},"featured_media":75882,"comment_status":"open","ping_status":"closed","template":"","meta":[],"product_brand":[],"product_cat":[1222],"product_tag":[677,62,1062],"class_list":{"0":"post-75883","1":"product","2":"type-product","3":"status-publish","4":"has-post-thumbnail","6":"product_cat-todos-ups-respaldo","7":"product_tag-cyberpower","8":"product_tag-todos","9":"product_tag-ups-respaldo","11":"first","12":"outofstock","13":"sale","14":"shipping-taxable","15":"purchasable","16":"product-type-simple"},"_links":{"self":[{"href":"https:\/\/soydeaqui.ddns.net\/pachuca\/index.php\/wp-json\/wp\/v2\/product\/75883","targetHints":{"allow":["GET"]}}],"collection":[{"href":"https:\/\/soydeaqui.ddns.net\/pachuca\/index.php\/wp-json\/wp\/v2\/product"}],"about":[{"href":"https:\/\/soydeaqui.ddns.net\/pachuca\/index.php\/wp-json\/wp\/v2\/types\/product"}],"replies":[{"embeddable":true,"href":"https:\/\/soydeaqui.ddns.net\/pachuca\/index.php\/wp-json\/wp\/v2\/comments?post=75883"}],"wp:featuredmedia":[{"embeddable":true,"href":"https:\/\/soydeaqui.ddns.net\/pachuca\/index.php\/wp-json\/wp\/v2\/media\/75882"}],"wp:attachment":[{"href":"https:\/\/soydeaqui.ddns.net\/pachuca\/index.php\/wp-json\/wp\/v2\/media?parent=75883"}],"wp:term":[{"taxonomy":"product_brand","embeddable":true,"href":"https:\/\/soydeaqui.ddns.net\/pachuca\/index.php\/wp-json\/wp\/v2\/product_brand?post=75883"},{"taxonomy":"product_cat","embeddable":true,"href":"https:\/\/soydeaqui.ddns.net\/pachuca\/index.php\/wp-json\/wp\/v2\/product_cat?post=75883"},{"taxonomy":"product_tag","embeddable":true,"href":"https:\/\/soydeaqui.ddns.net\/pachuca\/index.php\/wp-json\/wp\/v2\/product_tag?post=75883"}],"curies":[{"name":"wp","href":"https:\/\/api.w.org\/{rel}","templated":true}]}}