{"id":75859,"date":"2026-03-19T14:57:04","date_gmt":"2026-03-19T14:57:04","guid":{"rendered":"https:\/\/soydeaqui.ddns.net\/pachuca\/index.php\/producto\/ups-de-5000-va-4500-w-topologia-linea-interactiva-200-240-vca-de-entrada-120-240-vca-de-salida-onda-senoidal-pura-torre-o-rack-5-ur-con-3-tomas-nema-l6-30r-y-2-nema-l6-20r\/"},"modified":"2026-03-19T14:57:05","modified_gmt":"2026-03-19T14:57:05","slug":"ups-de-5000-va-4500-w-topologia-linea-interactiva-200-240-vca-de-entrada-120-240-vca-de-salida-onda-senoidal-pura-torre-o-rack-5-ur-con-3-tomas-nema-l6-30r-y-2-nema-l6-20r","status":"publish","type":"product","link":"https:\/\/soydeaqui.ddns.net\/pachuca\/index.php\/producto\/ups-de-5000-va-4500-w-topologia-linea-interactiva-200-240-vca-de-entrada-120-240-vca-de-salida-onda-senoidal-pura-torre-o-rack-5-ur-con-3-tomas-nema-l6-30r-y-2-nema-l6-20r\/","title":{"rendered":"UPS de 5000 VA\/4500 W, Topolog\u00eda L\u00ednea Interactiva, 200 &#8211; 240 Vca de Entrada, 120 &#8211; 240 Vca de Salida, Onda Senoidal Pura, Torre o Rack 5 UR, Con 3 Tomas NEMA L6-30R y 2 NEMA L6-20R"},"content":{"rendered":"<div style='width: 100%; max-width: 1200px; margin: 0 auto; font-family: sans-serif; line-height: 1.6; color: inherit; background-color: transparent;'>\n<div style='display: flex; flex-wrap: wrap; gap: 30px; margin-bottom: 30px;'>\n<div style='flex: 1 1 300px; min-width: 280px;'>\n<h3 style='font-size: 22px; border-bottom: 2px solid currentColor; padding-bottom: 5px; margin-top: 0; color: inherit; opacity: 0.8;'>Caracter\u00edsticas<\/h3>\n<ul style='padding-left: 20px; font-size: 15px; color: inherit;'>\n<li style='margin-bottom: 5px;'><strong>Modelo:<\/strong> PR5000LCDRTXL5UTF<\/li>\n<li style='margin-bottom: 5px;'><strong>Marca:<\/strong> CyberPower<\/li>\n<li style='margin-bottom: 5px;'><strong>Capacidad:<\/strong> 5000 VA \/ 4500 W<\/li>\n<li style='margin-bottom: 5px;'><strong>Topolog\u00eda:<\/strong> L\u00ednea Interactiva<\/li>\n<li style='margin-bottom: 5px;'><strong>Instalaci\u00f3n:<\/strong> Torre o Rack 5 UR<\/li>\n<li style='margin-bottom: 5px;'><strong>Conexiones:<\/strong> 3 Tomas NEMA L6-30R y 2 NEMA L6-20R<\/li>\n<li style='margin-bottom: 5px;'><strong>Forma de onda:<\/strong> Onda Senoidal Pura<\/li>\n<\/ul><\/div>\n<div style='flex: 1 1 300px; min-width: 280px;'>\n<h3 style='font-size: 22px; border-bottom: 2px solid currentColor; padding-bottom: 5px; margin-top: 0; color: inherit; opacity: 0.8;'>Requisitos de Instalaci\u00f3n<\/h3>\n<ul style='padding-left: 20px; font-size: 15px; color: inherit;'>\n<li style='margin-bottom: 5px;'>Recept\u00e1culo toma-corriente NEMA L6-30R<\/li>\n<li style='margin-bottom: 5px;'>Voltaje de alimentaci\u00f3n 200-240 VAC<\/li>\n<li style='margin-bottom: 5px;'>Cableado calibre 8 AWG<\/li>\n<li style='margin-bottom: 5px;'>Interruptor de entrada 50A<\/li>\n<li style='margin-bottom: 5px;'>Sistema de aterrizaje aislado y referenciado a tierra<\/li>\n<\/ul><\/div>\n<\/p><\/div>\n<div style='display: flex; flex-wrap: wrap; gap: 30px; margin-bottom: 30px;'>\n<div style='flex: 1 1 300px; min-width: 280px;'>\n<h3 style='font-size: 22px; border-bottom: 2px solid currentColor; padding-bottom: 5px; margin-top: 0; color: inherit; opacity: 0.8;'>Aplicaciones<\/h3>\n<p style='font-size: 15px; color: inherit;'>La fuente de poder ininterrumpible (UPS) Smart App PR5000LCDRTXL5UTF de Onda Senoidal Pura resguarda servidores de misi\u00f3n cr\u00edtica&comma; equipo de telecomunicaciones&comma; VoIP y sistemas de redes. Su regulador autom\u00e1tico de voltaje entrega energ\u00eda CA limpia y constante&comma; protegiendo al equipo conectado y previniendo interrupciones costosas de negocio. Su patentada tecnolog\u00eda GreenPower UPS de circuito avanzada reduce los costos de energ\u00eda UPS en m\u00e1s del 75% comparada con los de los modelos competidores.<\/p>\n<\/p><\/div>\n<\/p><\/div>\n<div style='display: flex; flex-wrap: wrap; gap: 20px; margin-bottom: 30px;'>\n<div style='flex: 1 1 250px; border: 1px solid rgba(150&comma; 150&comma; 150&comma; 0.4); border-radius: 8px; overflow: hidden; display: flex; flex-direction: column;'>\n<div style='padding: 15px; border-bottom: 1px solid rgba(150&comma; 150&comma; 150&comma; 0.2); font-weight: bold; font-size: 18px; color: inherit;'>Energ\u00eda<\/div>\n<div style='padding: 15px; color: inherit;'>\n<ul style='padding-left: 20px; margin: 0; font-size: 14px; list-style-type: disc;'>\n<li style='margin-bottom: 5px;'><strong>Voltaje entrada:<\/strong> 200-240 Vca<\/li>\n<li style='margin-bottom: 5px;'><strong>Frecuencia entrada:<\/strong> 40-70 Hz<\/li>\n<li style='margin-bottom: 5px;'><strong>Salida VA:<\/strong> 5&comma;000<\/li>\n<li style='margin-bottom: 5px;'><strong>Salida Watts:<\/strong> 4&comma;500<\/li>\n<li style='margin-bottom: 5px;'><strong>Factor de potencia:<\/strong> 0.9<\/li>\n<li style='margin-bottom: 5px;'><strong>Voltaje bater\u00eda:<\/strong> 120 Vca configurable a 200&comma; 208&comma; 220&comma; 230&comma; 240 Vca \u00b12%<\/li>\n<\/ul><\/div>\n<\/p><\/div>\n<div style='flex: 1 1 250px; border: 1px solid rgba(150&comma; 150&comma; 150&comma; 0.4); border-radius: 8px; overflow: hidden; display: flex; flex-direction: column;'>\n<div style='padding: 15px; border-bottom: 1px solid rgba(150&comma; 150&comma; 150&comma; 0.2); font-weight: bold; font-size: 18px; color: inherit;'>Conexiones<\/div>\n<div style='padding: 15px; color: inherit;'>\n<ul style='padding-left: 20px; margin: 0; font-size: 14px; list-style-type: disc;'>\n<li style='margin-bottom: 5px;'><strong>Conector entrada:<\/strong> NEMA L6-30P<\/li>\n<li style='margin-bottom: 5px;'><img style='width: 40px; height: 40px; border: 1px solid rgba(150&comma;150&comma;150&comma;0.3); border-radius: 8px; vertical-align: middle;' src='https:\/\/www.cyberpower.com\/mx\/es\/File\/GetImageByDocId\/GeneralAttribute-246' alt=''><\/li>\n<li style='margin-bottom: 5px;'><strong>Cable:<\/strong> 3 metros<\/li>\n<li style='margin-bottom: 5px;'><strong>Total tomas salida:<\/strong> 5<\/li>\n<li style='margin-bottom: 5px;'><strong>Tomas:<\/strong> NEMA L6-30R (3) y NEMA L6-20R (2)<\/li>\n<li style='margin-bottom: 5px;'><img style='width: 40px; height: 40px; border: 1px solid rgba(150&comma;150&comma;150&comma;0.3); border-radius: 8px; vertical-align: middle;' src='https:\/\/www.cyberpower.com\/mx\/es\/File\/GetImageByDocId\/GeneralAttribute-247' alt=''><\/li>\n<li style='margin-bottom: 5px;'><img style='width: 40px; height: 40px; border: 1px solid rgba(150&comma;150&comma;150&comma;0.3); border-radius: 8px; vertical-align: middle;' src='https:\/\/www.cyberpower.com\/mx\/es\/File\/GetImageByDocId\/GeneralAttribute-245' alt=''><\/li>\n<\/ul><\/div>\n<\/p><\/div>\n<div style='flex: 1 1 250px; border: 1px solid rgba(150&comma; 150&comma; 150&comma; 0.4); border-radius: 8px; overflow: hidden; display: flex; flex-direction: column;'>\n<div style='padding: 15px; border-bottom: 1px solid rgba(150&comma; 150&comma; 150&comma; 0.2); font-weight: bold; font-size: 18px; color: inherit;'>Caracter\u00edsticas F\u00edsicas<\/div>\n<div style='padding: 15px; color: inherit;'>\n<ul style='padding-left: 20px; margin: 0; font-size: 14px; list-style-type: disc;'>\n<li style='margin-bottom: 5px;'><strong>Tama\u00f1o rack:<\/strong> 5 UR<\/li>\n<li style='margin-bottom: 5px;'><strong>Dimensiones:<\/strong> 433 x 400.05 x 660 mm (Ancho x Alto x Profundidad)<\/li>\n<li style='margin-bottom: 5px;'><strong>Peso:<\/strong> 174.6 kg (incluye bater\u00eda)<\/li>\n<\/ul><\/div>\n<\/p><\/div>\n<div style='flex: 1 1 250px; border: 1px solid rgba(150&comma; 150&comma; 150&comma; 0.4); border-radius: 8px; overflow: hidden; display: flex; flex-direction: column;'>\n<div style='padding: 15px; border-bottom: 1px solid rgba(150&comma; 150&comma; 150&comma; 0.2); font-weight: bold; font-size: 18px; color: inherit;'>Caracter\u00edsticas Adicionales<\/div>\n<div style='padding: 15px; color: inherit;'>\n<ul style='padding-left: 20px; margin: 0; font-size: 14px; list-style-type: disc;'>\n<li style='margin-bottom: 5px;'><strong>Administraci\u00f3n:<\/strong> SNMP \/ HTTP (RMCARD205 Opcional)<\/li>\n<li style='margin-bottom: 5px;'><strong>M\u00f3dulo bater\u00edas:<\/strong> BPL48V75ART2U<\/li>\n<li style='margin-bottom: 5px;'><strong>Tiempo de transferencia:<\/strong> 4 ms<\/li>\n<li style='margin-bottom: 5px;'><strong>Indicadores:<\/strong> Pantalla LCD<\/li>\n<li style='margin-bottom: 5px;'><strong>Compatible:<\/strong> No con generador de energ\u00eda<\/li>\n<\/ul><\/div>\n<\/p><\/div>\n<\/p><\/div>\n<div style='display: flex; flex-wrap: wrap; gap: 30px; margin-bottom: 30px;'>\n<div style='flex: 1 1 300px; min-width: 280px;'>\n<h3 style='font-size: 22px; border-bottom: 2px solid currentColor; padding-bottom: 5px; margin-top: 0; color: inherit; opacity: 0.8;'>Nota Importante<\/h3>\n<p style='font-size: 15px; color: inherit; background-color: rgba(255&comma; 0&comma; 0&comma; 0.1); padding: 15px; border-radius: 8px; border-left: 4px solid red;'> Este equipo debe ser arrancado por un experto de CyberPower para hacer efectiva la garant\u00eda. Para m\u00e1s informaci\u00f3n comunicarse con el departamento de Ingenier\u00eda. <\/p>\n<\/p><\/div>\n<\/p><\/div>\n<\/p><\/div>\n","protected":false},"excerpt":{"rendered":"<p>UPS de 5000 VA\/4500 W, Topolog\u00eda L\u00ednea Interactiva, 200 &#8211; 240 Vca de Entrada, 120 &#8211; 240 Vca de Salida, Onda Senoidal Pura, Torre o Rack 5 UR, Con 3 Tomas NEMA L6-30R y 2 NEMA L6-20R<\/p>\n","protected":false},"featured_media":75858,"comment_status":"open","ping_status":"closed","template":"","meta":[],"product_brand":[],"product_cat":[1231],"product_tag":[677,142,1232],"class_list":{"0":"post-75859","1":"product","2":"type-product","3":"status-publish","4":"has-post-thumbnail","6":"product_cat-ups-no-break-energia-videovigilancia","7":"product_tag-cyberpower","8":"product_tag-energia","9":"product_tag-ups-no-break-2","11":"first","12":"outofstock","13":"sale","14":"shipping-taxable","15":"purchasable","16":"product-type-simple"},"_links":{"self":[{"href":"https:\/\/soydeaqui.ddns.net\/pachuca\/index.php\/wp-json\/wp\/v2\/product\/75859","targetHints":{"allow":["GET"]}}],"collection":[{"href":"https:\/\/soydeaqui.ddns.net\/pachuca\/index.php\/wp-json\/wp\/v2\/product"}],"about":[{"href":"https:\/\/soydeaqui.ddns.net\/pachuca\/index.php\/wp-json\/wp\/v2\/types\/product"}],"replies":[{"embeddable":true,"href":"https:\/\/soydeaqui.ddns.net\/pachuca\/index.php\/wp-json\/wp\/v2\/comments?post=75859"}],"wp:featuredmedia":[{"embeddable":true,"href":"https:\/\/soydeaqui.ddns.net\/pachuca\/index.php\/wp-json\/wp\/v2\/media\/75858"}],"wp:attachment":[{"href":"https:\/\/soydeaqui.ddns.net\/pachuca\/index.php\/wp-json\/wp\/v2\/media?parent=75859"}],"wp:term":[{"taxonomy":"product_brand","embeddable":true,"href":"https:\/\/soydeaqui.ddns.net\/pachuca\/index.php\/wp-json\/wp\/v2\/product_brand?post=75859"},{"taxonomy":"product_cat","embeddable":true,"href":"https:\/\/soydeaqui.ddns.net\/pachuca\/index.php\/wp-json\/wp\/v2\/product_cat?post=75859"},{"taxonomy":"product_tag","embeddable":true,"href":"https:\/\/soydeaqui.ddns.net\/pachuca\/index.php\/wp-json\/wp\/v2\/product_tag?post=75859"}],"curies":[{"name":"wp","href":"https:\/\/api.w.org\/{rel}","templated":true}]}}