{"id":75823,"date":"2026-03-19T14:55:39","date_gmt":"2026-03-19T14:55:39","guid":{"rendered":"https:\/\/soydeaqui.ddns.net\/pachuca\/index.php\/producto\/modulo-de-baterias-externas-para-extension-de-tiempo-de-respaldo-para-ups-serie-ol-modelos-ol1500rtxl2u-y-ol1000rtxl2u\/"},"modified":"2026-03-19T14:55:44","modified_gmt":"2026-03-19T14:55:44","slug":"modulo-de-baterias-externas-para-extension-de-tiempo-de-respaldo-para-ups-serie-ol-modelos-ol1500rtxl2u-y-ol1000rtxl2u","status":"publish","type":"product","link":"https:\/\/soydeaqui.ddns.net\/pachuca\/index.php\/producto\/modulo-de-baterias-externas-para-extension-de-tiempo-de-respaldo-para-ups-serie-ol-modelos-ol1500rtxl2u-y-ol1000rtxl2u\/","title":{"rendered":"M\u00f3dulo de Bater\u00edas Externas, Para Extensi\u00f3n de Tiempo de Respaldo, Para UPS Serie OL Modelos OL1500RTXL2U y OL1000RTXL2U"},"content":{"rendered":"<div style='width: 100%; max-width: 1200px; margin: 0 auto; font-family: sans-serif; line-height: 1.6; color: inherit; background-color: transparent;'>\n<div style='display: flex; flex-wrap: wrap; gap: 30px; margin-bottom: 30px;'>\n<div style='flex: 1 1 300px; min-width: 280px;'> <img style='width: 100%; height: auto; border: 1px solid rgba(150&comma;150&comma;150&comma;0.3); border-radius: 8px;' src='https:\/\/ftp3.syscom.mx\/usuarios\/fotos\/logotipos\/cyberpower.png' alt=''> <\/div>\n<\/p><\/div>\n<div style='display: flex; flex-wrap: wrap; gap: 30px; margin-bottom: 30px;'>\n<div style='flex: 1 1 300px; min-width: 280px;'>\n<h3 style='font-size: 22px; border-bottom: 2px solid currentColor; padding-bottom: 5px; margin-top: 0; color: inherit; opacity: 0.8;'>Descripci\u00f3n<\/h3>\n<p style='font-size: 15px; color: inherit; margin-bottom: 15px;'>El modulo de bater\u00eda extendida (EBM) en Rack\/Torre de CyberPower BP36V60ART2U extiende el tiempo de reespaldo durante cortes de energ\u00eda. Est\u00e1 dise\u00f1ado para los modelos de UPS OL1000RTXL2U y OL1500RTXL2U. Este modulo EBP toma el espacio de 2 unidades de rack y puede ser instalado en modo rack o modo torre.<\/p>\n<p style='font-size: 15px; color: inherit; margin-bottom: 15px;'>Tambi\u00e9n su construcci\u00f3n esta basada en cargador de bater\u00eda&comma; proveiendo tecnolog\u00eda de carga r\u00e1pida para reestablecer el resplaldo de la fuente de poder a su m\u00e1xima capaciada r\u00e1pidamente.<\/p>\n<\/p><\/div>\n<\/p><\/div>\n<div style='display: flex; flex-wrap: wrap; gap: 20px; margin-bottom: 30px;'>\n<div style='flex: 1 1 250px; border: 1px solid rgba(150&comma; 150&comma; 150&comma; 0.4); border-radius: 8px; overflow: hidden; display: flex; flex-direction: column;'>\n<div style='padding: 15px; border-bottom: 1px solid rgba(150&comma; 150&comma; 150&comma; 0.2); font-weight: bold; font-size: 18px; color: inherit;'>Especificaciones T\u00e9cnicas<\/div>\n<div style='padding: 15px; color: inherit;'>\n<ul style='padding-left: 20px; margin: 0; font-size: 14px; list-style-type: disc;'>\n<li style='margin-bottom: 5px;'><strong>Salida:<\/strong> 36V \/ 60A<\/li>\n<li style='margin-bottom: 5px;'><strong>Tipo de bater\u00eda:<\/strong> 12V\/9Ah<\/li>\n<li style='margin-bottom: 5px;'><strong>Cantidad de bater\u00edas:<\/strong> 6<\/li>\n<li style='margin-bottom: 5px;'><strong>Tecnolog\u00eda de carga r\u00e1pida:<\/strong> S\u00ed<\/li>\n<li style='margin-bottom: 5px;'><strong>Tiempo t\u00edpico de recarga:<\/strong> 4 horas<\/li>\n<li style='margin-bottom: 5px;'><strong>Tama\u00f1o de Rack:<\/strong> 2U<\/li>\n<li style='margin-bottom: 5px;'><strong>Dimensiones:<\/strong> 590 x 240 x 590 mm (Ancho x Alto x Profundidad)<\/li>\n<li style='margin-bottom: 5px;'><strong>Peso:<\/strong> 22.9 Kg<\/li>\n<li style='margin-bottom: 5px;'><strong>Incluye:<\/strong> Bater\u00eda<\/li>\n<\/ul><\/div>\n<\/p><\/div>\n<\/p><\/div>\n<hr style='border: 0; border-top: 1px solid rgba(150&comma; 150&comma; 150&comma; 0.3); margin: 30px 0;'> <\/div>\n","protected":false},"excerpt":{"rendered":"<p>M\u00f3dulo de Bater\u00edas Externas, Para Extensi\u00f3n de Tiempo de Respaldo, Para UPS Serie OL Modelos OL1500RTXL2U y OL1000RTXL2U<\/p>\n","protected":false},"featured_media":75822,"comment_status":"open","ping_status":"closed","template":"","meta":[],"product_brand":[],"product_cat":[1222],"product_tag":[677,62,1062],"class_list":{"0":"post-75823","1":"product","2":"type-product","3":"status-publish","4":"has-post-thumbnail","6":"product_cat-todos-ups-respaldo","7":"product_tag-cyberpower","8":"product_tag-todos","9":"product_tag-ups-respaldo","11":"first","12":"instock","13":"sale","14":"shipping-taxable","15":"purchasable","16":"product-type-simple"},"_links":{"self":[{"href":"https:\/\/soydeaqui.ddns.net\/pachuca\/index.php\/wp-json\/wp\/v2\/product\/75823","targetHints":{"allow":["GET"]}}],"collection":[{"href":"https:\/\/soydeaqui.ddns.net\/pachuca\/index.php\/wp-json\/wp\/v2\/product"}],"about":[{"href":"https:\/\/soydeaqui.ddns.net\/pachuca\/index.php\/wp-json\/wp\/v2\/types\/product"}],"replies":[{"embeddable":true,"href":"https:\/\/soydeaqui.ddns.net\/pachuca\/index.php\/wp-json\/wp\/v2\/comments?post=75823"}],"wp:featuredmedia":[{"embeddable":true,"href":"https:\/\/soydeaqui.ddns.net\/pachuca\/index.php\/wp-json\/wp\/v2\/media\/75822"}],"wp:attachment":[{"href":"https:\/\/soydeaqui.ddns.net\/pachuca\/index.php\/wp-json\/wp\/v2\/media?parent=75823"}],"wp:term":[{"taxonomy":"product_brand","embeddable":true,"href":"https:\/\/soydeaqui.ddns.net\/pachuca\/index.php\/wp-json\/wp\/v2\/product_brand?post=75823"},{"taxonomy":"product_cat","embeddable":true,"href":"https:\/\/soydeaqui.ddns.net\/pachuca\/index.php\/wp-json\/wp\/v2\/product_cat?post=75823"},{"taxonomy":"product_tag","embeddable":true,"href":"https:\/\/soydeaqui.ddns.net\/pachuca\/index.php\/wp-json\/wp\/v2\/product_tag?post=75823"}],"curies":[{"name":"wp","href":"https:\/\/api.w.org\/{rel}","templated":true}]}}