{"id":75802,"date":"2026-03-19T14:54:49","date_gmt":"2026-03-19T14:54:49","guid":{"rendered":"https:\/\/soydeaqui.ddns.net\/pachuca\/index.php\/producto\/telefono-ip-empresarial-de-12-lineas-con-5-teclas-de-funcion-y-conferencia-de-4-vias-poe\/"},"modified":"2026-03-19T14:54:57","modified_gmt":"2026-03-19T14:54:57","slug":"telefono-ip-empresarial-de-12-lineas-con-5-teclas-de-funcion-y-conferencia-de-4-vias-poe","status":"publish","type":"product","link":"https:\/\/soydeaqui.ddns.net\/pachuca\/index.php\/producto\/telefono-ip-empresarial-de-12-lineas-con-5-teclas-de-funcion-y-conferencia-de-4-vias-poe\/","title":{"rendered":"Tel\u00e9fono IP empresarial de 12 L\u00edneas con 5 teclas de funci\u00f3n y conferencia de 4 v\u00edas, PoE"},"content":{"rendered":"<div style='width: 100%; max-width: 1200px; margin: 0 auto; font-family: sans-serif; line-height: 1.6; color: inherit; background-color: transparent;'>\n<div style='display: flex; flex-wrap: wrap; gap: 30px; margin-bottom: 30px;'>\n<div style='flex: 1 1 300px; min-width: 280px;'>\n<h3 style='font-size: 22px; border-bottom: 2px solid currentColor; padding-bottom: 5px; margin-top: 0; color: inherit; opacity: 0.8;'>Descripci\u00f3n<\/h3>\n<p style='font-size: 15px; color: inherit; margin-top: 0;'>El GXP2170 es un poderoso tel\u00e9fono IP de grado Empresarial que es ideal para usuarios ocupados que manejan un alto volumen de llamadas. Este tel\u00e9fono es el tope de la gama con 12 l\u00edneas y 6 cuentas SIP&comma; usando una pantalla LCD a color de 4.3 pulgadas y audio HD. El GXP2170 soporta las conexiones m\u00e1s r\u00e1pidas con sus dos puertos Gigabit. Tiene PoE integrado y Bluetooth para sincronizarse con dispositivos m\u00f3viles y diademas bluetooth. Tambi\u00e9n permite conectar y alimentar hasta 4 m\u00f3dulos de extensi\u00f3n en cascada con pantalla LCD para acceder hasta 160 contactos BLF. El GXP2170 tambi\u00e9n tiene hasta 48 teclas BLF digitales en pantalla para operaciones con sus contactos. Se agreg\u00f3 una avanzada protecci\u00f3n de seguridad y amplia interoperabilidad con la mayor\u00eda de dispositivos SIP y plataformas SIP\/NGN\/IMS l\u00edderes&comma; el GXP2170 es la selecci\u00f3n perfecta para usuarios que buscan lo mejor en tel\u00e9fonos ejecutivos con funcionalidad avanzada y rendimiento.<\/p>\n<\/p><\/div>\n<\/p><\/div>\n<div style='display: flex; flex-wrap: wrap; gap: 30px; margin-bottom: 30px;'>\n<div style='flex: 1 1 300px; min-width: 280px;'>\n<h3 style='font-size: 22px; border-bottom: 2px solid currentColor; padding-bottom: 5px; margin-top: 0; color: inherit; opacity: 0.8;'>Caracter\u00edsticas principales<\/h3>\n<ul style='padding-left: 20px; font-size: 15px; color: inherit;'>\n<li style='margin-bottom: 5px;'>12 L\u00edneas&comma; 6 cuentas SIP&comma; 5 teclas de funci\u00f3n XML programables y conferencia de 5 v\u00edas<\/li>\n<li style='margin-bottom: 5px;'>Pantalla gr\u00e1fica a color LCD de 4.3 pulgadas (480&#215;272)<\/li>\n<li style='margin-bottom: 5px;'>Audio HD<\/li>\n<li style='margin-bottom: 5px;'>Doble puerto de red Gigabit<\/li>\n<\/ul><\/div>\n<div style='flex: 1 1 300px; min-width: 280px;'>\n<h3 style='font-size: 22px; border-bottom: 2px solid currentColor; padding-bottom: 5px; margin-top: 0; color: inherit; opacity: 0.8;'>Caracter\u00edsticas t\u00e9cnicas<\/h3>\n<ul style='padding-left: 20px; font-size: 15px; color: inherit;'>\n<li style='margin-bottom: 5px;'><strong>Expansi\u00f3n:<\/strong> Puede alimentar hasta 4 m\u00f3dulos GXP2200EXT<\/li>\n<li style='margin-bottom: 5px;'><strong>C\u00f3decs:<\/strong> G7.29A\/B&comma; G.711\u03bc\/a-law&comma; G.726&comma; G.722 (wide-band)&comma; in-band y out-of-band DTMF (in audio&comma; RFC2833&comma; SIP INFO)<\/li>\n<li style='margin-bottom: 5px;'><strong>Interfaces:<\/strong> Puertos Ethernet dobles conmutados de 10\/100\/1000 Mbps con detecci\u00f3n autom\u00e1tica y conector de aud\u00edfonos RJ9 (permite EHS con aud\u00edfonos Plantronics)<\/li>\n<li style='margin-bottom: 5px;'><strong>Seguridad:<\/strong> Control de acceso a nivel del usuario y del administrador&comma; autenticaci\u00f3n basada en MD5 y MD5-sess&comma; archivo de configuraci\u00f3n cifrado con AES de 256 bits&comma; TLS&comma; SRTP&comma; HTTPS&comma; 802.1x Media Access Control<\/li>\n<li style='margin-bottom: 5px;'><strong>Calidad de servicio:<\/strong> QoS de Capa (802.1Q&comma; 802.1P) y QoS de Capa 3 (ToS&comma; Di Serv&comma; MPLS)<\/li>\n<\/ul><\/div>\n<\/p><\/div>\n<div style='display: flex; flex-wrap: wrap; gap: 30px; margin-bottom: 30px;'>\n<div style='flex: 1 1 300px; min-width: 280px;'>\n<h3 style='font-size: 22px; border-bottom: 2px solid currentColor; padding-bottom: 5px; margin-top: 0; color: inherit; opacity: 0.8;'>Caracter\u00edsticas adicionales<\/h3>\n<ul style='padding-left: 20px; font-size: 15px; color: inherit;'>\n<li style='margin-bottom: 5px;'><strong>Funciones de telefon\u00eda:<\/strong> Retenci\u00f3n&comma; transferencia&comma; reenv\u00edo (incondicional\/no respuesta\/ocupado)&comma; conferencia de 5 v\u00edas&comma; estacionamiento\/recuperaci\u00f3n de llamadas&comma; directorio telef\u00f3nico descargable (XML&comma; LDAP&comma; hasta 500 contactos)&comma; llamada en espera&comma; historial de llamadas (hasta 200 registros)&comma; marcaci\u00f3n autom\u00e1tica al descolgar&comma; respuesta autom\u00e1tica&comma; hacer clic para marcar&comma; plan de marcaci\u00f3n flexible&comma; estaciones de trabajo compartidas (hot desking)&comma; tonos de llamadas con m\u00fasica personalizada&comma; redundancia de servidores y conmutaci\u00f3n por error (fail-over)<\/li>\n<li style='margin-bottom: 5px;'><strong>Lenguajes:<\/strong> Espa\u00f1ol&comma; ingl\u00e9s&comma; alem\u00e1n&comma; italiano&comma; franc\u00e9s&comma; portugu\u00e9s&comma; ruso&comma; croata&comma; chino simplificado y tradicional&comma; coreano&comma; japon\u00e9s<\/li>\n<li style='margin-bottom: 5px;'><strong>Protocolos y normas:<\/strong> SIP RFC3261&comma; TCP\/IP\/UDP&comma; RTP\/RTCP&comma; HTTP\/HTTPS&comma; ARP&comma; ICMP&comma; DNS (A record&comma; SRV&comma; NAPTR)&comma; DHCP&comma; PPPoE&comma; TELNET&comma; TFTP&comma; NTP&comma; STUN&comma; SIMPLE&comma; LLDP&comma; LDAP&comma; TR-069&comma; 802.1x&comma; TLS&comma; SRTP&comma; IPV6<\/li>\n<li style='margin-bottom: 5px;'><strong>Conformidad:<\/strong> FCC: Part 15 (CFR 47) Class B&comma; CE: EN55022 Class B&comma; EN55024&comma; EN61000-3-2&comma; EN61000-3-3&comma; EN60950-1&comma; RCM: AS\/ACIF S004; AS\/NZS CISPR22\/24; AS\/NZS 60950; AS\/NZS 60950.1<\/li>\n<\/ul><\/div>\n<div style='flex: 1 1 300px; min-width: 280px;'>\n<h3 style='font-size: 22px; border-bottom: 2px solid currentColor; padding-bottom: 5px; margin-top: 0; color: inherit; opacity: 0.8;'>Especificaciones f\u00edsicas<\/h3>\n<ul style='padding-left: 20px; font-size: 15px; color: inherit;'>\n<li style='margin-bottom: 5px;'><strong>Fuente de alimentaci\u00f3n:<\/strong> Universal; Entrada: 100~240VAC 50-60Hz; Salida: 12Vcc&comma; 1A \/ PoE 802.3af&comma; 5.4~9.2W<\/li>\n<li style='margin-bottom: 5px;'><strong>Montaje:<\/strong> Montable en base o pared<\/li>\n<li style='margin-bottom: 5px;'><strong>Dimensiones:<\/strong> 228 x 206 x 46 mm<\/li>\n<li style='margin-bottom: 5px;'><strong>Peso:<\/strong> 0.94 kg<\/li>\n<li style='margin-bottom: 5px;'><strong>Temperatura de operaci\u00f3n:<\/strong> 0~40\u00baC<\/li>\n<\/ul><\/div>\n<\/p><\/div>\n<div style='display: flex; flex-wrap: wrap; gap: 30px; margin-bottom: 30px;'>\n<div style='flex: 1 1 300px; min-width: 280px;'>\n<h3 style='font-size: 22px; border-bottom: 2px solid currentColor; padding-bottom: 5px; margin-top: 0; color: inherit; opacity: 0.8;'>Contenido del paquete<\/h3>\n<ul style='padding-left: 20px; font-size: 15px; color: inherit;'>\n<li style='margin-bottom: 5px;'>Tel\u00e9fono GXP2170<\/li>\n<li style='margin-bottom: 5px;'>Auricular con cord\u00f3n<\/li>\n<li style='margin-bottom: 5px;'>Base de soporte<\/li>\n<li style='margin-bottom: 5px;'>Fuente de alimentaci\u00f3n universal<\/li>\n<li style='margin-bottom: 5px;'>Cable de red<\/li>\n<li style='margin-bottom: 5px;'>Gu\u00eda de Instalaci\u00f3n R\u00e1pida<\/li>\n<li style='margin-bottom: 5px;'>Folleto<\/li>\n<li style='margin-bottom: 5px;'>Licencia GPL<\/li>\n<\/ul><\/div>\n<\/p><\/div>\n<div style='display: flex; flex-wrap: wrap; gap: 30px; margin-bottom: 30px;'>\n<div style='flex: 1 1 300px; min-width: 280px;'>\n<h3 style='font-size: 22px; border-bottom: 2px solid currentColor; padding-bottom: 5px; margin-top: 0; color: inherit; opacity: 0.8;'>Im\u00e1genes<\/h3>\n<p style='font-size: 15px; color: inherit; margin-top: 0;'><em>GXP2170 con un m\u00f3dulo de expansi\u00f3n GXP2200EXP<\/em><\/p>\n<p> <img style='width: 100%; height: auto; border: 1px solid rgba(150&comma;150&comma;150&comma;0.3); border-radius: 8px;' src='http:\/\/ftp3.syscom.mx\/usuarios\/fotos\/GXP2170\/84360-right.png' alt=''> <img style='width: 100%; height: auto; border: 1px solid rgba(150&comma;150&comma;150&comma;0.3); border-radius: 8px; margin-top: 15px;' src='http:\/\/ftp3.syscom.mx\/usuarios\/fotos\/GXP2170\/84360-side.png' alt=''> <\/div>\n<\/p><\/div>\n<hr style='border: 0; border-top: 1px solid rgba(150&comma; 150&comma; 150&comma; 0.3); margin: 30px 0;'> <\/div>\n","protected":false},"excerpt":{"rendered":"<p>Tel\u00e9fono IP empresarial de 12 L\u00edneas con 5 teclas de funci\u00f3n y conferencia de 4 v\u00edas, PoE<\/p>\n","protected":false},"featured_media":75801,"comment_status":"open","ping_status":"closed","template":"","meta":[],"product_brand":[],"product_cat":[2003],"product_tag":[909,2005,2004],"class_list":{"0":"post-75802","1":"product","2":"type-product","3":"status-publish","4":"has-post-thumbnail","6":"product_cat-telefonos-ip","7":"product_tag-grandstream","8":"product_tag-telefonos-ip","9":"product_tag-voip-telefonia-ip-videoconferencia","11":"first","12":"instock","13":"sale","14":"shipping-taxable","15":"purchasable","16":"product-type-simple"},"_links":{"self":[{"href":"https:\/\/soydeaqui.ddns.net\/pachuca\/index.php\/wp-json\/wp\/v2\/product\/75802","targetHints":{"allow":["GET"]}}],"collection":[{"href":"https:\/\/soydeaqui.ddns.net\/pachuca\/index.php\/wp-json\/wp\/v2\/product"}],"about":[{"href":"https:\/\/soydeaqui.ddns.net\/pachuca\/index.php\/wp-json\/wp\/v2\/types\/product"}],"replies":[{"embeddable":true,"href":"https:\/\/soydeaqui.ddns.net\/pachuca\/index.php\/wp-json\/wp\/v2\/comments?post=75802"}],"wp:featuredmedia":[{"embeddable":true,"href":"https:\/\/soydeaqui.ddns.net\/pachuca\/index.php\/wp-json\/wp\/v2\/media\/75801"}],"wp:attachment":[{"href":"https:\/\/soydeaqui.ddns.net\/pachuca\/index.php\/wp-json\/wp\/v2\/media?parent=75802"}],"wp:term":[{"taxonomy":"product_brand","embeddable":true,"href":"https:\/\/soydeaqui.ddns.net\/pachuca\/index.php\/wp-json\/wp\/v2\/product_brand?post=75802"},{"taxonomy":"product_cat","embeddable":true,"href":"https:\/\/soydeaqui.ddns.net\/pachuca\/index.php\/wp-json\/wp\/v2\/product_cat?post=75802"},{"taxonomy":"product_tag","embeddable":true,"href":"https:\/\/soydeaqui.ddns.net\/pachuca\/index.php\/wp-json\/wp\/v2\/product_tag?post=75802"}],"curies":[{"name":"wp","href":"https:\/\/api.w.org\/{rel}","templated":true}]}}