{"id":75797,"date":"2026-03-19T14:54:37","date_gmt":"2026-03-19T14:54:37","guid":{"rendered":"https:\/\/soydeaqui.ddns.net\/pachuca\/index.php\/producto\/switch-administrable-capa-2-con-fuente-de-alimentacion-redundante-24-puertos-sfp-gigabit-100-1000x-8-puertos-combo-rj45-gigabit\/"},"modified":"2026-03-19T14:54:45","modified_gmt":"2026-03-19T14:54:45","slug":"switch-administrable-capa-2-con-fuente-de-alimentacion-redundante-24-puertos-sfp-gigabit-100-1000x-8-puertos-combo-rj45-gigabit","status":"publish","type":"product","link":"https:\/\/soydeaqui.ddns.net\/pachuca\/index.php\/producto\/switch-administrable-capa-2-con-fuente-de-alimentacion-redundante-24-puertos-sfp-gigabit-100-1000x-8-puertos-combo-rj45-gigabit\/","title":{"rendered":"Switch Administrable Capa 2 con Fuente de Alimentaci\u00f3n Redundante, 24 Puertos SFP Gigabit 100\/1000X, 8 Puertos Combo RJ45 Gigabit."},"content":{"rendered":"<div style='width: 100%; max-width: 1200px; margin: 0 auto; font-family: sans-serif; line-height: 1.6; color: inherit; background-color: transparent;'> <!-- Secci\u00f3n de im\u00e1genes de iconos --> <\/p>\n<div style='display: flex; justify-content: center; flex-wrap: wrap; gap: 15px; margin-bottom: 30px;'> <img style='width: auto; height: 40px; border: 1px solid rgba(150&comma;150&comma;150&comma;0.3); border-radius: 8px;' src='https:\/\/www.planet.com.tw\/storage\/icons\/2icon_L3-Static-Routing.png' alt=''> <img style='width: auto; height: 40px; border: 1px solid rgba(150&comma;150&comma;150&comma;0.3); border-radius: 8px;' src='https:\/\/www.planet.com.tw\/storage\/icons\/4icon_SFP_DDM.png' alt=''> <img style='width: auto; height: 40px; border: 1px solid rgba(150&comma;150&comma;150&comma;0.3); border-radius: 8px;' src='https:\/\/www.planet.com.tw\/storage\/icons\/1icon_IPv6-Management.png' alt=''> <img style='width: auto; height: 40px; border: 1px solid rgba(150&comma;150&comma;150&comma;0.3); border-radius: 8px;' src='https:\/\/www.planet.com.tw\/storage\/icons\/2icon_QinQ-VLAN.png' alt=''> <img style='width: auto; height: 40px; border: 1px solid rgba(150&comma;150&comma;150&comma;0.3); border-radius: 8px;' src='https:\/\/www.planet.com.tw\/storage\/icons\/0icon_mstp.png' alt=''> <\/div>\n<p> <!-- Im\u00e1genes del producto --> <\/p>\n<div style='display: flex; flex-direction: column; align-items: center; gap: 20px; margin-bottom: 30px;'> <img style='width: 100%; max-width: 650px; height: auto; border: 1px solid rgba(150&comma;150&comma;150&comma;0.3); border-radius: 8px;' src='https:\/\/www.planet.com.tw\/storage\/products\/48563\/GS-5220-16S8CR_Front-Panel-Introducton_L.gif' alt='Panel frontal'> <img style='width: 100%; max-width: 650px; height: auto; border: 1px solid rgba(150&comma;150&comma;150&comma;0.3); border-radius: 8px;' src='https:\/\/www.planet.com.tw\/storage\/products\/48563\/GS-5220-16S8CR_Rear-Panel-Introducton_L.gif' alt='Panel trasero'> <\/div>\n<p> <!-- Secci\u00f3n de caracter\u00edsticas con imagen y texto --> <\/p>\n<div style='display: flex; flex-wrap: wrap; gap: 30px; margin-bottom: 30px;'>\n<div style='flex: 1 1 300px; min-width: 280px;'> <img style='width: 100%; max-width: 400px; height: auto; border: 1px solid rgba(150&comma;150&comma;150&comma;0.3); border-radius: 8px;' src='https:\/\/www.planet.com.tw\/storage\/products\/48563\/GS-5220-16S8C_16S8CR-4_L.gif' alt='Alerta de alarma'> <\/div>\n<div style='flex: 1 1 300px; min-width: 280px;'>\n<h3 style='font-size: 22px; border-bottom: 2px solid currentColor; padding-bottom: 5px; margin-top: 0; color: inherit; opacity: 0.8;'>Alerta de alarma efectiva para una mejor protecci\u00f3n<\/h3>\n<p style='font-size: 15px; color: inherit;'>Admiten una funci\u00f3n de alarma de falla que puede alertar a los usuarios cuando hay alg\u00fan problema con los Switches. Con esta caracter\u00edstica&comma; el usuario encontrar\u00e1 la falla inmediatamente ahorrando tiempo y recursos humanos.<\/p>\n<\/p><\/div>\n<\/p><\/div>\n<p> <!-- Secci\u00f3n de aplicaci\u00f3n com\u00fan --> <\/p>\n<div style='display: flex; flex-wrap: wrap; gap: 30px; margin-bottom: 30px;'>\n<div style='flex: 1 1 300px; min-width: 280px;'>\n<h3 style='font-size: 22px; border-bottom: 2px solid currentColor; padding-bottom: 5px; margin-top: 0; color: inherit; opacity: 0.8;'>Aplicaci\u00f3n com\u00fan como conmutador de enrutamiento de fibra para aplicaciones de vigilancia IP<\/h3>\n<\/p><\/div>\n<div style='flex: 1 1 300px; min-width: 280px;'> <img style='width: 100%; max-width: 400px; height: auto; border: 1px solid rgba(150&comma;150&comma;150&comma;0.3); border-radius: 8px;' src='https:\/\/www.planet.com.tw\/storage\/products\/48563\/GS-5220-16S8C_16S8CR-2_L.gif' alt='Aplicaci\u00f3n de vigilancia IP'> <\/div>\n<\/p><\/div>\n<p> <!-- Secci\u00f3n de enrutamiento est\u00e1tico --> <\/p>\n<div style='display: flex; flex-wrap: wrap; gap: 30px; margin-bottom: 30px;'>\n<div style='flex: 1 1 300px; min-width: 280px;'> <img style='width: 100%; max-width: 400px; height: auto; border: 1px solid rgba(150&comma;150&comma;150&comma;0.3); border-radius: 8px;' src='https:\/\/www.planet.com.tw\/storage\/products\/48563\/GS-5220-16S8C_16S8CR-3_s.gif' alt='Enrutamiento est\u00e1tico de VLAN'> <\/div>\n<div style='flex: 1 1 300px; min-width: 280px;'>\n<h3 style='font-size: 22px; border-bottom: 2px solid currentColor; padding-bottom: 5px; margin-top: 0; color: inherit; opacity: 0.8;'>Enrutamiento est\u00e1tico de VLAN en Capa 2+<\/h3>\n<\/p><\/div>\n<\/p><\/div>\n<p> <!-- Secci\u00f3n de especificaciones --> <\/p>\n<div style='display: flex; flex-wrap: wrap; gap: 20px; margin-bottom: 30px;'>\n<div style='flex: 1 1 100%; border: 1px solid rgba(150&comma; 150&comma; 150&comma; 0.4); border-radius: 8px; overflow: hidden;'>\n<div style='padding: 15px; border-bottom: 1px solid rgba(150&comma; 150&comma; 150&comma; 0.2); font-weight: bold; font-size: 18px; color: inherit;'>Especificaciones del hardware<\/div>\n<div style='padding: 15px; color: inherit;'>\n<div style='display: grid; grid-template-columns: repeat(auto-fill&comma; minmax(250px&comma; 1fr)); gap: 15px;'>\n<div style='border: 1px solid rgba(150&comma; 150&comma; 150&comma; 0.3); border-radius: 6px; padding: 10px;'> <strong style='color: inherit;'>Puertos de Cobre:<\/strong> <span style='display: block; margin-top: 5px; font-size: 14px; color: inherit;'>8 puertos 10\/100\/1000Base-T RJ-45 Auto-MDI\/MDI-X&comma; compartidos con Port-1~Port-8<\/span> <\/div>\n<div style='border: 1px solid rgba(150&comma; 150&comma; 150&comma; 0.3); border-radius: 6px; padding: 10px;'> <strong style='color: inherit;'>Ranuras SFP\/mini-GBIC:<\/strong> <span style='display: block; margin-top: 5px; font-size: 14px; color: inherit;'>24 interfaces SFP de doble velocidad 100\/1000Base-X<\/span> <\/div>\n<div style='border: 1px solid rgba(150&comma; 150&comma; 150&comma; 0.3); border-radius: 6px; padding: 10px;'> <strong style='color: inherit;'>Consola:<\/strong> <span style='display: block; margin-top: 5px; font-size: 14px; color: inherit;'>1 puerto serie RS-232 a RJ45 (115200&comma; 8&comma; N&comma; 1)<\/span> <\/div>\n<div style='border: 1px solid rgba(150&comma; 150&comma; 150&comma; 0.3); border-radius: 6px; padding: 10px;'> <strong style='color: inherit;'>Rendimiento:<\/strong> <span style='display: block; margin-top: 5px; font-size: 14px; color: inherit;'>35.7Mpps@64Bytes<\/span> <\/div>\n<div style='border: 1px solid rgba(150&comma; 150&comma; 150&comma; 0.3); border-radius: 6px; padding: 10px;'> <strong style='color: inherit;'>Tabla de direcciones:<\/strong> <span style='display: block; margin-top: 5px; font-size: 14px; color: inherit;'>16&comma;000<\/span> <\/div>\n<div style='border: 1px solid rgba(150&comma; 150&comma; 150&comma; 0.3); border-radius: 6px; padding: 10px;'> <strong style='color: inherit;'>Dimensiones:<\/strong> <span style='display: block; margin-top: 5px; font-size: 14px; color: inherit;'>440 x 200 x 44&comma;5 mm&comma; altura 1U<\/span> <\/div>\n<div style='border: 1px solid rgba(150&comma; 150&comma; 150&comma; 0.3); border-radius: 6px; padding: 10px;'> <strong style='color: inherit;'>Peso:<\/strong> <span style='display: block; margin-top: 5px; font-size: 14px; color: inherit;'>2745g<\/span> <\/div>\n<div style='border: 1px solid rgba(150&comma; 150&comma; 150&comma; 0.3); border-radius: 6px; padding: 10px;'> <strong style='color: inherit;'>Requerimientos de energ\u00eda:<\/strong> <span style='display: block; margin-top: 5px; font-size: 14px; color: inherit;'>100~240 V CA&comma; 50\/60 Hz<\/span> <span style='display: block; margin-top: 5px; font-size: 14px; color: inherit;'>48 V CC a 0&comma;6 A&comma; Rango: 36 ~ 60 V<\/span> <\/div>\n<div style='border: 1px solid rgba(150&comma; 150&comma; 150&comma; 0.3); border-radius: 6px; padding: 10px;'> <strong style='color: inherit;'>Consumo de energ\u00eda:<\/strong> <span style='display: block; margin-top: 5px; font-size: 14px; color: inherit;'>45 Watts \/153 BTU (m\u00e1x.)<\/span> <\/div>\n<div style='border: 1px solid rgba(150&comma; 150&comma; 150&comma; 0.3); border-radius: 6px; padding: 10px;'> <strong style='color: inherit;'>Funciones de Capa 2:<\/strong> <span style='display: block; margin-top: 5px; font-size: 14px; color: inherit;'>Port Configuration&comma; Port Status&comma; Port Mirroring&comma; VLAN&comma; Link Aggregation&comma; Spanning Tree Protocol&comma; QoS&comma; IGMP Snooping&comma; MLD Snooping&comma; Access Control List&comma; Bandwidth Control<\/span> <\/div>\n<div style='border: 1px solid rgba(150&comma; 150&comma; 150&comma; 0.3); border-radius: 6px; padding: 10px;'> <strong style='color: inherit;'>Funciones de Capa 3:<\/strong> <span style='display: block; margin-top: 5px; font-size: 14px; color: inherit;'>IP Interfaces&comma; Routing Table&comma; Routing Protocols<\/span> <\/div>\n<div style='border: 1px solid rgba(150&comma; 150&comma; 150&comma; 0.3); border-radius: 6px; padding: 10px;'> <strong style='color: inherit;'>Interfaces de administraci\u00f3n:<\/strong> <span style='display: block; margin-top: 5px; font-size: 14px; color: inherit;'>Consola \/ Telnet \/ Navegador web \/ SNMP v1&comma; v2c&comma; SSH&comma; SSL&comma; SNMP v3<\/span> <\/div>\n<div style='border: 1px solid rgba(150&comma; 150&comma; 150&comma; 0.3); border-radius: 6px; padding: 10px;'> <strong style='color: inherit;'>Temperatura en operaci\u00f3n:<\/strong> <span style='display: block; margin-top: 5px; font-size: 14px; color: inherit;'>Temperatura: 0 ~ 50 grados C<\/span> <span style='display: block; margin-top: 5px; font-size: 14px; color: inherit;'>Humedad relativa: 5 ~ 95 % (sin condensaci\u00f3n)<\/span> <\/div>\n<div style='border: 1px solid rgba(150&comma; 150&comma; 150&comma; 0.3); border-radius: 6px; padding: 10px;'> <strong style='color: inherit;'>Temperatura en almacenamiento:<\/strong> <span style='display: block; margin-top: 5px; font-size: 14px; color: inherit;'>Temperatura: -10 ~ 70 grados C<\/span> <span style='display: block; margin-top: 5px; font-size: 14px; color: inherit;'>Humedad relativa: 5 ~ 95 % (sin condensaci\u00f3n)<\/span> <\/div>\n<\/p><\/div>\n<\/p><\/div>\n<\/p><\/div>\n<\/p><\/div>\n<\/p><\/div>\n","protected":false},"excerpt":{"rendered":"<p>Switch Administrable Capa 2 con Fuente de Alimentaci\u00f3n Redundante, 24 Puertos SFP Gigabit 100\/1000X, 8 Puertos Combo RJ45 Gigabit.<\/p>\n","protected":false},"featured_media":75796,"comment_status":"open","ping_status":"closed","template":"","meta":[],"product_brand":[],"product_cat":[1970],"product_tag":[664,2033,1971],"class_list":{"0":"post-75797","1":"product","2":"type-product","3":"status-publish","4":"has-post-thumbnail","6":"product_cat-switches","7":"product_tag-networking","8":"product_tag-planet","9":"product_tag-switches","11":"first","12":"instock","13":"sale","14":"shipping-taxable","15":"purchasable","16":"product-type-simple"},"_links":{"self":[{"href":"https:\/\/soydeaqui.ddns.net\/pachuca\/index.php\/wp-json\/wp\/v2\/product\/75797","targetHints":{"allow":["GET"]}}],"collection":[{"href":"https:\/\/soydeaqui.ddns.net\/pachuca\/index.php\/wp-json\/wp\/v2\/product"}],"about":[{"href":"https:\/\/soydeaqui.ddns.net\/pachuca\/index.php\/wp-json\/wp\/v2\/types\/product"}],"replies":[{"embeddable":true,"href":"https:\/\/soydeaqui.ddns.net\/pachuca\/index.php\/wp-json\/wp\/v2\/comments?post=75797"}],"wp:featuredmedia":[{"embeddable":true,"href":"https:\/\/soydeaqui.ddns.net\/pachuca\/index.php\/wp-json\/wp\/v2\/media\/75796"}],"wp:attachment":[{"href":"https:\/\/soydeaqui.ddns.net\/pachuca\/index.php\/wp-json\/wp\/v2\/media?parent=75797"}],"wp:term":[{"taxonomy":"product_brand","embeddable":true,"href":"https:\/\/soydeaqui.ddns.net\/pachuca\/index.php\/wp-json\/wp\/v2\/product_brand?post=75797"},{"taxonomy":"product_cat","embeddable":true,"href":"https:\/\/soydeaqui.ddns.net\/pachuca\/index.php\/wp-json\/wp\/v2\/product_cat?post=75797"},{"taxonomy":"product_tag","embeddable":true,"href":"https:\/\/soydeaqui.ddns.net\/pachuca\/index.php\/wp-json\/wp\/v2\/product_tag?post=75797"}],"curies":[{"name":"wp","href":"https:\/\/api.w.org\/{rel}","templated":true}]}}