{"id":75794,"date":"2026-03-19T14:54:30","date_gmt":"2026-03-19T14:54:30","guid":{"rendered":"https:\/\/soydeaqui.ddns.net\/pachuca\/index.php\/producto\/adaptador-para-telefono-analogico-ata-de-2-puertos-fxs-ultra-compacto\/"},"modified":"2026-03-19T14:54:31","modified_gmt":"2026-03-19T14:54:31","slug":"adaptador-para-telefono-analogico-ata-de-2-puertos-fxs-ultra-compacto","status":"publish","type":"product","link":"https:\/\/soydeaqui.ddns.net\/pachuca\/index.php\/producto\/adaptador-para-telefono-analogico-ata-de-2-puertos-fxs-ultra-compacto\/","title":{"rendered":"Adaptador para Tel\u00e9fono Anal\u00f3gico (ATA) de 2 puertos FXS ultra compacto"},"content":{"rendered":"<div style='width: 100%; max-width: 1200px; margin: 0 auto; font-family: sans-serif; line-height: 1.6; color: inherit; background-color: transparent;'>\n<div style='display: flex; flex-wrap: wrap; gap: 30px; margin-bottom: 30px;'>\n<div style='flex: 1 1 300px; min-width: 280px;'>\n<h3 style='font-size: 22px; border-bottom: 2px solid currentColor; padding-bottom: 5px; margin-top: 0; color: inherit; opacity: 0.8;'>Descripci\u00f3n<\/h3>\n<p style='font-size: 15px; color: inherit; margin-top: 0;'>HT702 es la nueva generaci\u00f3n de ATAs IP (adaptador de tel\u00e9fonos anal\u00f3gicos) para usuarios residenciales y consumidores que requieran de un aparato de gran resistencia. Su tama\u00f1o es ultra compacto&comma; con calidad de voz superior&comma; enriquecidas funcionalidades&comma; fuerte protecci\u00f3n de seguridad&comma; excelente facilidad de gesti\u00f3n y aprovisionamiento automatizado. Tambi\u00e9n como su accesibilidad sin igual que permite a los proveedores de servicios ofrecer servicios de Voz IP de alta calidad a un precio extraordinariamente competitivo. El HT702&comma; ATA de dos puertos&comma; es ideal para implementaciones a gran escala de servicios comerciales de Voz sobre IP.<\/p>\n<\/p><\/div>\n<\/p><\/div>\n<div style='display: flex; flex-wrap: wrap; gap: 30px; margin-bottom: 30px;'>\n<div style='flex: 1 1 300px; min-width: 280px;'>\n<h3 style='font-size: 22px; border-bottom: 2px solid currentColor; padding-bottom: 5px; margin-top: 0; color: inherit; opacity: 0.8;'>Description<\/h3>\n<p style='font-size: 15px; color: inherit; margin-top: 0;'>The HT704 is a 2\/4 port analog telephone adapter (ATA) for residential and office environments. Its ultra-compact size&comma; superb voice quality&comma; advanced VoIP functionality&comma; strong security protection&comma; excellent manageability and auto provisioning options enable users to take advantage of VoIP on analog phones and enables service providers to offer high quality IP service. The HT704 is an ideal ATA for individual use and for large scale commercial IP voice deployments.<\/p>\n<\/p><\/div>\n<\/p><\/div>\n<div style='display: flex; flex-wrap: wrap; gap: 20px; margin-bottom: 30px;'>\n<div style='flex: 1 1 250px; border: 1px solid rgba(150&comma; 150&comma; 150&comma; 0.4); border-radius: 8px; overflow: hidden; display: flex; flex-direction: column;'>\n<div style='padding: 15px; border-bottom: 1px solid rgba(150&comma; 150&comma; 150&comma; 0.2); font-weight: bold; font-size: 18px; color: inherit;'>Caracter\u00edsticas<\/div>\n<div style='padding: 15px; color: inherit;'>\n<ul style='padding-left: 20px; margin: 0; font-size: 14px; list-style-type: disc;'>\n<li style='margin-bottom: 5px;'>2\/4 FXS analog telephone port&comma; 10\/100 Mbps port<\/li>\n<li style='margin-bottom: 5px;'>Status LED for power&comma; internet&comma; LINK\/ACT and phone status<\/li>\n<li style='margin-bottom: 5px;'>Supports up to 2 SIP accounts<\/li>\n<li style='margin-bottom: 5px;'>Advanced telephony features include caller ID&comma; call waiting<\/li>\n<li style='margin-bottom: 5px;'>3-way voice conference&comma; transfer&comma; forward&comma; do not disturb&comma; message indicator&comma; multi-language voice prompts&comma; T.38 fax&comma; flexible dial plan and more<\/li>\n<\/ul><\/div>\n<\/p><\/div>\n<div style='flex: 1 1 250px; border: 1px solid rgba(150&comma; 150&comma; 150&comma; 0.4); border-radius: 8px; overflow: hidden; display: flex; flex-direction: column;'>\n<div style='padding: 15px; border-bottom: 1px solid rgba(150&comma; 150&comma; 150&comma; 0.2); font-weight: bold; font-size: 18px; color: inherit;'>Caracter\u00edsticas F\u00edsicas y El\u00e9ctricas<\/div>\n<div style='padding: 15px; color: inherit;'>\n<ul style='padding-left: 20px; margin: 0; font-size: 14px; list-style-type: disc;'>\n<li style='margin-bottom: 5px;'>Supported operating range: 0 \u00b0C ~ 40 \u00b0C (32 \u00b0F ~ 140 \u00b0F)<\/li>\n<li style='margin-bottom: 5px;'>Power supply: 12 Vdc&comma; 0.5 A<\/li>\n<li style='margin-bottom: 5px;'>Dimensions: 119 x 78 x 60 mm<\/li>\n<li style='margin-bottom: 5px;'>Weight: 0.31 kg<\/li>\n<\/ul><\/div>\n<\/p><\/div>\n<\/p><\/div>\n<div style='display: flex; flex-wrap: wrap; gap: 30px; margin-bottom: 30px;'>\n<div style='flex: 1 1 300px; min-width: 280px;'>\n<h3 style='font-size: 22px; border-bottom: 2px solid currentColor; padding-bottom: 5px; margin-top: 0; color: inherit; opacity: 0.8;'>Recursos Adicionales<\/h3>\n<p style='font-size: 15px; color: inherit; margin-top: 0;'><a href='http:\/\/www.grandstream.com\/support\/resources\/?title=HandyTone%20702\/704' style='color: inherit; text-decoration: underline;' target='_blank'>http:\/\/www.grandstream.com\/support\/resources\/?title=HandyTone%20702\/704<\/a><\/p>\n<\/p><\/div>\n<\/p><\/div>\n<div style='display: flex; flex-wrap: wrap; gap: 30px; margin-bottom: 30px;'>\n<div style='flex: 1 1 300px; min-width: 280px;'> <img style='width: 100%; height: auto; border: 1px solid rgba(150&comma;150&comma;150&comma;0.3); border-radius: 8px;' src='http:\/\/ftp3.syscom.mx\/usuarios\/fotos\/HT702\/84392-ht702-2.jpg' alt=''> <\/div>\n<\/p><\/div>\n<hr style='border: 0; border-top: 1px solid rgba(150&comma; 150&comma; 150&comma; 0.3); margin: 30px 0;'> <\/div>\n","protected":false},"excerpt":{"rendered":"<p>Adaptador para Tel\u00e9fono Anal\u00f3gico (ATA) de 2 puertos FXS ultra compacto<\/p>\n","protected":false},"featured_media":75792,"comment_status":"open","ping_status":"closed","template":"","meta":[],"product_brand":[],"product_cat":[2070],"product_tag":[2071,909,2004],"class_list":{"0":"post-75794","1":"product","2":"type-product","3":"status-publish","4":"has-post-thumbnail","6":"product_cat-gateways-y-atas","7":"product_tag-gateways-y-atas","8":"product_tag-grandstream","9":"product_tag-voip-telefonia-ip-videoconferencia","11":"first","12":"outofstock","13":"sale","14":"shipping-taxable","15":"purchasable","16":"product-type-simple"},"_links":{"self":[{"href":"https:\/\/soydeaqui.ddns.net\/pachuca\/index.php\/wp-json\/wp\/v2\/product\/75794","targetHints":{"allow":["GET"]}}],"collection":[{"href":"https:\/\/soydeaqui.ddns.net\/pachuca\/index.php\/wp-json\/wp\/v2\/product"}],"about":[{"href":"https:\/\/soydeaqui.ddns.net\/pachuca\/index.php\/wp-json\/wp\/v2\/types\/product"}],"replies":[{"embeddable":true,"href":"https:\/\/soydeaqui.ddns.net\/pachuca\/index.php\/wp-json\/wp\/v2\/comments?post=75794"}],"wp:featuredmedia":[{"embeddable":true,"href":"https:\/\/soydeaqui.ddns.net\/pachuca\/index.php\/wp-json\/wp\/v2\/media\/75792"}],"wp:attachment":[{"href":"https:\/\/soydeaqui.ddns.net\/pachuca\/index.php\/wp-json\/wp\/v2\/media?parent=75794"}],"wp:term":[{"taxonomy":"product_brand","embeddable":true,"href":"https:\/\/soydeaqui.ddns.net\/pachuca\/index.php\/wp-json\/wp\/v2\/product_brand?post=75794"},{"taxonomy":"product_cat","embeddable":true,"href":"https:\/\/soydeaqui.ddns.net\/pachuca\/index.php\/wp-json\/wp\/v2\/product_cat?post=75794"},{"taxonomy":"product_tag","embeddable":true,"href":"https:\/\/soydeaqui.ddns.net\/pachuca\/index.php\/wp-json\/wp\/v2\/product_tag?post=75794"}],"curies":[{"name":"wp","href":"https:\/\/api.w.org\/{rel}","templated":true}]}}