{"id":75770,"date":"2026-03-19T14:53:32","date_gmt":"2026-03-19T14:53:32","guid":{"rendered":"https:\/\/soydeaqui.ddns.net\/pachuca\/index.php\/producto\/ups-de-1500-va-1050-w-topologia-linea-interactiva-entrada-120-vca-nema-5-15p-onda-senoidal-pura-torre-o-rack-2-ur-con-8-tomas-nema-5-15r\/"},"modified":"2026-03-19T14:53:40","modified_gmt":"2026-03-19T14:53:40","slug":"ups-de-1500-va-1050-w-topologia-linea-interactiva-entrada-120-vca-nema-5-15p-onda-senoidal-pura-torre-o-rack-2-ur-con-8-tomas-nema-5-15r","status":"publish","type":"product","link":"https:\/\/soydeaqui.ddns.net\/pachuca\/index.php\/producto\/ups-de-1500-va-1050-w-topologia-linea-interactiva-entrada-120-vca-nema-5-15p-onda-senoidal-pura-torre-o-rack-2-ur-con-8-tomas-nema-5-15r\/","title":{"rendered":"UPS de 1500 VA\/1050 W, Topolog\u00eda L\u00ednea Interactiva, Entrada 120 Vca NEMA 5-15P, Onda Senoidal Pura, Torre o Rack 2 UR, Con 8 Tomas NEMA 5-15R"},"content":{"rendered":"<div style='width: 100%; max-width: 1200px; margin: 0 auto; font-family: sans-serif; line-height: 1.6; color: inherit; background-color: transparent;'> <!-- Imagen de marca --> <\/p>\n<div style='text-align: center; margin: 20px 0;'> <img style='width: 100%; max-width: 600px; height: auto; border: 1px solid rgba(150&comma;150&comma;150&comma;0.3); border-radius: 8px;' src='https:\/\/ftp3.syscom.mx\/usuarios\/fotos\/logotipos\/cyberpower.png' alt=''> <\/div>\n<p> <!-- Descripci\u00f3n principal --> <\/p>\n<div style='margin: 30px 0;'>\n<p style='font-size: 15px; color: inherit;'>CyberPower OR1500PFCRT2U con salida de onda sinusoidal pura protege los sistemas inform\u00e1ticos de rango medio a alto&comma; los servidores y el hardware de red que utilizan fuentes de alimentaci\u00f3n de correcci\u00f3n de factor de potencia activo (PFC) convencionales. Dise\u00f1ados con la tecnolog\u00eda GreenPower UPS \u2122 para mejorar la eficiencia operativa y minimizar el consumo de energ\u00eda&comma; los usuarios pueden disfrutar de importantes ahorros de costos de energ\u00eda con respecto a los sistemas UPS convencionales.<\/p>\n<\/p><\/div>\n<p> <!-- Secci\u00f3n de caracter\u00edsticas --> <\/p>\n<div style='display: flex; flex-wrap: wrap; gap: 30px; margin-bottom: 30px;'>\n<div style='flex: 1 1 300px; min-width: 280px;'>\n<h3 style='font-size: 22px; border-bottom: 2px solid currentColor; padding-bottom: 5px; margin-top: 0; color: inherit; opacity: 0.8;'>Protecci\u00f3n y Caracter\u00edsticas<\/h3>\n<ul style='padding-left: 20px; font-size: 15px; color: inherit;'>\n<li style='margin-bottom: 5px;'>Proporciona regulaci\u00f3n autom\u00e1tica de voltaje (AVR)<\/li>\n<li style='margin-bottom: 5px;'>Protecci\u00f3n de l\u00ednea de datos para tel\u00e9fonos&comma; redes y equipos de comunicaci\u00f3n<\/li>\n<li style='margin-bottom: 5px;'>Pantalla de informaci\u00f3n de energ\u00eda\/bater\u00eda y configuraci\u00f3n de ajustes avanzados<\/li>\n<li style='margin-bottom: 5px;'>Alerta de posibles problemas de energ\u00eda<\/li>\n<li style='margin-bottom: 5px;'>Funci\u00f3n de autoevaluaci\u00f3n<\/li>\n<\/ul><\/div>\n<\/p><\/div>\n<p> <!-- Secci\u00f3n de especificaciones --> <\/p>\n<div style='display: flex; flex-wrap: wrap; gap: 20px; margin-bottom: 30px;'>\n<div style='flex: 1 1 250px; border: 1px solid rgba(150&comma; 150&comma; 150&comma; 0.4); border-radius: 8px; overflow: hidden; display: flex; flex-direction: column;'>\n<div style='padding: 15px; border-bottom: 1px solid rgba(150&comma; 150&comma; 150&comma; 0.2); font-weight: bold; font-size: 18px; color: inherit;'>Especificaciones El\u00e9ctricas<\/div>\n<div style='padding: 15px; color: inherit;'>\n<ul style='padding-left: 20px; margin: 0; font-size: 14px; list-style-type: disc;'>\n<li style='margin-bottom: 5px;'><strong>Rango de Voltaje:<\/strong> 88 &#8211; 139 V<\/li>\n<li style='margin-bottom: 5px;'><strong>Frecuencia de entrada:<\/strong> 60 Hz \u00b1 3 Hz<\/li>\n<li style='margin-bottom: 5px;'><strong>Entrada:<\/strong> 120 Vca NEMA 5-15P<\/li>\n<li style='margin-bottom: 5px;'><strong>Longitud del cable:<\/strong> 3 m<\/li>\n<li style='margin-bottom: 5px;'><strong>Salida:<\/strong> 1500 VA \/ 1050 W<\/li>\n<li style='margin-bottom: 5px;'><strong>Voltaje salida bater\u00eda:<\/strong> 120VCA \u00b15%<\/li>\n<li style='margin-bottom: 5px;'><strong>Frecuencia salida bater\u00eda:<\/strong> 60Hz \u00b11%<\/li>\n<\/ul><\/div>\n<\/p><\/div>\n<div style='flex: 1 1 250px; border: 1px solid rgba(150&comma; 150&comma; 150&comma; 0.4); border-radius: 8px; overflow: hidden; display: flex; flex-direction: column;'>\n<div style='padding: 15px; border-bottom: 1px solid rgba(150&comma; 150&comma; 150&comma; 0.2); font-weight: bold; font-size: 18px; color: inherit;'>Conectores y Protecci\u00f3n<\/div>\n<div style='padding: 15px; color: inherit;'>\n<ul style='padding-left: 20px; margin: 0; font-size: 14px; list-style-type: disc;'>\n<li style='margin-bottom: 5px;'><strong>Tomas de salida:<\/strong> 8 NEMA 5-15R<\/li>\n<li style='margin-bottom: 5px;'><img style='width: 40px; height: 40px; border: none; vertical-align: middle;' src='https:\/\/www.cyberpower.com\/mx\/es\/File\/GetImageByDocId\/GeneralAttribute-238' alt=''> <strong>Tipo de enchufe:<\/strong> NEMA 5-15P<\/li>\n<li style='margin-bottom: 5px;'><strong>Protecci\u00f3n de picos:<\/strong> 1470 Joules<\/li>\n<li style='margin-bottom: 5px;'><strong>Protecci\u00f3n para datos:<\/strong> Tel\u00e9fono RJ11 y Ethernet RJ45<\/li>\n<li style='margin-bottom: 5px;'><strong>Factor de potencia:<\/strong> 0.7<\/li>\n<\/ul><\/div>\n<\/p><\/div>\n<div style='flex: 1 1 250px; border: 1px solid rgba(150&comma; 150&comma; 150&comma; 0.4); border-radius: 8px; overflow: hidden; display: flex; flex-direction: column;'>\n<div style='padding: 15px; border-bottom: 1px solid rgba(150&comma; 150&comma; 150&comma; 0.2); font-weight: bold; font-size: 18px; color: inherit;'>Bater\u00eda y F\u00edsicas<\/div>\n<div style='padding: 15px; color: inherit;'>\n<ul style='padding-left: 20px; margin: 0; font-size: 14px; list-style-type: disc;'>\n<li style='margin-bottom: 5px;'><strong>Especificaciones:<\/strong> 4 x 12V\/7Ah<\/li>\n<li style='margin-bottom: 5px;'><strong>Tiempo medio carga:<\/strong> 17 Minutos<\/li>\n<li style='margin-bottom: 5px;'><strong>Tiempo carga completa:<\/strong> 7.7 Minutos<\/li>\n<li style='margin-bottom: 5px;'><strong>Dimensiones:<\/strong> 433 x 88 x 387 mm<\/li>\n<li style='margin-bottom: 5px;'><strong>Peso:<\/strong> 23 kg<\/li>\n<li style='margin-bottom: 5px;'><strong>Tama\u00f1o en Rack:<\/strong> 2 UR<\/li>\n<\/ul><\/div>\n<\/p><\/div>\n<div style='flex: 1 1 250px; border: 1px solid rgba(150&comma; 150&comma; 150&comma; 0.4); border-radius: 8px; overflow: hidden; display: flex; flex-direction: column;'>\n<div style='padding: 15px; border-bottom: 1px solid rgba(150&comma; 150&comma; 150&comma; 0.2); font-weight: bold; font-size: 18px; color: inherit;'>Monitoreo y Seguridad<\/div>\n<div style='padding: 15px; color: inherit;'>\n<ul style='padding-left: 20px; margin: 0; font-size: 14px; list-style-type: disc;'>\n<li style='margin-bottom: 5px;'><strong>Indicadores:<\/strong> Pantalla LCD y LED<\/li>\n<li style='margin-bottom: 5px;'><strong>Comunicaci\u00f3n:<\/strong> USB&comma; Serial y EPO<\/li>\n<li style='margin-bottom: 5px;'><strong>Alarma audible:<\/strong> Modo bater\u00eda&comma; bater\u00eda baja y sobrecarga<\/li>\n<li style='margin-bottom: 5px;'><strong>NO compatible con:<\/strong> Generador de energ\u00eda<\/li>\n<li style='margin-bottom: 5px;'><strong>Incluye:<\/strong> Bater\u00edas<\/li>\n<\/ul><\/div>\n<\/p><\/div>\n<\/p><\/div>\n<p> <!-- Separador --> <\/p>\n<hr style='border: 0; border-top: 1px solid rgba(150&comma; 150&comma; 150&comma; 0.3); margin: 30px 0;'> <\/div>\n","protected":false},"excerpt":{"rendered":"<p>UPS de 1500 VA\/1050 W, Topolog\u00eda L\u00ednea Interactiva, Entrada 120 Vca NEMA 5-15P, Onda Senoidal Pura, Torre o Rack 2 UR, Con 8 Tomas NEMA 5-15R<\/p>\n","protected":false},"featured_media":75769,"comment_status":"open","ping_status":"closed","template":"","meta":[],"product_brand":[],"product_cat":[1222],"product_tag":[677,62,1062],"class_list":{"0":"post-75770","1":"product","2":"type-product","3":"status-publish","4":"has-post-thumbnail","6":"product_cat-todos-ups-respaldo","7":"product_tag-cyberpower","8":"product_tag-todos","9":"product_tag-ups-respaldo","11":"first","12":"instock","13":"sale","14":"shipping-taxable","15":"purchasable","16":"product-type-simple"},"_links":{"self":[{"href":"https:\/\/soydeaqui.ddns.net\/pachuca\/index.php\/wp-json\/wp\/v2\/product\/75770","targetHints":{"allow":["GET"]}}],"collection":[{"href":"https:\/\/soydeaqui.ddns.net\/pachuca\/index.php\/wp-json\/wp\/v2\/product"}],"about":[{"href":"https:\/\/soydeaqui.ddns.net\/pachuca\/index.php\/wp-json\/wp\/v2\/types\/product"}],"replies":[{"embeddable":true,"href":"https:\/\/soydeaqui.ddns.net\/pachuca\/index.php\/wp-json\/wp\/v2\/comments?post=75770"}],"wp:featuredmedia":[{"embeddable":true,"href":"https:\/\/soydeaqui.ddns.net\/pachuca\/index.php\/wp-json\/wp\/v2\/media\/75769"}],"wp:attachment":[{"href":"https:\/\/soydeaqui.ddns.net\/pachuca\/index.php\/wp-json\/wp\/v2\/media?parent=75770"}],"wp:term":[{"taxonomy":"product_brand","embeddable":true,"href":"https:\/\/soydeaqui.ddns.net\/pachuca\/index.php\/wp-json\/wp\/v2\/product_brand?post=75770"},{"taxonomy":"product_cat","embeddable":true,"href":"https:\/\/soydeaqui.ddns.net\/pachuca\/index.php\/wp-json\/wp\/v2\/product_cat?post=75770"},{"taxonomy":"product_tag","embeddable":true,"href":"https:\/\/soydeaqui.ddns.net\/pachuca\/index.php\/wp-json\/wp\/v2\/product_tag?post=75770"}],"curies":[{"name":"wp","href":"https:\/\/api.w.org\/{rel}","templated":true}]}}