{"id":75768,"date":"2026-03-19T14:53:28","date_gmt":"2026-03-19T14:53:28","guid":{"rendered":"https:\/\/soydeaqui.ddns.net\/pachuca\/index.php\/producto\/switch-administrable-l2-8-puertos-10-100-1000t-2-100-1000x-sfp\/"},"modified":"2026-03-19T14:53:30","modified_gmt":"2026-03-19T14:53:30","slug":"switch-administrable-l2-8-puertos-10-100-1000t-2-100-1000x-sfp","status":"publish","type":"product","link":"https:\/\/soydeaqui.ddns.net\/pachuca\/index.php\/producto\/switch-administrable-l2-8-puertos-10-100-1000t-2-100-1000x-sfp\/","title":{"rendered":"Switch administrable L2+ 8 puertos 10\/100\/1000T + 2 100\/1000X SFP"},"content":{"rendered":"<div style='width: 100%; max-width: 1200px; margin: 0 auto; font-family: sans-serif; line-height: 1.6; color: inherit; background-color: transparent;'> <!-- Secci\u00f3n de puertos f\u00edsicos --> <\/p>\n<div style='display: flex; flex-wrap: wrap; gap: 30px; margin-bottom: 30px;'>\n<div style='flex: 1 1 300px; min-width: 280px;'>\n<h3 style='font-size: 22px; border-bottom: 2px solid currentColor; padding-bottom: 5px; margin-top: 0; color: inherit; opacity: 0.8;'>Puertos F\u00edsicos<\/h3>\n<ul style='padding-left: 20px; font-size: 15px; color: inherit;'>\n<li>8 puertos 10\/100\/1000BASE-T Gigabit Ethernet RJ-45<\/li>\n<li>2 ranuras SFP mini-GBIC 100\/1000BASE-X (detecci\u00f3n autom\u00e1tica de tipo SFP)<\/li>\n<li>Interfaz de consola RS-232 DB9 para gesti\u00f3n b\u00e1sica<\/li>\n<\/ul><\/div>\n<p> <!-- Secci\u00f3n de rendimiento --> <\/p>\n<div style='flex: 1 1 300px; min-width: 280px;'>\n<h3 style='font-size: 22px; border-bottom: 2px solid currentColor; padding-bottom: 5px; margin-top: 0; color: inherit; opacity: 0.8;'>Rendimiento<\/h3>\n<ul style='padding-left: 20px; font-size: 15px; color: inherit;'>\n<li>Arquitectura Store-and-Forward<\/li>\n<li>Filtrado de paquetes runt\/CRC<\/li>\n<li>Throughput: 14.88Mpps@64Bytes<\/li>\n<li>Tama\u00f1o de trama Jumbo: 9KB<\/li>\n<li>Capacidad de conmutaci\u00f3n: 20Gbps<\/li>\n<\/ul><\/div>\n<p> <!-- Secci\u00f3n de caracter\u00edsticas f\u00edsicas --> <\/p>\n<div style='flex: 1 1 300px; min-width: 280px;'>\n<h3 style='font-size: 22px; border-bottom: 2px solid currentColor; padding-bottom: 5px; margin-top: 0; color: inherit; opacity: 0.8;'>Caracter\u00edsticas F\u00edsicas<\/h3>\n<ul style='padding-left: 20px; font-size: 15px; color: inherit;'>\n<li>Dimensiones: 330 x 155 x 43.5mm (1U)<\/li>\n<li>Peso: 1.4kg<\/li>\n<li>Consumo m\u00e1ximo: 10.3 watts \/ 35.13 BTU<\/li>\n<li>Alimentaci\u00f3n: 100-240V AC&comma; 50\/60Hz<\/li>\n<li>Dise\u00f1o sin ventilador (fanless)<\/li>\n<\/ul><\/div>\n<\/p><\/div>\n<p> <!-- Secci\u00f3n de caracter\u00edsticas t\u00e9cnicas --> <\/p>\n<div style='display: flex; flex-wrap: wrap; gap: 20px; margin-bottom: 30px;'>\n<div style='flex: 1 1 250px; border: 1px solid rgba(150&comma; 150&comma; 150&comma; 0.4); border-radius: 8px; overflow: hidden; display: flex; flex-direction: column;'>\n<div style='padding: 15px; border-bottom: 1px solid rgba(150&comma; 150&comma; 150&comma; 0.2); font-weight: bold; font-size: 18px; color: inherit;'>Caracter\u00edsticas L2<\/div>\n<div style='padding: 15px; color: inherit;'>\n<ul style='padding-left: 20px; margin: 0; font-size: 14px; list-style-type: disc;'>\n<li>Control de flujo IEEE 802.3x (full-duplex)<\/li>\n<li>Back pressure (half-duplex)<\/li>\n<li>Control de tormenta (Storm Control)<\/li>\n<li>Soporte VLAN IEEE 802.1Q<\/li>\n<li>Hasta 255 grupos VLAN de 4095 IDs disponibles<\/li>\n<li>Provider Bridging (Q-in-Q) IEEE 802.1ad<\/li>\n<li>Private VLAN Edge (PVE)<\/li>\n<li>Protocol-based VLAN<\/li>\n<li>MAC-based VLAN<\/li>\n<li>Voice VLAN<\/li>\n<li>IP Subnet-based VLAN<\/li>\n<\/ul><\/div>\n<\/p><\/div>\n<div style='flex: 1 1 250px; border: 1px solid rgba(150&comma; 150&comma; 150&comma; 0.4); border-radius: 8px; overflow: hidden; display: flex; flex-direction: column;'>\n<div style='padding: 15px; border-bottom: 1px solid rgba(150&comma; 150&comma; 150&comma; 0.2); font-weight: bold; font-size: 18px; color: inherit;'>Caracter\u00edsticas L3<\/div>\n<div style='padding: 15px; color: inherit;'>\n<ul style='padding-left: 20px; margin: 0; font-size: 14px; list-style-type: disc;'>\n<li>Enrutamiento IP est\u00e1tico IPv4\/IPv6<\/li>\n<li>Hasta 32 rutas est\u00e1ticas<\/li>\n<li>Sumarizaci\u00f3n de rutas<\/li>\n<li>Soporte para m\u00faltiples interfaces VLAN<\/li>\n<\/ul><\/div>\n<\/p><\/div>\n<div style='flex: 1 1 250px; border: 1px solid rgba(150&comma; 150&comma; 150&comma; 0.4); border-radius: 8px; overflow: hidden; display: flex; flex-direction: column;'>\n<div style='padding: 15px; border-bottom: 1px solid rgba(150&comma; 150&comma; 150&comma; 0.2); font-weight: bold; font-size: 18px; color: inherit;'>Control de Tr\u00e1fico<\/div>\n<div style='padding: 15px; color: inherit;'>\n<ul style='padding-left: 20px; margin: 0; font-size: 14px; list-style-type: disc;'>\n<li>8 colas de prioridad por puerto<\/li>\n<li>Clasificaci\u00f3n de tr\u00e1fico basada en:<\/li>\n<ul style='padding-left: 25px; margin: 0; font-size: 13px;'>\n<li>802.1p CoS<\/li>\n<li>TOS\/DSCP\/IP Precedence<\/li>\n<li>N\u00famero de puerto TCP\/UDP<\/li>\n<li>Aplicaciones de red t\u00edpicas<\/li>\n<\/ul>\n<li>Control de ancho de banda (100Kbps-1000Mbps)<\/li>\n<li>Soporte QoS strict priority y WRR<\/li>\n<\/ul><\/div>\n<\/p><\/div>\n<div style='flex: 1 1 250px; border: 1px solid rgba(150&comma; 150&comma; 150&comma; 0.4); border-radius: 8px; overflow: hidden; display: flex; flex-direction: column;'>\n<div style='padding: 15px; border-bottom: 1px solid rgba(150&comma; 150&comma; 150&comma; 0.2); font-weight: bold; font-size: 18px; color: inherit;'>Seguridad<\/div>\n<div style='padding: 15px; color: inherit;'>\n<ul style='padding-left: 20px; margin: 0; font-size: 14px; list-style-type: disc;'>\n<li>Autenticaci\u00f3n 802.1x Port\/MAC-based<\/li>\n<li>Soporte RADIUS\/TACACS+<\/li>\n<li>Control de acceso IP\/MAC<\/li>\n<li>Port Security (filtro de direcciones MAC)<\/li>\n<li>DHCP Snooping<\/li>\n<li>Dynamic ARP Inspection<\/li>\n<li>IP Source Guard<\/li>\n<li>Reglas autom\u00e1ticas DoS<\/li>\n<li>Gesti\u00f3n de direcciones IP no autorizadas<\/li>\n<\/ul><\/div>\n<\/p><\/div>\n<div style='flex: 1 1 250px; border: 1px solid rgba(150&comma; 150&comma; 150&comma; 0.4); border-radius: 8px; overflow: hidden; display: flex; flex-direction: column;'>\n<div style='padding: 15px; border-bottom: 1px solid rgba(150&comma; 150&comma; 150&comma; 0.2); font-weight: bold; font-size: 18px; color: inherit;'>Multicast<\/div>\n<div style='padding: 15px; color: inherit;'>\n<ul style='padding-left: 20px; margin: 0; font-size: 14px; list-style-type: disc;'>\n<li>IGMP Snooping v1&comma; v2&comma; v3<\/li>\n<li>MLD Snooping v1&comma; v2<\/li>\n<li>Hasta 255 grupos multicast<\/li>\n<li>Modo Querier<\/li>\n<li>Filtrado de puertos IGMP\/MLD<\/li>\n<li>MVR (Multicast VLAN Registration)<\/li>\n<\/ul><\/div>\n<\/p><\/div>\n<div style='flex: 1 1 250px; border: 1px solid rgba(150&comma; 150&comma; 150&comma; 0.4); border-radius: 8px; overflow: hidden; display: flex; flex-direction: column;'>\n<div style='padding: 15px; border-bottom: 1px solid rgba(150&comma; 150&comma; 150&comma; 0.2); font-weight: bold; font-size: 18px; color: inherit;'>Gesti\u00f3n<\/div>\n<div style='padding: 15px; color: inherit;'>\n<ul style='padding-left: 20px; margin: 0; font-size: 14px; list-style-type: disc;'>\n<li>Interfaces de gesti\u00f3n: Consola&comma; Telnet&comma; Web&comma; SNMP v1\/v2c\/v3<\/li>\n<li>SSH\/SSL para gesti\u00f3n segura<\/li>\n<li>Carga\/descarga de firmware<\/li>\n<li>Configuraci\u00f3n mediante Web<\/li>\n<li>Detecci\u00f3n de fallos en cableado<\/li>\n<li>PLANET Smart Discovery Utility<\/li>\n<li>Soporte para MIBs est\u00e1ndar (RFCs y IEEE)<\/li>\n<\/ul><\/div>\n<\/p><\/div>\n<div style='flex: 1 1 250px; border: 1px solid rgba(150&comma; 150&comma; 150&comma; 0.4); border-radius: 8px; overflow: hidden; display: flex; flex-direction: column;'>\n<div style='padding: 15px; border-bottom: 1px solid rgba(150&comma; 150&comma; 150&comma; 0.2); font-weight: bold; font-size: 18px; color: inherit;'>Redundancia<\/div>\n<div style='padding: 15px; color: inherit;'>\n<ul style='padding-left: 20px; margin: 0; font-size: 14px; list-style-type: disc;'>\n<li>Spanning Tree Protocol (STP) IEEE 802.1D<\/li>\n<li>Rapid Spanning Tree (RSTP) IEEE 802.1w<\/li>\n<li>Multiple Spanning Tree (MSTP) IEEE 802.1s<\/li>\n<li>BPDU Guard y BPDU filtering<\/li>\n<li>Link Aggregation IEEE 802.3ad (LACP)<\/li>\n<li>5 grupos de trunk con hasta 5 puertos por grupo<\/li>\n<li>Conexi\u00f3n fail-over<\/li>\n<\/ul><\/div>\n<\/p><\/div>\n<div style='flex: 1 1 250px; border: 1px solid rgba(150&comma; 150&comma; 150&comma; 0.4); border-radius: 8px; overflow: hidden; display: flex; flex-direction: column;'>\n<div style='padding: 15px; border-bottom: 1px solid rgba(150&comma; 150&comma; 150&comma; 0.2); font-weight: bold; font-size: 18px; color: inherit;'>Conformidad<\/div>\n<div style='padding: 15px; color: inherit;'>\n<ul style='padding-left: 20px; margin: 0; font-size: 14px; list-style-type: disc;'>\n<li>Est\u00e1ndares IEEE 802.3&comma; 802.3u&comma; 802.3z&comma; 802.3ab<\/li>\n<li>Est\u00e1ndares IEEE 802.1D&comma; 802.1w&comma; 802.1s&comma; 802.1Q<\/li>\n<li>Est\u00e1ndares RFC 768&comma; 791&comma; 792&comma; 793&comma; 2068&comma; 1112&comma; 2236&comma; 3376&comma; 2710&comma; 3810<\/li>\n<\/ul><\/div>\n<\/p><\/div>\n<\/p><\/div>\n<p> <!-- Secci\u00f3n de aplicaciones --> <\/p>\n<div style='margin-bottom: 30px;'>\n<h3 style='font-size: 22px; border-bottom: 2px solid currentColor; padding-bottom: 5px; margin-top: 0; color: inherit; opacity: 0.8;'>Aplicaciones<\/h3>\n<ul style='padding-left: 20px; font-size: 15px; color: inherit;'>\n<li>Soluci\u00f3n para redes empresariales peque\u00f1as y medianas<\/li>\n<li>Capa de acceso remoto en redes campus\/enterprise<\/li>\n<li>Agregaci\u00f3n en redes metropolitanas IP<\/li>\n<li>FTTx (Fiber to the Home\/Curb\/Building) para ISPs y empresas<\/li>\n<li>Redes seguras con VLAN Q-in-Q para m\u00faltiples clientes<\/li>\n<li>Redes con soporte IPv6 e IPv4 dual stack<\/li>\n<\/ul><\/div>\n<p> <!-- Garant\u00eda --> <\/p>\n<div style='margin-bottom: 30px;'>\n<p style='font-weight: bold; color: inherit;'><strong>*3 a\u00f1os de garant\u00eda.<\/strong><\/p>\n<\/p><\/div>\n<p> <!-- Separador final --> <\/p>\n<hr style='border: 0; border-top: 1px solid rgba(150&comma; 150&comma; 150&comma; 0.3); margin: 30px 0;'> <\/div>\n","protected":false},"excerpt":{"rendered":"<p>Switch administrable L2+ 8 puertos 10\/100\/1000T + 2 100\/1000X SFP<\/p>\n","protected":false},"featured_media":75767,"comment_status":"open","ping_status":"closed","template":"","meta":[],"product_brand":[],"product_cat":[1970],"product_tag":[664,2033,1971],"class_list":{"0":"post-75768","1":"product","2":"type-product","3":"status-publish","4":"has-post-thumbnail","6":"product_cat-switches","7":"product_tag-networking","8":"product_tag-planet","9":"product_tag-switches","11":"first","12":"outofstock","13":"sale","14":"shipping-taxable","15":"purchasable","16":"product-type-simple"},"_links":{"self":[{"href":"https:\/\/soydeaqui.ddns.net\/pachuca\/index.php\/wp-json\/wp\/v2\/product\/75768","targetHints":{"allow":["GET"]}}],"collection":[{"href":"https:\/\/soydeaqui.ddns.net\/pachuca\/index.php\/wp-json\/wp\/v2\/product"}],"about":[{"href":"https:\/\/soydeaqui.ddns.net\/pachuca\/index.php\/wp-json\/wp\/v2\/types\/product"}],"replies":[{"embeddable":true,"href":"https:\/\/soydeaqui.ddns.net\/pachuca\/index.php\/wp-json\/wp\/v2\/comments?post=75768"}],"wp:featuredmedia":[{"embeddable":true,"href":"https:\/\/soydeaqui.ddns.net\/pachuca\/index.php\/wp-json\/wp\/v2\/media\/75767"}],"wp:attachment":[{"href":"https:\/\/soydeaqui.ddns.net\/pachuca\/index.php\/wp-json\/wp\/v2\/media?parent=75768"}],"wp:term":[{"taxonomy":"product_brand","embeddable":true,"href":"https:\/\/soydeaqui.ddns.net\/pachuca\/index.php\/wp-json\/wp\/v2\/product_brand?post=75768"},{"taxonomy":"product_cat","embeddable":true,"href":"https:\/\/soydeaqui.ddns.net\/pachuca\/index.php\/wp-json\/wp\/v2\/product_cat?post=75768"},{"taxonomy":"product_tag","embeddable":true,"href":"https:\/\/soydeaqui.ddns.net\/pachuca\/index.php\/wp-json\/wp\/v2\/product_tag?post=75768"}],"curies":[{"name":"wp","href":"https:\/\/api.w.org\/{rel}","templated":true}]}}