{"id":75761,"date":"2026-03-19T14:53:09","date_gmt":"2026-03-19T14:53:09","guid":{"rendered":"https:\/\/soydeaqui.ddns.net\/pachuca\/index.php\/producto\/adaptador-voip-grandstream-de-48-fxs-2-puertos-telco-50-pins-p-montaje-en-rack\/"},"modified":"2026-03-19T14:53:23","modified_gmt":"2026-03-19T14:53:23","slug":"adaptador-voip-grandstream-de-48-fxs-2-puertos-telco-50-pins-p-montaje-en-rack","status":"publish","type":"product","link":"https:\/\/soydeaqui.ddns.net\/pachuca\/index.php\/producto\/adaptador-voip-grandstream-de-48-fxs-2-puertos-telco-50-pins-p-montaje-en-rack\/","title":{"rendered":"Adaptador VoIP GrandStream de 48 FXS 2 puertos telco 50 pins p\/montaje en rack"},"content":{"rendered":"<div style='width: 100%; max-width: 1200px; margin: 0 auto; font-family: sans-serif; line-height: 1.6; color: inherit; background-color: transparent;'> <!-- Secci\u00f3n de descripci\u00f3n general --> <\/p>\n<div style='display: flex; flex-wrap: wrap; gap: 30px; margin-bottom: 30px;'>\n<div style='flex: 1 1 300px; min-width: 280px;'>\n<h3 style='font-size: 22px; border-bottom: 2px solid currentColor; padding-bottom: 5px; margin-top: 0; color: inherit; opacity: 0.8;'>Descripci\u00f3n General<\/h3>\n<ul style='padding-left: 20px; font-size: 15px; color: inherit;'>\n<li style='margin-bottom: 5px;'>Gateway VoIP anal\u00f3gico FXS de alta densidad<\/li>\n<li style='margin-bottom: 5px;'>Totalmente compatible con est\u00e1ndares SIP<\/li>\n<li style='margin-bottom: 5px;'>Interoperable con diversos sistemas de VoIP&comma; PBX anal\u00f3gica y tel\u00e9fonos<\/li>\n<li style='margin-bottom: 5px;'>Calidad de voz extraordinaria y ricas funciones de telefon\u00eda<\/li>\n<li style='margin-bottom: 5px;'>Aprovisionamiento f\u00e1cil y planes de marcaci\u00f3n flexibles<\/li>\n<li style='margin-bottom: 5px;'>Protecci\u00f3n de seguridad avanzada y rendimiento excelente en el manejo de altos vol\u00famenes de llamadas de voz<\/li>\n<li style='margin-bottom: 5px;'>Permite preservar inversiones en tel\u00e9fonos anal\u00f3gicos&comma; faxes y sistemas PBX<\/li>\n<\/ul><\/div>\n<\/p><\/div>\n<p> <!-- Secci\u00f3n de especificaciones clave --> <\/p>\n<div style='display: flex; flex-wrap: wrap; gap: 20px; margin-bottom: 30px;'>\n<div style='flex: 1 1 250px; border: 1px solid rgba(150&comma; 150&comma; 150&comma; 0.4); border-radius: 8px; overflow: hidden; display: flex; flex-direction: column;'>\n<div style='padding: 15px; border-bottom: 1px solid rgba(150&comma; 150&comma; 150&comma; 0.2); font-weight: bold; font-size: 18px; color: inherit;'>Especificaciones F\u00edsicas<\/div>\n<div style='padding: 15px; color: inherit;'>\n<ul style='padding-left: 20px; margin: 0; font-size: 14px; list-style-type: disc;'>\n<li style='margin-bottom: 5px;'><strong>Interfaces telef\u00f3nicos:<\/strong> 2 conectores Telco de 50-pin<\/li>\n<li style='margin-bottom: 5px;'><strong>Interfaces de red:<\/strong> 1 puerto 10\/100\/1000 Mbps (RJ45)<\/li>\n<li style='margin-bottom: 5px;'><strong>Indicadores LED:<\/strong> LAN&comma; actividad LAN&comma; conexi\u00f3n por puerto telef\u00f3nico<\/li>\n<li style='margin-bottom: 5px;'><strong>Pantalla LCD:<\/strong> Gr\u00e1fica retroiluminada de 128&#215;32 con soporte de diversas lenguas<\/li>\n<li style='margin-bottom: 5px;'><strong>Dimensiones:<\/strong> 440mm (L) x 255mm (W) x 44mm (H) (1U)<\/li>\n<li style='margin-bottom: 5px;'><strong>Peso unitario:<\/strong> 3.21 KG<\/li>\n<li style='margin-bottom: 5px;'><strong>Peso del paquete:<\/strong> 4.31 KG<\/li>\n<li style='margin-bottom: 5px;'><strong>Montaje:<\/strong> Escritorio y rack con soportes delanteros<\/li>\n<\/ul><\/div>\n<\/p><\/div>\n<div style='flex: 1 1 250px; border: 1px solid rgba(150&comma; 150&comma; 150&comma; 0.4); border-radius: 8px; overflow: hidden; display: flex; flex-direction: column;'>\n<div style='padding: 15px; border-bottom: 1px solid rgba(150&comma; 150&comma; 150&comma; 0.2); font-weight: bold; font-size: 18px; color: inherit;'>Caracter\u00edsticas de Voz<\/div>\n<div style='padding: 15px; color: inherit;'>\n<ul style='padding-left: 20px; margin: 0; font-size: 14px; list-style-type: disc;'>\n<li style='margin-bottom: 5px;'><strong>Compresi\u00f3n de voz:<\/strong> G.711&comma; G.723.1&comma; G.726 (40\/32\/24\/16)&comma; G.729 A\/B&comma; iLBC<\/li>\n<li style='margin-bottom: 5px;'><strong>Cancelaci\u00f3n de eco:<\/strong> En la l\u00ednea propuesta por ventanas<\/li>\n<li style='margin-bottom: 5px;'><strong>B\u00fafer de fluctuaci\u00f3n:<\/strong> Din\u00e1mico<\/li>\n<li style='margin-bottom: 5px;'><strong>Detecci\u00f3n de modem:<\/strong> Auto conexi\u00f3n a G.711<\/li>\n<li style='margin-bottom: 5px;'><strong>Fax sobre IP:<\/strong> Rel\u00e9 de fax conforme a T.38&comma; grupo 3 hasta 14.4 kbps<\/li>\n<li style='margin-bottom: 5px;'><strong>Modem FAX:<\/strong> V.17&comma; V.21&comma; V.27ter&comma; V.29 por T.38 rel\u00e9 fax<\/li>\n<li style='margin-bottom: 5px;'><strong>Auto conmutaci\u00f3n:<\/strong> En G.711<\/li>\n<\/ul><\/div>\n<\/p><\/div>\n<div style='flex: 1 1 250px; border: 1px solid rgba(150&comma; 150&comma; 150&comma; 0.4); border-radius: 8px; overflow: hidden; display: flex; flex-direction: column;'>\n<div style='padding: 15px; border-bottom: 1px solid rgba(150&comma; 150&comma; 150&comma; 0.2); font-weight: bold; font-size: 18px; color: inherit;'>Conectividad y Seguridad<\/div>\n<div style='padding: 15px; color: inherit;'>\n<ul style='padding-left: 20px; margin: 0; font-size: 14px; list-style-type: disc;'>\n<li style='margin-bottom: 5px;'><strong>Protocolos de red:<\/strong> TCP\/UDP&comma; RTP\/RTCP&comma; HTTP\/HTTPS&comma; ARP&comma; ICMP&comma; DNS&comma; DHCP&comma; NTP&comma; TFTP&comma; PPPoE&comma; STUN&comma; LLDP<\/li>\n<li style='margin-bottom: 5px;'><strong>Seguridad:<\/strong> SRTP&comma; TLS\/SIPS&comma; HTTPS (AES-128 encryption for SR-069<\/li>\n<li style='margin-bottom: 5px;'><strong>QoS:<\/strong> DiffServ&comma; TOS&comma; 802.1P\/Q VLAN tagging<\/li>\n<li style='margin-bottom: 5px;'><strong>Protecci\u00f3n el\u00e9ctrica:<\/strong> Contra exceso de voltaje y tensi\u00f3n (ITU-T recomendaci\u00f3n K.21)<\/li>\n<li style='margin-bottom: 5px;'><strong>Alimentaci\u00f3n:<\/strong> 24VDC&comma; 6.25A; Salida: 100 ~ 240 VAC&comma; 50 ~ 60 Hz<\/li>\n<li style='margin-bottom: 5px;'><strong>Temperatura de operaci\u00f3n:<\/strong> 0\u00b0C ~ 40\u00b0C<\/li>\n<li style='margin-bottom: 5px;'><strong>Temperatura de almacenamiento:<\/strong> -20\u00b0C ~ 60\u00b0C<\/li>\n<li style='margin-bottom: 5px;'><strong>Humedad:<\/strong> 10% ~ 90% (sin condensaci\u00f3n)<\/li>\n<\/ul><\/div>\n<\/p><\/div>\n<div style='flex: 1 1 250px; border: 1px solid rgba(150&comma; 150&comma; 150&comma; 0.4); border-radius: 8px; overflow: hidden; display: flex; flex-direction: column;'>\n<div style='padding: 15px; border-bottom: 1px solid rgba(150&comma; 150&comma; 150&comma; 0.2); font-weight: bold; font-size: 18px; color: inherit;'>Funciones de Telefon\u00eda<\/div>\n<div style='padding: 15px; color: inherit;'>\n<ul style='padding-left: 20px; margin: 0; font-size: 14px; list-style-type: disc;'>\n<li style='margin-bottom: 5px;'><strong>Identificador de llamadas:<\/strong> Bellcore 1&#038;2&comma; ETSI&comma; BT&comma; NTT y DTMF-basado en CID<\/li>\n<li style='margin-bottom: 5px;'><strong>M\u00e9todos de desconexi\u00f3n:<\/strong> Tono de ocupado&comma; Inversi\u00f3n de polaridad \/ Wink&comma; Loop Current<\/li>\n<li style='margin-bottom: 5px;'><strong>Funciones:<\/strong> Activaci\u00f3n o Bloqueo del Identificador de Llamadas&comma; Llamada en Espera&comma; Transferencia a Ciegas o Asistida&comma; Desv\u00edo de Llamadas&comma; Reenv\u00edo de Llamada&comma; Pausa&comma; No Molestar<\/li>\n<li style='margin-bottom: 5px;'><strong>Conferencia:<\/strong> 3 v\u00edas<\/li>\n<li style='margin-bottom: 5px;'><strong>Retorno de \u00faltima llamada:<\/strong> S\u00ed<\/li>\n<li style='margin-bottom: 5px;'><strong>Paginaci\u00f3n:<\/strong> S\u00ed<\/li>\n<li style='margin-bottom: 5px;'><strong>Indicador de mensaje en espera:<\/strong> LED (LED NEON) y tono intermitente<\/li>\n<li style='margin-bottom: 5px;'><strong>Marcaci\u00f3n autom\u00e1tica:<\/strong> S\u00ed<\/li>\n<\/ul><\/div>\n<\/p><\/div>\n<div style='flex: 1 1 250px; border: 1px solid rgba(150&comma; 150&comma; 150&comma; 0.4); border-radius: 8px; overflow: hidden; display: flex; flex-direction: column;'>\n<div style='padding: 15px; border-bottom: 1px solid rgba(150&comma; 150&comma; 150&comma; 0.2); font-weight: bold; font-size: 18px; color: inherit;'>Aprovisionamiento y Gesti\u00f3n<\/div>\n<div style='padding: 15px; color: inherit;'>\n<ul style='padding-left: 20px; margin: 0; font-size: 14px; list-style-type: disc;'>\n<li style='margin-bottom: 5px;'><strong>Aprovisionamiento:<\/strong> TFTP&comma; HTTP&comma; HTTPS&comma; TR-069<\/li>\n<li style='margin-bottom: 5px;'><strong>Gesti\u00f3n:<\/strong> Syslog&comma; HTTPS&comma; navegador Web&comma; mensaje de voz&comma; TR-069<\/li>\n<li style='margin-bottom: 5px;'><strong>Failover SIP:<\/strong> Soporta servidor para crear Faxover-IP<\/li>\n<li style='margin-bottom: 5px;'><strong>Conferencia de audio:<\/strong> 3 v\u00edas para llamadas<\/li>\n<li style='margin-bottom: 5px;'><strong>Opciones de detecci\u00f3n autom\u00e1tica:<\/strong> Seguridad avanzada y automatizada<\/li>\n<li style='margin-bottom: 5px;'><strong>Protecci\u00f3n de privacidad:<\/strong> TR-069 y XML f\u00e1ciles<\/li>\n<li style='margin-bottom: 5px;'><strong>Archivos de configuraci\u00f3n:<\/strong> F\u00e1ciles de gestionar<\/li>\n<\/ul><\/div>\n<\/p><\/div>\n<\/p><\/div>\n<p> <!-- Separador --> <\/p>\n<hr style='border: 0; border-top: 1px solid rgba(150&comma; 150&comma; 150&comma; 0.3); margin: 30px 0;'> <!-- Secci\u00f3n de conformidad --> <\/p>\n<div style='display: flex; flex-wrap: wrap; gap: 30px; margin-bottom: 30px;'>\n<div style='flex: 1 1 300px; min-width: 280px;'>\n<h3 style='font-size: 22px; border-bottom: 2px solid currentColor; padding-bottom: 5px; margin-top: 0; color: inherit; opacity: 0.8;'>Conformidad<\/h3>\n<ul style='padding-left: 20px; font-size: 15px; color: inherit;'>\n<li style='margin-bottom: 5px;'>FCC: Part 15 (CFR 47) Class B<\/li>\n<li style='margin-bottom: 5px;'>CE: EN55022 Class B&comma; EN55024&comma; EN61000-3-2&comma; EN61000-3-3&comma; EN60950-1<\/li>\n<li style='margin-bottom: 5px;'>RoHS<\/li>\n<li style='margin-bottom: 5px;'>C-TICK: AS\/NZS CISPR 22 Class B&comma; AS\/NZS CISPR 24&comma; AS\/NZS 60950<\/li>\n<li style='margin-bottom: 5px;'>ITU-T K.21 (Nivel b\u00e1sico de prueba)<\/li>\n<li style='margin-bottom: 5px;'>UL 60950 (adaptador de corriente)<\/li>\n<\/ul><\/div>\n<\/p><\/div>\n<\/p><\/div>\n","protected":false},"excerpt":{"rendered":"<p>Adaptador VoIP GrandStream de 48 FXS 2 puertos telco 50 pins p\/montaje en rack<\/p>\n","protected":false},"featured_media":75760,"comment_status":"open","ping_status":"closed","template":"","meta":[],"product_brand":[],"product_cat":[2070],"product_tag":[2071,909,2004],"class_list":{"0":"post-75761","1":"product","2":"type-product","3":"status-publish","4":"has-post-thumbnail","6":"product_cat-gateways-y-atas","7":"product_tag-gateways-y-atas","8":"product_tag-grandstream","9":"product_tag-voip-telefonia-ip-videoconferencia","11":"first","12":"outofstock","13":"sale","14":"shipping-taxable","15":"purchasable","16":"product-type-simple"},"_links":{"self":[{"href":"https:\/\/soydeaqui.ddns.net\/pachuca\/index.php\/wp-json\/wp\/v2\/product\/75761","targetHints":{"allow":["GET"]}}],"collection":[{"href":"https:\/\/soydeaqui.ddns.net\/pachuca\/index.php\/wp-json\/wp\/v2\/product"}],"about":[{"href":"https:\/\/soydeaqui.ddns.net\/pachuca\/index.php\/wp-json\/wp\/v2\/types\/product"}],"replies":[{"embeddable":true,"href":"https:\/\/soydeaqui.ddns.net\/pachuca\/index.php\/wp-json\/wp\/v2\/comments?post=75761"}],"wp:featuredmedia":[{"embeddable":true,"href":"https:\/\/soydeaqui.ddns.net\/pachuca\/index.php\/wp-json\/wp\/v2\/media\/75760"}],"wp:attachment":[{"href":"https:\/\/soydeaqui.ddns.net\/pachuca\/index.php\/wp-json\/wp\/v2\/media?parent=75761"}],"wp:term":[{"taxonomy":"product_brand","embeddable":true,"href":"https:\/\/soydeaqui.ddns.net\/pachuca\/index.php\/wp-json\/wp\/v2\/product_brand?post=75761"},{"taxonomy":"product_cat","embeddable":true,"href":"https:\/\/soydeaqui.ddns.net\/pachuca\/index.php\/wp-json\/wp\/v2\/product_cat?post=75761"},{"taxonomy":"product_tag","embeddable":true,"href":"https:\/\/soydeaqui.ddns.net\/pachuca\/index.php\/wp-json\/wp\/v2\/product_tag?post=75761"}],"curies":[{"name":"wp","href":"https:\/\/api.w.org\/{rel}","templated":true}]}}