{"id":75755,"date":"2026-03-19T14:52:54","date_gmt":"2026-03-19T14:52:54","guid":{"rendered":"https:\/\/soydeaqui.ddns.net\/pachuca\/index.php\/producto\/multicontacto-con-supresor-de-picos-voltaje-de-entrada-125-vca-nema-5-15p-con-7-salidas-nema-5-15r-1500-joules\/"},"modified":"2026-03-19T14:53:00","modified_gmt":"2026-03-19T14:53:00","slug":"multicontacto-con-supresor-de-picos-voltaje-de-entrada-125-vca-nema-5-15p-con-7-salidas-nema-5-15r-1500-joules","status":"publish","type":"product","link":"https:\/\/soydeaqui.ddns.net\/pachuca\/index.php\/producto\/multicontacto-con-supresor-de-picos-voltaje-de-entrada-125-vca-nema-5-15p-con-7-salidas-nema-5-15r-1500-joules\/","title":{"rendered":"Multicontacto Con Supresor de Picos, Voltaje de Entrada 125 Vca NEMA 5-15P, Con 7 Salidas NEMA 5-15R, 1500 Joules"},"content":{"rendered":"<div style='width: 100%; max-width: 1200px; margin: 0 auto; font-family: sans-serif; line-height: 1.6; color: inherit; background-color: transparent;'> <!-- Logo --> <\/p>\n<div style='width: 100%; text-align: center; margin: 20px 0;'> <img style='width: auto; max-width: 100%; height: auto; max-height: 100px; border: 1px solid rgba(150&comma;150&comma;150&comma;0.3); border-radius: 8px;' src='https:\/\/ftp3.syscom.mx\/usuarios\/fotos\/logotipos\/cyberpower.png' alt='Logo CyberPower'> <\/div>\n<p> <!-- Descripci\u00f3n principal --> <\/p>\n<div style='margin: 30px 0; font-size: 15px;'>\n<p style='margin: 0 0 15px 0; color: inherit;'>El Protector CSB706 ofrece protecci\u00f3n vital contra sobretensiones para dispositivos comunes del hogar y la oficina&comma; como computadoras y dispositivos electr\u00f3nicos. Evita que los picos de energ\u00eda causados por tormentas y sobretensiones lleguen a su equipo electr\u00f3nico. El CSB706 proporciona 1500 julios de protecci\u00f3n&comma; 7 salidas&comma; un cable de alimentaci\u00f3n de 1.8 metros.<\/p>\n<p style='margin: 0 0 15px 0; color: inherit;'>Las caracter\u00edsticas del CSB706 incluyen apagado autom\u00e1tico&comma; tecnolog\u00eda de varistor de \u00f3xido de metal (MOV)&comma; un filtro de ruido EMI \/ RFI&comma; ranuras de montaje de cerradura y carcasa resistente a los impactos. Este supresor de sobrevoltaje viene con una garant\u00eda limitada de por vida y una garant\u00eda de equipo conectado.<\/p>\n<\/p><\/div>\n<p> <!-- Especificaciones t\u00e9cnicas --> <\/p>\n<div style='display: flex; flex-wrap: wrap; gap: 20px; margin-bottom: 30px;'>\n<div style='flex: 1 1 250px; border: 1px solid rgba(150&comma; 150&comma; 150&comma; 0.4); border-radius: 8px; overflow: hidden; display: flex; flex-direction: column;'>\n<div style='padding: 15px; border-bottom: 1px solid rgba(150&comma; 150&comma; 150&comma; 0.2); font-weight: bold; font-size: 18px; color: inherit;'>Especificaciones T\u00e9cnicas<\/div>\n<div style='padding: 15px; color: inherit;'>\n<ul style='padding-left: 20px; margin: 0; font-size: 14px; list-style-type: disc;'>\n<li style='margin-bottom: 8px; display: flex; align-items: center;'><strong style='min-width: 140px; display: inline-block;'>Voltaje de Entrada:<\/strong> 125 Vca<\/li>\n<li style='margin-bottom: 8px; display: flex; align-items: center;'><strong style='min-width: 140px; display: inline-block;'>Tipo de Enchufe de Entrada:<\/strong> NEMA 5-15P <img style='width: 40px; height: 40px; margin-left: 10px; border: 1px solid rgba(150&comma;150&comma;150&comma;0.3); border-radius: 4px;' src='https:\/\/www.cyberpower.com\/mx\/es\/File\/GetImageByDocId\/GeneralAttribute-235' alt=''> <\/li>\n<li style='margin-bottom: 8px; display: flex; align-items: center;'><strong style='min-width: 140px; display: inline-block;'>Longitud del cable:<\/strong> 1.8 metros<\/li>\n<li style='margin-bottom: 8px; display: flex; align-items: center;'><strong style='min-width: 140px; display: inline-block;'>Voltaje de Salida:<\/strong> 125 Vca<\/li>\n<li style='margin-bottom: 8px; display: flex; align-items: center;'><strong style='min-width: 140px; display: inline-block;'>Tipo de Toma de Salida:<\/strong> (7) NEMA 5-15R <img style='width: 40px; height: 40px; margin-left: 10px; border: 1px solid rgba(150&comma;150&comma;150&comma;0.3); border-radius: 4px;' src='https:\/\/www.cyberpower.com\/mx\/es\/File\/GetImageByDocId\/GeneralAttribute-238' alt=''> <\/li>\n<li style='margin-bottom: 8px; display: flex; align-items: center;'><strong style='min-width: 140px; display: inline-block;'>Supresi\u00f3n de Picos:<\/strong> 1500 Joules<\/li>\n<li style='margin-bottom: 8px; display: flex; align-items: center;'><strong style='min-width: 140px; display: inline-block;'>Filtraci\u00f3n de Ruido:<\/strong> EMI\/RFI 150 KHz &#8211; 100 MHz<\/li>\n<\/ul><\/div>\n<\/p><\/div>\n<\/p><\/div>\n<\/p><\/div>\n","protected":false},"excerpt":{"rendered":"<p>Multicontacto Con Supresor de Picos, Voltaje de Entrada 125 Vca NEMA 5-15P, Con 7 Salidas NEMA 5-15R, 1500 Joules<\/p>\n","protected":false},"featured_media":75754,"comment_status":"open","ping_status":"closed","template":"","meta":[],"product_brand":[],"product_cat":[967],"product_tag":[968,677,898],"class_list":{"0":"post-75755","1":"product","2":"type-product","3":"status-publish","4":"has-post-thumbnail","6":"product_cat-corriente-alterna","7":"product_tag-corriente-alterna","8":"product_tag-cyberpower","9":"product_tag-proteccion-contra-descargas","11":"first","12":"outofstock","13":"sale","14":"shipping-taxable","15":"purchasable","16":"product-type-simple"},"_links":{"self":[{"href":"https:\/\/soydeaqui.ddns.net\/pachuca\/index.php\/wp-json\/wp\/v2\/product\/75755","targetHints":{"allow":["GET"]}}],"collection":[{"href":"https:\/\/soydeaqui.ddns.net\/pachuca\/index.php\/wp-json\/wp\/v2\/product"}],"about":[{"href":"https:\/\/soydeaqui.ddns.net\/pachuca\/index.php\/wp-json\/wp\/v2\/types\/product"}],"replies":[{"embeddable":true,"href":"https:\/\/soydeaqui.ddns.net\/pachuca\/index.php\/wp-json\/wp\/v2\/comments?post=75755"}],"wp:featuredmedia":[{"embeddable":true,"href":"https:\/\/soydeaqui.ddns.net\/pachuca\/index.php\/wp-json\/wp\/v2\/media\/75754"}],"wp:attachment":[{"href":"https:\/\/soydeaqui.ddns.net\/pachuca\/index.php\/wp-json\/wp\/v2\/media?parent=75755"}],"wp:term":[{"taxonomy":"product_brand","embeddable":true,"href":"https:\/\/soydeaqui.ddns.net\/pachuca\/index.php\/wp-json\/wp\/v2\/product_brand?post=75755"},{"taxonomy":"product_cat","embeddable":true,"href":"https:\/\/soydeaqui.ddns.net\/pachuca\/index.php\/wp-json\/wp\/v2\/product_cat?post=75755"},{"taxonomy":"product_tag","embeddable":true,"href":"https:\/\/soydeaqui.ddns.net\/pachuca\/index.php\/wp-json\/wp\/v2\/product_tag?post=75755"}],"curies":[{"name":"wp","href":"https:\/\/api.w.org\/{rel}","templated":true}]}}