{"id":75734,"date":"2026-03-19T14:52:06","date_gmt":"2026-03-19T14:52:06","guid":{"rendered":"https:\/\/soydeaqui.ddns.net\/pachuca\/index.php\/producto\/switch-industrial-administrable-capa-2-8-puertos-poe-gigabit-802-3af-at-2-puertos-sfp-de-1-2-5-gigabit-entrada-de-voltaje-secundaria-para-fuente-redundante\/"},"modified":"2026-03-19T14:52:12","modified_gmt":"2026-03-19T14:52:12","slug":"switch-industrial-administrable-capa-2-8-puertos-poe-gigabit-802-3af-at-2-puertos-sfp-de-1-2-5-gigabit-entrada-de-voltaje-secundaria-para-fuente-redundante","status":"publish","type":"product","link":"https:\/\/soydeaqui.ddns.net\/pachuca\/index.php\/producto\/switch-industrial-administrable-capa-2-8-puertos-poe-gigabit-802-3af-at-2-puertos-sfp-de-1-2-5-gigabit-entrada-de-voltaje-secundaria-para-fuente-redundante\/","title":{"rendered":"Switch Industrial Administrable Capa 2, 8 puertos PoE Gigabit 802.3af\/at, 2 Puertos SFP de 1 \/ 2.5 Gigabit, Entrada de Voltaje Secundaria para Fuente Redundante"},"content":{"rendered":"<div style='width: 100%; max-width: 1200px; margin: 0 auto; font-family: sans-serif; line-height: 1.6; color: inherit; background-color: transparent;'> <!-- Iconos de caracter\u00edsticas --> <\/p>\n<div style='display: flex; flex-wrap: wrap; justify-content: center; gap: 15px; margin-bottom: 30px;'> <img style='width: 40px; height: auto; border: 1px solid rgba(150&comma;150&comma;150&comma;0.3); border-radius: 8px;' src='https:\/\/www.planet.com.tw\/storage\/icons\/3icon_36W-PoE.png' alt=''> <img style='width: 40px; height: auto; border: 1px solid rgba(150&comma;150&comma;150&comma;0.3); border-radius: 8px;' src='https:\/\/www.planet.com.tw\/storage\/icons\/1icon_IPv6-Management.png' alt=''> <img style='width: 40px; height: auto; border: 1px solid rgba(150&comma;150&comma;150&comma;0.3); border-radius: 8px;' src='https:\/\/www.planet.com.tw\/storage\/icons\/3icon_ONVIF.png' alt=''> <img style='width: 40px; height: auto; border: 1px solid rgba(150&comma;150&comma;150&comma;0.3); border-radius: 8px;' src='https:\/\/www.planet.com.tw\/storage\/icons\/633\/Cyber-Security.png' alt=''> <img style='width: 40px; height: auto; border: 1px solid rgba(150&comma;150&comma;150&comma;0.3); border-radius: 8px;' src='https:\/\/www.planet.com.tw\/storage\/icons\/8icon_-40-degree-~75-degree.png' alt=''> <img style='width: 40px; height: auto; border: 1px solid rgba(150&comma;150&comma;150&comma;0.3); border-radius: 8px;' src='https:\/\/www.planet.com.tw\/storage\/icons\/640\/e-Mark.png' alt=''> <\/div>\n<p> <!-- Imagen principal --> <\/p>\n<div style='text-align: center; margin-bottom: 30px;'> <img style='width: 100%; max-width: 600px; height: auto; border: 1px solid rgba(150&comma;150&comma;150&comma;0.3); border-radius: 8px;' src='https:\/\/www.planet.com.tw\/storage\/products\/49171\/IGS-10020HPTv3.1_12V-1.png' alt='Switch Industrial IGS-10020HPT'> <\/div>\n<p> <!-- Aplicaciones comunes --> <\/p>\n<div style='margin-bottom: 30px;'>\n<h2 style='font-size: 20px; color: #2880b9; text-align: center; margin-bottom: 20px;'>Aplicaciones comunes con el Switch IGS-10020HPT<\/h2>\n<p> <!-- Grid de aplicaciones --> <\/p>\n<div style='display: grid; grid-template-columns: repeat(auto-fill&comma; minmax(280px&comma; 1fr)); gap: 30px;'> <!-- Aplicaci\u00f3n 1 --> <\/p>\n<div style='text-align: center;'>\n<h3 style='font-size: 16px; color: #2880b9; margin-top: 0; margin-bottom: 15px;'>Anillo redundante&comma; recuperaci\u00f3n r\u00e1pida para aplicaciones de red cr\u00edticas<\/h3>\n<p> <img style='width: 100%; height: auto; border: 1px solid rgba(150&comma;150&comma;150&comma;0.3); border-radius: 8px;' src='https:\/\/www.planet.com.tw\/storage\/products\/49171\/IGS-10020HPTv3.1_12V-2.png' alt='Anillo redundante'> <\/div>\n<p> <!-- Aplicaci\u00f3n 2 --> <\/p>\n<div style='text-align: center;'>\n<h3 style='font-size: 16px; color: #2880b9; margin-top: 0; margin-bottom: 15px;'>Soluci\u00f3n PoE Ethernet industrial para veh\u00edculos e ITS<\/h3>\n<p> <img style='width: 100%; height: auto; border: 1px solid rgba(150&comma;150&comma;150&comma;0.3); border-radius: 8px;' src='https:\/\/www.planet.com.tw\/storage\/products\/49171\/IGS-10020HPTv3.1_12V-5.png' alt='Soluci\u00f3n PoE para veh\u00edculos'> <\/div>\n<p> <!-- Aplicaci\u00f3n 3 --> <\/p>\n<div style='text-align: center;'>\n<h3 style='font-size: 16px; color: #2880b9; margin-top: 0; margin-bottom: 15px;'>Soporte ONVIF<\/h3>\n<p> <img style='width: 100%; height: auto; border: 1px solid rgba(150&comma;150&comma;150&comma;0.3); border-radius: 8px;' src='https:\/\/www.planet.com.tw\/storage\/products\/49171\/IGS-10020HPTv3.1_12V-3.png' alt='Soporte ONVIF'> <\/div>\n<p> <!-- Aplicaci\u00f3n 4 --> <\/p>\n<div style='text-align: center;'>\n<h3 style='font-size: 16px; color: #2880b9; margin-top: 0; margin-bottom: 15px;'>Programa de PoE para el ahorro de energ\u00eda<\/h3>\n<p> <img style='width: 100%; height: auto; border: 1px solid rgba(150&comma;150&comma;150&comma;0.3); border-radius: 8px;' src='https:\/\/www.planet.com.tw\/storage\/products\/49171\/IGS-10020HPTv3.1_12V-6.png' alt='Programa de ahorro de energ\u00eda'> <\/div>\n<p> <!-- Aplicaci\u00f3n 5 --> <\/p>\n<div style='text-align: center;'>\n<h3 style='font-size: 16px; color: #2880b9; margin-top: 0; margin-bottom: 15px;'>Alerta de alarma eficaz para una mejor protecci\u00f3n<\/h3>\n<p> <img style='width: 100%; height: auto; border: 1px solid rgba(150&comma;150&comma;150&comma;0.3); border-radius: 8px;' src='https:\/\/www.planet.com.tw\/storage\/products\/49171\/IGS-10020HPTv3.1_12V-8.png' alt='Alerta de alarma'> <\/div>\n<p> <!-- Aplicaci\u00f3n 6 --> <\/p>\n<div style='text-align: center;'>\n<h3 style='font-size: 16px; color: #2880b9; margin-top: 0; margin-bottom: 15px;'>Entrada digital y salida digital para alarma externa<\/h3>\n<p> <img style='width: 100%; height: auto; border: 1px solid rgba(150&comma;150&comma;150&comma;0.3); border-radius: 8px;' src='https:\/\/www.planet.com.tw\/storage\/products\/49171\/IGS-10020HPTv3.1_12V-9.png' alt='Entrada\/salida digital'> <\/div>\n<\/p><\/div>\n<\/p><\/div>\n<p> <!-- Separador --> <\/p>\n<hr style='border: 0; border-top: 1px solid rgba(150&comma; 150&comma; 150&comma; 0.3); margin: 30px 0;'> <!-- Especificaciones t\u00e9cnicas --> <\/p>\n<div style='margin-bottom: 30px;'>\n<h2 style='font-size: 20px; color: #2880b9; margin-bottom: 20px;'>Especificaciones de hardware<\/h2>\n<p> <!-- Grid de especificaciones --> <\/p>\n<div style='display: grid; grid-template-columns: repeat(auto-fill&comma; minmax(280px&comma; 1fr)); gap: 20px;'>\n<div style='border: 1px solid rgba(150&comma; 150&comma; 150&comma; 0.4); border-radius: 8px; overflow: hidden; display: flex; flex-direction: column;'>\n<div style='padding: 15px; border-bottom: 1px solid rgba(150&comma; 150&comma; 150&comma; 0.2); font-weight: bold; font-size: 18px; color: inherit;'>Versi\u00f3n<\/div>\n<div style='padding: 15px; color: inherit;'>\n<p style='margin: 0; font-size: 14px;'>3<\/p>\n<\/p><\/div>\n<\/p><\/div>\n<div style='border: 1px solid rgba(150&comma; 150&comma; 150&comma; 0.4); border-radius: 8px; overflow: hidden; display: flex; flex-direction: column;'>\n<div style='padding: 15px; border-bottom: 1px solid rgba(150&comma; 150&comma; 150&comma; 0.2); font-weight: bold; font-size: 18px; color: inherit;'>Puertos de cobre<\/div>\n<div style='padding: 15px; color: inherit;'>\n<p style='margin: 0; font-size: 14px;'>8 puertos 10\/100 \/ 1000BASE-T RJ45 auto-MDI \/ MDI-X<\/p>\n<\/p><\/div>\n<\/p><\/div>\n<div style='border: 1px solid rgba(150&comma; 150&comma; 150&comma; 0.4); border-radius: 8px; overflow: hidden; display: flex; flex-direction: column;'>\n<div style='padding: 15px; border-bottom: 1px solid rgba(150&comma; 150&comma; 150&comma; 0.2); font-weight: bold; font-size: 18px; color: inherit;'>Ranuras SFP \/ mini-GBIC<\/div>\n<div style='padding: 15px; color: inherit;'>\n<p style='margin: 0; font-size: 14px;'>2 puertos SFP mini-GBIC 100\/1000 \/ 2500BASE-X (Port-9 y Port-10)<\/p>\n<\/p><\/div>\n<\/p><\/div>\n<div style='border: 1px solid rgba(150&comma; 150&comma; 150&comma; 0.4); border-radius: 8px; overflow: hidden; display: flex; flex-direction: column;'>\n<div style='padding: 15px; border-bottom: 1px solid rgba(150&comma; 150&comma; 150&comma; 0.2); font-weight: bold; font-size: 18px; color: inherit;'>Consola<\/div>\n<div style='padding: 15px; color: inherit;'>\n<p style='margin: 0; font-size: 14px;'>1 puerto serie RJ45 a RS232 (115200&comma; 8&comma; N&comma; 1)<\/p>\n<\/p><\/div>\n<\/p><\/div>\n<div style='border: 1px solid rgba(150&comma; 150&comma; 150&comma; 0.4); border-radius: 8px; overflow: hidden; display: flex; flex-direction: column;'>\n<div style='padding: 15px; border-bottom: 1px solid rgba(150&comma; 150&comma; 150&comma; 0.2); font-weight: bold; font-size: 18px; color: inherit;'>Rendimiento (paquete por segundo)<\/div>\n<div style='padding: 15px; color: inherit;'>\n<p style='margin: 0; font-size: 14px;'>Paquete de 14.8Mpps @ 64Bytes<\/p>\n<\/p><\/div>\n<\/p><\/div>\n<div style='border: 1px solid rgba(150&comma; 150&comma; 150&comma; 0.4); border-radius: 8px; overflow: hidden; display: flex; flex-direction: column;'>\n<div style='padding: 15px; border-bottom: 1px solid rgba(150&comma; 150&comma; 150&comma; 0.2); font-weight: bold; font-size: 18px; color: inherit;'>Bot\u00f3n de reinicio<\/div>\n<div style='padding: 15px; color: inherit;'>\n<ul style='padding-left: 20px; margin: 0; font-size: 14px; list-style-type: disc;'>\n<li style='margin-bottom: 5px;'><5 segundos: reinicio del sistema<\/li>\n<li style='margin-bottom: 5px;'>> 5 segundos: valor predeterminado de f\u00e1brica<\/li>\n<\/ul><\/div>\n<\/p><\/div>\n<div style='border: 1px solid rgba(150&comma; 150&comma; 150&comma; 0.4); border-radius: 8px; overflow: hidden; display: flex; flex-direction: column;'>\n<div style='padding: 15px; border-bottom: 1px solid rgba(150&comma; 150&comma; 150&comma; 0.2); font-weight: bold; font-size: 18px; color: inherit;'>Instalaci\u00f3n<\/div>\n<div style='padding: 15px; color: inherit;'>\n<p style='margin: 0; font-size: 14px;'>Kit de riel DIN y kit de montaje en pared<\/p>\n<\/p><\/div>\n<\/p><\/div>\n<div style='border: 1px solid rgba(150&comma; 150&comma; 150&comma; 0.4); border-radius: 8px; overflow: hidden; display: flex; flex-direction: column;'>\n<div style='padding: 15px; border-bottom: 1px solid rgba(150&comma; 150&comma; 150&comma; 0.2); font-weight: bold; font-size: 18px; color: inherit;'>Conector<\/div>\n<div style='padding: 15px; color: inherit;'>\n<ul style='padding-left: 20px; margin: 0; font-size: 14px; list-style-type: disc;'>\n<li style='margin-bottom: 5px;'>Bloque de terminales de 6 clavijas extra\u00edble para entrada de alimentaci\u00f3n<\/li>\n<li style='margin-bottom: 5px;'>Clavija 1\/2 para alimentaci\u00f3n 1&comma; clavija 3\/4 para alarma de falla<\/li>\n<li style='margin-bottom: 5px;'>Clavija 5\/6 para alimentaci\u00f3n 2<\/li>\n<li style='margin-bottom: 5px;'>Bloque de terminales extra\u00edble de 6 clavijas para interfaz DI \/ DO<\/li>\n<li style='margin-bottom: 5px;'>Pin 1\/2 para DI 1 &#038; 2&comma; Pin 3\/4 para DO 1 y 2&comma; Pin 5\/6 para GND<\/li>\n<\/ul><\/div>\n<\/p><\/div>\n<div style='border: 1px solid rgba(150&comma; 150&comma; 150&comma; 0.4); border-radius: 8px; overflow: hidden; display: flex; flex-direction: column;'>\n<div style='padding: 15px; border-bottom: 1px solid rgba(150&comma; 150&comma; 150&comma; 0.2); font-weight: bold; font-size: 18px; color: inherit;'>Alarma<\/div>\n<div style='padding: 15px; color: inherit;'>\n<p style='margin: 0; font-size: 14px;'>Una salida de rel\u00e9 por falla de energ\u00eda. Capacidad de transporte de corriente del rel\u00e9 de alarma: 1A @ DC 24 V<\/p>\n<\/p><\/div>\n<\/p><\/div>\n<div style='border: 1px solid rgba(150&comma; 150&comma; 150&comma; 0.4); border-radius: 8px; overflow: hidden; display: flex; flex-direction: column;'>\n<div style='padding: 15px; border-bottom: 1px solid rgba(150&comma; 150&comma; 150&comma; 0.2); font-weight: bold; font-size: 18px; color: inherit;'>Dimensiones<\/div>\n<div style='padding: 15px; color: inherit;'>\n<p style='margin: 0; font-size: 14px;'>76.8 x 107.3 x 152 mm<\/p>\n<\/p><\/div>\n<\/p><\/div>\n<div style='border: 1px solid rgba(150&comma; 150&comma; 150&comma; 0.4); border-radius: 8px; overflow: hidden; display: flex; flex-direction: column;'>\n<div style='padding: 15px; border-bottom: 1px solid rgba(150&comma; 150&comma; 150&comma; 0.2); font-weight: bold; font-size: 18px; color: inherit;'>Peso<\/div>\n<div style='padding: 15px; color: inherit;'>\n<p style='margin: 0; font-size: 14px;'>1096 g<\/p>\n<\/p><\/div>\n<\/p><\/div>\n<div style='border: 1px solid rgba(150&comma; 150&comma; 150&comma; 0.4); border-radius: 8px; overflow: hidden; display: flex; flex-direction: column;'>\n<div style='padding: 15px; border-bottom: 1px solid rgba(150&comma; 150&comma; 150&comma; 0.2); font-weight: bold; font-size: 18px; color: inherit;'>Requerimientos de energ\u00eda<\/div>\n<div style='padding: 15px; color: inherit;'>\n<p style='margin: 0; font-size: 14px; color: #e67e23;'><strong>(No incluye fuente de alimentaci\u00f3n)<\/strong><\/p>\n<p style='margin: 0; font-size: 14px;'>12-48 Vcc<\/p>\n<\/p><\/div>\n<\/p><\/div>\n<div style='border: 1px solid rgba(150&comma; 150&comma; 150&comma; 0.4); border-radius: 8px; overflow: hidden; display: flex; flex-direction: column;'>\n<div style='padding: 15px; border-bottom: 1px solid rgba(150&comma; 150&comma; 150&comma; 0.2); font-weight: bold; font-size: 18px; color: inherit;'>Consumo de energ\u00eda<\/div>\n<div style='padding: 15px; color: inherit;'>\n<p style='margin: 0; font-size: 14px;'>258 Watts \/ 880BTU (carga completa con funci\u00f3n PoE)<\/p>\n<\/p><\/div>\n<\/p><\/div>\n<div style='border: 1px solid rgba(150&comma; 150&comma; 150&comma; 0.4); border-radius: 8px; overflow: hidden; display: flex; flex-direction: column;'>\n<div style='padding: 15px; border-bottom: 1px solid rgba(150&comma; 150&comma; 150&comma; 0.2); font-weight: bold; font-size: 18px; color: inherit;'>Funciones en Capa 2<\/div>\n<div style='padding: 15px; color: inherit;'>\n<ul style='padding-left: 20px; margin: 0; font-size: 14px; list-style-type: disc;'>\n<li style='margin-bottom: 5px;'>Configuraci\u00f3n de puerto<\/li>\n<li style='margin-bottom: 5px;'>Estatus del puerto<\/li>\n<li style='margin-bottom: 5px;'>Port mirroring<\/li>\n<li style='margin-bottom: 5px;'>VLAN<\/li>\n<li style='margin-bottom: 5px;'>Link aggregation<\/li>\n<li style='margin-bottom: 5px;'>QoS<\/li>\n<li style='margin-bottom: 5px;'>IGMP Snooping<\/li>\n<li style='margin-bottom: 5px;'>MLD Snooping<\/li>\n<li style='margin-bottom: 5px;'>Access control list<\/li>\n<li style='margin-bottom: 5px;'>Bandwidth control<\/li>\n<li style='margin-bottom: 5px;'>Storm Control<\/li>\n<\/ul><\/div>\n<\/p><\/div>\n<div style='border: 1px solid rgba(150&comma; 150&comma; 150&comma; 0.4); border-radius: 8px; overflow: hidden; display: flex; flex-direction: column;'>\n<div style='padding: 15px; border-bottom: 1px solid rgba(150&comma; 150&comma; 150&comma; 0.2); font-weight: bold; font-size: 18px; color: inherit;'>Funciones en Capa 3<\/div>\n<div style='padding: 15px; color: inherit;'>\n<p style='margin: 0; font-size: 14px;'>IP Interfaces&comma; Routing Table&comma; Routing Protocols<\/p>\n<\/p><\/div>\n<\/p><\/div>\n<div style='border: 1px solid rgba(150&comma; 150&comma; 150&comma; 0.4); border-radius: 8px; overflow: hidden; display: flex; flex-direction: column;'>\n<div style='padding: 15px; border-bottom: 1px solid rgba(150&comma; 150&comma; 150&comma; 0.2); font-weight: bold; font-size: 18px; color: inherit;'>Administraci\u00f3n<\/div>\n<div style='padding: 15px; color: inherit;'>\n<ul style='padding-left: 20px; margin: 0; font-size: 14px; list-style-type: disc;'>\n<li style='margin-bottom: 5px;'>Interfaces de gesti\u00f3n b\u00e1sica (Consola&comma; Telnet&comma; Navegador web&comma; SNMP v1&comma; v2c)<\/li>\n<li style='margin-bottom: 5px;'>Interfaces de gesti\u00f3n seguras (SSH&comma; SSL&comma; TLS&comma; SNMP v3)<\/li>\n<li style='margin-bottom: 5px;'>ONVIF<\/li>\n<li style='margin-bottom: 5px;'>MIB SNMP<\/li>\n<\/ul><\/div>\n<\/p><\/div>\n<div style='border: 1px solid rgba(150&comma; 150&comma; 150&comma; 0.4); border-radius: 8px; overflow: hidden; display: flex; flex-direction: column;'>\n<div style='padding: 15px; border-bottom: 1px solid rgba(150&comma; 150&comma; 150&comma; 0.2); font-weight: bold; font-size: 18px; color: inherit;'>Temperatura de funcionamiento<\/div>\n<div style='padding: 15px; color: inherit;'>\n<p style='margin: 0; font-size: 14px;'>-40 ~ 75 grados C<\/p>\n<\/p><\/div>\n<\/p><\/div>\n<div style='border: 1px solid rgba(150&comma; 150&comma; 150&comma; 0.4); border-radius: 8px; overflow: hidden; display: flex; flex-direction: column;'>\n<div style='padding: 15px; border-bottom: 1px solid rgba(150&comma; 150&comma; 150&comma; 0.2); font-weight: bold; font-size: 18px; color: inherit;'>Temperatura de almacenamiento<\/div>\n<div style='padding: 15px; color: inherit;'>\n<p style='margin: 0; font-size: 14px;'>-40 ~ 85 grados C<\/p>\n<\/p><\/div>\n<\/p><\/div>\n<div style='border: 1px solid rgba(150&comma; 150&comma; 150&comma; 0.4); border-radius: 8px; overflow: hidden; display: flex; flex-direction: column;'>\n<div style='padding: 15px; border-bottom: 1px solid rgba(150&comma; 150&comma; 150&comma; 0.2); font-weight: bold; font-size: 18px; color: inherit;'>Humedad<\/div>\n<div style='padding: 15px; color: inherit;'>\n<p style='margin: 0; font-size: 14px;'>5 ~ 95% (sin condensaci\u00f3n)<\/p>\n<\/p><\/div>\n<\/p><\/div>\n<\/p><\/div>\n<\/p><\/div>\n<\/p><\/div>\n","protected":false},"excerpt":{"rendered":"<p>Switch Industrial Administrable Capa 2, 8 puertos PoE Gigabit 802.3af\/at, 2 Puertos SFP de 1 \/ 2.5 Gigabit, Entrada de Voltaje Secundaria para Fuente Redundante<\/p>\n","protected":false},"featured_media":75733,"comment_status":"open","ping_status":"closed","template":"","meta":[],"product_brand":[],"product_cat":[1984],"product_tag":[1985,664,2033],"class_list":{"0":"post-75734","1":"product","2":"type-product","3":"status-publish","4":"has-post-thumbnail","6":"product_cat-industrial","7":"product_tag-industrial","8":"product_tag-networking","9":"product_tag-planet","11":"first","12":"instock","13":"sale","14":"shipping-taxable","15":"purchasable","16":"product-type-simple"},"_links":{"self":[{"href":"https:\/\/soydeaqui.ddns.net\/pachuca\/index.php\/wp-json\/wp\/v2\/product\/75734","targetHints":{"allow":["GET"]}}],"collection":[{"href":"https:\/\/soydeaqui.ddns.net\/pachuca\/index.php\/wp-json\/wp\/v2\/product"}],"about":[{"href":"https:\/\/soydeaqui.ddns.net\/pachuca\/index.php\/wp-json\/wp\/v2\/types\/product"}],"replies":[{"embeddable":true,"href":"https:\/\/soydeaqui.ddns.net\/pachuca\/index.php\/wp-json\/wp\/v2\/comments?post=75734"}],"wp:featuredmedia":[{"embeddable":true,"href":"https:\/\/soydeaqui.ddns.net\/pachuca\/index.php\/wp-json\/wp\/v2\/media\/75733"}],"wp:attachment":[{"href":"https:\/\/soydeaqui.ddns.net\/pachuca\/index.php\/wp-json\/wp\/v2\/media?parent=75734"}],"wp:term":[{"taxonomy":"product_brand","embeddable":true,"href":"https:\/\/soydeaqui.ddns.net\/pachuca\/index.php\/wp-json\/wp\/v2\/product_brand?post=75734"},{"taxonomy":"product_cat","embeddable":true,"href":"https:\/\/soydeaqui.ddns.net\/pachuca\/index.php\/wp-json\/wp\/v2\/product_cat?post=75734"},{"taxonomy":"product_tag","embeddable":true,"href":"https:\/\/soydeaqui.ddns.net\/pachuca\/index.php\/wp-json\/wp\/v2\/product_tag?post=75734"}],"curies":[{"name":"wp","href":"https:\/\/api.w.org\/{rel}","templated":true}]}}