{"id":75704,"date":"2026-03-19T14:50:50","date_gmt":"2026-03-19T14:50:50","guid":{"rendered":"https:\/\/soydeaqui.ddns.net\/pachuca\/index.php\/producto\/powerbox-routerboard-5-puertos-fast-ethernet-con-poe-pasivo-para-exterior\/"},"modified":"2026-03-19T14:50:54","modified_gmt":"2026-03-19T14:50:54","slug":"powerbox-routerboard-5-puertos-fast-ethernet-con-poe-pasivo-para-exterior","status":"publish","type":"product","link":"https:\/\/soydeaqui.ddns.net\/pachuca\/index.php\/producto\/powerbox-routerboard-5-puertos-fast-ethernet-con-poe-pasivo-para-exterior\/","title":{"rendered":"(PowerBox) RouterBoard, 5 Puertos Fast Ethernet con PoE Pasivo, para exterior"},"content":{"rendered":"<div style='width: 100%; max-width: 1200px; margin: 0 auto; font-family: sans-serif; line-height: 1.6; color: inherit; background-color: transparent;'>\n<div style='display: flex; flex-direction: column; gap: 20px;'>\n<p style='margin: 0; padding: 10px 0; font-size: 14px; color: inherit; opacity: 0.8;'>El PowerBox es un router para interperie de cinco puertos Ethernet&comma; PoE en cuatro puertos. Se puede utilizar este dispositivo para suministrar energ\u00eda a los cuatro dispositivos con capacidad PoE&comma; tales como nuestro SXT u otros.<\/p>\n<p style='margin: 0; padding: 10px 0; font-size: 14px; color: inherit; opacity: 0.8;'>Dado que el dispositivo tiene una carcasa impermeable exterior&comma; se puede montar en una torre&comma; o en otros lugares a interperie.<\/p>\n<p style='margin: 0; padding: 10px 0; font-size: 14px; color: inherit; opacity: 0.8;'>La unidad cuenta con cinco puertos Ethernet blindados&comma; cuatro de los cuales pueden alimentar otros dispositivos compatibles con PoE con el mismo voltaje que se aplica a la unidad (corriente m\u00e1xima de salida es 1A por puerto&comma; total m\u00e1ximo de salida 2A). Menos adaptadores de corriente y cables de qu\u00e9 preocuparse!<\/p>\n<\/p><\/div>\n<div style='margin: 30px 0;'> <img style='width: 100%; height: auto; border: 1px solid rgba(150&comma;150&comma;150&comma;0.3); border-radius: 8px;' src='https:\/\/ftp3.syscom.mx\/usuarios\/raragon\/Imagenes_Generales\/Manuales_de_configuracion.jpg' alt='Manual de configuraci\u00f3n'> <\/div>\n<div style='margin: 30px 0;'> <a href='http:\/\/soporte.syscom.mx\/networking\/mikrotik\/mikrotik-caracteristicas-principales-de-routeros' style='color: inherit; text-decoration: none; font-size: 22px; font-weight: bold; display: block; border-bottom: 2px solid currentColor; padding-bottom: 5px; opacity: 0.8;'>Caracter\u00edsticas principales de RouterOS<\/a> <\/div>\n<div style='margin: 30px 0;'> <img style='width: 100%; height: auto; border: 1px solid rgba(150&comma;150&comma;150&comma;0.3); border-radius: 8px;' src='http:\/\/img.routerboard.com\/mimg\/1004_l.jpg' alt='RouterBoard'> <\/div>\n<div style='margin: 30px 0;'> <img style='width: 100%; height: auto; border: 1px solid rgba(150&comma;150&comma;150&comma;0.3); border-radius: 8px;' src='https:\/\/img.routerboard.com\/mimg\/1008_hi_res.png' alt='Vista detallada'> <\/div>\n<div style='margin: 30px 0;'>\n<h3 style='font-size: 20px; font-weight: bold; margin: 0 0 15px; color: inherit; opacity: 0.8;'>Especificaciones Generales<\/h3>\n<div style='display: flex; flex-wrap: wrap; gap: 20px;'>\n<div style='flex: 1 1 250px; border: 1px solid rgba(150&comma; 150&comma; 150&comma; 0.4); border-radius: 8px; overflow: hidden;'>\n<div style='padding: 15px; border-bottom: 1px solid rgba(150&comma; 150&comma; 150&comma; 0.2); font-weight: bold; font-size: 16px; color: inherit;'>Detalles<\/div>\n<div style='padding: 15px; color: inherit;'>\n<ul style='padding-left: 20px; margin: 0; font-size: 14px; list-style-type: disc;'>\n<li style='margin-bottom: 8px;'><strong>Codigo del Producto:<\/strong> RB750P-PBr2<\/li>\n<li style='margin-bottom: 8px;'><strong>Arquitectura:<\/strong> MIPS-BE<\/li>\n<li style='margin-bottom: 8px;'><strong>CPU:<\/strong> QCA9533<\/li>\n<li style='margin-bottom: 8px;'><strong>Cantidad de Nucleos CPU:<\/strong> 1<\/li>\n<li style='margin-bottom: 8px;'><strong>Frecuencia del CPU:<\/strong> 650 MHz<\/li>\n<li style='margin-bottom: 8px;'><strong>Dimensiones:<\/strong> 125x178x48mm<\/li>\n<li style='margin-bottom: 8px;'><strong>Nivel de Licencia:<\/strong> 4<\/li>\n<li style='margin-bottom: 8px;'><strong>Sistema Operativo:<\/strong> RouterOS<\/li>\n<li style='margin-bottom: 8px;'><strong>Memoria RAM:<\/strong> 64 MB<\/li>\n<li style='margin-bottom: 8px;'><strong>Almacenamiento:<\/strong> 16 MB<\/li>\n<li style='margin-bottom: 8px;'><strong>Tipo de Almacenamiento:<\/strong> FLASH<\/li>\n<li style='margin-bottom: 8px;'><strong>Temperatura de operaci\u00f3n:<\/strong> -35C .. +70C<\/li>\n<\/ul><\/div>\n<\/p><\/div>\n<\/p><\/div>\n<\/p><\/div>\n<div style='margin: 30px 0;'>\n<h3 style='font-size: 20px; font-weight: bold; margin: 0 0 15px; color: inherit; opacity: 0.8;'>Alimentaci\u00f3n<\/h3>\n<div style='display: flex; flex-wrap: wrap; gap: 20px;'>\n<div style='flex: 1 1 250px; border: 1px solid rgba(150&comma; 150&comma; 150&comma; 0.4); border-radius: 8px; overflow: hidden;'>\n<div style='padding: 15px; border-bottom: 1px solid rgba(150&comma; 150&comma; 150&comma; 0.2); font-weight: bold; font-size: 16px; color: inherit;'>Detalles<\/div>\n<div style='padding: 15px; color: inherit;'>\n<ul style='padding-left: 20px; margin: 0; font-size: 14px; list-style-type: disc;'>\n<li style='margin-bottom: 8px;'><strong>Consumo energetico:<\/strong> 2W<\/li>\n<li style='margin-bottom: 8px;'><strong>Fuentes de alimentaci\u00f3n:<\/strong> 2 (DC jack&comma; PoE-IN)<\/li>\n<li style='margin-bottom: 8px;'><strong>Tipo de alimentaci\u00f3n PoE:<\/strong> PoE Pasivo<\/li>\n<li style='margin-bottom: 8px;'><strong>Voltaje de entrada en jack:<\/strong> 8-30 V DC<\/li>\n<li style='margin-bottom: 8px;'><strong>Voltaje de entrada en PoE:<\/strong> 8-30 V DC<\/li>\n<li style='margin-bottom: 8px;'><strong>Salida PoE:<\/strong> PoE pasivo en puertos 2 al 4<\/li>\n<\/ul><\/div>\n<\/p><\/div>\n<\/p><\/div>\n<\/p><\/div>\n<div style='margin: 30px 0;'>\n<h3 style='font-size: 20px; font-weight: bold; margin: 0 0 15px; color: inherit; opacity: 0.8;'>Ethernet<\/h3>\n<div style='display: flex; flex-wrap: wrap; gap: 20px;'>\n<div style='flex: 1 1 250px; border: 1px solid rgba(150&comma; 150&comma; 150&comma; 0.4); border-radius: 8px; overflow: hidden;'>\n<div style='padding: 15px; border-bottom: 1px solid rgba(150&comma; 150&comma; 150&comma; 0.2); font-weight: bold; font-size: 16px; color: inherit;'>Detalles<\/div>\n<div style='padding: 15px; color: inherit;'>\n<ul style='padding-left: 20px; margin: 0; font-size: 14px; list-style-type: disc;'>\n<li style='margin-bottom: 8px;'><strong>Puertos Ethernet:<\/strong> 5 x 10\/100 Mbps<\/li>\n<\/ul><\/div>\n<\/p><\/div>\n<\/p><\/div>\n<\/p><\/div>\n<div style='margin: 30px 0;'>\n<h3 style='font-size: 20px; font-weight: bold; margin: 0 0 15px; color: inherit; opacity: 0.8;'>Otros<\/h3>\n<div style='display: flex; flex-wrap: wrap; gap: 20px;'>\n<div style='flex: 1 1 250px; border: 1px solid rgba(150&comma; 150&comma; 150&comma; 0.4); border-radius: 8px; overflow: hidden;'>\n<div style='padding: 15px; border-bottom: 1px solid rgba(150&comma; 150&comma; 150&comma; 0.2); font-weight: bold; font-size: 16px; color: inherit;'>Detalles<\/div>\n<div style='padding: 15px; color: inherit;'>\n<ul style='padding-left: 20px; margin: 0; font-size: 14px; list-style-type: disc;'>\n<li style='margin-bottom: 8px;'><strong>Monitor Actual:<\/strong> Si<\/li>\n<li style='margin-bottom: 8px;'><strong>Monitor de temperatura PCB:<\/strong> Si<\/li>\n<li style='margin-bottom: 8px;'><strong>Monitor de Voltaje:<\/strong> Si<\/li>\n<\/ul><\/div>\n<\/p><\/div>\n<\/p><\/div>\n<\/p><\/div>\n<div style='margin: 30px 0;'>\n<h3 style='font-size: 20px; font-weight: bold; margin: 0 0 15px; color: inherit; opacity: 0.8;'>Resultados de pruebas Ethernet<\/h3>\n<div style='margin: 20px 0;'>\n<div style='margin-bottom: 20px;'>\n<div style='display: flex; flex-wrap: wrap; border: 1px solid rgba(150&comma; 150&comma; 150&comma; 0.3); border-radius: 8px; overflow: hidden;'>\n<div style='flex: 1 1 100%; padding: 15px; background-color: rgba(150&comma;150&comma;150&comma;0.1); color: inherit; font-weight: bold; border-bottom: 1px solid rgba(150&comma;150&comma;150&comma;0.3);'>RB750P-PBr2<\/div>\n<div style='flex: 1 1 100%; padding: 15px; background-color: rgba(150&comma;150&comma;150&comma;0.1); color: inherit; font-weight: bold; border-bottom: 1px solid rgba(150&comma;150&comma;150&comma;0.3);'>QCA9531 (650Mhz) 100M all port test<\/div>\n<\/p><\/div>\n<\/p><\/div>\n<div style='margin-bottom: 20px;'>\n<div style='display: flex; flex-wrap: wrap; border: 1px solid rgba(150&comma;150&comma;150&comma;0.3); border-radius: 8px; overflow: hidden;'>\n<div style='flex: 1 1 100%; padding: 15px; background-color: rgba(150&comma;150&comma;150&comma;0.1); color: inherit; font-weight: bold; border-bottom: 1px solid rgba(150&comma;150&comma;150&comma;0.3);'>Modo<\/div>\n<div style='flex: 1 1 100%; padding: 15px; background-color: rgba(150&comma;150&comma;150&comma;0.1); color: inherit; font-weight: bold; border-bottom: 1px solid rgba(150&comma;150&comma;150&comma;0.3);'>Configuraci\u00f3n<\/div>\n<div style='flex: 1 1 100%; padding: 15px; background-color: rgba(150&comma;150&comma;150&comma;0.1); color: inherit; font-weight: bold; border-bottom: 1px solid rgba(150&comma;150&comma;150&comma;0.3);'>1518 byte<\/div>\n<div style='flex: 1 1 100%; padding: 15px; background-color: rgba(150&comma;150&comma;150&comma;0.1); color: inherit; font-weight: bold; border-bottom: 1px solid rgba(150&comma;150&comma;150&comma;0.3);'>512 byte<\/div>\n<div style='flex: 1 1 100%; padding: 15px; background-color: rgba(150&comma;150&comma;150&comma;0.1); color: inherit; font-weight: bold; border-bottom: 1px solid rgba(150&comma;150&comma;150&comma;0.3);'>64 byte<\/div>\n<\/p><\/div>\n<\/p><\/div>\n<div style='margin-bottom: 20px;'>\n<div style='display: flex; flex-wrap: wrap; border: 1px solid rgba(150&comma;150&comma;150&comma;0.3); border-radius: 8px; overflow: hidden;'>\n<div style='flex: 1 1 100%; padding: 15px; background-color: rgba(150&comma;150&comma;150&comma;0.1); color: inherit; font-weight: bold; border-bottom: 1px solid rgba(150&comma;150&comma;150&comma;0.3);'>kpps<\/div>\n<div style='flex: 1 1 100%; padding: 15px; background-color: rgba(150&comma;150&comma;150&comma;0.1); color: inherit; font-weight: bold; border-bottom: 1px solid rgba(150&comma;150&comma;150&comma;0.3);'>Mbps<\/div>\n<div style='flex: 1 1 100%; padding: 15px; background-color: rgba(150&comma;150&comma;150&comma;0.1); color: inherit; font-weight: bold; border-bottom: 1px solid rgba(150&comma;150&comma;150&comma;0.3);'>kpps<\/div>\n<div style='flex: 1 1 100%; padding: 15px; background-color: rgba(150&comma;150&comma;150&comma;0.1); color: inherit; font-weight: bold; border-bottom: 1px solid rgba(150&comma;150&comma;150&comma;0.3);'>Mbps<\/div>\n<div style='flex: 1 1 100%; padding: 15px; background-color: rgba(150&comma;150&comma;150&comma;0.1); color: inherit; font-weight: bold; border-bottom: 1px solid rgba(150&comma;150&comma;150&comma;0.3);'>kpps<\/div>\n<div style='flex: 1 1 100%; padding: 15px; background-color: rgba(150&comma;150&comma;150&comma;0.1); color: inherit; font-weight: bold; border-bottom: 1px solid rgba(150&comma;150&comma;150&comma;0.3);'>Mbps<\/div>\n<\/p><\/div>\n<\/p><\/div>\n<div style='margin-bottom: 20px;'>\n<div style='display: flex; flex-wrap: wrap; border: 1px solid rgba(150&comma;150&comma;150&comma;0.3); border-radius: 8px; overflow: hidden;'>\n<div style='flex: 1 1 100%; padding: 15px; color: inherit; border-bottom: 1px solid rgba(150&comma;150&comma;150&comma;0.3);'>Bridging<\/div>\n<div style='flex: 1 1 100%; padding: 15px; color: inherit; border-bottom: 1px solid rgba(150&comma;150&comma;150&comma;0.3);'>none (fast path)<\/div>\n<div style='flex: 1 1 100%; padding: 15px; color: inherit; border-bottom: 1px solid rgba(150&comma;150&comma;150&comma;0.3);'>40.6<\/div>\n<div style='flex: 1 1 100%; padding: 15px; color: inherit; border-bottom: 1px solid rgba(150&comma;150&comma;150&comma;0.3);'>493.0<\/div>\n<div style='flex: 1 1 100%; padding: 15px; color: inherit; border-bottom: 1px solid rgba(150&comma;150&comma;150&comma;0.3);'>117.4<\/div>\n<div style='flex: 1 1 100%; padding: 15px; color: inherit; border-bottom: 1px solid rgba(150&comma;150&comma;150&comma;0.3);'>480.9<\/div>\n<div style='flex: 1 1 100%; padding: 15px; color: inherit; border-bottom: 1px solid rgba(150&comma;150&comma;150&comma;0.3);'>217.0<\/div>\n<div style='flex: 1 1 100%; padding: 15px; color: inherit; border-bottom: 1px solid rgba(150&comma;150&comma;150&comma;0.3);'>111.1<\/div>\n<\/p><\/div>\n<\/p><\/div>\n<div style='margin-bottom: 20px;'>\n<div style='display: flex; flex-wrap: wrap; border: 1px solid rgba(150&comma;150&comma;150&comma;0.3); border-radius: 8px; overflow: hidden;'>\n<div style='flex: 1 1 100%; padding: 15px; color: inherit; border-bottom: 1px solid rgba(150&comma;150&comma;150&comma;0.3);'>Bridging<\/div>\n<div style='flex: 1 1 100%; padding: 15px; color: inherit; border-bottom: 1px solid rgba(150&comma;150&comma;150&comma;0.3);'>25 bridge filter rules<\/div>\n<div style='flex: 1 1 100%; padding: 15px; color: inherit; border-bottom: 1px solid rgba(150&comma;150&comma;150&comma;0.3);'>40.6<\/div>\n<div style='flex: 1 1 100%; padding: 15px; color: inherit; border-bottom: 1px solid rgba(150&comma;150&comma;150&comma;0.3);'>493.0<\/div>\n<div style='flex: 1 1 100%; padding: 15px; color: inherit; border-bottom: 1px solid rgba(150&comma;150&comma;150&comma;0.3);'>70.1<\/div>\n<div style='flex: 1 1 100%; padding: 15px; color: inherit; border-bottom: 1px solid rgba(150&comma;150&comma;150&comma;0.3);'>287.1<\/div>\n<div style='flex: 1 1 100%; padding: 15px; color: inherit; border-bottom: 1px solid rgba(150&comma;150&comma;150&comma;0.3);'>70.9<\/div>\n<div style='flex: 1 1 100%; padding: 15px; color: inherit; border-bottom: 1px solid rgba(150&comma;150&comma;150&comma;0.3);'>36.3<\/div>\n<\/p><\/div>\n<\/p><\/div>\n<div style='margin-bottom: 20px;'>\n<div style='display: flex; flex-wrap: wrap; border: 1px solid rgba(150&comma;150&comma;150&comma;0.3); border-radius: 8px; overflow: hidden;'>\n<div style='flex: 1 1 100%; padding: 15px; color: inherit; border-bottom: 1px solid rgba(150&comma;150&comma;150&comma;0.3);'>Routing<\/div>\n<div style='flex: 1 1 100%; padding: 15px; color: inherit; border-bottom: 1px solid rgba(150&comma;150&comma;150&comma;0.3);'>none (fast path)<\/div>\n<div style='flex: 1 1 100%; padding: 15px; color: inherit; border-bottom: 1px solid rgba(150&comma;150&comma;150&comma;0.3);'>40.6<\/div>\n<div style='flex: 1 1 100%; padding: 15px; color: inherit; border-bottom: 1px solid rgba(150&comma;150&comma;150&comma;0.3);'>493.0<\/div>\n<div style='flex: 1 1 100%; padding: 15px; color: inherit; border-bottom: 1px solid rgba(150&comma;150&comma;150&comma;0.3);'>117.4<\/div>\n<div style='flex: 1 1 100%; padding: 15px; color: inherit; border-bottom: 1px solid rgba(150&comma;150&comma;150&comma;0.3);'>480.9<\/div>\n<div style='flex: 1 1 100%; padding: 15px; color: inherit; border-bottom: 1px solid rgba(150&comma;150&comma;150&comma;0.3);'>200.8<\/div>\n<div style='flex: 1 1 100%; padding: 15px; color: inherit; border-bottom: 1px solid rgba(150&comma;150&comma;150&comma;0.3);'>102.8<\/div>\n<\/p><\/div>\n<\/p><\/div>\n<div style='margin-bottom: 20px;'>\n<div style='display: flex; flex-wrap: wrap; border: 1px solid rgba(150&comma;150&comma;150&comma;0.3); border-radius: 8px; overflow: hidden;'>\n<div style='flex: 1 1 100%; padding: 15px; color: inherit; border-bottom: 1px solid rgba(150&comma;150&comma;150&comma;0.3);'>Routing<\/div>\n<div style='flex: 1 1 100%; padding: 15px; color: inherit; border-bottom: 1px solid rgba(150&comma;150&comma;150&comma;0.3);'>25 simple queues<\/div>\n<div style='flex: 1 1 100%; padding: 15px; color: inherit; border-bottom: 1px solid rgba(150&comma;150&comma;150&comma;0.3);'>40.6<\/div>\n<div style='flex: 1 1 100%; padding: 15px; color: inherit; border-bottom: 1px solid rgba(150&comma;150&comma;150&comma;0.3);'>493.0<\/div>\n<div style='flex: 1 1 100%; padding: 15px; color: inherit; border-bottom: 1px solid rgba(150&comma;150&comma;150&comma;0.3);'>79.6<\/div>\n<div style='flex: 1 1 100%; padding: 15px; color: inherit; border-bottom: 1px solid rgba(150&comma;150&comma;150&comma;0.3);'>326.0<\/div>\n<div style='flex: 1 1 100%; padding: 15px; color: inherit; border-bottom: 1px solid rgba(150&comma;150&comma;150&comma;0.3);'>90.8<\/div>\n<div style='flex: 1 1 100%; padding: 15px; color: inherit; border-bottom: 1px solid rgba(150&comma;150&comma;150&comma;0.3);'>46.5<\/div>\n<\/p><\/div>\n<\/p><\/div>\n<div style='margin-bottom: 20px;'>\n<div style='display: flex; flex-wrap: wrap; border: 1px solid rgba(150&comma;150&comma;150&comma;0.3); border-radius: 8px; overflow: hidden;'>\n<div style='flex: 1 1 100%; padding: 15px; color: inherit; border-bottom: 1px solid rgba(150&comma;150&comma;150&comma;0.3);'>Routing<\/div>\n<div style='flex: 1 1 100%; padding: 15px; color: inherit; border-bottom: 1px solid rgba(150&comma;150&comma;150&comma;0.3);'>25 ip filter rules<\/div>\n<div style='flex: 1 1 100%; padding: 15px; color: inherit; border-bottom: 1px solid rgba(150&comma;150&comma;150&comma;0.3);'>40.6<\/div>\n<div style='flex: 1 1 100%; padding: 15px; color: inherit; border-bottom: 1px solid rgba(150&comma;150&comma;150&comma;0.3);'>493.0<\/div>\n<div style='flex: 1 1 100%; padding: 15px; color: inherit; border-bottom: 1px solid rgba(150&comma;150&comma;150&comma;0.3);'>42.2<\/div>\n<div style='flex: 1 1 100%; padding: 15px; color: inherit; border-bottom: 1px solid rgba(150&comma;150&comma;150&comma;0.3);'>172.8<\/div>\n<div style='flex: 1 1 100%; padding: 15px; color: inherit; border-bottom: 1px solid rgba(150&comma;150&comma;150&comma;0.3);'>43.2<\/div>\n<div style='flex: 1 1 100%; padding: 15px; color: inherit; border-bottom: 1px solid rgba(150&comma;150&comma;150&comma;0.3);'>22.1<\/div>\n<\/p><\/div>\n<\/p><\/div>\n<ul style='padding-left: 20px; margin: 0; font-size: 14px; color: inherit;'>\n<li style='margin-bottom: 8px;'>All tests are done with Xena Networks specialized test equipment (XenaBay)&comma; and done according to RFC2544 (Xena2544)<\/li>\n<li style='margin-bottom: 8px;'>Max throughput is determined with 30+ second attempts with 0&comma;1% packet loss tolerance in 64&comma; 512&comma; 1518 byte packet sizes<\/li>\n<li style='margin-bottom: 8px;'>Values in Italic indicate that max throughput was reached without maxing out CPU&comma; but because board interface configuration was maxed out<\/li>\n<li style='margin-bottom: 8px;'>Test results show device maximum performance&comma; and are reached using mentioned hardware and software configuration&comma; different configurations most likely will result in lower results<\/li>\n<\/ul><\/div>\n<\/p><\/div>\n<div style='margin: 30px 0;'>\n<h3 style='font-size: 20px; font-weight: bold; margin: 0 0 15px; color: inherit; opacity: 0.8;'>Partes Incluidas<\/h3>\n<div style='display: flex; flex-wrap: wrap; gap: 20px; margin-top: 20px;'>\n<div style='flex: 1 1 250px; min-width: 200px;'> <img style='width: 100%; height: auto; border: 1px solid rgba(150&comma;150&comma;150&comma;0.3); border-radius: 8px;' src='https:\/\/img.routerboard.com\/mimg\/part41391160693s.jpg' alt='IEC cord'> <\/p>\n<div style='margin-top: 10px; font-size: 14px; color: inherit; text-align: center;'>IEC cord<\/div>\n<\/p><\/div>\n<div style='flex: 1 1 250px; min-width: 200px;'> <img style='width: 100%; height: auto; border: 1px solid rgba(150&comma;150&comma;150&comma;0.3); border-radius: 8px;' src='https:\/\/img.routerboard.com\/mimg\/part181391163711s.jpg' alt='Metal ring (one)'> <\/p>\n<div style='margin-top: 10px; font-size: 14px; color: inherit; text-align: center;'>Metal ring (one)<\/div>\n<\/p><\/div>\n<div style='flex: 1 1 250px; min-width: 200px;'> <img style='width: 100%; height: auto; border: 1px solid rgba(150&comma;150&comma;150&comma;0.3); border-radius: 8px;' src='https:\/\/img.routerboard.com\/mimg\/part101391160012s.jpg' alt='PoE injector'> <\/p>\n<div style='margin-top: 10px; font-size: 14px; color: inherit; text-align: center;'>PoE injector<\/div>\n<\/p><\/div>\n<div style='flex: 1 1 250px; min-width: 200px;'> <img style='width: 100%; height: auto; border: 1px solid rgba(150&comma;150&comma;150&comma;0.3); border-radius: 8px;' src='https:\/\/img.routerboard.com\/mimg\/part21391161421s.jpg' alt='24V 2.5A power adapter'> <\/p>\n<div style='margin-top: 10px; font-size: 14px; color: inherit; text-align: center;'>24V 2.5A power adapter<\/div>\n<\/p><\/div>\n<div style='flex: 1 1 250px; min-width: 200px;'> <img style='width: 100%; height: auto; border: 1px solid rgba(150&comma;150&comma;150&comma;0.3); border-radius: 8px;' src='https:\/\/img.routerboard.com\/mimg\/part61391160745s.jpg' alt='DIN mount (K-27)'> <\/p>\n<div style='margin-top: 10px; font-size: 14px; color: inherit; text-align: center;'>DIN mount (K-27)<\/div>\n<\/p><\/div>\n<div style='flex: 1 1 250px; min-width: 200px;'> <img style='width: 100%; height: auto; border: 1px solid rgba(150&comma;150&comma;150&comma;0.3); border-radius: 8px;' src='https:\/\/img.routerboard.com\/mimg\/part91391160033s.jpg' alt='Plastic zip tie'> <\/p>\n<div style='margin-top: 10px; font-size: 14px; color: inherit; text-align: center;'>Plastic zip tie<\/div>\n<\/p><\/div>\n<\/p><\/div>\n<\/p><\/div>\n<div style='margin: 30px 0;'> <img style='width: 302px; height: 302px; border: 1px solid rgba(150&comma;150&comma;150&comma;0.3); border-radius: 8px;' src='https:\/\/ftp3.syscom.mx\/usuarios\/fotos\/RB750PPBR2\/81979-garantia1.png' alt='Garant\u00eda'> <\/div>\n<p style='margin-top: 30px; font-size: 14px; color: inherit; opacity: 0.8;'>*Imagenes meramente ilustrativas<\/p>\n<\/p><\/div>\n","protected":false},"excerpt":{"rendered":"<p>(PowerBox) RouterBoard, 5 Puertos Fast Ethernet con PoE Pasivo, para exterior<\/p>\n","protected":false},"featured_media":75703,"comment_status":"open","ping_status":"closed","template":"","meta":[],"product_brand":[],"product_cat":[2036,2035,2034],"product_tag":[2039,2038,643,664,2037],"class_list":{"0":"post-75704","1":"product","2":"type-product","3":"status-publish","4":"has-post-thumbnail","6":"product_cat-balanceadores","7":"product_cat-firewalls","8":"product_cat-routers","9":"product_tag-balanceadores","10":"product_tag-firewalls","11":"product_tag-mikrotik","12":"product_tag-networking","13":"product_tag-routers","15":"first","16":"instock","17":"sale","18":"shipping-taxable","19":"purchasable","20":"product-type-simple"},"_links":{"self":[{"href":"https:\/\/soydeaqui.ddns.net\/pachuca\/index.php\/wp-json\/wp\/v2\/product\/75704","targetHints":{"allow":["GET"]}}],"collection":[{"href":"https:\/\/soydeaqui.ddns.net\/pachuca\/index.php\/wp-json\/wp\/v2\/product"}],"about":[{"href":"https:\/\/soydeaqui.ddns.net\/pachuca\/index.php\/wp-json\/wp\/v2\/types\/product"}],"replies":[{"embeddable":true,"href":"https:\/\/soydeaqui.ddns.net\/pachuca\/index.php\/wp-json\/wp\/v2\/comments?post=75704"}],"wp:featuredmedia":[{"embeddable":true,"href":"https:\/\/soydeaqui.ddns.net\/pachuca\/index.php\/wp-json\/wp\/v2\/media\/75703"}],"wp:attachment":[{"href":"https:\/\/soydeaqui.ddns.net\/pachuca\/index.php\/wp-json\/wp\/v2\/media?parent=75704"}],"wp:term":[{"taxonomy":"product_brand","embeddable":true,"href":"https:\/\/soydeaqui.ddns.net\/pachuca\/index.php\/wp-json\/wp\/v2\/product_brand?post=75704"},{"taxonomy":"product_cat","embeddable":true,"href":"https:\/\/soydeaqui.ddns.net\/pachuca\/index.php\/wp-json\/wp\/v2\/product_cat?post=75704"},{"taxonomy":"product_tag","embeddable":true,"href":"https:\/\/soydeaqui.ddns.net\/pachuca\/index.php\/wp-json\/wp\/v2\/product_tag?post=75704"}],"curies":[{"name":"wp","href":"https:\/\/api.w.org\/{rel}","templated":true}]}}