{"id":75678,"date":"2026-03-19T14:49:48","date_gmt":"2026-03-19T14:49:48","guid":{"rendered":"https:\/\/soydeaqui.ddns.net\/pachuca\/index.php\/producto\/ccr1036-12g-4s-em-cloud-core-router-cpu-36-nucleos-12-puertos-gigabit-ethernet-4-puertos-sfp-y-8-gb-memoria\/"},"modified":"2026-03-19T14:50:01","modified_gmt":"2026-03-19T14:50:01","slug":"ccr1036-12g-4s-em-cloud-core-router-cpu-36-nucleos-12-puertos-gigabit-ethernet-4-puertos-sfp-y-8-gb-memoria","status":"publish","type":"product","link":"https:\/\/soydeaqui.ddns.net\/pachuca\/index.php\/producto\/ccr1036-12g-4s-em-cloud-core-router-cpu-36-nucleos-12-puertos-gigabit-ethernet-4-puertos-sfp-y-8-gb-memoria\/","title":{"rendered":"(CCR1036-12G-4S-EM) Cloud Core Router, CPU 36 N\u00facleos, 12 puertos Gigabit Ethernet, 4 puertos SFP y 8 GB Memoria"},"content":{"rendered":"<div style='width: 100%; max-width: 1200px; margin: 0 auto; font-family: sans-serif; line-height: 1.6; color: inherit; background-color: transparent;'> <!-- Descripci\u00f3n principal --> <\/p>\n<div style='margin-bottom: 30px; font-size: 15px;'>\n<p style='margin: 0 0 15px 0; color: inherit;'>CCR1036-12G-4S-EM es un enrutador de grado industrial con CPU de 36 n\u00facleos de \u00faltima generaci\u00f3n. Si necesita muchos millones de paquetes por segundo&comma; Cloud Core Router con 36 n\u00facleos es su mejor opci\u00f3n.<\/p>\n<p style='margin: 0 0 15px 0; color: inherit;'>El dispositivo viene en una caja de montaje en rack de 1U&comma; tiene cuatro puertos SFP&comma; doce puertos Ethernet Gigabit&comma; un cable de consola en serie y un puerto USB.<\/p>\n<p style='margin: 0 0 15px 0; color: inherit;'>\u00a1La nueva versi\u00f3n r2 tiene 8 GB de RAM incorporados&comma; ranura M.2 integrada&comma; ranura USB de tama\u00f1o completo y doble fuente de alimentaci\u00f3n para redundancia!<\/p>\n<\/p><\/div>\n<p> <!-- Imagen de soporte --> <\/p>\n<div style='margin-bottom: 30px;'> <a href='http:\/\/soporte.syscom.mx\/networking#mikrotik' style='display: block; width: 100%; max-width: 960px; margin: 0 auto;'> <img style='width: 100%; max-width: 960px; height: auto; border: 1px solid rgba(150&comma;150&comma;150&comma;0.3); border-radius: 8px;' src='https:\/\/ftp3.syscom.mx\/usuarios\/raragon\/Imagenes_Generales\/Manuales_de_configuracion.jpg' alt='Manuales de configuraci\u00f3n'> <\/a> <\/div>\n<p> <!-- Caracter\u00edsticas principales de RouterOS --> <\/p>\n<div style='margin-bottom: 30px;'>\n<h2 style='font-size: 22px; border-bottom: 2px solid currentColor; padding-bottom: 5px; margin-top: 0; margin-bottom: 20px; color: inherit; opacity: 0.8;'> <a href='https:\/\/wiki.mikrotik.com\/wiki\/Manual:TOC' style='color: inherit; text-decoration: none; transition: all 200ms ease-in-out;' target='_blank' rel='noopener'>Caracter\u00edsticas principales de RouterOS<\/a> <\/h2>\n<\/p><\/div>\n<p> <!-- Especificaciones --> <\/p>\n<div style='display: flex; flex-wrap: wrap; gap: 20px; margin-bottom: 30px;'>\n<div style='flex: 1 1 250px; border: 1px solid rgba(150&comma; 150&comma; 150&comma; 0.4); border-radius: 8px; overflow: hidden; display: flex; flex-direction: column;'>\n<div style='padding: 15px; border-bottom: 1px solid rgba(150&comma; 150&comma; 150&comma; 0.2); font-weight: bold; font-size: 18px; color: inherit;'>Especificaciones<\/div>\n<div style='padding: 15px; color: inherit;'>\n<ul style='padding-left: 20px; margin: 0; font-size: 14px; list-style-type: disc;'>\n<li style='margin-bottom: 5px;'><strong>C\u00f3digo del producto:<\/strong> CCR1036-12G-4S-EM<\/li>\n<li style='margin-bottom: 5px;'><strong>Arquitectura:<\/strong> TILE<\/li>\n<li style='margin-bottom: 5px;'><strong>CPU:<\/strong> TLR4-03680<\/li>\n<li style='margin-bottom: 5px;'><strong>Recuento de n\u00facleos de CPU:<\/strong> 36<\/li>\n<li style='margin-bottom: 5px;'><strong>Frecuencia nominal de la CPU:<\/strong> 1.2 GHz<\/li>\n<li style='margin-bottom: 5px;'><strong>Dimensiones:<\/strong> 443 x 193 x 44 mm<\/li>\n<li style='margin-bottom: 5px;'><strong>Licencia RouterOS:<\/strong> 6<\/li>\n<li style='margin-bottom: 5px;'><strong>Sistema operativo:<\/strong> <a href='https:\/\/wiki.mikrotik.com\/wiki\/Manual:TOC' style='color: inherit; text-decoration: underline;' target='_blank' rel='noopener'>RouterOS<\/a><\/li>\n<li style='margin-bottom: 5px;'><strong>Tama\u00f1o de la RAM:<\/strong> 8 GB<\/li>\n<li style='margin-bottom: 5px;'><strong>Tama\u00f1o de almacenamiento:<\/strong> 1 GB<\/li>\n<li style='margin-bottom: 5px;'><strong>Tipo de almacenamiento:<\/strong> NAND<\/li>\n<li style='margin-bottom: 5px;'><strong>MTBF:<\/strong> Aproximadamente 200&#8217;000 horas a 25\u00b0C<\/li>\n<li style='margin-bottom: 5px;'><strong>Temperatura ambiente probada:<\/strong> -20 \u00b0C a 60 \u00b0C<\/li>\n<li style='margin-bottom: 5px;'><strong>Aceleraci\u00f3n de hardware IPsec:<\/strong> S\u00ed<\/li>\n<\/ul><\/div>\n<\/p><\/div>\n<p> <!-- Alimentaci\u00f3n --> <\/p>\n<div style='flex: 1 1 250px; border: 1px solid rgba(150&comma; 150&comma; 150&comma; 0.4); border-radius: 8px; overflow: hidden; display: flex; flex-direction: column;'>\n<div style='padding: 15px; border-bottom: 1px solid rgba(150&comma; 150&comma; 150&comma; 0.2); font-weight: bold; font-size: 18px; color: inherit;'>Alimentaci\u00f3n<\/div>\n<div style='padding: 15px; color: inherit;'>\n<ul style='padding-left: 20px; margin: 0; font-size: 14px; list-style-type: disc;'>\n<li style='margin-bottom: 5px;'><strong>N\u00famero de entradas de CA:<\/strong> 2<\/li>\n<li style='margin-bottom: 5px;'><strong>Rango de entrada de CA:<\/strong> 100-240<\/li>\n<li style='margin-bottom: 5px;'><strong>Consumo m\u00e1ximo de energ\u00eda:<\/strong> 60 W<\/li>\n<li style='margin-bottom: 5px;'><strong>Recuento de ventiladores:<\/strong> 2<\/li>\n<\/ul><\/div>\n<\/p><\/div>\n<p> <!-- Ethernet --> <\/p>\n<div style='flex: 1 1 250px; border: 1px solid rgba(150&comma; 150&comma; 150&comma; 0.4); border-radius: 8px; overflow: hidden; display: flex; flex-direction: column;'>\n<div style='padding: 15px; border-bottom: 1px solid rgba(150&comma; 150&comma; 150&comma; 0.2); font-weight: bold; font-size: 18px; color: inherit;'>Ethernet<\/div>\n<div style='padding: 15px; color: inherit;'>\n<ul style='padding-left: 20px; margin: 0; font-size: 14px; list-style-type: disc;'>\n<li style='margin-bottom: 5px;'><strong>Puertos Ethernet 10\/100\/1000:<\/strong> 12<\/li>\n<\/ul><\/div>\n<\/p><\/div>\n<p> <!-- Fibra --> <\/p>\n<div style='flex: 1 1 250px; border: 1px solid rgba(150&comma; 150&comma; 150&comma; 0.4); border-radius: 8px; overflow: hidden; display: flex; flex-direction: column;'>\n<div style='padding: 15px; border-bottom: 1px solid rgba(150&comma; 150&comma; 150&comma; 0.2); font-weight: bold; font-size: 18px; color: inherit;'>Fibra<\/div>\n<div style='padding: 15px; color: inherit;'>\n<ul style='padding-left: 20px; margin: 0; font-size: 14px; list-style-type: disc;'>\n<li style='margin-bottom: 5px;'><strong>DDMI SFP:<\/strong> S\u00ed<\/li>\n<li style='margin-bottom: 5px;'><strong>Puertos SFP:<\/strong> 4<\/li>\n<\/ul><\/div>\n<\/p><\/div>\n<p> <!-- Perif\u00e9ricos --> <\/p>\n<div style='flex: 1 1 250px; border: 1px solid rgba(150&comma; 150&comma; 150&comma; 0.4); border-radius: 8px; overflow: hidden; display: flex; flex-direction: column;'>\n<div style='padding: 15px; border-bottom: 1px solid rgba(150&comma; 150&comma; 150&comma; 0.2); font-weight: bold; font-size: 18px; color: inherit;'>Perif\u00e9ricos<\/div>\n<div style='padding: 15px; color: inherit;'>\n<ul style='padding-left: 20px; margin: 0; font-size: 14px; list-style-type: disc;'>\n<li style='margin-bottom: 5px;'><strong>Puerto serie:<\/strong> RJ45<\/li>\n<li style='margin-bottom: 5px;'><strong>N\u00famero de puertos USB:<\/strong> 1<\/li>\n<li style='margin-bottom: 5px;'><strong>Restablecimiento de energ\u00eda USB:<\/strong> S\u00ed<\/li>\n<li style='margin-bottom: 5px;'><strong>Tipo de ranura USB:<\/strong> USB tipo A<\/li>\n<li style='margin-bottom: 5px;'><strong>Corriente USB m\u00e1xima:<\/strong> 1 A<\/li>\n<\/ul><\/div>\n<\/p><\/div>\n<p> <!-- Otro --> <\/p>\n<div style='flex: 1 1 250px; border: 1px solid rgba(150&comma; 150&comma; 150&comma; 0.4); border-radius: 8px; overflow: hidden; display: flex; flex-direction: column;'>\n<div style='padding: 15px; border-bottom: 1px solid rgba(150&comma; 150&comma; 150&comma; 0.2); font-weight: bold; font-size: 18px; color: inherit;'>Otro<\/div>\n<div style='padding: 15px; color: inherit;'>\n<ul style='padding-left: 20px; margin: 0; font-size: 14px; list-style-type: disc;'>\n<li style='margin-bottom: 5px;'><strong>Monitor de temperatura de la CPU:<\/strong> S\u00ed<\/li>\n<li style='margin-bottom: 5px;'><strong>Monitor de temperatura de PCB:<\/strong> S\u00ed<\/li>\n<li style='margin-bottom: 5px;'><strong>Monitor de voltaje:<\/strong> S\u00ed<\/li>\n<li style='margin-bottom: 5px;'><strong>Bot\u00f3n Modo:<\/strong> S\u00ed<\/li>\n<\/ul><\/div>\n<\/p><\/div>\n<p> <!-- Certificaciones --> <\/p>\n<div style='flex: 1 1 250px; border: 1px solid rgba(150&comma; 150&comma; 150&comma; 0.4); border-radius: 8px; overflow: hidden; display: flex; flex-direction: column;'>\n<div style='padding: 15px; border-bottom: 1px solid rgba(150&comma; 150&comma; 150&comma; 0.2); font-weight: bold; font-size: 18px; color: inherit;'>Certificaci\u00f3n y aprobaciones<\/div>\n<div style='padding: 15px; color: inherit;'>\n<ul style='padding-left: 20px; margin: 0; font-size: 14px; list-style-type: disc;'>\n<li style='margin-bottom: 5px;'><strong>Certificaci\u00f3n:<\/strong> CE&comma; EAC&comma; ROHS<\/li>\n<li style='margin-bottom: 5px;'><strong>IP:<\/strong> IP20<\/li>\n<\/ul><\/div>\n<\/p><\/div>\n<\/p><\/div>\n<p> <!-- Piezas incluidas --> <\/p>\n<div style='margin-bottom: 30px;'>\n<h3 style='font-size: 22px; border-bottom: 2px solid currentColor; padding-bottom: 5px; margin-top: 0; margin-bottom: 20px; color: inherit; opacity: 0.8;'>Piezas incluidas<\/h3>\n<div style='display: flex; flex-wrap: wrap; gap: 15px; justify-content: center;'>\n<div style='flex: 1 1 139px; min-width: 139px; text-align: center;'> <a href='https:\/\/i.mt.lv\/cdn\/rb_images\/part191436523368m.jpg' style='text-decoration: none; color: inherit;' target='_blank' rel='noopener'> <img style='width: 80px; height: auto; border: 1px solid rgba(150&comma;150&comma;150&comma;0.3); border-radius: 4px; margin-bottom: 5px;' src='https:\/\/i.mt.lv\/cdn\/rb_images\/part191436523368s.jpg' alt='Kit de tornillos y pies'> <br \/>Kit de tornillos y pies (K10) <\/a> <\/div>\n<div style='flex: 1 1 139px; min-width: 139px; text-align: center;'> <a href='https:\/\/i.mt.lv\/cdn\/rb_images\/part741522226845m.jpg' style='text-decoration: none; color: inherit;' target='_blank' rel='noopener'> <img style='width: 80px; height: auto; border: 1px solid rgba(150&comma;150&comma;150&comma;0.3); border-radius: 4px; margin-bottom: 5px;' src='https:\/\/i.mt.lv\/cdn\/rb_images\/part741522226845s.jpg' alt='Cables IEC'> <br \/>2x cables IEC <\/a> <\/div>\n<div style='flex: 1 1 139px; min-width: 139px; text-align: center;'> <a href='https:\/\/i.mt.lv\/cdn\/rb_images\/part381398168452m.jpg' style='text-decoration: none; color: inherit;' target='_blank' rel='noopener'> <img style='width: 80px; height: auto; border: 1px solid rgba(150&comma;150&comma;150&comma;0.3); border-radius: 4px; margin-bottom: 5px;' src='https:\/\/i.mt.lv\/cdn\/rb_images\/part381398168452s.jpg' alt='Orejas de rack'> <br \/>Orejas de rack <\/a> <\/div>\n<\/p><\/div>\n<\/p><\/div>\n<p> <!-- Informaci\u00f3n de licencia --> <\/p>\n<div style='margin-bottom: 30px; font-size: 14px;'>\n<p style='margin: 0; color: inherit;'><em>El dispositivo tiene un sistema operativo preinstalado y licenciado. No es necesaria ninguna compra separada y el producto est\u00e1 listo para usar. El dispositivo incluye actualizaciones de software gratuitas durante la vida \u00fatil del producto o un m\u00ednimo de 5 a\u00f1os a partir de la fecha de compra.<\/em><\/p>\n<\/p><\/div>\n<p> <!-- Imagen de garant\u00eda --> <\/p>\n<div style='margin-bottom: 30px; text-align: center;'> <img style='width: 100%; max-width: 302px; height: auto; border: 1px solid rgba(150&comma;150&comma;150&comma;0.3); border-radius: 8px;' src='https:\/\/ftp3.syscom.mx\/usuarios\/fotos\/CCR103612G4SEM\/81993-garantia1.png' alt='Garant\u00eda'> <\/div>\n<\/p><\/div>\n","protected":false},"excerpt":{"rendered":"<p>(CCR1036-12G-4S-EM) Cloud Core Router, CPU 36 N\u00facleos, 12 puertos Gigabit Ethernet, 4 puertos SFP y 8 GB Memoria<\/p>\n","protected":false},"featured_media":75677,"comment_status":"open","ping_status":"closed","template":"","meta":[],"product_brand":[],"product_cat":[2036,2035,2034],"product_tag":[2039,2038,643,664,2037],"class_list":{"0":"post-75678","1":"product","2":"type-product","3":"status-publish","4":"has-post-thumbnail","6":"product_cat-balanceadores","7":"product_cat-firewalls","8":"product_cat-routers","9":"product_tag-balanceadores","10":"product_tag-firewalls","11":"product_tag-mikrotik","12":"product_tag-networking","13":"product_tag-routers","15":"first","16":"outofstock","17":"sale","18":"shipping-taxable","19":"purchasable","20":"product-type-simple"},"_links":{"self":[{"href":"https:\/\/soydeaqui.ddns.net\/pachuca\/index.php\/wp-json\/wp\/v2\/product\/75678","targetHints":{"allow":["GET"]}}],"collection":[{"href":"https:\/\/soydeaqui.ddns.net\/pachuca\/index.php\/wp-json\/wp\/v2\/product"}],"about":[{"href":"https:\/\/soydeaqui.ddns.net\/pachuca\/index.php\/wp-json\/wp\/v2\/types\/product"}],"replies":[{"embeddable":true,"href":"https:\/\/soydeaqui.ddns.net\/pachuca\/index.php\/wp-json\/wp\/v2\/comments?post=75678"}],"wp:featuredmedia":[{"embeddable":true,"href":"https:\/\/soydeaqui.ddns.net\/pachuca\/index.php\/wp-json\/wp\/v2\/media\/75677"}],"wp:attachment":[{"href":"https:\/\/soydeaqui.ddns.net\/pachuca\/index.php\/wp-json\/wp\/v2\/media?parent=75678"}],"wp:term":[{"taxonomy":"product_brand","embeddable":true,"href":"https:\/\/soydeaqui.ddns.net\/pachuca\/index.php\/wp-json\/wp\/v2\/product_brand?post=75678"},{"taxonomy":"product_cat","embeddable":true,"href":"https:\/\/soydeaqui.ddns.net\/pachuca\/index.php\/wp-json\/wp\/v2\/product_cat?post=75678"},{"taxonomy":"product_tag","embeddable":true,"href":"https:\/\/soydeaqui.ddns.net\/pachuca\/index.php\/wp-json\/wp\/v2\/product_tag?post=75678"}],"curies":[{"name":"wp","href":"https:\/\/api.w.org\/{rel}","templated":true}]}}