{"id":75658,"date":"2026-03-19T14:49:01","date_gmt":"2026-03-19T14:49:01","guid":{"rendered":"https:\/\/soydeaqui.ddns.net\/pachuca\/index.php\/producto\/ups-de-1500-va-900-w-topologia-linea-interactiva-entrada-120-vca-nema-5-15p-torre-o-rack-2-ur-con-8-tomas-nema-5-15r\/"},"modified":"2026-03-19T14:49:12","modified_gmt":"2026-03-19T14:49:12","slug":"ups-de-1500-va-900-w-topologia-linea-interactiva-entrada-120-vca-nema-5-15p-torre-o-rack-2-ur-con-8-tomas-nema-5-15r","status":"publish","type":"product","link":"https:\/\/soydeaqui.ddns.net\/pachuca\/index.php\/producto\/ups-de-1500-va-900-w-topologia-linea-interactiva-entrada-120-vca-nema-5-15p-torre-o-rack-2-ur-con-8-tomas-nema-5-15r\/","title":{"rendered":"UPS de 1500 VA\/900 W, Topolog\u00eda L\u00ednea Interactiva, Entrada 120 Vca NEMA 5-15P, Torre o Rack 2 UR, Con 8 Tomas NEMA 5-15R"},"content":{"rendered":"<div style='width: 100%; max-width: 1200px; margin: 0 auto; font-family: sans-serif; line-height: 1.6; color: inherit; background-color: transparent;'>\n<div style='display: flex; flex-wrap: wrap; gap: 30px; margin-bottom: 30px;'>\n<div style='flex: 1 1 300px; min-width: 280px;'>\n<h3 style='font-size: 22px; border-bottom: 2px solid currentColor; padding-bottom: 5px; margin-top: 0; color: inherit; opacity: 0.8;'>Descripci\u00f3n General<\/h3>\n<p style='margin-top: 0; color: inherit;'>CyberPower OR1500LCDRT2U es un UPS interactivo en l\u00ednea que ofrece simulaci\u00f3n de onda sinusoidal de salida para dispositivos de sistemas de oficina que incluyen PC&comma; estaciones de trabajo&comma; dispositivos de red y perif\u00e9ricos. Normalmente se integra en la oficina de reserva&comma; en la sala de servidores y en entornos de centros de datos para asegurar una alimentaci\u00f3n fiable de reserva durante los cortes de corriente. Adem\u00e1s&comma; su dise\u00f1o convertible de instalaci\u00f3n en servidor y torre le otorga una flexibilidad optimizada para su montaje y funcionamiento en casi cualquier entorno.<\/p>\n<\/p><\/div>\n<\/p><\/div>\n<div style='display: flex; flex-wrap: wrap; gap: 30px; margin-bottom: 30px;'>\n<div style='flex: 1 1 300px; min-width: 280px;'>\n<h3 style='font-size: 22px; border-bottom: 2px solid currentColor; padding-bottom: 5px; margin-top: 0; color: inherit; opacity: 0.8;'>Caracter\u00edsticas Principales<\/h3>\n<ul style='padding-left: 20px; font-size: 15px; color: inherit; margin-top: 0;'>\n<li style='margin-bottom: 5px; color: inherit;'><strong>Interfaz LCD:<\/strong> Pantalla multifunci\u00f3n que ofrece informaci\u00f3n en tiempo real<\/li>\n<li style='margin-bottom: 5px; color: inherit;'><strong>Protecci\u00f3n de red:<\/strong> Protege dispositivos contra picos repentinos de corriente<\/li>\n<li style='margin-bottom: 5px; color: inherit;'><strong>Sustituci\u00f3n en caliente:<\/strong> Permite mantenimiento sin interrupciones<\/li>\n<li style='margin-bottom: 5px; color: inherit;'><strong>Protecci\u00f3n contra rayos:<\/strong> Evita da\u00f1os por ca\u00eddas de rayos<\/li>\n<\/ul><\/div>\n<\/p><\/div>\n<div style='display: flex; flex-wrap: wrap; gap: 20px; margin-bottom: 30px;'>\n<div style='flex: 1 1 250px; border: 1px solid rgba(150&comma; 150&comma; 150&comma; 0.4); border-radius: 8px; overflow: hidden; display: flex; flex-direction: column;'>\n<div style='padding: 15px; border-bottom: 1px solid rgba(150&comma; 150&comma; 150&comma; 0.2); font-weight: bold; font-size: 18px; color: inherit;'>Especificaciones T\u00e9cnicas<\/div>\n<div style='padding: 15px; color: inherit;'>\n<ul style='padding-left: 20px; margin: 0; font-size: 14px; list-style-type: disc;'>\n<li style='margin-bottom: 5px;'><strong>Voltaje de entrada:<\/strong> 90 &#8211; 140V<\/li>\n<li style='margin-bottom: 5px;'><strong>Frecuencia de entrada:<\/strong> 47 &#8211; 63Hz<\/li>\n<li style='margin-bottom: 5px;'><strong>Enchufe de entrada:<\/strong> NEMA 5-15P<\/li>\n<li style='margin-bottom: 5px;'><strong>Longitud del cable:<\/strong> 3 m<\/li>\n<li style='margin-bottom: 5px;'><strong>Salida VA:<\/strong> 1500<\/li>\n<li style='margin-bottom: 5px;'><strong>Salida Watts:<\/strong> 900<\/li>\n<li style='margin-bottom: 5px;'><strong>Total de tomas de salida:<\/strong> 8<\/li>\n<li style='margin-bottom: 5px;'><strong>Tipos de tomas:<\/strong> 8 NEMA 5-15R<\/li>\n<li style='margin-bottom: 5px;'><strong>Tipo de onda:<\/strong> Simulada<\/li>\n<\/ul><\/div>\n<\/p><\/div>\n<div style='flex: 1 1 250px; border: 1px solid rgba(150&comma; 150&comma; 150&comma; 0.4); border-radius: 8px; overflow: hidden; display: flex; flex-direction: column;'>\n<div style='padding: 15px; border-bottom: 1px solid rgba(150&comma; 150&comma; 150&comma; 0.2); font-weight: bold; font-size: 18px; color: inherit;'>Detalles Adicionales<\/div>\n<div style='padding: 15px; color: inherit;'>\n<ul style='padding-left: 20px; margin: 0; font-size: 14px; list-style-type: disc;'>\n<li style='margin-bottom: 5px;'><strong>Bater\u00eda:<\/strong> 4 x 12V\/7Ah<\/li>\n<li style='margin-bottom: 5px;'><strong>Tiempo de respaldo (450 W):<\/strong> 18 minutos<\/li>\n<li style='margin-bottom: 5px;'><strong>Tiempo de respaldo (900 W):<\/strong> 6 minutos<\/li>\n<li style='margin-bottom: 5px;'><strong>Tarjeta de administraci\u00f3n:<\/strong> RMCARD205 (No incluida)<\/li>\n<li style='margin-bottom: 5px;'><strong>Protecci\u00f3n de picos:<\/strong> 1840 Joules<\/li>\n<li style='margin-bottom: 5px;'><strong>Protecci\u00f3n de datos:<\/strong> Tel\u00e9fono RJ11 y Ethernet RJ45<\/li>\n<li style='margin-bottom: 5px;'><strong>Indicadores:<\/strong> Pantalla LCD de lectura<\/li>\n<li style='margin-bottom: 5px;'><strong>Dimensiones:<\/strong> 433 x 88 x 387 mm (Ancho x Alto x Profundidad)<\/li>\n<li style='margin-bottom: 5px;'><strong>Peso:<\/strong> 20 kg<\/li>\n<li style='margin-bottom: 5px;'><strong>Certificaciones:<\/strong> FCC Clase B&comma; UL&comma; NOM<\/li>\n<li style='margin-bottom: 5px;'><strong>Observaci\u00f3n:<\/strong> No es compatible con generador de energ\u00eda<\/li>\n<li style='margin-bottom: 5px;'><strong>Incluye:<\/strong> Bater\u00edas<\/li>\n<\/ul><\/div>\n<\/p><\/div>\n<\/p><\/div>\n<div style='display: flex; flex-wrap: wrap; gap: 30px; margin-bottom: 30px;'>\n<div style='flex: 1 1 300px; min-width: 280px;'>\n<h3 style='font-size: 22px; border-bottom: 2px solid currentColor; padding-bottom: 5px; margin-top: 0; color: inherit; opacity: 0.8;'>Conectores y Protecci\u00f3n<\/h3>\n<div style='display: flex; flex-wrap: wrap; gap: 15px; align-items: center; margin-top: 15px;'> <img style='width: 40px; height: 40px; border: 1px solid rgba(150&comma;150&comma;150&comma;0.3); border-radius: 8px;' src='https:\/\/www.cyberpower.com\/mx\/es\/File\/GetImageByDocId\/GeneralAttribute-235' alt='Conector NEMA 5-15P'> <span style='font-size: 14px; color: inherit;'>Conector de entrada NEMA 5-15P<\/span> <\/div>\n<div style='display: flex; flex-wrap: wrap; gap: 15px; align-items: center; margin-top: 15px;'> <img style='width: 40px; height: 40px; border: 1px solid rgba(150&comma;150&comma;150&comma;0.3); border-radius: 8px;' src='https:\/\/www.cyberpower.com\/mx\/es\/File\/GetImageByDocId\/GeneralAttribute-238' alt='Tomas NEMA 5-15R'> <span style='font-size: 14px; color: inherit;'>8 Tomas NEMA 5-15R<\/span> <\/div>\n<\/p><\/div>\n<\/p><\/div>\n<div style='display: flex; flex-wrap: wrap; gap: 30px; margin-bottom: 30px;'>\n<div style='flex: 1 1 300px; min-width: 280px;'>\n<h3 style='font-size: 22px; border-bottom: 2px solid currentColor; padding-bottom: 5px; margin-top: 0; color: inherit; opacity: 0.8;'>Caracter\u00edsticas F\u00edsicas<\/h3>\n<ul style='padding-left: 20px; font-size: 15px; color: inherit; margin-top: 0;'>\n<li style='margin-bottom: 5px;'><strong>Instalaci\u00f3n:<\/strong> Convertible para torre o rack 2U<\/li>\n<li style='margin-bottom: 5px;'><strong>Factor de forma:<\/strong> 2U rackmount<\/li>\n<li style='margin-bottom: 5px;'><strong>Montaje:<\/strong> Opciones de montaje en rack o torre<\/li>\n<\/ul><\/div>\n<\/p><\/div>\n<\/p><\/div>\n","protected":false},"excerpt":{"rendered":"<p>UPS de 1500 VA\/900 W, Topolog\u00eda L\u00ednea Interactiva, Entrada 120 Vca NEMA 5-15P, Torre o Rack 2 UR, Con 8 Tomas NEMA 5-15R<\/p>\n","protected":false},"featured_media":75657,"comment_status":"open","ping_status":"closed","template":"","meta":[],"product_brand":[],"product_cat":[1222],"product_tag":[677,62,1062],"class_list":{"0":"post-75658","1":"product","2":"type-product","3":"status-publish","4":"has-post-thumbnail","6":"product_cat-todos-ups-respaldo","7":"product_tag-cyberpower","8":"product_tag-todos","9":"product_tag-ups-respaldo","11":"first","12":"instock","13":"sale","14":"shipping-taxable","15":"purchasable","16":"product-type-simple"},"_links":{"self":[{"href":"https:\/\/soydeaqui.ddns.net\/pachuca\/index.php\/wp-json\/wp\/v2\/product\/75658","targetHints":{"allow":["GET"]}}],"collection":[{"href":"https:\/\/soydeaqui.ddns.net\/pachuca\/index.php\/wp-json\/wp\/v2\/product"}],"about":[{"href":"https:\/\/soydeaqui.ddns.net\/pachuca\/index.php\/wp-json\/wp\/v2\/types\/product"}],"replies":[{"embeddable":true,"href":"https:\/\/soydeaqui.ddns.net\/pachuca\/index.php\/wp-json\/wp\/v2\/comments?post=75658"}],"wp:featuredmedia":[{"embeddable":true,"href":"https:\/\/soydeaqui.ddns.net\/pachuca\/index.php\/wp-json\/wp\/v2\/media\/75657"}],"wp:attachment":[{"href":"https:\/\/soydeaqui.ddns.net\/pachuca\/index.php\/wp-json\/wp\/v2\/media?parent=75658"}],"wp:term":[{"taxonomy":"product_brand","embeddable":true,"href":"https:\/\/soydeaqui.ddns.net\/pachuca\/index.php\/wp-json\/wp\/v2\/product_brand?post=75658"},{"taxonomy":"product_cat","embeddable":true,"href":"https:\/\/soydeaqui.ddns.net\/pachuca\/index.php\/wp-json\/wp\/v2\/product_cat?post=75658"},{"taxonomy":"product_tag","embeddable":true,"href":"https:\/\/soydeaqui.ddns.net\/pachuca\/index.php\/wp-json\/wp\/v2\/product_tag?post=75658"}],"curies":[{"name":"wp","href":"https:\/\/api.w.org\/{rel}","templated":true}]}}