{"id":75634,"date":"2026-03-19T14:48:03","date_gmt":"2026-03-19T14:48:03","guid":{"rendered":"https:\/\/soydeaqui.ddns.net\/pachuca\/index.php\/producto\/punto-de-acceso-conectorizado-super-wifi-doble-banda-en-2-4-y-5-ghz-hasta-1-km-de-cobertura-mimo-8x8-para-industria-4-0-carcasa-ip67-hasta-1167-mbps\/"},"modified":"2026-03-19T14:48:09","modified_gmt":"2026-03-19T14:48:09","slug":"punto-de-acceso-conectorizado-super-wifi-doble-banda-en-2-4-y-5-ghz-hasta-1-km-de-cobertura-mimo-8x8-para-industria-4-0-carcasa-ip67-hasta-1167-mbps","status":"publish","type":"product","link":"https:\/\/soydeaqui.ddns.net\/pachuca\/index.php\/producto\/punto-de-acceso-conectorizado-super-wifi-doble-banda-en-2-4-y-5-ghz-hasta-1-km-de-cobertura-mimo-8x8-para-industria-4-0-carcasa-ip67-hasta-1167-mbps\/","title":{"rendered":"Punto de Acceso Conectorizado Super WiFi Doble Banda en 2.4 y 5 GHz, Hasta 1 km de Cobertura, MIMO 8X8 Para Industria 4.0, Carcasa IP67, Hasta 1167 Mbps"},"content":{"rendered":"<div style='width: 100%; max-width: 1200px; margin: 0 auto; font-family: sans-serif; line-height: 1.6; color: inherit; background-color: transparent;'> <!-- Im\u00e1genes iniciales --> <\/p>\n<div style='display: flex; flex-wrap: wrap; gap: 15px; margin-bottom: 30px; justify-content: center;'> <img style='width: 100%; max-width: 300px; height: auto; border: 1px solid rgba(150&comma;150&comma;150&comma;0.3); border-radius: 8px;' src='https:\/\/ftp3.syscom.mx\/usuarios\/hortega\/Altai\/Altai.png' alt=''> <img style='width: 100%; max-width: 230px; height: auto; border: 1px solid rgba(150&comma;150&comma;150&comma;0.3); border-radius: 8px;' src='https:\/\/ftp3.syscom.mx\/usuarios\/fotos\/C1N\/74401-image_2019_11_19t22_34_31_506z.png' alt=''> <\/div>\n<hr style='border: 0; border-top: 1px solid rgba(150&comma; 150&comma; 150&comma; 0.3); margin: 30px 0;'> <!-- Imagen central --> <\/p>\n<div style='text-align: center; margin-bottom: 30px;'> <img style='width: 100%; max-width: 300px; height: auto; border: 1px solid rgba(150&comma;150&comma;150&comma;0.3); border-radius: 8px;' src='https:\/\/ftp3.syscom.mx\/usuarios\/fotos\/A8NAC\/92889-a8nac2.png' alt=''> <\/p>\n<p style='margin-top: 15px; font-size: 16px; font-weight: bold; color: inherit;'>Distancia M\u00e1xima: Hasta 1 km para dispositivos Wi-Fi \/ 2.4 5 GHz<\/p>\n<\/p><\/div>\n<p> <!-- Tabla de caracter\u00edsticas --> <\/p>\n<div style='display: grid; grid-template-columns: repeat(auto-fit&comma; minmax(250px&comma; 1fr)); gap: 20px; margin-bottom: 30px;'>\n<div style='border: 1px solid rgba(150&comma;150&comma;150&comma;0.4); border-radius: 8px; padding: 15px; background-color: rgba(255&comma;255&comma;255&comma;0.05);'>\n<div style='text-align: center; margin-bottom: 10px;'> <img style='width: 61px; height: auto;' src='https:\/\/ftp3.syscom.mx\/usuarios\/hortega\/Altai\/Logos\/Wifi.png' alt=''> <\/div>\n<div style='text-align: center; font-size: 16px; font-weight: bold; color: inherit; margin-bottom: 10px;'>802.11 a\/b\/g\/n\/ac<\/div>\n<\/p><\/div>\n<div style='border: 1px solid rgba(150&comma;150&comma;150&comma;0.4); border-radius: 8px; padding: 15px; background-color: rgba(255&comma;255&comma;255&comma;0.05);'>\n<div style='text-align: center; margin-bottom: 10px;'> <img style='width: 48px; height: auto;' src='https:\/\/ftp3.syscom.mx\/usuarios\/hortega\/Altai\/Logos\/usuarios.png' alt=''> <\/div>\n<div style='text-align: center; font-size: 16px; font-weight: bold; color: inherit; margin-bottom: 10px;'>512 dispositivos concurrentes<\/div>\n<\/p><\/div>\n<div style='border: 1px solid rgba(150&comma;150&comma;150&comma;0.4); border-radius: 8px; padding: 15px; background-color: rgba(255&comma;255&comma;255&comma;0.05);'>\n<div style='text-align: center; margin-bottom: 10px;'> <img style='width: 57px; height: auto;' src='https:\/\/ftp3.syscom.mx\/usuarios\/hortega\/Altai\/Logos\/velocidad.png' alt=''> <\/div>\n<div style='text-align: center; font-size: 16px; font-weight: bold; color: inherit; margin-bottom: 10px;'>300 Mbps &#8211; 2.4 GHz<\/div>\n<div style='text-align: center; font-size: 16px; font-weight: bold; color: inherit;'>867 Mbps &#8211; 5 GHz<\/div>\n<\/p><\/div>\n<div style='border: 1px solid rgba(150&comma;150&comma;150&comma;0.4); border-radius: 8px; padding: 15px; background-color: rgba(255&comma;255&comma;255&comma;0.05);'>\n<div style='text-align: center; margin-bottom: 10px;'> <img style='width: 52px; height: auto;' src='https:\/\/ftp3.syscom.mx\/usuarios\/hortega\/Altai\/Logos\/repetidor.png' alt=''> <\/div>\n<div style='text-align: center; font-size: 16px; font-weight: bold; color: inherit; margin-bottom: 10px;'>Modo: Access Point \/ Cliente \/ Repetidor<\/div>\n<\/p><\/div>\n<div style='border: 1px solid rgba(150&comma;150&comma;150&comma;0.4); border-radius: 8px; padding: 15px; background-color: rgba(255&comma;255&comma;255&comma;0.05);'>\n<div style='text-align: center; margin-bottom: 10px;'> <img style='width: 36px; height: auto;' src='https:\/\/ftp3.syscom.mx\/usuarios\/hortega\/Altai\/Logos\/potencia.png' alt=''> <\/div>\n<div style='text-align: center; font-size: 16px; font-weight: bold; color: inherit; margin-bottom: 10px;'>26 dBm Max. TX Power<\/div>\n<\/p><\/div>\n<div style='border: 1px solid rgba(150&comma;150&comma;150&comma;0.4); border-radius: 8px; padding: 15px; background-color: rgba(255&comma;255&comma;255&comma;0.05);'>\n<div style='text-align: center; margin-bottom: 10px;'> <img style='width: 53px; height: auto;' src='https:\/\/ftp3.syscom.mx\/usuarios\/hortega\/Altai\/Logos\/nube.png' alt=''> <\/div>\n<div style='text-align: center; font-size: 16px; font-weight: bold; color: inherit; margin-bottom: 10px;'>Soporte Altai Care \/ On-Premise<\/div>\n<\/p><\/div>\n<\/p><\/div>\n<hr style='border: 0; border-top: 1px solid rgba(150&comma; 150&comma; 150&comma; 0.3); margin: 30px 0;'> <!-- Secci\u00f3n de especificaciones --> <\/p>\n<div style='display: flex; flex-wrap: wrap; gap: 30px; margin-bottom: 30px;'>\n<div style='flex: 1 1 300px; min-width: 280px;'>\n<h3 style='font-size: 22px; border-bottom: 2px solid currentColor; padding-bottom: 5px; margin-top: 0; color: inherit; opacity: 0.8;'>Caracter\u00edsticas Principales<\/h3>\n<ul style='padding-left: 20px; font-size: 15px; color: inherit;'>\n<li style='margin-bottom: 5px;'>Tecnolog\u00eda MIMO 8X8 en 2.4 GHz de Alta Sensibilidad en Recepci\u00f3n<\/li>\n<li style='margin-bottom: 5px;'>Tecnolog\u00eda MIMO 2X2 en 5.1-5.8 GHz de alta capacidad para backhaul&comma; acceso WiFi o conexiones PTMP.<\/li>\n<li style='margin-bottom: 5px;'>Hasta 300 Mbps en 2.4 GHz y 867 Mbps en 5.1 \u2013 5.8 GHz.<\/li>\n<li style='margin-bottom: 5px;'>Fast Roaming 802.11r para minimizar el tiempo de traslape entre c\u00e9lulas.<\/li>\n<li style='margin-bottom: 5px;'>Tecnolog\u00eda Smart-Antena de Altai<\/li>\n<li style='margin-bottom: 5px;'>Control Adaptativo de Interferencia<\/li>\n<li style='margin-bottom: 5px;'>Multi-array sectorial<\/li>\n<li style='margin-bottom: 5px;'>Band steering para balancear los usuarios en ambas bandas 2.4 y 5 GHz.<\/li>\n<li style='margin-bottom: 5px;'>Gesti\u00f3n del umbral de conexi\u00f3n SNR para control de c\u00e9lulas de cobertura.<\/li>\n<li style='margin-bottom: 5px;'>Soporta plataforma de gesti\u00f3n y monitoreo profesional en la nube a trav\u00e9s de AltaiCare.<\/li>\n<li style='margin-bottom: 5px;'>Soporta plataforma de gesti\u00f3n y monitoreo profesional en servidor local a trav\u00e9s de AltaiCare on-premises.<\/li>\n<li style='margin-bottom: 5px;'>Potencia 27 dBm en 2.4 GHz y 20 dBm en 5 GHz.<\/li>\n<\/ul><\/div>\n<div style='flex: 1 1 300px; min-width: 280px;'>\n<h3 style='font-size: 22px; border-bottom: 2px solid currentColor; padding-bottom: 5px; margin-top: 0; color: inherit; opacity: 0.8;'>Caracter\u00edsticas F\u00edsicas y El\u00e9ctricas<\/h3>\n<ul style='padding-left: 20px; font-size: 15px; color: inherit;'>\n<li style='margin-bottom: 5px;'>8 conectores N-Hembra para 4 antenas en 2.4 GHz (no incluidas).<\/li>\n<li style='margin-bottom: 5px;'>2 conectores N-Hembra para antena en 5 GHz (no incluida).<\/li>\n<li style='margin-bottom: 5px;'>Distancia para laptop\/smartphone en 2.4 GHz hasta 1 km con l\u00ednea de vista plena.<\/li>\n<li style='margin-bottom: 5px;'>Distancia para laptop\/smartphone en 5 GHz hasta 900 m con l\u00ednea de vista plena.<\/li>\n<li style='margin-bottom: 5px;'>Hasta 1024 dispositivos en total sumando ambas bandas en condiciones \u00f3ptimas.<\/li>\n<li style='margin-bottom: 5px;'>Instalaci\u00f3n en pared&comma; m\u00e1stil o torre a grandes alturas de 21 a 30 m.<\/li>\n<li style='margin-bottom: 5px;'>Alimentaci\u00f3n: 56 Vcc&comma; 1.1 A&comma; v\u00eda inyector PoE pasivo incluido.<\/li>\n<li style='margin-bottom: 5px;'>Temperatura de operaci\u00f3n: -40 a 60\u00b0 C.<\/li>\n<li style='margin-bottom: 5px;'>Consumo de energ\u00eda: 30 W (t\u00edpicos)&comma; 65 W (m\u00e1ximos).<\/li>\n<li style='margin-bottom: 5px;'>Dimensiones: 360 x 234 x 80 mm.<\/li>\n<li style='margin-bottom: 5px;'>Peso: 6.5 kg.<\/li>\n<\/ul><\/div>\n<div style='flex: 1 1 300px; min-width: 280px;'>\n<h3 style='font-size: 22px; border-bottom: 2px solid currentColor; padding-bottom: 5px; margin-top: 0; color: inherit; opacity: 0.8;'>El Paquete Incluye<\/h3>\n<ul style='padding-left: 20px; font-size: 15px; color: inherit;'>\n<li style='margin-bottom: 5px;'>Punto de acceso A8NAC<\/li>\n<li style='margin-bottom: 5px;'>Kit de montaje<\/li>\n<li style='margin-bottom: 5px;'>PoE pasivo de 56V<\/li>\n<\/ul><\/div>\n<\/p><\/div>\n<hr style='border: 0; border-top: 1px solid rgba(150&comma; 150&comma; 150&comma; 0.3); margin: 30px 0;'> <!-- Galer\u00eda de im\u00e1genes --> <\/p>\n<div style='display: flex; flex-wrap: wrap; gap: 20px; justify-content: center; margin-bottom: 30px;'> <img style='width: 100%; max-width: 450px; height: auto; border: 1px solid rgba(150&comma;150&comma;150&comma;0.3); border-radius: 8px;' src='https:\/\/ftp3.syscom.mx\/usuarios\/fotos\/A8N\/A8n_1.png' alt=''> <img style='width: 100%; max-width: 500px; height: auto; border: 1px solid rgba(150&comma;150&comma;150&comma;0.3); border-radius: 8px;' src='https:\/\/ftp3.syscom.mx\/usuarios\/fotos\/A8N\/A8n_2.png' alt=''> <\/div>\n<p> <!-- Im\u00e1genes de aplicaciones --> <\/p>\n<div style='display: grid; grid-template-columns: repeat(auto-fit&comma; minmax(200px&comma; 1fr)); gap: 15px; margin-bottom: 30px;'>\n<div style='text-align: center;'> <img style='width: 100%; height: auto; border: 1px solid rgba(150&comma;150&comma;150&comma;0.3); border-radius: 8px;' src='https:\/\/ftp3.syscom.mx\/usuarios\/fotos\/VX200\/175994-mineria.jpeg' alt=''> <\/p>\n<div style='margin-top: 10px; font-weight: bold; color: inherit;'>Miner\u00eda<\/div>\n<\/p><\/div>\n<div style='text-align: center;'> <img style='width: 100%; height: auto; border: 1px solid rgba(150&comma;150&comma;150&comma;0.3); border-radius: 8px;' src='https:\/\/ftp3.syscom.mx\/usuarios\/fotos\/VX200\/175994-puertos.jpeg' alt=''> <\/p>\n<div style='margin-top: 10px; font-weight: bold; color: inherit;'>Puertos\/Contenedores<\/div>\n<\/p><\/div>\n<div style='text-align: center;'> <img style='width: 100%; height: auto; border: 1px solid rgba(150&comma;150&comma;150&comma;0.3); border-radius: 8px;' src='https:\/\/ftp3.syscom.mx\/usuarios\/fotos\/VX200\/175994-estadios.jpeg' alt=''> <\/p>\n<div style='margin-top: 10px; font-weight: bold; color: inherit;'>Estadios<\/div>\n<\/p><\/div>\n<div style='text-align: center;'> <img style='width: 100%; height: auto; border: 1px solid rgba(150&comma;150&comma;150&comma;0.3); border-radius: 8px;' src='https:\/\/ftp3.syscom.mx\/usuarios\/fotos\/A3W\/80581-aeropuertos.jpeg' alt=''> <\/p>\n<div style='margin-top: 10px; font-weight: bold; color: inherit;'>Aeropuertos<\/div>\n<\/p><\/div>\n<div style='text-align: center;'> <img style='width: 100%; height: auto; border: 1px solid rgba(150&comma;150&comma;150&comma;0.3); border-radius: 8px;' src='https:\/\/ftp3.syscom.mx\/usuarios\/fotos\/VX200\/175994-complejohabitacional.jpeg' alt=''> <\/p>\n<div style='margin-top: 10px; font-weight: bold; color: inherit;'>Complejos Tur\u00edsticos<\/div>\n<\/p><\/div>\n<div style='text-align: center;'> <img style='width: 100%; height: auto; border: 1px solid rgba(150&comma;150&comma;150&comma;0.3); border-radius: 8px;' src='https:\/\/ftp3.syscom.mx\/usuarios\/fotos\/A3C\/80582-campus.jpeg' alt=''> <\/p>\n<div style='margin-top: 10px; font-weight: bold; color: inherit;'>Campus\/Educaci\u00f3n<\/div>\n<\/p><\/div>\n<div style='text-align: center;'> <img style='width: 100%; height: auto; border: 1px solid rgba(150&comma;150&comma;150&comma;0.3); border-radius: 8px;' src='https:\/\/ftp3.syscom.mx\/usuarios\/fotos\/VX200\/175994-hoteleria.jpeg' alt=''> <\/p>\n<div style='margin-top: 10px; font-weight: bold; color: inherit;'>Hoteleria<\/div>\n<\/p><\/div>\n<div style='text-align: center;'> <img style='width: 100%; height: auto; border: 1px solid rgba(150&comma;150&comma;150&comma;0.3); border-radius: 8px;' src='https:\/\/ftp3.syscom.mx\/usuarios\/fotos\/VX200\/175994-metropolis.jpeg' alt=''> <\/p>\n<div style='margin-top: 10px; font-weight: bold; color: inherit;'>Urbano\/Habitacional<\/div>\n<\/p><\/div>\n<\/p><\/div>\n<p> <!-- Videos de YouTube --> <\/p>\n<div style='display: flex; flex-wrap: wrap; gap: 20px; margin-bottom: 30px; justify-content: center;'>\n<div style='position: relative; padding-bottom: 56.25%; height: 0; overflow: hidden; flex: 1 1 400px; max-width: 100%;'>   <\/div>\n<div style='position: relative; padding-bottom: 56.25%; height: 0; overflow: hidden; flex: 1 1 400px; max-width: 100%;'>   <\/div>\n<\/p><\/div>\n<p> <!-- Videos adicionales --> <\/p>\n<div style='display: flex; flex-wrap: wrap; gap: 20px; margin-bottom: 30px; justify-content: center;'>\n<div style='position: relative; padding-bottom: 56.25%; height: 0; overflow: hidden; flex: 1 1 400px; max-width: 100%;'>   <\/div>\n<div style='position: relative; padding-bottom: 56.25%; height: 0; overflow: hidden; flex: 1 1 400px; max-width: 100%;'>   <\/div>\n<div style='position: relative; padding-bottom: 56.25%; height: 0; overflow: hidden; flex: 1 1 400px; max-width: 100%;'>   <\/div>\n<div style='position: relative; padding-bottom: 56.25%; height: 0; overflow: hidden; flex: 1 1 400px; max-width: 100%;'>   <\/div>\n<div style='position: relative; padding-bottom: 56.25%; height: 0; overflow: hidden; flex: 1 1 400px; max-width: 100%;'>   <\/div>\n<\/p><\/div>\n<p> <!-- Nota importante --> <\/p>\n<div style='background-color: rgba(255&comma; 50&comma; 50&comma; 0.1); border-left: 4px solid #ff3232; padding: 15px; margin-bottom: 30px; border-radius: 4px;'>\n<p style='margin: 0; font-size: 14px; color: inherit; opacity: 0.8;'> La m\u00e1xima distancia en cobertura&comma; capacidad de dispositivos m\u00f3viles WiFi&comma; velocidades de conexi\u00f3n&comma; etc. depender\u00e1 particularmente de cada sitio de instalaci\u00f3n&comma; l\u00ednea de vista plena 100%&comma; niveles de ruido e interferencia&comma; tipo de dispositivos WiFi&comma; alineaci\u00f3n y altura de las antenas. <\/p>\n<\/p><\/div>\n<p> <!-- T\u00edtulo de accesorios --> <\/p>\n<h3 style='font-size: 20px; margin-top: 30px; margin-bottom: 20px; color: inherit; opacity: 0.8; border-bottom: 2px solid currentColor; padding-bottom: 5px;'> Accesorios Opcionales <\/h3>\n<\/p><\/div>\n","protected":false},"excerpt":{"rendered":"<p>Punto de Acceso Conectorizado Super WiFi Doble Banda en 2.4 y 5 GHz, Hasta 1 km de Cobertura, MIMO 8X8 Para Industria 4.0, Carcasa IP67, Hasta 1167 Mbps<\/p>\n","protected":false},"featured_media":75633,"comment_status":"open","ping_status":"closed","template":"","meta":[],"product_brand":[],"product_cat":[1794],"product_tag":[1950,1795,1479],"class_list":{"0":"post-75634","1":"product","2":"type-product","3":"status-publish","4":"has-post-thumbnail","6":"product_cat-puntos-de-acceso","7":"product_tag-altai-technologies","8":"product_tag-puntos-de-acceso","9":"product_tag-redes-wifi","11":"first","12":"instock","13":"sale","14":"shipping-taxable","15":"purchasable","16":"product-type-simple"},"_links":{"self":[{"href":"https:\/\/soydeaqui.ddns.net\/pachuca\/index.php\/wp-json\/wp\/v2\/product\/75634","targetHints":{"allow":["GET"]}}],"collection":[{"href":"https:\/\/soydeaqui.ddns.net\/pachuca\/index.php\/wp-json\/wp\/v2\/product"}],"about":[{"href":"https:\/\/soydeaqui.ddns.net\/pachuca\/index.php\/wp-json\/wp\/v2\/types\/product"}],"replies":[{"embeddable":true,"href":"https:\/\/soydeaqui.ddns.net\/pachuca\/index.php\/wp-json\/wp\/v2\/comments?post=75634"}],"wp:featuredmedia":[{"embeddable":true,"href":"https:\/\/soydeaqui.ddns.net\/pachuca\/index.php\/wp-json\/wp\/v2\/media\/75633"}],"wp:attachment":[{"href":"https:\/\/soydeaqui.ddns.net\/pachuca\/index.php\/wp-json\/wp\/v2\/media?parent=75634"}],"wp:term":[{"taxonomy":"product_brand","embeddable":true,"href":"https:\/\/soydeaqui.ddns.net\/pachuca\/index.php\/wp-json\/wp\/v2\/product_brand?post=75634"},{"taxonomy":"product_cat","embeddable":true,"href":"https:\/\/soydeaqui.ddns.net\/pachuca\/index.php\/wp-json\/wp\/v2\/product_cat?post=75634"},{"taxonomy":"product_tag","embeddable":true,"href":"https:\/\/soydeaqui.ddns.net\/pachuca\/index.php\/wp-json\/wp\/v2\/product_tag?post=75634"}],"curies":[{"name":"wp","href":"https:\/\/api.w.org\/{rel}","templated":true}]}}