{"id":75619,"date":"2026-03-19T14:47:34","date_gmt":"2026-03-19T14:47:34","guid":{"rendered":"https:\/\/soydeaqui.ddns.net\/pachuca\/index.php\/producto\/antena-para-enlaces-carrier-class-frec-4-9-5-9-ghz-ganancia-29-dbi-dimensiones-64-8-cm-peso-8-kg\/"},"modified":"2026-03-19T14:47:35","modified_gmt":"2026-03-19T14:47:35","slug":"antena-para-enlaces-carrier-class-frec-4-9-5-9-ghz-ganancia-29-dbi-dimensiones-64-8-cm-peso-8-kg","status":"publish","type":"product","link":"https:\/\/soydeaqui.ddns.net\/pachuca\/index.php\/producto\/antena-para-enlaces-carrier-class-frec-4-9-5-9-ghz-ganancia-29-dbi-dimensiones-64-8-cm-peso-8-kg\/","title":{"rendered":"Antena para enlaces Carrier Class, Frec. 4.9 &#8211; 5.9 GHz Ganancia 29 dBi, Dimensiones 64.8 cm \/ Peso 8 kg"},"content":{"rendered":"<div style='width: 100%; max-width: 1200px; margin: 0 auto; font-family: sans-serif; line-height: 1.6; color: inherit; background-color: transparent;'>\n<div style='display: flex; flex-wrap: wrap; gap: 30px; margin-bottom: 30px;'>\n<div style='flex: 1 1 300px; min-width: 280px;'>\n<h3 style='font-size: 22px; border-bottom: 2px solid currentColor; padding-bottom: 5px; margin-top: 0; color: inherit; opacity: 0.8;'>Caracter\u00edsticas t\u00e9cnicas<\/h3>\n<ul style='padding-left: 20px; font-size: 15px; color: inherit;'>\n<li style='margin-bottom: 5px;'><strong>Doble polaridad:<\/strong> Vertical y Horizontal simult\u00e1nea<\/li>\n<li style='margin-bottom: 5px;'><strong>Di\u00e1metro:<\/strong> 648 mm<\/li>\n<li style='margin-bottom: 5px;'><strong>Peso:<\/strong> 8 kg<\/li>\n<li style='margin-bottom: 5px;'><strong>Ganancia:<\/strong> 29 dBi<\/li>\n<li style='margin-bottom: 5px;'><strong>Rango de frecuencia:<\/strong> 4.9 \u2013 5.9 GHz<\/li>\n<li style='margin-bottom: 5px;'><strong>Conectores:<\/strong> 2 conectores N-Hembra<\/li>\n<li style='margin-bottom: 5px;'><strong>Montaje:<\/strong> Incluye montaje de torre<\/li>\n<li style='margin-bottom: 5px;'><strong>Protecci\u00f3n:<\/strong> Para intemperie<\/li>\n<\/ul>\n<p style='color: inherit; font-size: 14px; margin-top: 15px;'><em>Se recomienda realizar la instalaci\u00f3n directamente en la torre (no usar brazos laterales menores a 80 mm de di\u00e1metro exterior)<\/em><\/p>\n<\/p><\/div>\n<div style='flex: 1 1 300px; min-width: 280px;'>\n<h3 style='font-size: 22px; border-bottom: 2px solid currentColor; padding-bottom: 5px; margin-top: 0; color: inherit; opacity: 0.8;'>Aplicaciones<\/h3>\n<p style='color: inherit; font-size: 14px;'>Las antenas de la serie HD de Laird est\u00e1n construidas para entregar un enlace de alto desempe\u00f1o. Las antenas cumplen con las especificaciones estrictas de la norma ETSI EN 302&comma;326-3 para antenas punto a punto clases DN1 hasta DN5. El dise\u00f1o especial del sistema de alimentaci\u00f3n proporciona polarizaci\u00f3n doble&comma; vertical en el primer puerto y horizontal en el segundo puerto&comma; haci\u00e9ndolo ideal para enlaces de punto a punto.<\/p>\n<p style='color: inherit; font-size: 14px;'><strong>Enlaces punto a punto<\/strong> para distancias desde 1 hasta 30 km&comma; en frecuencia de 4.9 hasta 5.9 GHz<\/p>\n<p style='color: inherit; font-size: 14px;'><strong>Aplicaciones:<\/strong> Internet&comma; datos&comma; telefon\u00eda IP o video vigilancia en diferentes sectores a distancia de 1 hasta 30 km<\/p>\n<\/p><\/div>\n<\/p><\/div>\n<div style='display: flex; flex-wrap: wrap; gap: 20px; margin-bottom: 30px; justify-content: center;'>\n<div style='width: 100%; max-width: 317px;'> <img style='width: 100%; height: auto; border: 1px solid rgba(150&comma;150&comma;150&comma;0.3); border-radius: 8px;' src='http:\/\/ftp3.syscom.mx\/usuarios\/fotos\/HDDA5W32DP\/86091-hdda5w.jpg' alt=''> <\/div>\n<div style='width: 100%; max-width: 600px;'> <img style='width: 100%; height: auto; border: 1px solid rgba(150&comma;150&comma;150&comma;0.3); border-radius: 8px;' src='http:\/\/ftp3.syscom.mx\/usuarios\/ftp\/single_page\/txpro\/antenas_txpro-02.png' alt=''> <\/div>\n<div style='width: 100%; max-width: 600px;'> <img style='width: 100%; height: auto; border: 1px solid rgba(150&comma;150&comma;150&comma;0.3); border-radius: 8px;' src='http:\/\/ftp3.syscom.mx\/usuarios\/fotos\/HDDA5W32DP\/86091-patron_de_radiacion_hdda5w.jpg' alt=''> <\/div>\n<\/p><\/div>\n<div style='display: flex; flex-wrap: wrap; gap: 20px; margin-bottom: 30px; justify-content: center;'>\n<div style='width: 100%; max-width: 257px;'> <img style='width: 100%; height: auto; border: 1px solid rgba(150&comma;150&comma;150&comma;0.3); border-radius: 8px;' src='http:\/\/ftp3.syscom.mx\/usuarios\/fotos\/TRA6927M3PB001\/85897-garantia_laird.jpg' alt=''> <\/div>\n<\/p><\/div>\n<\/p><\/div>\n","protected":false},"excerpt":{"rendered":"<p>Antena para enlaces Carrier Class, Frec. 4.9 &#8211; 5.9 GHz Ganancia 29 dBi, Dimensiones 64.8 cm \/ Peso 8 kg<\/p>\n","protected":false},"featured_media":75618,"comment_status":"open","ping_status":"closed","template":"","meta":[],"product_brand":[],"product_cat":[1918],"product_tag":[1404,1919,944],"class_list":{"0":"post-75619","1":"product","2":"type-product","3":"status-publish","4":"has-post-thumbnail","6":"product_cat-direccionales","7":"product_tag-antenas","8":"product_tag-direccionales","9":"product_tag-laird","11":"first","12":"outofstock","13":"sale","14":"shipping-taxable","15":"purchasable","16":"product-type-simple"},"_links":{"self":[{"href":"https:\/\/soydeaqui.ddns.net\/pachuca\/index.php\/wp-json\/wp\/v2\/product\/75619","targetHints":{"allow":["GET"]}}],"collection":[{"href":"https:\/\/soydeaqui.ddns.net\/pachuca\/index.php\/wp-json\/wp\/v2\/product"}],"about":[{"href":"https:\/\/soydeaqui.ddns.net\/pachuca\/index.php\/wp-json\/wp\/v2\/types\/product"}],"replies":[{"embeddable":true,"href":"https:\/\/soydeaqui.ddns.net\/pachuca\/index.php\/wp-json\/wp\/v2\/comments?post=75619"}],"wp:featuredmedia":[{"embeddable":true,"href":"https:\/\/soydeaqui.ddns.net\/pachuca\/index.php\/wp-json\/wp\/v2\/media\/75618"}],"wp:attachment":[{"href":"https:\/\/soydeaqui.ddns.net\/pachuca\/index.php\/wp-json\/wp\/v2\/media?parent=75619"}],"wp:term":[{"taxonomy":"product_brand","embeddable":true,"href":"https:\/\/soydeaqui.ddns.net\/pachuca\/index.php\/wp-json\/wp\/v2\/product_brand?post=75619"},{"taxonomy":"product_cat","embeddable":true,"href":"https:\/\/soydeaqui.ddns.net\/pachuca\/index.php\/wp-json\/wp\/v2\/product_cat?post=75619"},{"taxonomy":"product_tag","embeddable":true,"href":"https:\/\/soydeaqui.ddns.net\/pachuca\/index.php\/wp-json\/wp\/v2\/product_tag?post=75619"}],"curies":[{"name":"wp","href":"https:\/\/api.w.org\/{rel}","templated":true}]}}