{"id":75615,"date":"2026-03-19T14:47:27","date_gmt":"2026-03-19T14:47:27","guid":{"rendered":"https:\/\/soydeaqui.ddns.net\/pachuca\/index.php\/producto\/software-de-administracion-x-smart-cliente\/"},"modified":"2026-03-19T14:47:27","modified_gmt":"2026-03-19T14:47:27","slug":"software-de-administracion-x-smart-cliente","status":"publish","type":"product","link":"https:\/\/soydeaqui.ddns.net\/pachuca\/index.php\/producto\/software-de-administracion-x-smart-cliente\/","title":{"rendered":"Software de administraci\u00f3n X-SMART (Cliente)"},"content":{"rendered":"<div style='width: 100%; max-width: 1200px; margin: 0 auto; font-family: sans-serif; line-height: 1.6; color: inherit; background-color: transparent;'>\n<div style='display: flex; flex-wrap: wrap; gap: 30px; margin-bottom: 30px;'>\n<div style='flex: 1 1 300px; min-width: 280px;'>\n<h3 style='font-size: 22px; border-bottom: 2px solid currentColor; padding-bottom: 5px; margin-top: 0; color: inherit; opacity: 0.8;'>Caracter\u00edsticas principales<\/h3>\n<ul style='padding-left: 20px; font-size: 15px; color: inherit;'>\n<li style='margin-bottom: 5px;'>Gesti\u00f3n flexible de permisos de operaci\u00f3n<\/li>\n<li style='margin-bottom: 5px;'>Soporta m\u00faltiples modos de operaci\u00f3n de difusi\u00f3n<\/li>\n<li style='margin-bottom: 5px;'>Detecci\u00f3n de fallos muestra el ID del dispositivo&comma; el tipo y la direcci\u00f3n IP<\/li>\n<li style='margin-bottom: 5px;'>Supervisa el estado de todos los dispositivos del sistema<\/li>\n<li style='margin-bottom: 5px;'>Soporta la visualizaci\u00f3n de la red como un mapa visual<\/li>\n<\/ul><\/div>\n<div style='flex: 1 1 300px; min-width: 280px;'>\n<h3 style='font-size: 22px; border-bottom: 2px solid currentColor; padding-bottom: 5px; margin-top: 0; color: inherit; opacity: 0.8;'>Funciones de gesti\u00f3n<\/h3>\n<ul style='padding-left: 20px; font-size: 15px; color: inherit;'>\n<li style='margin-bottom: 5px;'>Almacena registros de eventos y errores<\/li>\n<li style='margin-bottom: 5px;'>Soporta copias de seguridad de los datos del sistema<\/li>\n<li style='margin-bottom: 5px;'>Permite anuncios y reproducci\u00f3n de audio a trav\u00e9s de red Ethernet<\/li>\n<li style='margin-bottom: 5px;'>Gesti\u00f3n centralizada de dispositivos relacionados<\/li>\n<\/ul><\/div>\n<\/p><\/div>\n<div style='display: flex; flex-wrap: wrap; gap: 20px; margin-bottom: 30px;'>\n<div style='flex: 1 1 250px; border: 1px solid rgba(150&comma; 150&comma; 150&comma; 0.4); border-radius: 8px; overflow: hidden; display: flex; flex-direction: column;'>\n<div style='padding: 15px; border-bottom: 1px solid rgba(150&comma; 150&comma; 150&comma; 0.2); font-weight: bold; font-size: 18px; color: inherit;'>Capacidades por versi\u00f3n<\/div>\n<div style='padding: 15px; color: inherit;'>\n<ul style='padding-left: 20px; margin: 0; font-size: 14px; list-style-type: disc;'>\n<li style='margin-bottom: 5px;'><strong>Proyectos peque\u00f1os\/medianos:<\/strong> Hasta 20 DCS y 20 canales de audio<\/li>\n<li style='margin-bottom: 5px;'><strong>Proyectos grandes:<\/strong> Hasta 250 DCS y 60 canales de audio<\/li>\n<\/ul><\/div>\n<\/p><\/div>\n<div style='flex: 1 1 250px; border: 1px solid rgba(150&comma; 150&comma; 150&comma; 0.4); border-radius: 8px; overflow: hidden; display: flex; flex-direction: column;'>\n<div style='padding: 15px; border-bottom: 1px solid rgba(150&comma; 150&comma; 150&comma; 0.2); font-weight: bold; font-size: 18px; color: inherit;'>Configuraci\u00f3n de canales<\/div>\n<div style='padding: 15px; color: inherit;'>\n<ul style='padding-left: 20px; margin: 0; font-size: 14px; list-style-type: disc;'>\n<li style='margin-bottom: 5px;'><strong>Proyectos peque\u00f1os\/medianos:<\/strong> 5 canales para alarma de incendio y 15 para anuncios normales<\/li>\n<li style='margin-bottom: 5px;'><strong>Proyectos grandes:<\/strong> 10 canales para alarma de incendio y 50 para anuncios p\u00fablicos<\/li>\n<\/ul><\/div>\n<\/p><\/div>\n<div style='flex: 1 1 250px; border: 1px solid rgba(150&comma; 150&comma; 150&comma; 0.4); border-radius: 8px; overflow: hidden; display: flex; flex-direction: column;'>\n<div style='padding: 15px; border-bottom: 1px solid rgba(150&comma; 150&comma; 150&comma; 0.2); font-weight: bold; font-size: 18px; color: inherit;'>Compatibilidad<\/div>\n<div style='padding: 15px; color: inherit;'>\n<ul style='padding-left: 20px; margin: 0; font-size: 14px; list-style-type: disc;'>\n<li style='margin-bottom: 5px;'>Red Ethernet<\/li>\n<li style='margin-bottom: 5px;'>Sistema distribuido (Distributed Control Systems)<\/li>\n<\/ul><\/div>\n<\/p><\/div>\n<\/p><\/div>\n<hr style='border: 0; border-top: 1px solid rgba(150&comma; 150&comma; 150&comma; 0.3); margin: 30px 0;'>\n<div style='margin-bottom: 30px;'>\n<h3 style='font-size: 22px; border-bottom: 2px solid currentColor; padding-bottom: 5px; margin-top: 0; color: inherit; opacity: 0.8;'>Descripci\u00f3n general<\/h3>\n<p style='font-size: 15px; color: inherit; margin-bottom: 15px;'>El software de administraci\u00f3n X-SMART incluye una plataforma de recursos del sistema del lado del servidor y un sistema de gesti\u00f3n del lado del cliente para realizar la gesti\u00f3n centralizada de los dispositivos relacionados a trav\u00e9s de una red Ethernet. El software se utiliza para supervisar el estado del sistema&comma; hacer anuncios&comma; reproducir audio y administrar registros.<\/p>\n<p style='font-size: 15px; color: inherit; margin-bottom: 15px;'>Existen dos versiones de X-SMART para satisfacer las diferentes necesidades de proyectos de distintos tama\u00f1os. Una es para proyectos peque\u00f1os y medianos&comma; y otra para proyectos grandes. Ambas versiones tienen las mismas operaciones&comma; pero difieren en la cantidad de Sistemas de Control Distribuido (DSC) que pueden controlar y en el tama\u00f1o de los dispositivos conectados.<\/p>\n<\/p><\/div>\n<\/p><\/div>\n","protected":false},"excerpt":{"rendered":"<p>Software de administraci\u00f3n X-SMART (Cliente)<\/p>\n","protected":false},"featured_media":75614,"comment_status":"open","ping_status":"closed","template":"","meta":[],"product_brand":[],"product_cat":[208],"product_tag":[209,2099,109],"class_list":{"0":"post-75615","1":"product","2":"type-product","3":"status-publish","4":"has-post-thumbnail","6":"product_cat-honeywell","7":"product_tag-honeywell","8":"product_tag-honeywell-pava","9":"product_tag-megafonia-y-audioevacuacion","11":"first","12":"instock","13":"sale","14":"shipping-taxable","15":"purchasable","16":"product-type-simple"},"_links":{"self":[{"href":"https:\/\/soydeaqui.ddns.net\/pachuca\/index.php\/wp-json\/wp\/v2\/product\/75615","targetHints":{"allow":["GET"]}}],"collection":[{"href":"https:\/\/soydeaqui.ddns.net\/pachuca\/index.php\/wp-json\/wp\/v2\/product"}],"about":[{"href":"https:\/\/soydeaqui.ddns.net\/pachuca\/index.php\/wp-json\/wp\/v2\/types\/product"}],"replies":[{"embeddable":true,"href":"https:\/\/soydeaqui.ddns.net\/pachuca\/index.php\/wp-json\/wp\/v2\/comments?post=75615"}],"wp:featuredmedia":[{"embeddable":true,"href":"https:\/\/soydeaqui.ddns.net\/pachuca\/index.php\/wp-json\/wp\/v2\/media\/75614"}],"wp:attachment":[{"href":"https:\/\/soydeaqui.ddns.net\/pachuca\/index.php\/wp-json\/wp\/v2\/media?parent=75615"}],"wp:term":[{"taxonomy":"product_brand","embeddable":true,"href":"https:\/\/soydeaqui.ddns.net\/pachuca\/index.php\/wp-json\/wp\/v2\/product_brand?post=75615"},{"taxonomy":"product_cat","embeddable":true,"href":"https:\/\/soydeaqui.ddns.net\/pachuca\/index.php\/wp-json\/wp\/v2\/product_cat?post=75615"},{"taxonomy":"product_tag","embeddable":true,"href":"https:\/\/soydeaqui.ddns.net\/pachuca\/index.php\/wp-json\/wp\/v2\/product_tag?post=75615"}],"curies":[{"name":"wp","href":"https:\/\/api.w.org\/{rel}","templated":true}]}}