{"id":75592,"date":"2026-03-19T14:46:28","date_gmt":"2026-03-19T14:46:28","guid":{"rendered":"https:\/\/soydeaqui.ddns.net\/pachuca\/index.php\/producto\/ata-de-4-puertos-fxs-con-2-puertos-de-red-gigabit\/"},"modified":"2026-03-19T14:46:34","modified_gmt":"2026-03-19T14:46:34","slug":"ata-de-4-puertos-fxs-con-2-puertos-de-red-gigabit","status":"publish","type":"product","link":"https:\/\/soydeaqui.ddns.net\/pachuca\/index.php\/producto\/ata-de-4-puertos-fxs-con-2-puertos-de-red-gigabit\/","title":{"rendered":"ATA de 4 puertos FXS con 2 puertos de red gigabit"},"content":{"rendered":"<div style='width: 100%; max-width: 1200px; margin: 0 auto; font-family: sans-serif; line-height: 1.6; color: inherit; background-color: transparent;'> <!-- Descripci\u00f3n principal --> <\/p>\n<div style='margin-bottom: 30px;'>\n<p style='font-style: italic; color: inherit; margin-bottom: 15px;'>El HT814 es un adaptador de tel\u00e9fono anal\u00f3gico de 4 puertos y f\u00e1cil de usar (ATA) con 4 puertos FXS y un enrutador NAT Gigabit integrado. Construido sobre la tecnolog\u00eda l\u00edder en el mercado SIP ATA \/ puerta de enlace de Grandstream con millones de unidades implantadas con \u00e9xito en todo el mundo&comma; este potente ATA cuenta con una calidad de voz excepcional en diversos entornos de aplicaci\u00f3n&comma; el cifrado fuerte con el certificado de seguridad \u00fanico por unidad&comma; aprovisionamiento automatizado para el despliegue de volumen y administraci\u00f3n de dispositivos y rendimiento de la red excepcional para el hogar y la oficina. El HT814 proporciona capacidades de la tecnolog\u00eda VoIP excepcional y de enrutamiento para entornos dom\u00e9sticos y de oficina y permite a los usuarios conectarse con \u00e9xito sus dispositivos anal\u00f3gicos a una red VoIP manejable y potente.<\/p>\n<\/p><\/div>\n<p> <!-- Secci\u00f3n de caracter\u00edsticas --> <\/p>\n<div style='display: flex; flex-wrap: wrap; gap: 30px; margin-bottom: 30px;'>\n<div style='flex: 1 1 300px; min-width: 280px;'>\n<h3 style='font-size: 22px; border-bottom: 2px solid currentColor; padding-bottom: 5px; margin-top: 0; color: inherit; opacity: 0.8;'>Caracter\u00edsticas principales<\/h3>\n<ul style='padding-left: 20px; font-size: 15px; color: inherit;'>\n<li style='margin-bottom: 5px;'><strong>Interfaz:<\/strong> 4 puertos FXS y dos puertos Gigabit<\/li>\n<li style='margin-bottom: 5px;'><strong>Enrutamiento:<\/strong> Built-in router NAT con capacidad de hasta 100 Mbps<\/li>\n<li style='margin-bottom: 5px;'><strong>Seguridad:<\/strong> TLS y SRTP para cifrado de llamadas y cuentas<\/li>\n<li style='margin-bottom: 5px;'><strong>Aprovisionamiento:<\/strong> Soporta TR-069 y XML<\/li>\n<li style='margin-bottom: 5px;'><strong>Conferencia:<\/strong> Soporta conferencia de voz de 3 v\u00edas<\/li>\n<li style='margin-bottom: 5px;'><strong>Redundancia:<\/strong> Servidor SIP de conmutaci\u00f3n por error<\/li>\n<li style='margin-bottom: 5px;'><strong>Fax:<\/strong> Soporta fax T.38 para fax sobre IP<\/li>\n<li style='margin-bottom: 5px;'><strong>Identificaci\u00f3n:<\/strong> Compatible con m\u00faltiples formatos de identificaci\u00f3n de llamadas<\/li>\n<li style='margin-bottom: 5px;'><strong>Integraci\u00f3n:<\/strong> Compatible con la serie Grandstream UCM de PBX IP<\/li>\n<\/ul><\/div>\n<\/p><\/div>\n<p> <!-- Imagen del producto --> <\/p>\n<div style='display: flex; justify-content: center; margin: 30px 0;'> <img style='width: 100%; height: auto; max-width: 600px; border: 1px solid rgba(150&comma;150&comma;150&comma;0.3); border-radius: 8px;' src='http:\/\/www.ezdirect.it\/img\/cms\/Grandstream%20HT814.jpg' alt='Resultado de imagen para ht814 grandstream'> <\/div>\n<p> <!-- Separador --> <\/p>\n<hr style='border: 0; border-top: 1px solid rgba(150&comma; 150&comma; 150&comma; 0.3); margin: 30px 0;'> <\/div>\n","protected":false},"excerpt":{"rendered":"<p>ATA de 4 puertos FXS con 2 puertos de red gigabit<\/p>\n","protected":false},"featured_media":75591,"comment_status":"open","ping_status":"closed","template":"","meta":[],"product_brand":[],"product_cat":[2070],"product_tag":[2071,909,2004],"class_list":{"0":"post-75592","1":"product","2":"type-product","3":"status-publish","4":"has-post-thumbnail","6":"product_cat-gateways-y-atas","7":"product_tag-gateways-y-atas","8":"product_tag-grandstream","9":"product_tag-voip-telefonia-ip-videoconferencia","11":"first","12":"outofstock","13":"sale","14":"shipping-taxable","15":"purchasable","16":"product-type-simple"},"_links":{"self":[{"href":"https:\/\/soydeaqui.ddns.net\/pachuca\/index.php\/wp-json\/wp\/v2\/product\/75592","targetHints":{"allow":["GET"]}}],"collection":[{"href":"https:\/\/soydeaqui.ddns.net\/pachuca\/index.php\/wp-json\/wp\/v2\/product"}],"about":[{"href":"https:\/\/soydeaqui.ddns.net\/pachuca\/index.php\/wp-json\/wp\/v2\/types\/product"}],"replies":[{"embeddable":true,"href":"https:\/\/soydeaqui.ddns.net\/pachuca\/index.php\/wp-json\/wp\/v2\/comments?post=75592"}],"wp:featuredmedia":[{"embeddable":true,"href":"https:\/\/soydeaqui.ddns.net\/pachuca\/index.php\/wp-json\/wp\/v2\/media\/75591"}],"wp:attachment":[{"href":"https:\/\/soydeaqui.ddns.net\/pachuca\/index.php\/wp-json\/wp\/v2\/media?parent=75592"}],"wp:term":[{"taxonomy":"product_brand","embeddable":true,"href":"https:\/\/soydeaqui.ddns.net\/pachuca\/index.php\/wp-json\/wp\/v2\/product_brand?post=75592"},{"taxonomy":"product_cat","embeddable":true,"href":"https:\/\/soydeaqui.ddns.net\/pachuca\/index.php\/wp-json\/wp\/v2\/product_cat?post=75592"},{"taxonomy":"product_tag","embeddable":true,"href":"https:\/\/soydeaqui.ddns.net\/pachuca\/index.php\/wp-json\/wp\/v2\/product_tag?post=75592"}],"curies":[{"name":"wp","href":"https:\/\/api.w.org\/{rel}","templated":true}]}}