{"id":75586,"date":"2026-03-19T14:46:13","date_gmt":"2026-03-19T14:46:13","guid":{"rendered":"https:\/\/soydeaqui.ddns.net\/pachuca\/index.php\/producto\/adaptador-para-telefono-analogico-ata-de-2-puertos-fxs-router-integrado-puertos-gigabit-disenado-para-conectar-sus-dispositivos-analogicos-a-una-red-voip\/"},"modified":"2026-03-19T14:46:25","modified_gmt":"2026-03-19T14:46:25","slug":"adaptador-para-telefono-analogico-ata-de-2-puertos-fxs-router-integrado-puertos-gigabit-disenado-para-conectar-sus-dispositivos-analogicos-a-una-red-voip","status":"publish","type":"product","link":"https:\/\/soydeaqui.ddns.net\/pachuca\/index.php\/producto\/adaptador-para-telefono-analogico-ata-de-2-puertos-fxs-router-integrado-puertos-gigabit-disenado-para-conectar-sus-dispositivos-analogicos-a-una-red-voip\/","title":{"rendered":"Adaptador para tel\u00e9fono anal\u00f3gico (ATA) de 2 puertos FXS, Router integrado, Puertos Gigabit, dise\u00f1ado para conectar sus dispositivos anal\u00f3gicos a una red VoIP"},"content":{"rendered":"<div style='width: 100%; max-width: 1200px; margin: 0 auto; font-family: sans-serif; line-height: 1.6; color: inherit; background-color: transparent;'>\n<div style='display: flex; flex-wrap: wrap; gap: 30px; margin-bottom: 30px;'>\n<div style='flex: 1 1 300px; min-width: 280px;'>\n<h3 style='font-size: 22px; border-bottom: 2px solid currentColor; padding-bottom: 5px; margin-top: 0; color: inherit; opacity: 0.8;'>Descripci\u00f3n<\/h3>\n<p style='font-size: 15px; color: inherit; margin-bottom: 15px;'>El HT812 es un poderoso adaptador de tel\u00e9fono anal\u00f3gico dise\u00f1ado para usuarios que buscan convertir su tecnolog\u00eda anal\u00f3gica en una red de VoIP en un ambiente de casa u oficina. Este f\u00e1cil pero poderoso ATA ofrece 2 puertos FXS y un router NAT Gigabit integrado para opciones de alto rendimiento. Viene tambi\u00e9n equipado con excepcional calidad de voz gracias a su c\u00f3dec HD de banda ancha&comma; as\u00ed como su s\u00f3lido cifrado AES con certificado de seguridad por unidad. El HT812 es el ATA ideal para manejar y convertir su vieja tecnolog\u00eda anal\u00f3gica en una poderosa y eficiente red de VoIP.<\/p>\n<div style='display: flex; flex-wrap: wrap; gap: 15px; margin-bottom: 30px;'> <img style='width: 100%; max-width: 350px; height: auto; border: 1px solid rgba(150&comma;150&comma;150&comma;0.3); border-radius: 8px;' src='data:image\/jpeg;base64&comma;\/9j\/4AAQSkZJRgABAQAAAQABAAD\/2wCEAAkGBxAQEBAQEg8QEBAPEA8PDxUPEBAQDxAPFRUWFxUSFRMYHSggGBomGxUVITEhJSkrLi4uGB8zODMsNygtLi0BCgoKDQ0OGhAQFjUjHx0tNS0rLS0xNystNystLTgtNS0vLSsyLi03KzItODU4NystNys1ODU1KzYrKystNf\/AABEIAM4A9QMBIgACEQEDEQH\/xAAcAAEAAQUBAQAAAAAAAAAAAAAAAQIDBAUGBwj\/xABEMAACAQICBQgGCAUFAQAAAAAAAQIDEQQhEjFBBRMzUWFxgZGh8BQiQlKxwdHhIzJicoKSI0NjovEVBxYkM1P\/xAAWAQEBAQAAAAAAAAAAAAAAAAAAAAf\/xAAZEQEBAAMBAAAAAAAAAAAAAAAAAQIDBAX\/xAAgEQACAgICAwEBAQAAAAAAAAAAAQIRAxIhMUEEE1Fhcf\/EABQRAQAAAAAAAAAAAAAAAAAAAAD\/xAAUEAEHAAAAAAAAAAAAAAAAAAAAAP\/EABQRAQAAAAAAAAAAAAAAAAAAAAD\/2gAMAwEAAhEDEQA\/AL+AB\/\/Z' alt='Resultado de imagen para ht812 grandstream'> <img style='width: 100%; max-width: 350px; height: auto; border: 1px solid rgba(150&comma;150&comma;150&comma;0.3); border-radius: 8px;' src='http:\/\/www.voipsupply.com\/blog\/voip-insider\/files\/2016\/09\/HT812-ata.png' alt='Resultado de imagen para ht812 grandstream'> <\/div>\n<\/p><\/div>\n<\/p><\/div>\n<div style='display: flex; flex-wrap: wrap; gap: 30px; margin-bottom: 30px;'>\n<div style='flex: 1 1 300px; min-width: 280px;'>\n<h3 style='font-size: 22px; border-bottom: 2px solid currentColor; padding-bottom: 5px; margin-top: 0; color: inherit; opacity: 0.8;'>Especificaciones<\/h3>\n<ul style='padding-left: 20px; font-size: 15px; color: inherit; margin-bottom: 15px;'>\n<li style='margin-bottom: 5px;'>2 puertos de red Gigabit<\/li>\n<li style='margin-bottom: 5px;'>2 puertos FXS<\/li>\n<li style='margin-bottom: 5px;'>2 registros SIP<\/li>\n<li style='margin-bottom: 5px;'>Router Nat de alto rendimiento<\/li>\n<li style='margin-bottom: 5px;'>Bot\u00f3n de reseteo del equipo<\/li>\n<li style='margin-bottom: 5px;'>Alimentaci\u00f3n: entrada 100 \u2013 240 Vac&comma; 50 \u2013 60 Hz; salida 12V\/0.5A<\/li>\n<li style='margin-bottom: 5px;'>Dimensiones 130 x 90 x 25.5mm<\/li>\n<li style='margin-bottom: 5px;'>Peso 353.33g<\/li>\n<\/ul><\/div>\n<div style='flex: 1 1 300px; min-width: 280px;'>\n<h3 style='font-size: 22px; border-bottom: 2px solid currentColor; padding-bottom: 5px; margin-top: 0; color: inherit; opacity: 0.8;'>Caracter\u00edsticas Avanzadas<\/h3>\n<ul style='padding-left: 20px; font-size: 15px; color: inherit; margin-bottom: 15px;'>\n<li style='margin-bottom: 5px;'>Calidad de voz HD con c\u00f3dec de banda ancha<\/li>\n<li style='margin-bottom: 5px;'>Cifrado AES con certificado de seguridad por unidad<\/li>\n<li style='margin-bottom: 5px;'>Router NAT integrado<\/li>\n<li style='margin-bottom: 5px;'>Dise\u00f1ado para entornos de casa u oficina<\/li>\n<\/ul><\/div>\n<\/p><\/div>\n<hr style='border: 0; border-top: 1px solid rgba(150&comma; 150&comma; 150&comma; 0.3); margin: 30px 0;'> <\/div>\n","protected":false},"excerpt":{"rendered":"<p>Adaptador para tel\u00e9fono anal\u00f3gico (ATA) de 2 puertos FXS, Router integrado, Puertos Gigabit, dise\u00f1ado para conectar sus dispositivos anal\u00f3gicos a una red VoIP<\/p>\n","protected":false},"featured_media":75585,"comment_status":"open","ping_status":"closed","template":"","meta":[],"product_brand":[],"product_cat":[2070],"product_tag":[2071,909,2004],"class_list":{"0":"post-75586","1":"product","2":"type-product","3":"status-publish","4":"has-post-thumbnail","6":"product_cat-gateways-y-atas","7":"product_tag-gateways-y-atas","8":"product_tag-grandstream","9":"product_tag-voip-telefonia-ip-videoconferencia","11":"first","12":"outofstock","13":"sale","14":"shipping-taxable","15":"purchasable","16":"product-type-simple"},"_links":{"self":[{"href":"https:\/\/soydeaqui.ddns.net\/pachuca\/index.php\/wp-json\/wp\/v2\/product\/75586","targetHints":{"allow":["GET"]}}],"collection":[{"href":"https:\/\/soydeaqui.ddns.net\/pachuca\/index.php\/wp-json\/wp\/v2\/product"}],"about":[{"href":"https:\/\/soydeaqui.ddns.net\/pachuca\/index.php\/wp-json\/wp\/v2\/types\/product"}],"replies":[{"embeddable":true,"href":"https:\/\/soydeaqui.ddns.net\/pachuca\/index.php\/wp-json\/wp\/v2\/comments?post=75586"}],"wp:featuredmedia":[{"embeddable":true,"href":"https:\/\/soydeaqui.ddns.net\/pachuca\/index.php\/wp-json\/wp\/v2\/media\/75585"}],"wp:attachment":[{"href":"https:\/\/soydeaqui.ddns.net\/pachuca\/index.php\/wp-json\/wp\/v2\/media?parent=75586"}],"wp:term":[{"taxonomy":"product_brand","embeddable":true,"href":"https:\/\/soydeaqui.ddns.net\/pachuca\/index.php\/wp-json\/wp\/v2\/product_brand?post=75586"},{"taxonomy":"product_cat","embeddable":true,"href":"https:\/\/soydeaqui.ddns.net\/pachuca\/index.php\/wp-json\/wp\/v2\/product_cat?post=75586"},{"taxonomy":"product_tag","embeddable":true,"href":"https:\/\/soydeaqui.ddns.net\/pachuca\/index.php\/wp-json\/wp\/v2\/product_tag?post=75586"}],"curies":[{"name":"wp","href":"https:\/\/api.w.org\/{rel}","templated":true}]}}