{"id":75579,"date":"2026-03-19T14:45:54","date_gmt":"2026-03-19T14:45:54","guid":{"rendered":"https:\/\/soydeaqui.ddns.net\/pachuca\/index.php\/producto\/telefono-ip-gama-media-de-8-lineas-con-4-teclas-de-funcion-32-teclas-de-extension-blf-digital-y-conferencia-de-5-vias-poe\/"},"modified":"2026-03-19T14:45:56","modified_gmt":"2026-03-19T14:45:56","slug":"telefono-ip-gama-media-de-8-lineas-con-4-teclas-de-funcion-32-teclas-de-extension-blf-digital-y-conferencia-de-5-vias-poe","status":"publish","type":"product","link":"https:\/\/soydeaqui.ddns.net\/pachuca\/index.php\/producto\/telefono-ip-gama-media-de-8-lineas-con-4-teclas-de-funcion-32-teclas-de-extension-blf-digital-y-conferencia-de-5-vias-poe\/","title":{"rendered":"Tel\u00e9fono IP Gama media de 8 L\u00edneas con 4 teclas de funci\u00f3n, 32 teclas de extensi\u00f3n BLF digital y conferencia de 5 v\u00edas PoE"},"content":{"rendered":"<div style='width: 100%; max-width: 1200px; margin: 0 auto; font-family: sans-serif; line-height: 1.6; color: inherit; background-color: transparent;'> <!-- Descripci\u00f3n principal --> <\/p>\n<div style='margin-bottom: 30px; font-size: 15px;'>\n<p>El GXP1780\/1782 es un poderoso tel\u00e9fono IP de gama media con funciones de telefon\u00eda avanzadas. Este tel\u00e9fono IP de rango medio viene equipado con 8 l\u00edneas&comma; 4 cuentas SIP&comma; 8 teclas de l\u00ednea bicolor y 4 teclas XML programables&comma; sensibles al contexto en una pantalla LCD de 200 x 80 pixeles con luz de fondo.<\/p>\n<p>Como personalizaci\u00f3n adicional&comma; el GXP1780\/1782 ofrece tono de llamada\/tono de espera con m\u00fasica personalizada e integraci\u00f3n con aplicaciones Web y empresariales avanzadas&comma; as\u00ed como servicio meteorol\u00f3gico local.<\/p>\n<p>Es tambi\u00e9n uno de los primeros tel\u00e9fonos Grandstream en venir equipado con un conector de seguridad Kensington&comma; una de las soluciones antirrobo m\u00e1s populares en el mercado. El GXP1780\/1782 soporta las velocidades de conexi\u00f3n m\u00e1s r\u00e1pidas posibles con dos puertos de red Gigabit con detecci\u00f3n autom\u00e1tica (s\u00f3lo en GXP1782)&comma; as\u00ed como funciones de aprovisionamiento autom\u00e1tico con control de acceso a medios. El GXP17680\/1782 es la soluci\u00f3n perfecta para usuarios que buscan un tel\u00e9fono IP con muchas funciones que ofrece alto rendimiento y un excelente dise\u00f1o a un precio accesible.<\/p>\n<\/p><\/div>\n<p> <!-- Secci\u00f3n de caracter\u00edsticas principales --> <\/p>\n<div style='display: flex; flex-wrap: wrap; gap: 30px; margin-bottom: 30px;'>\n<div style='flex: 1 1 300px; min-width: 280px;'>\n<h3 style='font-size: 22px; border-bottom: 2px solid currentColor; padding-bottom: 5px; margin-top: 0; color: inherit; opacity: 0.8;'>Principales<\/h3>\n<ul style='padding-left: 20px; font-size: 15px; color: inherit;'>\n<li style='margin-bottom: 5px;'>8 L\u00edneas&comma; 4 cuentas SIP&comma; 4 teclas de funci\u00f3n XML programables y conferencia de 5 v\u00edas<\/li>\n<li style='margin-bottom: 5px;'>32 Teclas de extensi\u00f3n BLF programables digitalmente<\/li>\n<li style='margin-bottom: 5px;'>Pantalla LCD de 200 x 80 Pixeles con luz de fondo<\/li>\n<li style='margin-bottom: 5px;'>Puerto USB integrado solo para importar y exportar datos<\/li>\n<li style='margin-bottom: 5px;'>Audio HD<\/li>\n<li style='margin-bottom: 5px;'>Doble puerto de red 10\/100 Mbps (GXP1780) y 10\/100\/1000 Mbps (GXP1782)<\/li>\n<\/ul><\/div>\n<\/p><\/div>\n<p> <!-- Secci\u00f3n de especificaciones t\u00e9cnicas --> <\/p>\n<div style='display: flex; flex-wrap: wrap; gap: 20px; margin-bottom: 30px;'>\n<div style='flex: 1 1 250px; border: 1px solid rgba(150&comma; 150&comma; 150&comma; 0.4); border-radius: 8px; overflow: hidden; display: flex; flex-direction: column;'>\n<div style='padding: 15px; border-bottom: 1px solid rgba(150&comma; 150&comma; 150&comma; 0.2); font-weight: bold; font-size: 18px; color: inherit;'>Funciones de telefon\u00eda<\/div>\n<div style='padding: 15px; color: inherit;'>\n<ul style='padding-left: 20px; margin: 0; font-size: 14px; list-style-type: disc;'>\n<li style='margin-bottom: 5px;'>Retenci\u00f3n&comma; transferencia&comma; desv\u00edo&comma; conferencia de 5 participantes<\/li>\n<li style='margin-bottom: 5px;'>Estacionamiento de llamadas&comma; recuperaci\u00f3n de llamadas<\/li>\n<li style='margin-bottom: 5px;'>Estado de llamada compartida (SCA)\/estado de l\u00ednea en puente (BLA)<\/li>\n<li style='margin-bottom: 5px;'>Directorio telef\u00f3nico descargable (XML&comma; LDAP&comma; hasta 2000 contactos)<\/li>\n<li style='margin-bottom: 5px;'>Llamada en espera&comma; registro de llamadas (hasta 500 registros)<\/li>\n<li style='margin-bottom: 5px;'>Personalizaci\u00f3n XML de la pantalla<\/li>\n<li style='margin-bottom: 5px;'>Marcaci\u00f3n autom\u00e1tica al descolgar&comma; respuesta autom\u00e1tica<\/li>\n<li style='margin-bottom: 5px;'>Hacer clic para marcar&comma; plan de marcaci\u00f3n flexible<\/li>\n<li style='margin-bottom: 5px;'>Hot desking (estaciones de trabajo compartidas)<\/li>\n<li style='margin-bottom: 5px;'>Tonos de llamada con m\u00fasica personalizada y m\u00fasica en espera<\/li>\n<li style='margin-bottom: 5px;'>Redundancia de servidores y conmutaci\u00f3n por error<\/li>\n<\/ul><\/div>\n<\/p><\/div>\n<div style='flex: 1 1 250px; border: 1px solid rgba(150&comma; 150&comma; 150&comma; 0.4); border-radius: 8px; overflow: hidden; display: flex; flex-direction: column;'>\n<div style='padding: 15px; border-bottom: 1px solid rgba(150&comma; 150&comma; 150&comma; 0.2); font-weight: bold; font-size: 18px; color: inherit;'>C\u00f3decs<\/div>\n<div style='padding: 15px; color: inherit;'>\n<ul style='padding-left: 20px; margin: 0; font-size: 14px; list-style-type: disc;'>\n<li style='margin-bottom: 5px;'>G.729A\/B<\/li>\n<li style='margin-bottom: 5px;'>G.711\u03bc\/a-law<\/li>\n<li style='margin-bottom: 5px;'>G.726<\/li>\n<li style='margin-bottom: 5px;'>G.722 (banda ancha)<\/li>\n<li style='margin-bottom: 5px;'>G.723<\/li>\n<li style='margin-bottom: 5px;'>iLBC<\/li>\n<li style='margin-bottom: 5px;'>OPUS<\/li>\n<li style='margin-bottom: 5px;'>DTMF en banda y fuera de banda (in audio&comma; RFC2833&comma; SIP INFO)<\/li>\n<\/ul><\/div>\n<\/p><\/div>\n<div style='flex: 1 1 250px; border: 1px solid rgba(150&comma; 150&comma; 150&comma; 0.4); border-radius: 8px; overflow: hidden; display: flex; flex-direction: column;'>\n<div style='padding: 15px; border-bottom: 1px solid rgba(150&comma; 150&comma; 150&comma; 0.2); font-weight: bold; font-size: 18px; color: inherit;'>Interfaces<\/div>\n<div style='padding: 15px; color: inherit;'>\n<ul style='padding-left: 20px; margin: 0; font-size: 14px; list-style-type: disc;'>\n<li style='margin-bottom: 5px;'>Dos puertos Ethernet conmutados de 10\/100 Mbps (GXP1780) y 10\/100\/1000 Mbps (GXP1782)<\/li>\n<li style='margin-bottom: 5px;'>Detecci\u00f3n autom\u00e1tica con PoE integrado<\/li>\n<\/ul><\/div>\n<\/p><\/div>\n<div style='flex: 1 1 250px; border: 1px solid rgba(150&comma; 150&comma; 150&comma; 0.4); border-radius: 8px; overflow: hidden; display: flex; flex-direction: column;'>\n<div style='padding: 15px; border-bottom: 1px solid rgba(150&comma; 150&comma; 150&comma; 0.2); font-weight: bold; font-size: 18px; color: inherit;'>Seguridad<\/div>\n<div style='padding: 15px; color: inherit;'>\n<ul style='padding-left: 20px; margin: 0; font-size: 14px; list-style-type: disc;'>\n<li style='margin-bottom: 5px;'>Contrase\u00f1as a nivel del usuario y administrador<\/li>\n<li style='margin-bottom: 5px;'>Autenticaci\u00f3n basada en MD5 y MD5-sess<\/li>\n<li style='margin-bottom: 5px;'>Archivo de configuraci\u00f3n cifrado con AES de 256 bits<\/li>\n<li style='margin-bottom: 5px;'>SRTP&comma; TLS<\/li>\n<li style='margin-bottom: 5px;'>802.1x Media Access Control<\/li>\n<li style='margin-bottom: 5px;'>Soporte de conector de seguridad Kensington (Kensington Lock)<\/li>\n<\/ul><\/div>\n<\/p><\/div>\n<div style='flex: 1 1 250px; border: 1px solid rgba(150&comma; 150&comma; 150&comma; 0.4); border-radius: 8px; overflow: hidden; display: flex; flex-direction: column;'>\n<div style='padding: 15px; border-bottom: 1px solid rgba(150&comma; 150&comma; 150&comma; 0.2); font-weight: bold; font-size: 18px; color: inherit;'>Calidad de servicio<\/div>\n<div style='padding: 15px; color: inherit;'>\n<ul style='padding-left: 20px; margin: 0; font-size: 14px; list-style-type: disc;'>\n<li style='margin-bottom: 5px;'>Layer 2 QoS (802.1Q&comma; 802.1P)<\/li>\n<li style='margin-bottom: 5px;'>Layer 3 (ToS&comma; DiffServ&comma; MPLS) QoS<\/li>\n<\/ul><\/div>\n<\/p><\/div>\n<div style='flex: 1 1 250px; border: 1px solid rgba(150&comma; 150&comma; 150&comma; 0.4); border-radius: 8px; overflow: hidden; display: flex; flex-direction: column;'>\n<div style='padding: 15px; border-bottom: 1px solid rgba(150&comma; 150&comma; 150&comma; 0.2); font-weight: bold; font-size: 18px; color: inherit;'>Lenguajes<\/div>\n<div style='padding: 15px; color: inherit;'>\n<ul style='padding-left: 20px; margin: 0; font-size: 14px; list-style-type: disc;'>\n<li style='margin-bottom: 5px;'>Espa\u00f1ol<\/li>\n<li style='margin-bottom: 5px;'>Ingl\u00e9s<\/li>\n<li style='margin-bottom: 5px;'>Alem\u00e1n<\/li>\n<li style='margin-bottom: 5px;'>Italiano<\/li>\n<li style='margin-bottom: 5px;'>Franc\u00e9s<\/li>\n<li style='margin-bottom: 5px;'>Portugu\u00e9s<\/li>\n<li style='margin-bottom: 5px;'>Ruso<\/li>\n<li style='margin-bottom: 5px;'>Croata<\/li>\n<li style='margin-bottom: 5px;'>Chino simplificado y tradicional<\/li>\n<li style='margin-bottom: 5px;'>Coreano<\/li>\n<li style='margin-bottom: 5px;'>Japon\u00e9s<\/li>\n<\/ul><\/div>\n<\/p><\/div>\n<div style='flex: 1 1 250px; border: 1px solid rgba(150&comma; 150&comma; 150&comma; 0.4); border-radius: 8px; overflow: hidden; display: flex; flex-direction: column;'>\n<div style='padding: 15px; border-bottom: 1px solid rgba(150&comma; 150&comma; 150&comma; 0.2); font-weight: bold; font-size: 18px; color: inherit;'>Protocolos y normas<\/div>\n<div style='padding: 15px; color: inherit;'>\n<ul style='padding-left: 20px; margin: 0; font-size: 14px; list-style-type: disc;'>\n<li style='margin-bottom: 5px;'>SIP RFC3261<\/li>\n<li style='margin-bottom: 5px;'>TCP\/IP\/UDP<\/li>\n<li style='margin-bottom: 5px;'>RTP\/RTCP<\/li>\n<li style='margin-bottom: 5px;'>HTTP\/HTTPS<\/li>\n<li style='margin-bottom: 5px;'>ARP&comma; ICMP<\/li>\n<li style='margin-bottom: 5px;'>DNS (A record&comma; SRV&comma; NAPTR)<\/li>\n<li style='margin-bottom: 5px;'>DHCP&comma; PPPoE<\/li>\n<li style='margin-bottom: 5px;'>TELNET&comma; TFTP<\/li>\n<li style='margin-bottom: 5px;'>NTP&comma; STUN<\/li>\n<li style='margin-bottom: 5px;'>SIMPLE&comma; LLDP<\/li>\n<li style='margin-bottom: 5px;'>LDAP&comma; TR-069<\/li>\n<li style='margin-bottom: 5px;'>802.1x&comma; TLS<\/li>\n<li style='margin-bottom: 5px;'>SRTP&comma; IPV6<\/li>\n<\/ul><\/div>\n<\/p><\/div>\n<div style='flex: 1 1 250px; border: 1px solid rgba(150&comma; 150&comma; 150&comma; 0.4); border-radius: 8px; overflow: hidden; display: flex; flex-direction: column;'>\n<div style='padding: 15px; border-bottom: 1px solid rgba(150&comma; 150&comma; 150&comma; 0.2); font-weight: bold; font-size: 18px; color: inherit;'>Conformidad<\/div>\n<div style='padding: 15px; color: inherit;'>\n<ul style='padding-left: 20px; margin: 0; font-size: 14px; list-style-type: disc;'>\n<li style='margin-bottom: 5px;'>FCC: Parte 15 (CFR 47) Clase B<\/li>\n<li style='margin-bottom: 5px;'>CE: EN55022 Clase B; EN55024 Clase B<\/li>\n<li style='margin-bottom: 5px;'>EN61000-3-2; EN61000-3-3; EN60950-1<\/li>\n<li style='margin-bottom: 5px;'>RCM: AS\/ACIF S004; AS\/NZS CISPR22\/24; AS\/NZS 60950.1<\/li>\n<\/ul><\/div>\n<\/p><\/div>\n<div style='flex: 1 1 250px; border: 1px solid rgba(150&comma; 150&comma; 150&comma; 0.4); border-radius: 8px; overflow: hidden; display: flex; flex-direction: column;'>\n<div style='padding: 15px; border-bottom: 1px solid rgba(150&comma; 150&comma; 150&comma; 0.2); font-weight: bold; font-size: 18px; color: inherit;'>Caracter\u00edsticas f\u00edsicas y el\u00e9ctricas<\/div>\n<div style='padding: 15px; color: inherit;'>\n<ul style='padding-left: 20px; margin: 0; font-size: 14px; list-style-type: disc;'>\n<li style='margin-bottom: 5px;'>Fuente de alimentaci\u00f3n universal; Entrada: 100~240VAC 50-60Hz; Salida: 5Vcc&comma; 1A \/ PoE 802.3af<\/li>\n<li style='margin-bottom: 5px;'>Montable en base o pared<\/li>\n<li style='margin-bottom: 5px;'>Dimensiones: 167 x 231 x 86 mm<\/li>\n<li style='margin-bottom: 5px;'>Peso: 0.925 kg<\/li>\n<li style='margin-bottom: 5px;'>Temperatura de operaci\u00f3n: 0~40\u00baC<\/li>\n<\/ul><\/div>\n<\/p><\/div>\n<div style='flex: 1 1 250px; border: 1px solid rgba(150&comma; 150&comma; 150&comma; 0.4); border-radius: 8px; overflow: hidden; display: flex; flex-direction: column;'>\n<div style='padding: 15px; border-bottom: 1px solid rgba(150&comma; 150&comma; 150&comma; 0.2); font-weight: bold; font-size: 18px; color: inherit;'>Contenido del paquete<\/div>\n<div style='padding: 15px; color: inherit;'>\n<ul style='padding-left: 20px; margin: 0; font-size: 14px; list-style-type: disc;'>\n<li style='margin-bottom: 5px;'>Tel\u00e9fono GXP1780\/GXP1782<\/li>\n<li style='margin-bottom: 5px;'>Auricular con cord\u00f3n<\/li>\n<li style='margin-bottom: 5px;'>Base de soporte<\/li>\n<li style='margin-bottom: 5px;'>Fuente de alimentaci\u00f3n universal<\/li>\n<li style='margin-bottom: 5px;'>Cable de red<\/li>\n<li style='margin-bottom: 5px;'>Gu\u00eda de Instalaci\u00f3n R\u00e1pida<\/li>\n<li style='margin-bottom: 5px;'>Licencia GPL<\/li>\n<\/ul>\n<p style='margin-top: 15px; font-size: 14px;'><strong>*<\/strong> No incluye adaptador de corriente para PoE<\/p>\n<\/p><\/div>\n<\/p><\/div>\n<\/p><\/div>\n<p> <!-- Im\u00e1genes --> <\/p>\n<div style='display: flex; flex-wrap: wrap; gap: 20px; margin-bottom: 30px;'>\n<div style='flex: 1 1 400px; min-width: 300px;'> <img style='width: 100%; height: auto; border: 1px solid rgba(150&comma;150&comma;150&comma;0.3); border-radius: 8px;' src='http:\/\/www.voip-shop.ru\/i\/img\/grandstream_gxp1760_2.jpg' alt=''> <\/div>\n<div style='flex: 1 1 400px; min-width: 300px;'> <img style='width: 100%; height: auto; border: 1px solid rgba(150&comma;150&comma;150&comma;0.3); border-radius: 8px;' src='https:\/\/www.onsip.com\/hubfs\/images\/reviews-images\/grandstream-gxp1782-1.jpg?t=1478015668592' alt=''> <\/div>\n<\/p><\/div>\n<p> <!-- Separador final --> <\/p>\n<hr style='border: 0; border-top: 1px solid rgba(150&comma; 150&comma; 150&comma; 0.3); margin: 30px 0;'> <\/div>\n","protected":false},"excerpt":{"rendered":"<p>Tel\u00e9fono IP Gama media de 8 L\u00edneas con 4 teclas de funci\u00f3n, 32 teclas de extensi\u00f3n BLF digital y conferencia de 5 v\u00edas PoE<\/p>\n","protected":false},"featured_media":75578,"comment_status":"open","ping_status":"closed","template":"","meta":[],"product_brand":[],"product_cat":[2003],"product_tag":[909,2005,2004],"class_list":{"0":"post-75579","1":"product","2":"type-product","3":"status-publish","4":"has-post-thumbnail","6":"product_cat-telefonos-ip","7":"product_tag-grandstream","8":"product_tag-telefonos-ip","9":"product_tag-voip-telefonia-ip-videoconferencia","11":"first","12":"outofstock","13":"sale","14":"shipping-taxable","15":"purchasable","16":"product-type-simple"},"_links":{"self":[{"href":"https:\/\/soydeaqui.ddns.net\/pachuca\/index.php\/wp-json\/wp\/v2\/product\/75579","targetHints":{"allow":["GET"]}}],"collection":[{"href":"https:\/\/soydeaqui.ddns.net\/pachuca\/index.php\/wp-json\/wp\/v2\/product"}],"about":[{"href":"https:\/\/soydeaqui.ddns.net\/pachuca\/index.php\/wp-json\/wp\/v2\/types\/product"}],"replies":[{"embeddable":true,"href":"https:\/\/soydeaqui.ddns.net\/pachuca\/index.php\/wp-json\/wp\/v2\/comments?post=75579"}],"wp:featuredmedia":[{"embeddable":true,"href":"https:\/\/soydeaqui.ddns.net\/pachuca\/index.php\/wp-json\/wp\/v2\/media\/75578"}],"wp:attachment":[{"href":"https:\/\/soydeaqui.ddns.net\/pachuca\/index.php\/wp-json\/wp\/v2\/media?parent=75579"}],"wp:term":[{"taxonomy":"product_brand","embeddable":true,"href":"https:\/\/soydeaqui.ddns.net\/pachuca\/index.php\/wp-json\/wp\/v2\/product_brand?post=75579"},{"taxonomy":"product_cat","embeddable":true,"href":"https:\/\/soydeaqui.ddns.net\/pachuca\/index.php\/wp-json\/wp\/v2\/product_cat?post=75579"},{"taxonomy":"product_tag","embeddable":true,"href":"https:\/\/soydeaqui.ddns.net\/pachuca\/index.php\/wp-json\/wp\/v2\/product_tag?post=75579"}],"curies":[{"name":"wp","href":"https:\/\/api.w.org\/{rel}","templated":true}]}}