{"id":75568,"date":"2026-03-19T14:45:31","date_gmt":"2026-03-19T14:45:31","guid":{"rendered":"https:\/\/soydeaqui.ddns.net\/pachuca\/index.php\/producto\/access-point-unifi-mesh-para-exterior-802-11ac-doble-banda-2-4-5-ghz-mimo-2x2-antenas-desmontables-hasta-1167-mbps\/"},"modified":"2026-03-19T14:45:32","modified_gmt":"2026-03-19T14:45:32","slug":"access-point-unifi-mesh-para-exterior-802-11ac-doble-banda-2-4-5-ghz-mimo-2x2-antenas-desmontables-hasta-1167-mbps","status":"publish","type":"product","link":"https:\/\/soydeaqui.ddns.net\/pachuca\/index.php\/producto\/access-point-unifi-mesh-para-exterior-802-11ac-doble-banda-2-4-5-ghz-mimo-2x2-antenas-desmontables-hasta-1167-mbps\/","title":{"rendered":"Access Point UniFi MESH para exterior 802.11ac doble banda 2.4\/5 GHz, MIMO 2&#215;2, antenas desmontables, hasta 1167 Mbps"},"content":{"rendered":"<div style='width: 100%; max-width: 1200px; margin: 0 auto; font-family: sans-serif; line-height: 1.6; color: inherit; background-color: transparent;'>\n<div style='display: flex; flex-wrap: wrap; gap: 30px; margin-bottom: 30px;'>\n<div style='flex: 1 1 300px; min-width: 280px;'>\n<h3 style='font-size: 22px; border-bottom: 2px solid currentColor; padding-bottom: 5px; margin-top: 0; color: inherit; opacity: 0.8;'>Expande los l\u00edmites del WiFi<\/h3>\n<p style='font-size: 18px; color: inherit;'>Bienvenido a la tecnolog\u00eda MESH de UniFi<\/p>\n<p style='font-size: 18px; color: inherit;'>UniFi crea un sistema de dispositivos de extremo a extremo altamente escalable que abarca m\u00faltiples ubicaciones en todo el mundo; todo controlado por una \u00fanica interfaz a la que se accede a trav\u00e9s de Internet o una red local.<\/p>\n<p> <img style='width: 100%; height: auto; border: 1px solid rgba(150&comma;150&comma;150&comma;0.3); border-radius: 8px;' src='https:\/\/ftp3.syscom.mx\/usuarios\/adiaz\/UBNT\/UAPACM\/map.png' alt='Mapa de cobertura UniFi' \/> <\/div>\n<\/p><\/div>\n<hr style='border: 0; border-top: 1px solid rgba(150&comma; 150&comma; 150&comma; 0.3); margin: 30px 0;'>\n<div style='display: flex; flex-wrap: wrap; gap: 20px; margin-bottom: 30px;'>\n<div style='flex: 1 1 250px; border: 1px solid rgba(150&comma; 150&comma; 150&comma; 0.4); border-radius: 8px; overflow: hidden; display: flex; flex-direction: column;'>\n<div style='padding: 15px; border-bottom: 1px solid rgba(150&comma; 150&comma; 150&comma; 0.2); font-weight: bold; font-size: 18px; color: inherit;'>Especificaci\u00f3n del producto<\/div>\n<div style='padding: 15px; color: inherit;'>\n<ul style='padding-left: 20px; margin: 0; font-size: 14px; list-style-type: disc;'>\n<li style='margin-bottom: 5px;'><strong>Dimensiones:<\/strong> 353 x 46 x 34.4 mm (13.9 x 1.81 x 1.35&#8242;)<\/li>\n<li style='margin-bottom: 5px;'><strong>Peso:<\/strong> 152 g (5.36 oz) con Antenas<\/li>\n<li style='margin-bottom: 5px;'><strong>Networking Interface:<\/strong> 2&#215;2 WiFi dual band \/ (1) Puerto Ethernet Gigabit<\/li>\n<li style='margin-bottom: 5px;'><strong>Puertos:<\/strong> (1) 10\/100\/1000 Ethernet<\/li>\n<li style='margin-bottom: 5px;'><strong>Botones:<\/strong> Reset<\/li>\n<li style='margin-bottom: 5px;'><strong>Antenas:<\/strong> (2) Antenas doble banda<br \/>3 dBi (2.4 GHz)<br \/>4 dBi (5 GHz)<\/li>\n<li style='margin-bottom: 5px;'><strong>Estandar Wi-Fi:<\/strong> 802.11a\/b\/g\/n\/ac<\/li>\n<li style='margin-bottom: 5px;'><strong>M\u00e9todo de alimentaci\u00f3n:<\/strong> PoE Pasivo 24 V (Pines 4&comma; 5+; 7&comma; \ud83d\ude0e<br \/>802.3af<\/li>\n<li style='margin-bottom: 5px;'><strong>Fuente de alimentaci\u00f3n:<\/strong> Adaptador PoE Gigabit de 24V&comma; 0.5A (Incluido en versi\u00f3n individual)<\/li>\n<li style='margin-bottom: 5px;'><strong>Reemplazo de Inyector PoE:<\/strong> UPOEAF<\/li>\n<li style='margin-bottom: 5px;'><strong>Consumo Max.:<\/strong> 8.5W<\/li>\n<li style='margin-bottom: 5px;'><strong>Max TX Power:<\/strong> 20 dBm<\/li>\n<li style='margin-bottom: 5px;'><strong>BSSID:<\/strong> Hasta cuatro por radio<\/li>\n<li style='margin-bottom: 5px;'><strong>Wireless Security:<\/strong> WEP&comma; WPA-PSK&comma; WPA-Enterprise (WPA\/WPA2&comma; TKIP\/AES)<\/li>\n<li style='margin-bottom: 5px;'><strong>Certificaciones:<\/strong> CE&comma; FCC&comma; IC<\/li>\n<li style='margin-bottom: 5px;'><strong>Montaje:<\/strong> Pared\/Poste<\/li>\n<li style='margin-bottom: 5px;'><strong>Temperatura de operaci\u00f3n:<\/strong> -30 to 70\u00b0 C (-22 to 158\u00b0 F)<\/li>\n<li style='margin-bottom: 5px;'><strong>Humedad:<\/strong> 5 to 95% sin condensaci\u00f3n<\/li>\n<\/ul><\/div>\n<\/p><\/div>\n<div style='flex: 1 1 250px; border: 1px solid rgba(150&comma; 150&comma; 150&comma; 0.4); border-radius: 8px; overflow: hidden; display: flex; flex-direction: column;'>\n<div style='padding: 15px; border-bottom: 1px solid rgba(150&comma; 150&comma; 150&comma; 0.2); font-weight: bold; font-size: 18px; color: inherit;'>Gesti\u00f3n avanzada de tr\u00e1fico<\/div>\n<div style='padding: 15px; color: inherit;'>\n<ul style='padding-left: 20px; margin: 0; font-size: 14px; list-style-type: disc;'>\n<li style='margin-bottom: 5px;'><strong>VLAN:<\/strong> 802.1Q<\/li>\n<li style='margin-bottom: 5px;'><strong>Advanced QoS:<\/strong> Per-User Rate Limiting<\/li>\n<li style='margin-bottom: 5px;'><strong>Guest Traffic Isolation:<\/strong> Soportado<\/li>\n<li style='margin-bottom: 5px;'><strong>WMM:<\/strong> Voice&comma; Video&comma; Best Effort&comma; and Background<\/li>\n<li style='margin-bottom: 5px;'><strong>Clientes Concurrentes:<\/strong> Hasta 100 clientes<br \/><strong>Concurrencia ideal:<\/strong> Hasta 40 clientes<\/li>\n<\/ul><\/div>\n<\/p><\/div>\n<div style='flex: 1 1 250px; border: 1px solid rgba(150&comma; 150&comma; 150&comma; 0.4); border-radius: 8px; overflow: hidden; display: flex; flex-direction: column;'>\n<div style='padding: 15px; border-bottom: 1px solid rgba(150&comma; 150&comma; 150&comma; 0.2); font-weight: bold; font-size: 18px; color: inherit;'>Data Rates (Mbps)<\/div>\n<div style='padding: 15px; color: inherit;'>\n<ul style='padding-left: 20px; margin: 0; font-size: 14px; list-style-type: disc;'>\n<li style='margin-bottom: 5px;'><strong>802.11a:<\/strong> 6&comma; 9&comma; 12&comma; 18&comma; 24&comma; 36&comma; 48&comma; 54 Mbps<\/li>\n<li style='margin-bottom: 5px;'><strong>802.11n:<\/strong> 6.5 Mbps to 300 Mbps (MCS0 &#8211; MCS15&comma; HT 20\/40)<\/li>\n<li style='margin-bottom: 5px;'><strong>802.11ac:<\/strong> 6.5 Mbps to 867 Mbps (MCS0 &#8211; MCS9 NSS1\/2&comma; VHT 20\/40\/80)<\/li>\n<li style='margin-bottom: 5px;'><strong>802.11b:<\/strong> 1&comma; 2&comma; 5.5&comma; 11 Mbps<\/li>\n<li style='margin-bottom: 5px;'><strong>802.11g:<\/strong> 6&comma; 9&comma; 12&comma; 18&comma; 24&comma; 36&comma; 48&comma; 54 Mbps<\/li>\n<\/ul><\/div>\n<\/p><\/div>\n<\/p><\/div>\n<div style='display: flex; flex-wrap: wrap; gap: 30px; margin-bottom: 30px;'>\n<div style='flex: 1 1 300px; min-width: 280px;'> <img style='width: 100%; height: auto; border: 1px solid rgba(150&comma;150&comma;150&comma;0.3); border-radius: 8px;' src='https:\/\/ftp3.syscom.mx\/usuarios\/fotos\/UAPACM\/91251-contenido_paquete_uapacm.png' alt='Contenido paquete UAP-AC-M' \/> <\/div>\n<\/p><\/div>\n<\/p><\/div>\n","protected":false},"excerpt":{"rendered":"<p>Access Point UniFi MESH para exterior 802.11ac doble banda 2.4\/5 GHz, MIMO 2&#215;2, antenas desmontables, hasta 1167 Mbps<\/p>\n","protected":false},"featured_media":75567,"comment_status":"open","ping_status":"closed","template":"","meta":[],"product_brand":[],"product_cat":[1794],"product_tag":[1795,1479,166],"class_list":{"0":"post-75568","1":"product","2":"type-product","3":"status-publish","4":"has-post-thumbnail","6":"product_cat-puntos-de-acceso","7":"product_tag-puntos-de-acceso","8":"product_tag-redes-wifi","9":"product_tag-ubiquiti","11":"first","12":"instock","13":"sale","14":"shipping-taxable","15":"purchasable","16":"product-type-simple"},"_links":{"self":[{"href":"https:\/\/soydeaqui.ddns.net\/pachuca\/index.php\/wp-json\/wp\/v2\/product\/75568","targetHints":{"allow":["GET"]}}],"collection":[{"href":"https:\/\/soydeaqui.ddns.net\/pachuca\/index.php\/wp-json\/wp\/v2\/product"}],"about":[{"href":"https:\/\/soydeaqui.ddns.net\/pachuca\/index.php\/wp-json\/wp\/v2\/types\/product"}],"replies":[{"embeddable":true,"href":"https:\/\/soydeaqui.ddns.net\/pachuca\/index.php\/wp-json\/wp\/v2\/comments?post=75568"}],"wp:featuredmedia":[{"embeddable":true,"href":"https:\/\/soydeaqui.ddns.net\/pachuca\/index.php\/wp-json\/wp\/v2\/media\/75567"}],"wp:attachment":[{"href":"https:\/\/soydeaqui.ddns.net\/pachuca\/index.php\/wp-json\/wp\/v2\/media?parent=75568"}],"wp:term":[{"taxonomy":"product_brand","embeddable":true,"href":"https:\/\/soydeaqui.ddns.net\/pachuca\/index.php\/wp-json\/wp\/v2\/product_brand?post=75568"},{"taxonomy":"product_cat","embeddable":true,"href":"https:\/\/soydeaqui.ddns.net\/pachuca\/index.php\/wp-json\/wp\/v2\/product_cat?post=75568"},{"taxonomy":"product_tag","embeddable":true,"href":"https:\/\/soydeaqui.ddns.net\/pachuca\/index.php\/wp-json\/wp\/v2\/product_tag?post=75568"}],"curies":[{"name":"wp","href":"https:\/\/api.w.org\/{rel}","templated":true}]}}