{"id":75507,"date":"2026-03-19T14:43:04","date_gmt":"2026-03-19T14:43:04","guid":{"rendered":"https:\/\/soydeaqui.ddns.net\/pachuca\/index.php\/producto\/kit-extensor-hdmi-para-distancias-de-120-metros-resolucion-4k-30hz-cat-5e-6-soporta-conexion-uno-a-uno-y-uno-a-muchos-hasta-253-rx-hdbitt-soporta-control-remoto-del-equipo-fuente\/"},"modified":"2026-03-19T14:43:13","modified_gmt":"2026-03-19T14:43:13","slug":"kit-extensor-hdmi-para-distancias-de-120-metros-resolucion-4k-30hz-cat-5e-6-soporta-conexion-uno-a-uno-y-uno-a-muchos-hasta-253-rx-hdbitt-soporta-control-remoto-del-equipo-fuente","status":"publish","type":"product","link":"https:\/\/soydeaqui.ddns.net\/pachuca\/index.php\/producto\/kit-extensor-hdmi-para-distancias-de-120-metros-resolucion-4k-30hz-cat-5e-6-soporta-conexion-uno-a-uno-y-uno-a-muchos-hasta-253-rx-hdbitt-soporta-control-remoto-del-equipo-fuente\/","title":{"rendered":"Kit Extensor HDMI para distancias de 120 metros \/ Resoluci\u00f3n 4K @ 30Hz \/ Cat 5e\/6 \/ Soporta conexi\u00f3n Uno a Uno y Uno a Muchos \/ Hasta 253 Rx \/ HDbitT \/ Soporta control remoto del equipo fuente."},"content":{"rendered":"<div style='width: 100%; max-width: 1200px; margin: 0 auto; font-family: sans-serif; line-height: 1.6; color: inherit; background-color: transparent;'> <!-- Secci\u00f3n de caracter\u00edsticas --> <\/p>\n<div style='display: flex; flex-wrap: wrap; gap: 30px; margin-bottom: 30px;'>\n<div style='flex: 1 1 300px; min-width: 280px;'>\n<h3 style='font-size: 22px; border-bottom: 2px solid currentColor; padding-bottom: 5px; margin-top: 0; color: inherit; opacity: 0.8;'>Caracter\u00edsticas principales<\/h3>\n<ul style='padding-left: 20px; font-size: 15px; color: inherit;'>\n<li style='margin-bottom: 5px;'>Kit: <strong>Transmisor y receptor<\/strong><\/li>\n<li style='margin-bottom: 5px;'>Distancia: <strong>120 metros<\/strong><\/li>\n<li style='margin-bottom: 5px;'>Resoluci\u00f3n: <strong>4K x 2K (3840 x 2160 @ 30Hz)<\/strong><\/li>\n<li style='margin-bottom: 5px;'>Protocolo: <strong>HDbitT<\/strong><\/li>\n<li style='margin-bottom: 5px;'>Cableado de red: <strong>CAT5 \/ 5e \/ 6<\/strong><\/li>\n<li style='margin-bottom: 5px;'>Conexi\u00f3n en cascada a trav\u00e9s del interruptor a distancia ilimitada<\/li>\n<li style='margin-bottom: 5px;'>Control remoto de infrarrojos<\/li>\n<li style='margin-bottom: 5px;'>Plug &#038; Play<\/li>\n<\/ul><\/div>\n<div style='flex: 1 1 300px; min-width: 280px;'>\n<h3 style='font-size: 22px; border-bottom: 2px solid currentColor; padding-bottom: 5px; margin-top: 0; color: inherit; opacity: 0.8;'>Caracter\u00edsticas F\u00edsicas y El\u00e9ctricas<\/h3>\n<ul style='padding-left: 20px; font-size: 15px; color: inherit;'>\n<li style='margin-bottom: 5px;'>Se\u00f1al IR: <strong>20-60 KHz<\/strong><\/li>\n<li style='margin-bottom: 5px;'>Alimentaci\u00f3n: <strong>5Vcc&comma; 2 A (Fuentes incluidas)<\/strong><\/li>\n<li style='margin-bottom: 5px;'>Consumo de potencia: <strong>TX: 5 W ; RX: 4W<\/strong><\/li>\n<li style='margin-bottom: 5px;'>Peso: <strong>TX: 170 g ; RX: 167 g<\/strong><\/li>\n<li style='margin-bottom: 5px;'>Color: <strong>Negro<\/strong><\/li>\n<li style='margin-bottom: 5px;'>Dimensiones: <strong>107.3 x 94 x 23.7 mm<\/strong><\/li>\n<\/ul><\/div>\n<div style='flex: 1 1 300px; min-width: 280px;'>\n<h3 style='font-size: 22px; border-bottom: 2px solid currentColor; padding-bottom: 5px; margin-top: 0; color: inherit; opacity: 0.8;'>Caracter\u00edsticas Destacadas<\/h3>\n<ul style='padding-left: 20px; font-size: 15px; color: inherit;'>\n<li style='margin-bottom: 5px;'>Estos extensores de se\u00f1al de audio y video utilizan la tecnolog\u00eda HDbitT&comma; para transmitir video y audio de un dispositivo a otro a trav\u00e9s de cable Cat5\/5e\/6 a una distancia de 394 pies (120 metros)&comma; y con la capacidad de conexiones en cascada para extensi\u00f3n de la se\u00f1al HDMI.<\/li>\n<li style='margin-bottom: 5px;'><strong>Interconexi\u00f3n de la familia HDbitT<\/strong> Los extensores de video HDbitT tienen la ventaja de poderse interconectar con otros&comma; esto significa que todos los transmisores HDbitT con completamente compatibles con todos los receptores HDbitT. Esto ayuda a resolver el problema en la compatibilidad en transmitir diferentes tipos de se\u00f1al (VGA&comma; HDMI&comma; SDI&comma; DVI) en su proyecto.<\/li>\n<li style='margin-bottom: 5px;'>1 A\u00f1o de Garant\u00eda<\/li>\n<\/ul><\/div>\n<\/p><\/div>\n<p> <!-- Separador --> <\/p>\n<hr style='border: 0; border-top: 1px solid rgba(150&comma; 150&comma; 150&comma; 0.3); margin: 30px 0;'> <!-- Imagen --> <\/p>\n<div style='width: 100%; margin: 30px 0;'> <a href='http:\/\/ftp3.syscom.mx\/usuarios\/maguilar\/EpcomTitanium\/TT683\/Diagrama.png' target='_blank' rel='noopener' style='text-decoration: none; color: inherit;'> <img style='width: 100%; height: auto; border: 1px solid rgba(150&comma;150&comma;150&comma;0.3); border-radius: 8px;' src='http:\/\/ftp3.syscom.mx\/usuarios\/maguilar\/EpcomTitanium\/TT683\/Diagrama.png' alt=''> <\/a> <\/div>\n<\/p><\/div>\n","protected":false},"excerpt":{"rendered":"<p>Kit Extensor HDMI para distancias de 120 metros \/ Resoluci\u00f3n 4K @ 30Hz \/ Cat 5e\/6 \/ Soporta conexi\u00f3n Uno a Uno y Uno a Muchos \/ Hasta 253 Rx \/ HDbitT \/ Soporta control remoto del equipo fuente.<\/p>\n","protected":false},"featured_media":75506,"comment_status":"open","ping_status":"closed","template":"","meta":[],"product_brand":[],"product_cat":[2073,2074,2077,2075,2072,2076],"product_tag":[417,2079,2080,2083,507,2081,2078,2082],"class_list":{"0":"post-75507","1":"product","2":"type-product","3":"status-publish","4":"has-post-thumbnail","6":"product_cat-convertidores","7":"product_cat-divisores","8":"product_cat-dvi","9":"product_cat-hdmi","10":"product_cat-kits-extensores","11":"product_cat-vga","12":"product_tag-accesorios-generales","13":"product_tag-convertidores","14":"product_tag-divisores","15":"product_tag-dvi","16":"product_tag-epcom-titanium","17":"product_tag-hdmi","18":"product_tag-kits-extensores","19":"product_tag-vga","21":"first","22":"outofstock","23":"sale","24":"shipping-taxable","25":"purchasable","26":"product-type-simple"},"_links":{"self":[{"href":"https:\/\/soydeaqui.ddns.net\/pachuca\/index.php\/wp-json\/wp\/v2\/product\/75507","targetHints":{"allow":["GET"]}}],"collection":[{"href":"https:\/\/soydeaqui.ddns.net\/pachuca\/index.php\/wp-json\/wp\/v2\/product"}],"about":[{"href":"https:\/\/soydeaqui.ddns.net\/pachuca\/index.php\/wp-json\/wp\/v2\/types\/product"}],"replies":[{"embeddable":true,"href":"https:\/\/soydeaqui.ddns.net\/pachuca\/index.php\/wp-json\/wp\/v2\/comments?post=75507"}],"wp:featuredmedia":[{"embeddable":true,"href":"https:\/\/soydeaqui.ddns.net\/pachuca\/index.php\/wp-json\/wp\/v2\/media\/75506"}],"wp:attachment":[{"href":"https:\/\/soydeaqui.ddns.net\/pachuca\/index.php\/wp-json\/wp\/v2\/media?parent=75507"}],"wp:term":[{"taxonomy":"product_brand","embeddable":true,"href":"https:\/\/soydeaqui.ddns.net\/pachuca\/index.php\/wp-json\/wp\/v2\/product_brand?post=75507"},{"taxonomy":"product_cat","embeddable":true,"href":"https:\/\/soydeaqui.ddns.net\/pachuca\/index.php\/wp-json\/wp\/v2\/product_cat?post=75507"},{"taxonomy":"product_tag","embeddable":true,"href":"https:\/\/soydeaqui.ddns.net\/pachuca\/index.php\/wp-json\/wp\/v2\/product_tag?post=75507"}],"curies":[{"name":"wp","href":"https:\/\/api.w.org\/{rel}","templated":true}]}}