{"id":75494,"date":"2026-03-19T14:42:33","date_gmt":"2026-03-19T14:42:33","guid":{"rendered":"https:\/\/soydeaqui.ddns.net\/pachuca\/index.php\/producto\/mini-adaptador-de-vga-a-hdmi-resolucion-1920x1080-60hz-jack-de-audio-de-3-5mm-soporta-alimentacion-por-micro-usb\/"},"modified":"2026-03-19T14:42:41","modified_gmt":"2026-03-19T14:42:41","slug":"mini-adaptador-de-vga-a-hdmi-resolucion-1920x1080-60hz-jack-de-audio-de-3-5mm-soporta-alimentacion-por-micro-usb","status":"publish","type":"product","link":"https:\/\/soydeaqui.ddns.net\/pachuca\/index.php\/producto\/mini-adaptador-de-vga-a-hdmi-resolucion-1920x1080-60hz-jack-de-audio-de-3-5mm-soporta-alimentacion-por-micro-usb\/","title":{"rendered":"MINI Adaptador de VGA a HDMI \/  Resoluci\u00f3n 1920&#215;1080 @ 60Hz \/ Jack de audio de 3.5mm \/ Soporta alimentacion  por Micro USB"},"content":{"rendered":"<div style='width: 100%; max-width: 1200px; margin: 0 auto; font-family: sans-serif; line-height: 1.6; color: inherit; background-color: transparent;'>\n<div style='text-align: center; margin-bottom: 30px;'>\n<h1 style='font-size: 26px; color: inherit; margin: 0;'><strong>TT350MINI<\/strong><\/h1>\n<h3 style='font-size: 20px; color: inherit; margin: 10px 0;'>Convertidor MINI de VGA a HDMI&comma; hasta 1920&#215;1080 @ 60Hz<\/h3>\n<p style='font-size: 15px; color: inherit; margin: 10px 70px 20px; max-width: 800px; margin: 10px auto 20px;'>El convertidor de VGA a HDMI TT350MINI convierte VGA y audio a HDMI&comma; lo que permite la conexi\u00f3n de PC a HDTV de 1080p. Admite m\u00faltiples resoluciones de hasta 1920 x 1080 a 60 Hz.<\/p>\n<\/p><\/div>\n<div style='display: flex; flex-wrap: wrap; gap: 30px; margin-bottom: 30px;'>\n<div style='flex: 1 1 300px; min-width: 280px;'>\n<div style='border: 1px solid rgba(150&comma;150&comma;150&comma;0.3); border-radius: 8px; overflow: hidden;'>\n<div style='background-color: rgba(238&comma;238&comma;238&comma;0.3); padding: 15px; border-bottom: 1px solid rgba(150&comma;150&comma;150&comma;0.2);'> <img style='width: 100%; height: auto; border: none; border-radius: 0;' src='http:\/\/ftp3.syscom.mx\/usuarios\/hallende\/EPCOM%20Titanium\/TT-350-MINI\/TT350MINI-h.png' alt=''> <\/div>\n<div style='padding: 15px;'>\n<h3 style='font-size: 18px; border-bottom: 2px solid currentColor; padding-bottom: 5px; margin-top: 0; color: inherit; opacity: 0.8;'>Caracter\u00edsticas Principales:<\/h3>\n<ul style='padding-left: 20px; font-size: 14px; color: inherit; list-style-type: disc;'>\n<li style='margin-bottom: 5px;'>Resoluci\u00f3n de entrada VGA : 640&#215;480 @ 60Hz&comma; 800&#215;600 @ 60Hz;<\/li>\n<li style='margin-bottom: 5px;'>Resoluci\u00f3n de salida HDMI soportada : 640&#215;480 @ 60Hz&comma; hasta 1920&#215;1080 @ 60Hz;<\/li>\n<li style='margin-bottom: 5px;'>Soporta la alimentaci\u00f3n del puerto del VGA o del USB del PC<\/li>\n<\/ul><\/div>\n<\/p><\/div>\n<\/p><\/div>\n<div style='flex: 1 1 300px; min-width: 280px;'>\n<div style='border: 1px solid rgba(150&comma;150&comma;150&comma;0.3); border-radius: 8px; overflow: hidden;'>\n<div style='background-color: rgba(238&comma;238&comma;238&comma;0.3); padding: 15px; border-bottom: 1px solid rgba(150&comma;150&comma;150&comma;0.2);'> <img style='width: 100%; height: auto; border: none; border-radius: 0;' src='http:\/\/ftp3.syscom.mx\/usuarios\/hallende\/EPCOM%20Titanium\/TT-350-MINI\/TT350MINI-AD-1-h.png' alt=''> <\/div>\n<div style='padding: 15px;'>\n<h3 style='font-size: 18px; border-bottom: 2px solid currentColor; padding-bottom: 5px; margin-top: 0; color: inherit; opacity: 0.8;'>Caracter\u00edsticas F\u00edsicas y El\u00e9ctricas:<\/h3>\n<ul style='padding-left: 20px; font-size: 14px; color: inherit; list-style-type: disc;'>\n<li style='margin-bottom: 5px;'>Soporta la alimentaci\u00f3n del puerto del VGA o del USB del PC<\/li>\n<li style='margin-bottom: 5px;'>Use micro USB para alimentar desde el puerto USB de su PC<\/li>\n<li style='margin-bottom: 5px;'>Dimensiones : 8.5 x 45.8 x 17.5 mm<\/li>\n<\/ul><\/div>\n<\/p><\/div>\n<\/p><\/div>\n<div style='flex: 1 1 300px; min-width: 280px;'>\n<div style='border: 1px solid rgba(150&comma;150&comma;150&comma;0.3); border-radius: 8px; overflow: hidden;'>\n<div style='background-color: rgba(238&comma;238&comma;238&comma;0.3); padding: 15px; border-bottom: 1px solid rgba(150&comma;150&comma;150&comma;0.2);'> <img style='width: 100%; height: auto; border: none; border-radius: 0;' src='http:\/\/ftp3.syscom.mx\/usuarios\/hallende\/EPCOM%20Titanium\/TT-350-MINI\/TT350MINI-AD-2-h.png' alt=''> <\/div>\n<div style='padding: 15px;'>\n<h3 style='font-size: 18px; border-bottom: 2px solid currentColor; padding-bottom: 5px; margin-top: 0; color: inherit; opacity: 0.8;'>Caracter\u00edsticas Destacadas:<\/h3>\n<ul style='padding-left: 20px; font-size: 14px; color: inherit; list-style-type: disc;'>\n<li style='margin-bottom: 5px;'>Entrada de audio de 3.5 mm<\/li>\n<\/ul><\/div>\n<\/p><\/div>\n<\/p><\/div>\n<\/p><\/div>\n<div style='margin: 30px 0;'> <img style='width: 100%; height: auto; border: 1px solid rgba(150&comma;150&comma;150&comma;0.3); border-radius: 8px;' src='http:\/\/ftp3.syscom.mx\/usuarios\/hallende\/EPCOM%20Titanium\/TT-350-MINI\/TT-350-MINI%20Esp.jpg' alt=''> <\/div>\n<div style='position: relative; padding-bottom: 56.25%; height: 0; overflow: hidden; margin: 30px 0;'>   <\/div>\n<\/p><\/div>\n","protected":false},"excerpt":{"rendered":"<p>MINI Adaptador de VGA a HDMI \/  Resoluci\u00f3n 1920&#215;1080 @ 60Hz \/ Jack de audio de 3.5mm \/ Soporta alimentacion  por Micro USB<\/p>\n","protected":false},"featured_media":75493,"comment_status":"open","ping_status":"closed","template":"","meta":[],"product_brand":[],"product_cat":[2073,2074,2077,2075,2072,2076],"product_tag":[417,2079,2080,2083,507,2081,2078,2082],"class_list":{"0":"post-75494","1":"product","2":"type-product","3":"status-publish","4":"has-post-thumbnail","6":"product_cat-convertidores","7":"product_cat-divisores","8":"product_cat-dvi","9":"product_cat-hdmi","10":"product_cat-kits-extensores","11":"product_cat-vga","12":"product_tag-accesorios-generales","13":"product_tag-convertidores","14":"product_tag-divisores","15":"product_tag-dvi","16":"product_tag-epcom-titanium","17":"product_tag-hdmi","18":"product_tag-kits-extensores","19":"product_tag-vga","21":"first","22":"outofstock","23":"sale","24":"shipping-taxable","25":"purchasable","26":"product-type-simple"},"_links":{"self":[{"href":"https:\/\/soydeaqui.ddns.net\/pachuca\/index.php\/wp-json\/wp\/v2\/product\/75494","targetHints":{"allow":["GET"]}}],"collection":[{"href":"https:\/\/soydeaqui.ddns.net\/pachuca\/index.php\/wp-json\/wp\/v2\/product"}],"about":[{"href":"https:\/\/soydeaqui.ddns.net\/pachuca\/index.php\/wp-json\/wp\/v2\/types\/product"}],"replies":[{"embeddable":true,"href":"https:\/\/soydeaqui.ddns.net\/pachuca\/index.php\/wp-json\/wp\/v2\/comments?post=75494"}],"wp:featuredmedia":[{"embeddable":true,"href":"https:\/\/soydeaqui.ddns.net\/pachuca\/index.php\/wp-json\/wp\/v2\/media\/75493"}],"wp:attachment":[{"href":"https:\/\/soydeaqui.ddns.net\/pachuca\/index.php\/wp-json\/wp\/v2\/media?parent=75494"}],"wp:term":[{"taxonomy":"product_brand","embeddable":true,"href":"https:\/\/soydeaqui.ddns.net\/pachuca\/index.php\/wp-json\/wp\/v2\/product_brand?post=75494"},{"taxonomy":"product_cat","embeddable":true,"href":"https:\/\/soydeaqui.ddns.net\/pachuca\/index.php\/wp-json\/wp\/v2\/product_cat?post=75494"},{"taxonomy":"product_tag","embeddable":true,"href":"https:\/\/soydeaqui.ddns.net\/pachuca\/index.php\/wp-json\/wp\/v2\/product_tag?post=75494"}],"curies":[{"name":"wp","href":"https:\/\/api.w.org\/{rel}","templated":true}]}}