{"id":75489,"date":"2026-03-19T14:42:22","date_gmt":"2026-03-19T14:42:22","guid":{"rendered":"https:\/\/soydeaqui.ddns.net\/pachuca\/index.php\/producto\/hex-routerboard-5-puertos-gigabit-ethernet-1-puerto-usb-y-version-3\/"},"modified":"2026-03-19T14:42:30","modified_gmt":"2026-03-19T14:42:30","slug":"hex-routerboard-5-puertos-gigabit-ethernet-1-puerto-usb-y-version-3","status":"publish","type":"product","link":"https:\/\/soydeaqui.ddns.net\/pachuca\/index.php\/producto\/hex-routerboard-5-puertos-gigabit-ethernet-1-puerto-usb-y-version-3\/","title":{"rendered":"(hEX) RouterBoard, 5 Puertos Gigabit Ethernet, 1 Puerto USB y versi\u00f3n 3"},"content":{"rendered":"<div style='width: 100%; max-width: 1200px; margin: 0 auto; font-family: sans-serif; line-height: 1.6; color: inherit; background-color: transparent;'>\n<div style='margin-bottom: 30px;'>\n<p style='margin: 0; padding: 10px 0; font-size: 14px; color: inherit;'> Hex es un Router Gigabit Ethernet de cinco puertos para lugares donde no se requiere conectividad inal\u00e1mbrica. El dispositivo tiene un puerto USB de tama\u00f1o completo. Esta nueva revisi\u00f3n actualizada del hex trae varias mejoras en el rendimiento. <\/p>\n<p style='margin: 0; padding: 10px 0; font-size: 14px; color: inherit;'> Es asequible&comma; peque\u00f1o y f\u00e1cil de usar&comma; pero al mismo tiempo&comma; viene con un muy potente doble n\u00facleo 880MHz CPU y 256 MB de RAM&comma; capaz de todas las configuraciones avanzadas que RouterOS apoya. <\/p>\n<p style='margin: 0; padding: 10px 0; font-size: 14px; color: inherit;'> Cifrado IPsec hardware (~ 470 Mbps) y el paquete de servidor tipo es compatible&comma; ranura microSD en que tambi\u00e9n proporciona una mayor velocidad r \/ w para el almacenamiento de base de datos en la tarjeta microSD. <\/p>\n<p style='margin: 0; padding: 10px 0; font-size: 14px; color: inherit;'> <strong>*.<\/strong><\/p>\n<p>Arquitectura del RouterBOARD: MMIPS<br \/> <em><strong>Nota Importante:<\/strong><\/em><br \/>Tipo de Arquitectura no Compatible con User Manager.<br \/> <span style='color: inherit; font-family: sans-serif; font-size: 12.6px; background-color: rgba(255&comma; 255&comma; 238&comma; 0.7);'>User manager soporte experimental para arquitecturas SMIPS&comma; ARM and MMIPS (RB1100AHx4&comma; RB3011&comma; RB750Gr3 etc.) estara disponible apartir de la versi\u00f3n 6.42rc14<\/span> <\/p>\n<\/p><\/div>\n<div style='margin-bottom: 30px;'> <a href='https:\/\/soporte.syscom.mx\/es\/collections\/3502429-mikrotik' target='_blank' rel='noopener'> <img style='width: 100%; height: auto; border: 1px solid rgba(150&comma;150&comma;150&comma;0.3); border-radius: 8px;' src='https:\/\/ftp3.syscom.mx\/usuarios\/fotos\/RB750GR3\/91779-manuales_de_configuracion.jpg' alt=''> <\/a> <\/div>\n<h1 style='font-size: 28px; margin-bottom: 20px; color: inherit; border-bottom: 2px solid currentColor; padding-bottom: 8px;'> <a href='http:\/\/soporte.syscom.mx\/networking\/mikrotik\/mikrotik-caracteristicas-principales-de-routeros' style='color: inherit; text-decoration: none;'> Caracter\u00edsticas principales de RouterOS <\/a> <\/h1>\n<div style='display: flex; flex-wrap: wrap; gap: 20px; margin-bottom: 30px;'>\n<div style='flex: 1 1 250px; border: 1px solid rgba(150&comma; 150&comma; 150&comma; 0.4); border-radius: 8px; overflow: hidden; display: flex; flex-direction: column;'>\n<div style='padding: 15px; border-bottom: 1px solid rgba(150&comma; 150&comma; 150&comma; 0.2); font-weight: bold; font-size: 16px; color: inherit;'>Especificaciones Generales<\/div>\n<div style='padding: 15px; color: inherit;'>\n<ul style='padding-left: 20px; margin: 0; font-size: 14px; list-style-type: disc;'>\n<li style='margin-bottom: 5px;'><strong>Product code:<\/strong> RB750Gr3<\/li>\n<li style='margin-bottom: 5px;'><strong>Arquitectura:<\/strong> MMIPS<\/li>\n<li style='margin-bottom: 5px;'><strong>CPU:<\/strong> MT7621A<\/li>\n<li style='margin-bottom: 5px;'><strong>Cantidad de Nucleos de CPU:<\/strong> 2<\/li>\n<li style='margin-bottom: 5px;'><strong>Frecuencia de CPU:<\/strong> 880 MHz<\/li>\n<li style='margin-bottom: 5px;'><strong>Cantidad de hilos del CPU:<\/strong> 4<\/li>\n<li style='margin-bottom: 5px;'><strong>Dimensiones:<\/strong> 113x89x28mm<\/li>\n<li style='margin-bottom: 5px;'><strong>Nivel de Licencia:<\/strong> 4<\/li>\n<li style='margin-bottom: 5px;'><strong>Sistema Operativo:<\/strong> RouterOS<\/li>\n<li style='margin-bottom: 5px;'><strong>Memoria RAM:<\/strong> 256 MB<\/li>\n<li style='margin-bottom: 5px;'><strong>Almacenamiento:<\/strong> 16 MB<\/li>\n<li style='margin-bottom: 5px;'><strong>Tipo de Almacenamiento:<\/strong> FLASH<\/li>\n<li style='margin-bottom: 5px;'><strong>Temperatura:<\/strong> -30 + 70 C<\/li>\n<\/ul><\/div>\n<\/p><\/div>\n<div style='flex: 1 1 250px; border: 1px solid rgba(150&comma; 150&comma; 150&comma; 0.4); border-radius: 8px; overflow: hidden; display: flex; flex-direction: column;'>\n<div style='padding: 15px; border-bottom: 1px solid rgba(150&comma; 150&comma; 150&comma; 0.2); font-weight: bold; font-size: 16px; color: inherit;'>Alimentaci\u00f3n<\/div>\n<div style='padding: 15px; color: inherit;'>\n<ul style='padding-left: 20px; margin: 0; font-size: 14px; list-style-type: disc;'>\n<li style='margin-bottom: 5px;'><strong>Consumo de Energia:<\/strong> 5W<\/li>\n<li style='margin-bottom: 5px;'><strong>Fuentes de alimentaci\u00f3n:<\/strong> 2 (DC jack&comma; PoE-IN)<\/li>\n<li style='margin-bottom: 5px;'><strong>Entrada PoE:<\/strong> Passive PoE<\/li>\n<li style='margin-bottom: 5px;'><strong>Voltaje de entrada por el jack:<\/strong> 8-30 V DC<\/li>\n<li style='margin-bottom: 5px;'><strong>Voltaje de entrada por el PoE:<\/strong> 8-30 V DC<\/li>\n<\/ul><\/div>\n<\/p><\/div>\n<div style='flex: 1 1 250px; border: 1px solid rgba(150&comma; 150&comma; 150&comma; 0.4); border-radius: 8px; overflow: hidden; display: flex; flex-direction: column;'>\n<div style='padding: 15px; border-bottom: 1px solid rgba(150&comma; 150&comma; 150&comma; 0.2); font-weight: bold; font-size: 16px; color: inherit;'>Ethernet<\/div>\n<div style='padding: 15px; color: inherit;'>\n<ul style='padding-left: 20px; margin: 0; font-size: 14px; list-style-type: disc;'>\n<li style='margin-bottom: 5px;'><strong>Puertos Ethernet:<\/strong> 5 x 10\/100\/1000 Mbps<\/li>\n<\/ul><\/div>\n<\/p><\/div>\n<div style='flex: 1 1 250px; border: 1px solid rgba(150&comma; 150&comma; 150&comma; 0.4); border-radius: 8px; overflow: hidden; display: flex; flex-direction: column;'>\n<div style='padding: 15px; border-bottom: 1px solid rgba(150&comma; 150&comma; 150&comma; 0.2); font-weight: bold; font-size: 16px; color: inherit;'>Perifericos<\/div>\n<div style='padding: 15px; color: inherit;'>\n<ul style='padding-left: 20px; margin: 0; font-size: 14px; list-style-type: disc;'>\n<li style='margin-bottom: 5px;'><strong>Numero de puertos USB:<\/strong> 1<\/li>\n<li style='margin-bottom: 5px;'><strong>Reinicio de energizaci\u00f3n USB:<\/strong> Si<\/li>\n<li style='margin-bottom: 5px;'><strong>Tipo de USB:<\/strong> USB tipo A<\/li>\n<\/ul><\/div>\n<\/p><\/div>\n<div style='flex: 1 1 250px; border: 1px solid rgba(150&comma; 150&comma; 150&comma; 0.4); border-radius: 8px; overflow: hidden; display: flex; flex-direction: column;'>\n<div style='padding: 15px; border-bottom: 1px solid rgba(150&comma; 150&comma; 150&comma; 0.2); font-weight: bold; font-size: 16px; color: inherit;'>Otros<\/div>\n<div style='padding: 15px; color: inherit;'>\n<ul style='padding-left: 20px; margin: 0; font-size: 14px; list-style-type: disc;'>\n<li style='margin-bottom: 5px;'><strong>Monitor de temperatura PCB:<\/strong> Si<\/li>\n<li style='margin-bottom: 5px;'><strong>Monitor de Voltaje:<\/strong> Si<\/li>\n<\/ul><\/div>\n<\/p><\/div>\n<\/p><\/div>\n<div style='margin-bottom: 30px;'>\n<h2 style='font-size: 20px; margin: 26px 0 18px; color: inherit; border-bottom: 2px solid currentColor; padding-bottom: 8px;'>Resultados de pruebas Ethernet<\/h2>\n<div style='overflow-x: auto;'>\n<table style='width: 100%; border-collapse: collapse; margin-bottom: 20px; color: inherit;'>\n<thead>\n<tr style='background-color: rgba(150&comma; 150&comma; 150&comma; 0.1);'>\n<th style='padding: 10px; border: 1px solid rgba(150&comma;150&comma;150&comma;0.3);' colspan='2'>RB750Gr3<\/th>\n<th style='padding: 10px; border: 1px solid rgba(150&comma;150&comma;150&comma;0.3);' colspan='6'>MT7621A (880Mhz) 1G all port test<\/th>\n<\/tr>\n<tr style='background-color: rgba(150&comma; 150&comma; 150&comma; 0.1);'>\n<th style='padding: 10px; border: 1px solid rgba(150&comma;150&comma;150&comma;0.3);'><\/th>\n<th style='padding: 10px; border: 1px solid rgba(150&comma;150&comma;150&comma;0.3);'><\/th>\n<th style='padding: 10px; border: 1px solid rgba(150&comma;150&comma;150&comma;0.3);' colspan='2'>1518 byte<\/th>\n<th style='padding: 10px; border: 1px solid rgba(150&comma;150&comma;150&comma;0.3);' colspan='2'>512 byte<\/th>\n<th style='padding: 10px; border: 1px solid rgba(150&comma;150&comma;150&comma;0.3);' colspan='2'>64 byte<\/th>\n<\/tr>\n<tr style='background-color: rgba(150&comma; 150&comma; 150&comma; 0.1);'>\n<th style='padding: 10px; border: 1px solid rgba(150&comma;150&comma;150&comma;0.3);'>Modo<\/th>\n<th style='padding: 10px; border: 1px solid rgba(150&comma;150&comma;150&comma;0.3);'>Configuraci\u00f3n<\/th>\n<th style='padding: 10px; border: 1px solid rgba(150&comma;150&comma;150&comma;0.3);'>kpps<\/th>\n<th style='padding: 10px; border: 1px solid rgba(150&comma;150&comma;150&comma;0.3);'>Mbps<\/th>\n<th style='padding: 10px; border: 1px solid rgba(150&comma;150&comma;150&comma;0.3);'>kpps<\/th>\n<th style='padding: 10px; border: 1px solid rgba(150&comma;150&comma;150&comma;0.3);'>Mbps<\/th>\n<th style='padding: 10px; border: 1px solid rgba(150&comma;150&comma;150&comma;0.3);'>kpps<\/th>\n<th style='padding: 10px; border: 1px solid rgba(150&comma;150&comma;150&comma;0.3);'>Mbps<\/th>\n<\/tr>\n<\/thead>\n<tbody>\n<tr>\n<td style='padding: 10px; border: 1px solid rgba(150&comma;150&comma;150&comma;0.3);'>Bridging<\/td>\n<td style='padding: 10px; border: 1px solid rgba(150&comma;150&comma;150&comma;0.3);'>none (fast path)<\/td>\n<td style='padding: 10px; border: 1px solid rgba(150&comma;150&comma;150&comma;0.3);'>162.4<\/td>\n<td style='padding: 10px; border: 1px solid rgba(150&comma;150&comma;150&comma;0.3);'>1&comma;972.2<\/td>\n<td style='padding: 10px; border: 1px solid rgba(150&comma;150&comma;150&comma;0.3);'>443.7<\/td>\n<td style='padding: 10px; border: 1px solid rgba(150&comma;150&comma;150&comma;0.3);'>1&comma;817.4<\/td>\n<td style='padding: 10px; border: 1px solid rgba(150&comma;150&comma;150&comma;0.3);'>1039.1<\/td>\n<td style='padding: 10px; border: 1px solid rgba(150&comma;150&comma;150&comma;0.3);'>532.0<\/td>\n<\/tr>\n<tr style='background-color: rgba(150&comma;150&comma;150&comma;0.05);'>\n<td style='padding: 10px; border: 1px solid rgba(150&comma;150&comma;150&comma;0.3);'>Bridging<\/td>\n<td style='padding: 10px; border: 1px solid rgba(150&comma;150&comma;150&comma;0.3);'>25 bridge filter rules<\/td>\n<td style='padding: 10px; border: 1px solid rgba(150&comma;150&comma;150&comma;0.3);'>162.4<\/td>\n<td style='padding: 10px; border: 1px solid rgba(150&comma;150&comma;150&comma;0.3);'>1&comma;972.2<\/td>\n<td style='padding: 10px; border: 1px solid rgba(150&comma;150&comma;150&comma;0.3);'>168.1<\/td>\n<td style='padding: 10px; border: 1px solid rgba(150&comma;150&comma;150&comma;0.3);'>688.5<\/td>\n<td style='padding: 10px; border: 1px solid rgba(150&comma;150&comma;150&comma;0.3);'>174.3<\/td>\n<td style='padding: 10px; border: 1px solid rgba(150&comma;150&comma;150&comma;0.3);'>89.2<\/td>\n<\/tr>\n<tr>\n<td style='padding: 10px; border: 1px solid rgba(150&comma;150&comma;150&comma;0.3);'>Routing<\/td>\n<td style='padding: 10px; border: 1px solid rgba(150&comma;150&comma;150&comma;0.3);'>none (fast path)<\/td>\n<td style='padding: 10px; border: 1px solid rgba(150&comma;150&comma;150&comma;0.3);'>162.4<\/td>\n<td style='padding: 10px; border: 1px solid rgba(150&comma;150&comma;150&comma;0.3);'>1&comma;972.2<\/td>\n<td style='padding: 10px; border: 1px solid rgba(150&comma;150&comma;150&comma;0.3);'>444.4<\/td>\n<td style='padding: 10px; border: 1px solid rgba(150&comma;150&comma;150&comma;0.3);'>1&comma;820.3<\/td>\n<td style='padding: 10px; border: 1px solid rgba(150&comma;150&comma;150&comma;0.3);'>1035.0<\/td>\n<td style='padding: 10px; border: 1px solid rgba(150&comma;150&comma;150&comma;0.3);'>529.9<\/td>\n<\/tr>\n<tr style='background-color: rgba(150&comma;150&comma;150&comma;0.05);'>\n<td style='padding: 10px; border: 1px solid rgba(150&comma;150&comma;150&comma;0.3);'>Routing<\/td>\n<td style='padding: 10px; border: 1px solid rgba(150&comma;150&comma;150&comma;0.3);'>25 simple queues<\/td>\n<td style='padding: 10px; border: 1px solid rgba(150&comma;150&comma;150&comma;0.3);'>162.4<\/td>\n<td style='padding: 10px; border: 1px solid rgba(150&comma;150&comma;150&comma;0.3);'>1&comma;972.2<\/td>\n<td style='padding: 10px; border: 1px solid rgba(150&comma;150&comma;150&comma;0.3);'>179.6<\/td>\n<td style='padding: 10px; border: 1px solid rgba(150&comma;150&comma;150&comma;0.3);'>735.6<\/td>\n<td style='padding: 10px; border: 1px solid rgba(150&comma;150&comma;150&comma;0.3);'>171.4<\/td>\n<td style='padding: 10px; border: 1px solid rgba(150&comma;150&comma;150&comma;0.3);'>87.8<\/td>\n<\/tr>\n<tr>\n<td style='padding: 10px; border: 1px solid rgba(150&comma;150&comma;150&comma;0.3);'>Routing<\/td>\n<td style='padding: 10px; border: 1px solid rgba(150&comma;150&comma;150&comma;0.3);'>25 ip filter rules<\/td>\n<td style='padding: 10px; border: 1px solid rgba(150&comma;150&comma;150&comma;0.3);'>92.9<\/td>\n<td style='padding: 10px; border: 1px solid rgba(150&comma;150&comma;150&comma;0.3);'>1&comma;128.2<\/td>\n<td style='padding: 10px; border: 1px solid rgba(150&comma;150&comma;150&comma;0.3);'>94.1<\/td>\n<td style='padding: 10px; border: 1px solid rgba(150&comma;150&comma;150&comma;0.3);'>385.4<\/td>\n<td style='padding: 10px; border: 1px solid rgba(150&comma;150&comma;150&comma;0.3);'>93.8<\/td>\n<td style='padding: 10px; border: 1px solid rgba(150&comma;150&comma;150&comma;0.3);'>48.0<\/td>\n<\/tr>\n<\/tbody>\n<\/table><\/div>\n<ol style='padding-left: 20px; margin: 0; font-size: 13px; color: inherit;'>\n<li style='margin-bottom: 5px;'>All tests are done with Xena Networks specialized test equipment (XenaBay)&comma; and done according to RFC2544 (Xena2544)<\/li>\n<li style='margin-bottom: 5px;'>Max throughput is determined with 30+ second attempts with 0&comma;1% packet loss tolerance in 64&comma; 512&comma; 1518 byte packet sizes<\/li>\n<li style='margin-bottom: 5px;'>Values in Italic indicate that max throughput was reached without maxing out CPU&comma; but because board interface configuration was maxed out<\/li>\n<li style='margin-bottom: 5px;'>Test results show device maximum performance&comma; and are reached using mentioned hardware and software configuration&comma; different configurations most likely will result in lower results<\/li>\n<\/ol><\/div>\n<div style='margin-bottom: 30px;'>\n<h2 style='font-size: 20px; margin: 26px 0 18px; color: inherit; border-bottom: 2px solid currentColor; padding-bottom: 8px;'>Partes Incluidas<\/h2>\n<div style='display: flex; flex-wrap: wrap; gap: 20px;'> <img style='width: 100%; height: auto; border: 1px solid rgba(150&comma;150&comma;150&comma;0.3); border-radius: 8px;' src='https:\/\/ftp3.syscom.mx\/usuarios\/fotos\/RB750GR3\/91779-garantia1.png' alt=''> <\/p>\n<ul style='padding-left: 20px; margin: 0; font-size: 14px; color: inherit; list-style-type: disc;'>\n<li style='margin-bottom: 5px;'> <a href='https:\/\/img.routerboard.com\/mimg\/part171391162306m.jpg' target='_blank' style='color: inherit; text-decoration: none;'> <img style='width: 100%; height: auto; border: 1px solid rgba(150&comma;150&comma;150&comma;0.3); border-radius: 8px; max-width: 200px;' src='https:\/\/img.routerboard.com\/mimg\/part171391162306s.jpg' alt=''> 24V 0.38A power adapter <\/a> <\/li>\n<\/ul><\/div>\n<\/p><\/div>\n<hr style='border: 0; border-top: 1px solid rgba(150&comma;150&comma;150&comma;0.3); margin: 30px 0;'> <\/div>\n","protected":false},"excerpt":{"rendered":"<p>(hEX) RouterBoard, 5 Puertos Gigabit Ethernet, 1 Puerto USB y versi\u00f3n 3<\/p>\n","protected":false},"featured_media":75488,"comment_status":"open","ping_status":"closed","template":"","meta":[],"product_brand":[],"product_cat":[2036,2035,2034],"product_tag":[2039,2038,643,664,2037],"class_list":{"0":"post-75489","1":"product","2":"type-product","3":"status-publish","4":"has-post-thumbnail","6":"product_cat-balanceadores","7":"product_cat-firewalls","8":"product_cat-routers","9":"product_tag-balanceadores","10":"product_tag-firewalls","11":"product_tag-mikrotik","12":"product_tag-networking","13":"product_tag-routers","15":"first","16":"outofstock","17":"sale","18":"shipping-taxable","19":"purchasable","20":"product-type-simple"},"_links":{"self":[{"href":"https:\/\/soydeaqui.ddns.net\/pachuca\/index.php\/wp-json\/wp\/v2\/product\/75489","targetHints":{"allow":["GET"]}}],"collection":[{"href":"https:\/\/soydeaqui.ddns.net\/pachuca\/index.php\/wp-json\/wp\/v2\/product"}],"about":[{"href":"https:\/\/soydeaqui.ddns.net\/pachuca\/index.php\/wp-json\/wp\/v2\/types\/product"}],"replies":[{"embeddable":true,"href":"https:\/\/soydeaqui.ddns.net\/pachuca\/index.php\/wp-json\/wp\/v2\/comments?post=75489"}],"wp:featuredmedia":[{"embeddable":true,"href":"https:\/\/soydeaqui.ddns.net\/pachuca\/index.php\/wp-json\/wp\/v2\/media\/75488"}],"wp:attachment":[{"href":"https:\/\/soydeaqui.ddns.net\/pachuca\/index.php\/wp-json\/wp\/v2\/media?parent=75489"}],"wp:term":[{"taxonomy":"product_brand","embeddable":true,"href":"https:\/\/soydeaqui.ddns.net\/pachuca\/index.php\/wp-json\/wp\/v2\/product_brand?post=75489"},{"taxonomy":"product_cat","embeddable":true,"href":"https:\/\/soydeaqui.ddns.net\/pachuca\/index.php\/wp-json\/wp\/v2\/product_cat?post=75489"},{"taxonomy":"product_tag","embeddable":true,"href":"https:\/\/soydeaqui.ddns.net\/pachuca\/index.php\/wp-json\/wp\/v2\/product_tag?post=75489"}],"curies":[{"name":"wp","href":"https:\/\/api.w.org\/{rel}","templated":true}]}}